{"id":21515,"date":"2021-05-17T09:35:45","date_gmt":"2021-05-17T07:35:45","guid":{"rendered":"https:\/\/jamonesmajadapedroche.es\/producto\/schinken-majada-%e2%98%85%e2%98%85%e2%98%85-blister\/"},"modified":"2026-03-17T11:22:19","modified_gmt":"2026-03-17T09:22:19","slug":"schinken-majada-pedroche-%e2%98%85%e2%98%85%e2%98%85-blase","status":"publish","type":"product","link":"https:\/\/jamonesmajadapedroche.es\/de\/producto\/schinken-majada-pedroche-%e2%98%85%e2%98%85%e2%98%85-blase\/","title":{"rendered":"Schinken Majada \u2605\u2605\u2605 &#8211; Blister"},"content":{"rendered":"<p>Gro\u00dfartige Textur und exquisit am Gaumen mit feiner Persistenz. Brillantes Aussehen im Schnitt und \u00dcberwiegen fl\u00fcchtiger Aspekte in Saftigkeit und Aroma, von den besten Schweinen im n\u00f6rdlichen Teil der Provinz C\u00f3rdoba, im \u201eValle de Los Pedroches\u201c.<\/p>\n<ul>\n<li>Schweineschinken.<\/li>\n<li>Gluten- und laktosefreies Produkt.<\/li>\n<li>100 % nat\u00fcrliche Aush\u00e4rtung von mehr als 36 Monaten.<\/li>\n<li>Gewicht: 100gr. ca.<\/li>\n<\/ul>\n<p>* Mindestbestellmenge: 4 Blister<\/p>\n","protected":false},"excerpt":{"rendered":"<p>Gro\u00dfartige Textur und exquisit am Gaumen mit feiner Persistenz. Brillantes Aussehen im Schnitt und \u00dcberwiegen fl\u00fcchtiger Aspekte in Saftigkeit und Aroma, von den besten Schweinen im n\u00f6rdlichen Teil der Provinz C\u00f3rdoba, im \u201eValle de Los Pedroches\u201c.<\/p>\n<ul>\n<li>Schweineschinken.<\/li>\n<li>Gluten- und laktosefreies Produkt.<\/li>\n<li>100 % nat\u00fcrliche Aush\u00e4rtung von mehr als 36 Monaten.<\/li>\n<li>Gewicht: 100gr. ca.<\/li>\n<\/ul>\n<p>* Mindestbestellmenge: 4 Blister<\/p>\n","protected":false},"featured_media":21516,"comment_status":"closed","ping_status":"closed","template":"","meta":{"_mi_skip_tracking":false,"jetpack_post_was_ever_published":false,"jetpack_publicize_message":"","jetpack_is_tweetstorm":false,"jetpack_publicize_feature_enabled":true},"product_cat":[],"product_tag":[],"jetpack_publicize_connections":[],"yoast_head":"<!-- This site is optimized with the Yoast SEO plugin v20.2.1 - https:\/\/yoast.com\/wordpress\/plugins\/seo\/ -->\n<title>Schinken Majada \u2605\u2605\u2605 - Blister - Majada Pedroche Jam\u00f3n Ib\u00e9rico de bellota en Villanueva de C\u00f3rdoba<\/title>\n<meta name=\"robots\" content=\"index, follow, max-snippet:-1, max-image-preview:large, max-video-preview:-1\" \/>\n<link rel=\"canonical\" href=\"https:\/\/jamonesmajadapedroche.es\/de\/producto\/schinken-majada-pedroche-\u2605\u2605\u2605-blase\/\" \/>\n<meta property=\"og:locale\" content=\"de_DE\" \/>\n<meta property=\"og:type\" content=\"article\" \/>\n<meta property=\"og:title\" content=\"Schinken Majada \u2605\u2605\u2605 - Blister - Majada Pedroche Jam\u00f3n Ib\u00e9rico de bellota en Villanueva de C\u00f3rdoba\" \/>\n<meta property=\"og:description\" content=\"Gro\u00dfartige Textur und exquisit am Gaumen mit feiner Persistenz. Brillantes Aussehen im Schnitt und \u00dcberwiegen fl\u00fcchtiger Aspekte in Saftigkeit und Aroma, von den besten Schweinen im n\u00f6rdlichen Teil der Provinz C\u00f3rdoba, im \u201eValle de Los Pedroches\u201c.  Schweineschinken.  Gluten- und laktosefreies Produkt.  100 % nat\u00fcrliche Aush\u00e4rtung von mehr als 36 Monaten.  Gewicht: 100gr. ca. * Mindestbestellmenge: 4 Blister\" \/>\n<meta property=\"og:url\" content=\"https:\/\/jamonesmajadapedroche.es\/de\/producto\/schinken-majada-pedroche-\u2605\u2605\u2605-blase\/\" \/>\n<meta property=\"og:site_name\" content=\"Majada Pedroche Jam\u00f3n Ib\u00e9rico de bellota en Villanueva de C\u00f3rdoba\" \/>\n<meta property=\"article:publisher\" content=\"https:\/\/www.facebook.com\/majadapedroche\/\" \/>\n<meta property=\"article:modified_time\" content=\"2026-03-17T09:22:19+00:00\" \/>\n<meta property=\"og:image\" content=\"https:\/\/jamonesmajadapedroche.es\/wp-content\/uploads\/2021\/06\/40-jamon-envasado.jpg\" \/>\n\t<meta property=\"og:image:width\" content=\"1896\" \/>\n\t<meta property=\"og:image:height\" content=\"2560\" \/>\n\t<meta property=\"og:image:type\" content=\"image\/jpeg\" \/>\n<meta name=\"twitter:card\" content=\"summary_large_image\" \/>\n<meta name=\"twitter:site\" content=\"@majada_pedroche\" \/>\n<script type=\"application\/ld+json\" class=\"yoast-schema-graph\">{\"@context\":\"https:\/\/schema.org\",\"@graph\":[{\"@type\":\"WebPage\",\"@id\":\"https:\/\/jamonesmajadapedroche.es\/de\/producto\/schinken-majada-pedroche-%e2%98%85%e2%98%85%e2%98%85-blase\/\",\"url\":\"https:\/\/jamonesmajadapedroche.es\/de\/producto\/schinken-majada-pedroche-%e2%98%85%e2%98%85%e2%98%85-blase\/\",\"name\":\"Schinken Majada \u2605\u2605\u2605 - Blister - Majada Pedroche Jam\u00f3n Ib\u00e9rico de bellota en Villanueva de C\u00f3rdoba\",\"isPartOf\":{\"@id\":\"https:\/\/jamonesmajadapedroche.es\/#website\"},\"datePublished\":\"2021-05-17T07:35:45+00:00\",\"dateModified\":\"2026-03-17T09:22:19+00:00\",\"breadcrumb\":{\"@id\":\"https:\/\/jamonesmajadapedroche.es\/de\/producto\/schinken-majada-pedroche-%e2%98%85%e2%98%85%e2%98%85-blase\/#breadcrumb\"},\"inLanguage\":\"de-DE\",\"potentialAction\":[{\"@type\":\"ReadAction\",\"target\":[\"https:\/\/jamonesmajadapedroche.es\/de\/producto\/schinken-majada-pedroche-%e2%98%85%e2%98%85%e2%98%85-blase\/\"]}]},{\"@type\":\"BreadcrumbList\",\"@id\":\"https:\/\/jamonesmajadapedroche.es\/de\/producto\/schinken-majada-pedroche-%e2%98%85%e2%98%85%e2%98%85-blase\/#breadcrumb\",\"itemListElement\":[{\"@type\":\"ListItem\",\"position\":1,\"name\":\"Startseite\",\"item\":\"https:\/\/jamonesmajadapedroche.es\/de\/\"},{\"@type\":\"ListItem\",\"position\":2,\"name\":\"Einkaufen\",\"item\":\"https:\/\/jamonesmajadapedroche.es\/de\/einkaufen\/\"},{\"@type\":\"ListItem\",\"position\":3,\"name\":\"Schinken Majada \u2605\u2605\u2605 &#8211; Blister\"}]},{\"@type\":\"WebSite\",\"@id\":\"https:\/\/jamonesmajadapedroche.es\/#website\",\"url\":\"https:\/\/jamonesmajadapedroche.es\/\",\"name\":\"Majada Pedroche Jam\u00f3n Ib\u00e9rico de bellota en Villanueva de C\u00f3rdoba\",\"description\":\"Jam\u00f3n y embutidos ib\u00e9ricos 100% de bellota con Denominaci\u00f3n de Origen de los Pedroches\",\"potentialAction\":[{\"@type\":\"SearchAction\",\"target\":{\"@type\":\"EntryPoint\",\"urlTemplate\":\"https:\/\/jamonesmajadapedroche.es\/?s={search_term_string}\"},\"query-input\":\"required name=search_term_string\"}],\"inLanguage\":\"de-DE\"}]}<\/script>\n<!-- \/ Yoast SEO plugin. -->","yoast_head_json":{"title":"Schinken Majada \u2605\u2605\u2605 - Blister - Majada Pedroche Jam\u00f3n Ib\u00e9rico de bellota en Villanueva de C\u00f3rdoba","robots":{"index":"index","follow":"follow","max-snippet":"max-snippet:-1","max-image-preview":"max-image-preview:large","max-video-preview":"max-video-preview:-1"},"canonical":"https:\/\/jamonesmajadapedroche.es\/de\/producto\/schinken-majada-pedroche-\u2605\u2605\u2605-blase\/","og_locale":"de_DE","og_type":"article","og_title":"Schinken Majada \u2605\u2605\u2605 - Blister - Majada Pedroche Jam\u00f3n Ib\u00e9rico de bellota en Villanueva de C\u00f3rdoba","og_description":"Gro\u00dfartige Textur und exquisit am Gaumen mit feiner Persistenz. Brillantes Aussehen im Schnitt und \u00dcberwiegen fl\u00fcchtiger Aspekte in Saftigkeit und Aroma, von den besten Schweinen im n\u00f6rdlichen Teil der Provinz C\u00f3rdoba, im \u201eValle de Los Pedroches\u201c.  Schweineschinken.  Gluten- und laktosefreies Produkt.  100 % nat\u00fcrliche Aush\u00e4rtung von mehr als 36 Monaten.  Gewicht: 100gr. ca. * Mindestbestellmenge: 4 Blister","og_url":"https:\/\/jamonesmajadapedroche.es\/de\/producto\/schinken-majada-pedroche-\u2605\u2605\u2605-blase\/","og_site_name":"Majada Pedroche Jam\u00f3n Ib\u00e9rico de bellota en Villanueva de C\u00f3rdoba","article_publisher":"https:\/\/www.facebook.com\/majadapedroche\/","article_modified_time":"2026-03-17T09:22:19+00:00","og_image":[{"width":1896,"height":2560,"url":"https:\/\/jamonesmajadapedroche.es\/wp-content\/uploads\/2021\/06\/40-jamon-envasado.jpg","type":"image\/jpeg"}],"twitter_card":"summary_large_image","twitter_site":"@majada_pedroche","schema":{"@context":"https:\/\/schema.org","@graph":[{"@type":"WebPage","@id":"https:\/\/jamonesmajadapedroche.es\/de\/producto\/schinken-majada-pedroche-%e2%98%85%e2%98%85%e2%98%85-blase\/","url":"https:\/\/jamonesmajadapedroche.es\/de\/producto\/schinken-majada-pedroche-%e2%98%85%e2%98%85%e2%98%85-blase\/","name":"Schinken Majada \u2605\u2605\u2605 - Blister - Majada Pedroche Jam\u00f3n Ib\u00e9rico de bellota en Villanueva de C\u00f3rdoba","isPartOf":{"@id":"https:\/\/jamonesmajadapedroche.es\/#website"},"datePublished":"2021-05-17T07:35:45+00:00","dateModified":"2026-03-17T09:22:19+00:00","breadcrumb":{"@id":"https:\/\/jamonesmajadapedroche.es\/de\/producto\/schinken-majada-pedroche-%e2%98%85%e2%98%85%e2%98%85-blase\/#breadcrumb"},"inLanguage":"de-DE","potentialAction":[{"@type":"ReadAction","target":["https:\/\/jamonesmajadapedroche.es\/de\/producto\/schinken-majada-pedroche-%e2%98%85%e2%98%85%e2%98%85-blase\/"]}]},{"@type":"BreadcrumbList","@id":"https:\/\/jamonesmajadapedroche.es\/de\/producto\/schinken-majada-pedroche-%e2%98%85%e2%98%85%e2%98%85-blase\/#breadcrumb","itemListElement":[{"@type":"ListItem","position":1,"name":"Startseite","item":"https:\/\/jamonesmajadapedroche.es\/de\/"},{"@type":"ListItem","position":2,"name":"Einkaufen","item":"https:\/\/jamonesmajadapedroche.es\/de\/einkaufen\/"},{"@type":"ListItem","position":3,"name":"Schinken Majada \u2605\u2605\u2605 &#8211; Blister"}]},{"@type":"WebSite","@id":"https:\/\/jamonesmajadapedroche.es\/#website","url":"https:\/\/jamonesmajadapedroche.es\/","name":"Majada Pedroche Jam\u00f3n Ib\u00e9rico de bellota en Villanueva de C\u00f3rdoba","description":"Jam\u00f3n y embutidos ib\u00e9ricos 100% de bellota con Denominaci\u00f3n de Origen de los Pedroches","potentialAction":[{"@type":"SearchAction","target":{"@type":"EntryPoint","urlTemplate":"https:\/\/jamonesmajadapedroche.es\/?s={search_term_string}"},"query-input":"required name=search_term_string"}],"inLanguage":"de-DE"}]}},"jetpack_sharing_enabled":true,"_links":{"self":[{"href":"https:\/\/jamonesmajadapedroche.es\/de\/wp-json\/wp\/v2\/product\/21515"}],"collection":[{"href":"https:\/\/jamonesmajadapedroche.es\/de\/wp-json\/wp\/v2\/product"}],"about":[{"href":"https:\/\/jamonesmajadapedroche.es\/de\/wp-json\/wp\/v2\/types\/product"}],"replies":[{"embeddable":true,"href":"https:\/\/jamonesmajadapedroche.es\/de\/wp-json\/wp\/v2\/comments?post=21515"}],"wp:featuredmedia":[{"embeddable":true,"href":"https:\/\/jamonesmajadapedroche.es\/de\/wp-json\/wp\/v2\/media\/21516"}],"wp:attachment":[{"href":"https:\/\/jamonesmajadapedroche.es\/de\/wp-json\/wp\/v2\/media?parent=21515"}],"wp:term":[{"taxonomy":"product_cat","embeddable":true,"href":"https:\/\/jamonesmajadapedroche.es\/de\/wp-json\/wp\/v2\/product_cat?post=21515"},{"taxonomy":"product_tag","embeddable":true,"href":"https:\/\/jamonesmajadapedroche.es\/de\/wp-json\/wp\/v2\/product_tag?post=21515"}],"curies":[{"name":"wp","href":"https:\/\/api.w.org\/{rel}","templated":true}]}}