{"id":21543,"date":"2020-07-06T10:53:39","date_gmt":"2020-07-06T08:53:39","guid":{"rendered":"https:\/\/jamonesmajadapedroche.es\/producto\/eichelpfeffer-salchichon-100-iberische-majada-pedroche\/"},"modified":"2021-09-21T13:13:28","modified_gmt":"2021-09-21T11:13:28","slug":"salchichon-pfeffer-eichel-iberico-majada-pedroche","status":"publish","type":"product","link":"https:\/\/jamonesmajadapedroche.es\/de\/producto\/salchichon-pfeffer-eichel-iberico-majada-pedroche\/","title":{"rendered":"Eichelpfeffer Salchich\u00f3n 100% iberische Majada Pedroche"},"content":{"rendered":"<p>Hergestellt aus ausgew\u00e4hlten mageren Produkten der besten 100% iberischen Eichelschweine, mit Bedacht aromatisiert mit nat\u00fcrlichen Pfefferk\u00f6rnern und mit einer unverwechselbaren Textur, die am Gaumen zergeht. Eingeh\u00fcllt in eine spezielle Pfefferh\u00fclle, die den Geschmack noch verst\u00e4rkt. Dieser Salchich\u00f3n stammt von iberischen Schweinen, die w\u00e4hrend der Montanera mit Eicheln gef\u00fcttert und im Norden von C\u00f3rdoba, im \u201eValle de Los Pedroches\u201c, gep\u00f6kelt werden. Es ist eine intensive Salami mit einem nuancenreichen Geschmack.<\/p>\n<p>100 % iberische Eichelwurst.<br \/>\nGluten- und laktosefreies Produkt.<br \/>\n3-monatige Kur.<br \/>\nSt\u00fcckgewicht: 400-500 gr. ca.<\/p>\n","protected":false},"excerpt":{"rendered":"<p>Hergestellt aus ausgew\u00e4hlten mageren Produkten der besten 100% iberischen Eichelschweine, mit Bedacht aromatisiert mit nat\u00fcrlichen Pfefferk\u00f6rnern und mit einer unverwechselbaren Textur, die am Gaumen zergeht. Eingeh\u00fcllt in eine spezielle Pfefferh\u00fclle, die den Geschmack noch verst\u00e4rkt. Dieser Salchich\u00f3n stammt von iberischen Schweinen, die w\u00e4hrend der Montanera mit Eicheln gef\u00fcttert und im Norden von C\u00f3rdoba, im \u201eValle de Los Pedroches\u201c, gep\u00f6kelt werden. Es ist eine intensive Salami mit einem nuancenreichen Geschmack.<\/p>\n<p>100 % iberische Eichelwurst.<br \/>\nGluten- und laktosefreies Produkt.<br \/>\n3-monatige Kur.<br \/>\nSt\u00fcckgewicht: 400-500 gr. ca.<\/p>\n","protected":false},"featured_media":21544,"comment_status":"closed","ping_status":"closed","template":"","meta":{"_mi_skip_tracking":false,"jetpack_post_was_ever_published":false,"jetpack_publicize_message":"","jetpack_is_tweetstorm":false,"jetpack_publicize_feature_enabled":true},"product_cat":[1680],"product_tag":[],"jetpack_publicize_connections":[],"yoast_head":"<!-- This site is optimized with the Yoast SEO plugin v20.2.1 - https:\/\/yoast.com\/wordpress\/plugins\/seo\/ -->\n<title>Eichelpfeffer Salchich\u00f3n 100% iberische Majada Pedroche<\/title>\n<meta name=\"description\" content=\"Reiner iberischer Schinken aus Eichelmast - Maximale Saftigkeit, \u00f6lige Note und weich am Gaumen. Exquisit am Gaumen mit feiner Nachhaltigkeit. Brillante Optik im Schnitt\" \/>\n<meta name=\"robots\" content=\"index, follow, max-snippet:-1, max-image-preview:large, max-video-preview:-1\" \/>\n<link rel=\"canonical\" href=\"https:\/\/jamonesmajadapedroche.es\/de\/producto\/salchichon-pfeffer-eichel-iberico-majada-pedroche\/\" \/>\n<meta property=\"og:locale\" content=\"de_DE\" \/>\n<meta property=\"og:type\" content=\"article\" \/>\n<meta property=\"og:title\" content=\"Eichelpfeffer Salchich\u00f3n 100% iberische Majada Pedroche\" \/>\n<meta property=\"og:description\" content=\"Reiner iberischer Schinken aus Eichelmast - Maximale Saftigkeit, \u00f6lige Note und weich am Gaumen. Exquisit am Gaumen mit feiner Nachhaltigkeit. Brillante Optik im Schnitt\" \/>\n<meta property=\"og:url\" content=\"https:\/\/jamonesmajadapedroche.es\/de\/producto\/salchichon-pfeffer-eichel-iberico-majada-pedroche\/\" \/>\n<meta property=\"og:site_name\" content=\"Majada Pedroche Jam\u00f3n Ib\u00e9rico de bellota en Villanueva de C\u00f3rdoba\" \/>\n<meta property=\"article:publisher\" content=\"https:\/\/www.facebook.com\/majadapedroche\/\" \/>\n<meta property=\"article:modified_time\" content=\"2021-09-21T11:13:28+00:00\" \/>\n<meta property=\"og:image\" content=\"https:\/\/jamonesmajadapedroche.es\/wp-content\/uploads\/2020\/07\/Salchichon-de-pimienta-iberico-de-bellota-Majada-Pedroche-scaled.jpg\" \/>\n\t<meta property=\"og:image:width\" content=\"1896\" \/>\n\t<meta property=\"og:image:height\" content=\"2560\" \/>\n\t<meta property=\"og:image:type\" content=\"image\/jpeg\" \/>\n<meta name=\"twitter:card\" content=\"summary_large_image\" \/>\n<meta name=\"twitter:site\" content=\"@majada_pedroche\" \/>\n<script type=\"application\/ld+json\" class=\"yoast-schema-graph\">{\"@context\":\"https:\/\/schema.org\",\"@graph\":[{\"@type\":\"WebPage\",\"@id\":\"https:\/\/jamonesmajadapedroche.es\/de\/producto\/salchichon-pfeffer-eichel-iberico-majada-pedroche\/\",\"url\":\"https:\/\/jamonesmajadapedroche.es\/de\/producto\/salchichon-pfeffer-eichel-iberico-majada-pedroche\/\",\"name\":\"Eichelpfeffer Salchich\u00f3n 100% iberische Majada Pedroche\",\"isPartOf\":{\"@id\":\"https:\/\/jamonesmajadapedroche.es\/#website\"},\"datePublished\":\"2020-07-06T08:53:39+00:00\",\"dateModified\":\"2021-09-21T11:13:28+00:00\",\"description\":\"Reiner iberischer Schinken aus Eichelmast - Maximale Saftigkeit, \u00f6lige Note und weich am Gaumen. Exquisit am Gaumen mit feiner Nachhaltigkeit. Brillante Optik im Schnitt\",\"breadcrumb\":{\"@id\":\"https:\/\/jamonesmajadapedroche.es\/de\/producto\/salchichon-pfeffer-eichel-iberico-majada-pedroche\/#breadcrumb\"},\"inLanguage\":\"de-DE\",\"potentialAction\":[{\"@type\":\"ReadAction\",\"target\":[\"https:\/\/jamonesmajadapedroche.es\/de\/producto\/salchichon-pfeffer-eichel-iberico-majada-pedroche\/\"]}]},{\"@type\":\"BreadcrumbList\",\"@id\":\"https:\/\/jamonesmajadapedroche.es\/de\/producto\/salchichon-pfeffer-eichel-iberico-majada-pedroche\/#breadcrumb\",\"itemListElement\":[{\"@type\":\"ListItem\",\"position\":1,\"name\":\"Startseite\",\"item\":\"https:\/\/jamonesmajadapedroche.es\/de\/\"},{\"@type\":\"ListItem\",\"position\":2,\"name\":\"Einkaufen\",\"item\":\"https:\/\/jamonesmajadapedroche.es\/de\/einkaufen\/\"},{\"@type\":\"ListItem\",\"position\":3,\"name\":\"Eichelpfeffer Salchich\u00f3n 100% iberische Majada Pedroche\"}]},{\"@type\":\"WebSite\",\"@id\":\"https:\/\/jamonesmajadapedroche.es\/#website\",\"url\":\"https:\/\/jamonesmajadapedroche.es\/\",\"name\":\"Majada Pedroche Jam\u00f3n Ib\u00e9rico de bellota en Villanueva de C\u00f3rdoba\",\"description\":\"Jam\u00f3n y embutidos ib\u00e9ricos 100% de bellota con Denominaci\u00f3n de Origen de los Pedroches\",\"potentialAction\":[{\"@type\":\"SearchAction\",\"target\":{\"@type\":\"EntryPoint\",\"urlTemplate\":\"https:\/\/jamonesmajadapedroche.es\/?s={search_term_string}\"},\"query-input\":\"required name=search_term_string\"}],\"inLanguage\":\"de-DE\"}]}<\/script>\n<!-- \/ Yoast SEO plugin. -->","yoast_head_json":{"title":"Eichelpfeffer Salchich\u00f3n 100% iberische Majada Pedroche","description":"Reiner iberischer Schinken aus Eichelmast - Maximale Saftigkeit, \u00f6lige Note und weich am Gaumen. Exquisit am Gaumen mit feiner Nachhaltigkeit. Brillante Optik im Schnitt","robots":{"index":"index","follow":"follow","max-snippet":"max-snippet:-1","max-image-preview":"max-image-preview:large","max-video-preview":"max-video-preview:-1"},"canonical":"https:\/\/jamonesmajadapedroche.es\/de\/producto\/salchichon-pfeffer-eichel-iberico-majada-pedroche\/","og_locale":"de_DE","og_type":"article","og_title":"Eichelpfeffer Salchich\u00f3n 100% iberische Majada Pedroche","og_description":"Reiner iberischer Schinken aus Eichelmast - Maximale Saftigkeit, \u00f6lige Note und weich am Gaumen. Exquisit am Gaumen mit feiner Nachhaltigkeit. Brillante Optik im Schnitt","og_url":"https:\/\/jamonesmajadapedroche.es\/de\/producto\/salchichon-pfeffer-eichel-iberico-majada-pedroche\/","og_site_name":"Majada Pedroche Jam\u00f3n Ib\u00e9rico de bellota en Villanueva de C\u00f3rdoba","article_publisher":"https:\/\/www.facebook.com\/majadapedroche\/","article_modified_time":"2021-09-21T11:13:28+00:00","og_image":[{"width":1896,"height":2560,"url":"https:\/\/jamonesmajadapedroche.es\/wp-content\/uploads\/2020\/07\/Salchichon-de-pimienta-iberico-de-bellota-Majada-Pedroche-scaled.jpg","type":"image\/jpeg"}],"twitter_card":"summary_large_image","twitter_site":"@majada_pedroche","schema":{"@context":"https:\/\/schema.org","@graph":[{"@type":"WebPage","@id":"https:\/\/jamonesmajadapedroche.es\/de\/producto\/salchichon-pfeffer-eichel-iberico-majada-pedroche\/","url":"https:\/\/jamonesmajadapedroche.es\/de\/producto\/salchichon-pfeffer-eichel-iberico-majada-pedroche\/","name":"Eichelpfeffer Salchich\u00f3n 100% iberische Majada Pedroche","isPartOf":{"@id":"https:\/\/jamonesmajadapedroche.es\/#website"},"datePublished":"2020-07-06T08:53:39+00:00","dateModified":"2021-09-21T11:13:28+00:00","description":"Reiner iberischer Schinken aus Eichelmast - Maximale Saftigkeit, \u00f6lige Note und weich am Gaumen. Exquisit am Gaumen mit feiner Nachhaltigkeit. Brillante Optik im Schnitt","breadcrumb":{"@id":"https:\/\/jamonesmajadapedroche.es\/de\/producto\/salchichon-pfeffer-eichel-iberico-majada-pedroche\/#breadcrumb"},"inLanguage":"de-DE","potentialAction":[{"@type":"ReadAction","target":["https:\/\/jamonesmajadapedroche.es\/de\/producto\/salchichon-pfeffer-eichel-iberico-majada-pedroche\/"]}]},{"@type":"BreadcrumbList","@id":"https:\/\/jamonesmajadapedroche.es\/de\/producto\/salchichon-pfeffer-eichel-iberico-majada-pedroche\/#breadcrumb","itemListElement":[{"@type":"ListItem","position":1,"name":"Startseite","item":"https:\/\/jamonesmajadapedroche.es\/de\/"},{"@type":"ListItem","position":2,"name":"Einkaufen","item":"https:\/\/jamonesmajadapedroche.es\/de\/einkaufen\/"},{"@type":"ListItem","position":3,"name":"Eichelpfeffer Salchich\u00f3n 100% iberische Majada Pedroche"}]},{"@type":"WebSite","@id":"https:\/\/jamonesmajadapedroche.es\/#website","url":"https:\/\/jamonesmajadapedroche.es\/","name":"Majada Pedroche Jam\u00f3n Ib\u00e9rico de bellota en Villanueva de C\u00f3rdoba","description":"Jam\u00f3n y embutidos ib\u00e9ricos 100% de bellota con Denominaci\u00f3n de Origen de los Pedroches","potentialAction":[{"@type":"SearchAction","target":{"@type":"EntryPoint","urlTemplate":"https:\/\/jamonesmajadapedroche.es\/?s={search_term_string}"},"query-input":"required name=search_term_string"}],"inLanguage":"de-DE"}]}},"jetpack_sharing_enabled":true,"_links":{"self":[{"href":"https:\/\/jamonesmajadapedroche.es\/de\/wp-json\/wp\/v2\/product\/21543"}],"collection":[{"href":"https:\/\/jamonesmajadapedroche.es\/de\/wp-json\/wp\/v2\/product"}],"about":[{"href":"https:\/\/jamonesmajadapedroche.es\/de\/wp-json\/wp\/v2\/types\/product"}],"replies":[{"embeddable":true,"href":"https:\/\/jamonesmajadapedroche.es\/de\/wp-json\/wp\/v2\/comments?post=21543"}],"wp:featuredmedia":[{"embeddable":true,"href":"https:\/\/jamonesmajadapedroche.es\/de\/wp-json\/wp\/v2\/media\/21544"}],"wp:attachment":[{"href":"https:\/\/jamonesmajadapedroche.es\/de\/wp-json\/wp\/v2\/media?parent=21543"}],"wp:term":[{"taxonomy":"product_cat","embeddable":true,"href":"https:\/\/jamonesmajadapedroche.es\/de\/wp-json\/wp\/v2\/product_cat?post=21543"},{"taxonomy":"product_tag","embeddable":true,"href":"https:\/\/jamonesmajadapedroche.es\/de\/wp-json\/wp\/v2\/product_tag?post=21543"}],"curies":[{"name":"wp","href":"https:\/\/api.w.org\/{rel}","templated":true}]}}