{"id":21559,"date":"2017-09-28T18:56:05","date_gmt":"2017-09-28T16:56:05","guid":{"rendered":"https:\/\/jamonesmajadapedroche.es\/producto\/100-iberische-schulter-dop-los-pedroches-aus-eichelmast-blister\/"},"modified":"2021-09-21T13:16:16","modified_gmt":"2021-09-21T11:16:16","slug":"tablett-palette-iberica-pura-100-eichel","status":"publish","type":"product","link":"https:\/\/jamonesmajadapedroche.es\/de\/producto\/tablett-palette-iberica-pura-100-eichel\/","title":{"rendered":"100 % iberische Schulter DOP Los Pedroches aus Eichelmast &#8211; Blister"},"content":{"rendered":"<h2>Mit Eichel gef\u00fctterte 100 % iberische Schulter DOP Los Pedroches<\/h2>\n<p>Iberische Schulterschale aus Eichelmast 100gr. ca.<\/p>\n<p>Geschnitten mit tollem Geschmack, Qualit\u00e4t und Aroma. Exquisit am Gaumen mit feiner Nachhaltigkeit. Von den besten iberischen Schweinen im Norden der Provinz C\u00f3rdoba, in der \u201e<a href=\"https:\/\/jamonesmajadapedroche.es\/nosotros\/\"> Los Pedroches-Tal<\/a> \u201c.<\/p>\n<ul>\n<li>Mit Eichel gef\u00fctterte 100 % iberische Schulter gU Los Pedroches.<\/li>\n<li>Gluten- und laktosefreies Produkt.<\/li>\n<li>100 % nat\u00fcrliche Aush\u00e4rtung von mehr als 24 Monaten.<\/li>\n<li>Gewicht: 100gr.<\/li>\n<\/ul>\n","protected":false},"excerpt":{"rendered":"<p>Iberische Schulterschale aus Eichelmast 100gr. ca. Geschnitten mit tollem Geschmack, Qualit\u00e4t und Aroma. Exquisit am Gaumen mit feiner Nachhaltigkeit. Von den besten iberischen Schweinen im n\u00f6rdlichen Teil der Provinz C\u00f3rdoba, im \u201eValle de Los Pedroches\u201c.<\/p>\n<ul>\n<li>Mit Eichel gef\u00fctterte 100 % iberische Schulter DOP Los Pedroches<\/li>\n<li>Gluten- und laktosefreies Produkt.<\/li>\n<li>100 % nat\u00fcrliche Aush\u00e4rtung von mehr als 24 Monaten.<\/li>\n<li>Gewicht: 100gr.<\/li>\n<\/ul>\n<p>* Mindestbestellmenge: 4 Blister<\/p>\n","protected":false},"featured_media":21560,"comment_status":"closed","ping_status":"closed","template":"","meta":{"_mi_skip_tracking":false,"jetpack_post_was_ever_published":false,"jetpack_publicize_message":"","jetpack_is_tweetstorm":false,"jetpack_publicize_feature_enabled":true},"product_cat":[1682],"product_tag":[],"jetpack_publicize_connections":[],"yoast_head":"<!-- This site is optimized with the Yoast SEO plugin v20.2.1 - https:\/\/yoast.com\/wordpress\/plugins\/seo\/ -->\n<title>Iberisches Schultertablett aus 100 % Eichel | Tal der Pedroches C\u00f3rdoba<\/title>\n<meta name=\"description\" content=\"Tablett mit geschnittener iberischer Schulter aus Eichelmast von den besten iberischen Schweinen aus dem Los Pedroches-Tal in Villanueva de C\u00f3rdoba\" \/>\n<meta name=\"robots\" content=\"index, follow, max-snippet:-1, max-image-preview:large, max-video-preview:-1\" \/>\n<link rel=\"canonical\" href=\"https:\/\/jamonesmajadapedroche.es\/de\/producto\/tablett-palette-iberica-pura-100-eichel\/\" \/>\n<meta property=\"og:locale\" content=\"de_DE\" \/>\n<meta property=\"og:type\" content=\"article\" \/>\n<meta property=\"og:title\" content=\"Iberisches Schultertablett aus 100 % Eichel | Tal der Pedroches C\u00f3rdoba\" \/>\n<meta property=\"og:description\" content=\"Tablett mit geschnittener iberischer Schulter aus Eichelmast von den besten iberischen Schweinen aus dem Los Pedroches-Tal in Villanueva de C\u00f3rdoba\" \/>\n<meta property=\"og:url\" content=\"https:\/\/jamonesmajadapedroche.es\/de\/producto\/tablett-palette-iberica-pura-100-eichel\/\" \/>\n<meta property=\"og:site_name\" content=\"Majada Pedroche Jam\u00f3n Ib\u00e9rico de bellota en Villanueva de C\u00f3rdoba\" \/>\n<meta property=\"article:publisher\" content=\"https:\/\/www.facebook.com\/majadapedroche\/\" \/>\n<meta property=\"article:modified_time\" content=\"2021-09-21T11:16:16+00:00\" \/>\n<meta property=\"og:image\" content=\"https:\/\/i1.wp.com\/jamonesmajadapedroche.es\/wp-content\/uploads\/2021\/06\/43-paleta-DO-envasada.jpg?fit=1896%2C2560&ssl=1\" \/>\n\t<meta property=\"og:image:width\" content=\"1896\" \/>\n\t<meta property=\"og:image:height\" content=\"2560\" \/>\n\t<meta property=\"og:image:type\" content=\"image\/jpeg\" \/>\n<meta name=\"twitter:card\" content=\"summary_large_image\" \/>\n<meta name=\"twitter:site\" content=\"@majada_pedroche\" \/>\n<script type=\"application\/ld+json\" class=\"yoast-schema-graph\">{\"@context\":\"https:\/\/schema.org\",\"@graph\":[{\"@type\":\"WebPage\",\"@id\":\"https:\/\/jamonesmajadapedroche.es\/de\/producto\/tablett-palette-iberica-pura-100-eichel\/\",\"url\":\"https:\/\/jamonesmajadapedroche.es\/de\/producto\/tablett-palette-iberica-pura-100-eichel\/\",\"name\":\"Iberisches Schultertablett aus 100 % Eichel | Tal der Pedroches C\u00f3rdoba\",\"isPartOf\":{\"@id\":\"https:\/\/jamonesmajadapedroche.es\/#website\"},\"datePublished\":\"2017-09-28T16:56:05+00:00\",\"dateModified\":\"2021-09-21T11:16:16+00:00\",\"description\":\"Tablett mit geschnittener iberischer Schulter aus Eichelmast von den besten iberischen Schweinen aus dem Los Pedroches-Tal in Villanueva de C\u00f3rdoba\",\"breadcrumb\":{\"@id\":\"https:\/\/jamonesmajadapedroche.es\/de\/producto\/tablett-palette-iberica-pura-100-eichel\/#breadcrumb\"},\"inLanguage\":\"de-DE\",\"potentialAction\":[{\"@type\":\"ReadAction\",\"target\":[\"https:\/\/jamonesmajadapedroche.es\/de\/producto\/tablett-palette-iberica-pura-100-eichel\/\"]}]},{\"@type\":\"BreadcrumbList\",\"@id\":\"https:\/\/jamonesmajadapedroche.es\/de\/producto\/tablett-palette-iberica-pura-100-eichel\/#breadcrumb\",\"itemListElement\":[{\"@type\":\"ListItem\",\"position\":1,\"name\":\"Startseite\",\"item\":\"https:\/\/jamonesmajadapedroche.es\/de\/\"},{\"@type\":\"ListItem\",\"position\":2,\"name\":\"Einkaufen\",\"item\":\"https:\/\/jamonesmajadapedroche.es\/de\/einkaufen\/\"},{\"@type\":\"ListItem\",\"position\":3,\"name\":\"100 % iberische Schulter DOP Los Pedroches aus Eichelmast &#8211; Blister\"}]},{\"@type\":\"WebSite\",\"@id\":\"https:\/\/jamonesmajadapedroche.es\/#website\",\"url\":\"https:\/\/jamonesmajadapedroche.es\/\",\"name\":\"Majada Pedroche Jam\u00f3n Ib\u00e9rico de bellota en Villanueva de C\u00f3rdoba\",\"description\":\"Jam\u00f3n y embutidos ib\u00e9ricos 100% de bellota con Denominaci\u00f3n de Origen de los Pedroches\",\"potentialAction\":[{\"@type\":\"SearchAction\",\"target\":{\"@type\":\"EntryPoint\",\"urlTemplate\":\"https:\/\/jamonesmajadapedroche.es\/?s={search_term_string}\"},\"query-input\":\"required name=search_term_string\"}],\"inLanguage\":\"de-DE\"}]}<\/script>\n<!-- \/ Yoast SEO plugin. -->","yoast_head_json":{"title":"Iberisches Schultertablett aus 100 % Eichel | Tal der Pedroches C\u00f3rdoba","description":"Tablett mit geschnittener iberischer Schulter aus Eichelmast von den besten iberischen Schweinen aus dem Los Pedroches-Tal in Villanueva de C\u00f3rdoba","robots":{"index":"index","follow":"follow","max-snippet":"max-snippet:-1","max-image-preview":"max-image-preview:large","max-video-preview":"max-video-preview:-1"},"canonical":"https:\/\/jamonesmajadapedroche.es\/de\/producto\/tablett-palette-iberica-pura-100-eichel\/","og_locale":"de_DE","og_type":"article","og_title":"Iberisches Schultertablett aus 100 % Eichel | Tal der Pedroches C\u00f3rdoba","og_description":"Tablett mit geschnittener iberischer Schulter aus Eichelmast von den besten iberischen Schweinen aus dem Los Pedroches-Tal in Villanueva de C\u00f3rdoba","og_url":"https:\/\/jamonesmajadapedroche.es\/de\/producto\/tablett-palette-iberica-pura-100-eichel\/","og_site_name":"Majada Pedroche Jam\u00f3n Ib\u00e9rico de bellota en Villanueva de C\u00f3rdoba","article_publisher":"https:\/\/www.facebook.com\/majadapedroche\/","article_modified_time":"2021-09-21T11:16:16+00:00","og_image":[{"width":1896,"height":2560,"url":"https:\/\/i1.wp.com\/jamonesmajadapedroche.es\/wp-content\/uploads\/2021\/06\/43-paleta-DO-envasada.jpg?fit=1896%2C2560&ssl=1","type":"image\/jpeg"}],"twitter_card":"summary_large_image","twitter_site":"@majada_pedroche","schema":{"@context":"https:\/\/schema.org","@graph":[{"@type":"WebPage","@id":"https:\/\/jamonesmajadapedroche.es\/de\/producto\/tablett-palette-iberica-pura-100-eichel\/","url":"https:\/\/jamonesmajadapedroche.es\/de\/producto\/tablett-palette-iberica-pura-100-eichel\/","name":"Iberisches Schultertablett aus 100 % Eichel | Tal der Pedroches C\u00f3rdoba","isPartOf":{"@id":"https:\/\/jamonesmajadapedroche.es\/#website"},"datePublished":"2017-09-28T16:56:05+00:00","dateModified":"2021-09-21T11:16:16+00:00","description":"Tablett mit geschnittener iberischer Schulter aus Eichelmast von den besten iberischen Schweinen aus dem Los Pedroches-Tal in Villanueva de C\u00f3rdoba","breadcrumb":{"@id":"https:\/\/jamonesmajadapedroche.es\/de\/producto\/tablett-palette-iberica-pura-100-eichel\/#breadcrumb"},"inLanguage":"de-DE","potentialAction":[{"@type":"ReadAction","target":["https:\/\/jamonesmajadapedroche.es\/de\/producto\/tablett-palette-iberica-pura-100-eichel\/"]}]},{"@type":"BreadcrumbList","@id":"https:\/\/jamonesmajadapedroche.es\/de\/producto\/tablett-palette-iberica-pura-100-eichel\/#breadcrumb","itemListElement":[{"@type":"ListItem","position":1,"name":"Startseite","item":"https:\/\/jamonesmajadapedroche.es\/de\/"},{"@type":"ListItem","position":2,"name":"Einkaufen","item":"https:\/\/jamonesmajadapedroche.es\/de\/einkaufen\/"},{"@type":"ListItem","position":3,"name":"100 % iberische Schulter DOP Los Pedroches aus Eichelmast &#8211; Blister"}]},{"@type":"WebSite","@id":"https:\/\/jamonesmajadapedroche.es\/#website","url":"https:\/\/jamonesmajadapedroche.es\/","name":"Majada Pedroche Jam\u00f3n Ib\u00e9rico de bellota en Villanueva de C\u00f3rdoba","description":"Jam\u00f3n y embutidos ib\u00e9ricos 100% de bellota con Denominaci\u00f3n de Origen de los Pedroches","potentialAction":[{"@type":"SearchAction","target":{"@type":"EntryPoint","urlTemplate":"https:\/\/jamonesmajadapedroche.es\/?s={search_term_string}"},"query-input":"required name=search_term_string"}],"inLanguage":"de-DE"}]}},"jetpack_sharing_enabled":true,"_links":{"self":[{"href":"https:\/\/jamonesmajadapedroche.es\/de\/wp-json\/wp\/v2\/product\/21559"}],"collection":[{"href":"https:\/\/jamonesmajadapedroche.es\/de\/wp-json\/wp\/v2\/product"}],"about":[{"href":"https:\/\/jamonesmajadapedroche.es\/de\/wp-json\/wp\/v2\/types\/product"}],"replies":[{"embeddable":true,"href":"https:\/\/jamonesmajadapedroche.es\/de\/wp-json\/wp\/v2\/comments?post=21559"}],"wp:featuredmedia":[{"embeddable":true,"href":"https:\/\/jamonesmajadapedroche.es\/de\/wp-json\/wp\/v2\/media\/21560"}],"wp:attachment":[{"href":"https:\/\/jamonesmajadapedroche.es\/de\/wp-json\/wp\/v2\/media?parent=21559"}],"wp:term":[{"taxonomy":"product_cat","embeddable":true,"href":"https:\/\/jamonesmajadapedroche.es\/de\/wp-json\/wp\/v2\/product_cat?post=21559"},{"taxonomy":"product_tag","embeddable":true,"href":"https:\/\/jamonesmajadapedroche.es\/de\/wp-json\/wp\/v2\/product_tag?post=21559"}],"curies":[{"name":"wp","href":"https:\/\/api.w.org\/{rel}","templated":true}]}}