{"id":21565,"date":"2017-09-28T18:44:42","date_gmt":"2017-09-28T16:44:42","guid":{"rendered":"https:\/\/jamonesmajadapedroche.es\/producto\/frische-rote-iberische-chorizo-majada-pedroche\/"},"modified":"2021-09-21T13:16:19","modified_gmt":"2021-09-21T11:16:19","slug":"chorizo-rot-frisch-majada-pedroche","status":"publish","type":"product","link":"https:\/\/jamonesmajadapedroche.es\/de\/producto\/chorizo-rot-frisch-majada-pedroche\/","title":{"rendered":"Frische rote iberische Chorizo Majada Pedroche"},"content":{"rendered":"<p>Ein Produkt, das aus dem besten mageren Schweinefleisch aus 100 % iberischer Eichelmast hergestellt wird. Es handelt sich um eine iberische Chorizo mit einem einzigartigen und charakteristischen Geschmack des &#8222;Los Pedroches-Tals&#8220;, bei dem die gleichen Dressings und handwerklichen Verarbeitungsprozesse erhalten bleiben.<\/p>\n<p>Unsere W\u00fcrste werden in nat\u00fcrlichen Trockenr\u00e4umen gereift, wobei Temperatur und Luftfeuchtigkeit kontrolliert werden, um eine optimale Trocknung und Reifung zu erreichen.<\/p>\n<ul>\n<li>100 % iberische Eichelwurst.<\/li>\n<li>Gluten- und laktosefreies Produkt.<\/li>\n<li>St\u00fcckgewicht: 400-500 gr. ca.<\/li>\n<\/ul>\n","protected":false},"excerpt":{"rendered":"<p>Ein Produkt, das aus dem besten mageren Schweinefleisch aus 100 % iberischer Eichelmast hergestellt wird. Es handelt sich um eine iberische Chorizo mit einem einzigartigen und charakteristischen Geschmack des &#8222;Los Pedroches-Tals&#8220;, bei dem die gleichen Dressings und handwerklichen Verarbeitungsprozesse erhalten bleiben.<\/p>\n<p>Unsere W\u00fcrste werden in nat\u00fcrlichen Trockenr\u00e4umen gereift, wobei Temperatur und Luftfeuchtigkeit kontrolliert werden, um eine optimale Trocknung und Reifung zu erreichen.<\/p>\n<ul>\n<li>100 % iberische Eichelwurst.<\/li>\n<li>Gluten- und laktosefreies Produkt.<\/li>\n<li>St\u00fcckgewicht: 400-500 gr. ca.<\/li>\n<\/ul>\n","protected":false},"featured_media":21566,"comment_status":"closed","ping_status":"closed","template":"","meta":{"_mi_skip_tracking":false,"jetpack_post_was_ever_published":false,"jetpack_publicize_message":"","jetpack_is_tweetstorm":false,"jetpack_publicize_feature_enabled":true},"product_cat":[1683],"product_tag":[],"jetpack_publicize_connections":[],"yoast_head":"<!-- This site is optimized with the Yoast SEO plugin v20.2.1 - https:\/\/yoast.com\/wordpress\/plugins\/seo\/ -->\n<title>Frische rote iberische Chorizo Majada Pedroche - Majada Pedroche Jam\u00f3n Ib\u00e9rico de bellota en Villanueva de C\u00f3rdoba<\/title>\n<meta name=\"robots\" content=\"index, follow, max-snippet:-1, max-image-preview:large, max-video-preview:-1\" \/>\n<link rel=\"canonical\" href=\"https:\/\/jamonesmajadapedroche.es\/de\/producto\/chorizo-rot-frisch-majada-pedroche\/\" \/>\n<meta property=\"og:locale\" content=\"de_DE\" \/>\n<meta property=\"og:type\" content=\"article\" \/>\n<meta property=\"og:title\" content=\"Frische rote iberische Chorizo Majada Pedroche - Majada Pedroche Jam\u00f3n Ib\u00e9rico de bellota en Villanueva de C\u00f3rdoba\" \/>\n<meta property=\"og:description\" content=\"Ein Produkt, das aus dem besten mageren Schweinefleisch aus 100 % iberischer Eichelmast hergestellt wird. Es handelt sich um eine iberische Chorizo mit einem einzigartigen und charakteristischen Geschmack des &quot;Los Pedroches-Tals&quot;, bei dem die gleichen Dressings und handwerklichen Verarbeitungsprozesse erhalten bleiben. Unsere W\u00fcrste werden in nat\u00fcrlichen Trockenr\u00e4umen gereift, wobei Temperatur und Luftfeuchtigkeit kontrolliert werden, um eine optimale Trocknung und Reifung zu erreichen.  100 % iberische Eichelwurst.  Gluten- und laktosefreies Produkt.  St\u00fcckgewicht: 400-500 gr. ca.\" \/>\n<meta property=\"og:url\" content=\"https:\/\/jamonesmajadapedroche.es\/de\/producto\/chorizo-rot-frisch-majada-pedroche\/\" \/>\n<meta property=\"og:site_name\" content=\"Majada Pedroche Jam\u00f3n Ib\u00e9rico de bellota en Villanueva de C\u00f3rdoba\" \/>\n<meta property=\"article:publisher\" content=\"https:\/\/www.facebook.com\/majadapedroche\/\" \/>\n<meta property=\"article:modified_time\" content=\"2021-09-21T11:16:19+00:00\" \/>\n<meta property=\"og:image\" content=\"https:\/\/i2.wp.com\/jamonesmajadapedroche.es\/wp-content\/uploads\/2017\/09\/Chorizo-rojo-iberico-fresco-Majada-Pedroche-scaled.jpg?fit=1896%2C2560&ssl=1\" \/>\n\t<meta property=\"og:image:width\" content=\"1896\" \/>\n\t<meta property=\"og:image:height\" content=\"2560\" \/>\n\t<meta property=\"og:image:type\" content=\"image\/jpeg\" \/>\n<meta name=\"twitter:card\" content=\"summary_large_image\" \/>\n<meta name=\"twitter:site\" content=\"@majada_pedroche\" \/>\n<script type=\"application\/ld+json\" class=\"yoast-schema-graph\">{\"@context\":\"https:\/\/schema.org\",\"@graph\":[{\"@type\":\"WebPage\",\"@id\":\"https:\/\/jamonesmajadapedroche.es\/de\/producto\/chorizo-rot-frisch-majada-pedroche\/\",\"url\":\"https:\/\/jamonesmajadapedroche.es\/de\/producto\/chorizo-rot-frisch-majada-pedroche\/\",\"name\":\"Frische rote iberische Chorizo Majada Pedroche - Majada Pedroche Jam\u00f3n Ib\u00e9rico de bellota en Villanueva de C\u00f3rdoba\",\"isPartOf\":{\"@id\":\"https:\/\/jamonesmajadapedroche.es\/#website\"},\"datePublished\":\"2017-09-28T16:44:42+00:00\",\"dateModified\":\"2021-09-21T11:16:19+00:00\",\"breadcrumb\":{\"@id\":\"https:\/\/jamonesmajadapedroche.es\/de\/producto\/chorizo-rot-frisch-majada-pedroche\/#breadcrumb\"},\"inLanguage\":\"de-DE\",\"potentialAction\":[{\"@type\":\"ReadAction\",\"target\":[\"https:\/\/jamonesmajadapedroche.es\/de\/producto\/chorizo-rot-frisch-majada-pedroche\/\"]}]},{\"@type\":\"BreadcrumbList\",\"@id\":\"https:\/\/jamonesmajadapedroche.es\/de\/producto\/chorizo-rot-frisch-majada-pedroche\/#breadcrumb\",\"itemListElement\":[{\"@type\":\"ListItem\",\"position\":1,\"name\":\"Startseite\",\"item\":\"https:\/\/jamonesmajadapedroche.es\/de\/\"},{\"@type\":\"ListItem\",\"position\":2,\"name\":\"Einkaufen\",\"item\":\"https:\/\/jamonesmajadapedroche.es\/de\/einkaufen\/\"},{\"@type\":\"ListItem\",\"position\":3,\"name\":\"Frische rote iberische Chorizo Majada Pedroche\"}]},{\"@type\":\"WebSite\",\"@id\":\"https:\/\/jamonesmajadapedroche.es\/#website\",\"url\":\"https:\/\/jamonesmajadapedroche.es\/\",\"name\":\"Majada Pedroche Jam\u00f3n Ib\u00e9rico de bellota en Villanueva de C\u00f3rdoba\",\"description\":\"Jam\u00f3n y embutidos ib\u00e9ricos 100% de bellota con Denominaci\u00f3n de Origen de los Pedroches\",\"potentialAction\":[{\"@type\":\"SearchAction\",\"target\":{\"@type\":\"EntryPoint\",\"urlTemplate\":\"https:\/\/jamonesmajadapedroche.es\/?s={search_term_string}\"},\"query-input\":\"required name=search_term_string\"}],\"inLanguage\":\"de-DE\"}]}<\/script>\n<!-- \/ Yoast SEO plugin. -->","yoast_head_json":{"title":"Frische rote iberische Chorizo Majada Pedroche - Majada Pedroche Jam\u00f3n Ib\u00e9rico de bellota en Villanueva de C\u00f3rdoba","robots":{"index":"index","follow":"follow","max-snippet":"max-snippet:-1","max-image-preview":"max-image-preview:large","max-video-preview":"max-video-preview:-1"},"canonical":"https:\/\/jamonesmajadapedroche.es\/de\/producto\/chorizo-rot-frisch-majada-pedroche\/","og_locale":"de_DE","og_type":"article","og_title":"Frische rote iberische Chorizo Majada Pedroche - Majada Pedroche Jam\u00f3n Ib\u00e9rico de bellota en Villanueva de C\u00f3rdoba","og_description":"Ein Produkt, das aus dem besten mageren Schweinefleisch aus 100 % iberischer Eichelmast hergestellt wird. Es handelt sich um eine iberische Chorizo mit einem einzigartigen und charakteristischen Geschmack des \"Los Pedroches-Tals\", bei dem die gleichen Dressings und handwerklichen Verarbeitungsprozesse erhalten bleiben. Unsere W\u00fcrste werden in nat\u00fcrlichen Trockenr\u00e4umen gereift, wobei Temperatur und Luftfeuchtigkeit kontrolliert werden, um eine optimale Trocknung und Reifung zu erreichen.  100 % iberische Eichelwurst.  Gluten- und laktosefreies Produkt.  St\u00fcckgewicht: 400-500 gr. ca.","og_url":"https:\/\/jamonesmajadapedroche.es\/de\/producto\/chorizo-rot-frisch-majada-pedroche\/","og_site_name":"Majada Pedroche Jam\u00f3n Ib\u00e9rico de bellota en Villanueva de C\u00f3rdoba","article_publisher":"https:\/\/www.facebook.com\/majadapedroche\/","article_modified_time":"2021-09-21T11:16:19+00:00","og_image":[{"width":1896,"height":2560,"url":"https:\/\/i2.wp.com\/jamonesmajadapedroche.es\/wp-content\/uploads\/2017\/09\/Chorizo-rojo-iberico-fresco-Majada-Pedroche-scaled.jpg?fit=1896%2C2560&ssl=1","type":"image\/jpeg"}],"twitter_card":"summary_large_image","twitter_site":"@majada_pedroche","schema":{"@context":"https:\/\/schema.org","@graph":[{"@type":"WebPage","@id":"https:\/\/jamonesmajadapedroche.es\/de\/producto\/chorizo-rot-frisch-majada-pedroche\/","url":"https:\/\/jamonesmajadapedroche.es\/de\/producto\/chorizo-rot-frisch-majada-pedroche\/","name":"Frische rote iberische Chorizo Majada Pedroche - Majada Pedroche Jam\u00f3n Ib\u00e9rico de bellota en Villanueva de C\u00f3rdoba","isPartOf":{"@id":"https:\/\/jamonesmajadapedroche.es\/#website"},"datePublished":"2017-09-28T16:44:42+00:00","dateModified":"2021-09-21T11:16:19+00:00","breadcrumb":{"@id":"https:\/\/jamonesmajadapedroche.es\/de\/producto\/chorizo-rot-frisch-majada-pedroche\/#breadcrumb"},"inLanguage":"de-DE","potentialAction":[{"@type":"ReadAction","target":["https:\/\/jamonesmajadapedroche.es\/de\/producto\/chorizo-rot-frisch-majada-pedroche\/"]}]},{"@type":"BreadcrumbList","@id":"https:\/\/jamonesmajadapedroche.es\/de\/producto\/chorizo-rot-frisch-majada-pedroche\/#breadcrumb","itemListElement":[{"@type":"ListItem","position":1,"name":"Startseite","item":"https:\/\/jamonesmajadapedroche.es\/de\/"},{"@type":"ListItem","position":2,"name":"Einkaufen","item":"https:\/\/jamonesmajadapedroche.es\/de\/einkaufen\/"},{"@type":"ListItem","position":3,"name":"Frische rote iberische Chorizo Majada Pedroche"}]},{"@type":"WebSite","@id":"https:\/\/jamonesmajadapedroche.es\/#website","url":"https:\/\/jamonesmajadapedroche.es\/","name":"Majada Pedroche Jam\u00f3n Ib\u00e9rico de bellota en Villanueva de C\u00f3rdoba","description":"Jam\u00f3n y embutidos ib\u00e9ricos 100% de bellota con Denominaci\u00f3n de Origen de los Pedroches","potentialAction":[{"@type":"SearchAction","target":{"@type":"EntryPoint","urlTemplate":"https:\/\/jamonesmajadapedroche.es\/?s={search_term_string}"},"query-input":"required name=search_term_string"}],"inLanguage":"de-DE"}]}},"jetpack_sharing_enabled":true,"_links":{"self":[{"href":"https:\/\/jamonesmajadapedroche.es\/de\/wp-json\/wp\/v2\/product\/21565"}],"collection":[{"href":"https:\/\/jamonesmajadapedroche.es\/de\/wp-json\/wp\/v2\/product"}],"about":[{"href":"https:\/\/jamonesmajadapedroche.es\/de\/wp-json\/wp\/v2\/types\/product"}],"replies":[{"embeddable":true,"href":"https:\/\/jamonesmajadapedroche.es\/de\/wp-json\/wp\/v2\/comments?post=21565"}],"wp:featuredmedia":[{"embeddable":true,"href":"https:\/\/jamonesmajadapedroche.es\/de\/wp-json\/wp\/v2\/media\/21566"}],"wp:attachment":[{"href":"https:\/\/jamonesmajadapedroche.es\/de\/wp-json\/wp\/v2\/media?parent=21565"}],"wp:term":[{"taxonomy":"product_cat","embeddable":true,"href":"https:\/\/jamonesmajadapedroche.es\/de\/wp-json\/wp\/v2\/product_cat?post=21565"},{"taxonomy":"product_tag","embeddable":true,"href":"https:\/\/jamonesmajadapedroche.es\/de\/wp-json\/wp\/v2\/product_tag?post=21565"}],"curies":[{"name":"wp","href":"https:\/\/api.w.org\/{rel}","templated":true}]}}