{"id":21571,"date":"2017-09-28T18:58:06","date_gmt":"2017-09-28T16:58:06","guid":{"rendered":"https:\/\/jamonesmajadapedroche.es\/producto\/lende-aus-eichelmast-100-iberische-majada-pedroche\/"},"modified":"2021-09-21T13:17:01","modified_gmt":"2021-09-21T11:17:01","slug":"cana-lende-iberika-eichel","status":"publish","type":"product","link":"https:\/\/jamonesmajadapedroche.es\/de\/producto\/cana-lende-iberika-eichel\/","title":{"rendered":"Lende aus Eichelmast 100% iberische Majada Pedroche"},"content":{"rendered":"<p>Hergestellt mit der besten frischen Lende von 100% iberischem Eichelschwein, ausgew\u00e4hlten Gew\u00fcrzen und sorgf\u00e4ltiger P\u00f6kelung. Rosa in der Farbe und mit der Fettmarmorierung, die f\u00fcr iberische W\u00fcrste aus Eichelmast aus dem Norden von C\u00f3rdoba, im \u201eValle de Los Pedroches\u201c, charakteristisch ist. Sein mildes Aroma und ein s\u00fc\u00dfer und intensiver Geschmack zeichnen sich aus. Es hat eine glatte Textur mit Spuren von Fettinfiltration, die unverkennbar sind, da es von iberischen Schweinen stammt.<\/p>\n<ul>\n<li>Eichel gef\u00fcttert 100% iberisch.<\/li>\n<li>Gluten- und laktosefreies Produkt.<\/li>\n<li>3-monatige Kur.<\/li>\n<li>St\u00fcckgewicht: 600 gr.<\/li>\n<\/ul>\n","protected":false},"excerpt":{"rendered":"<p>Hergestellt mit der besten frischen Lende von 100% iberischem Eichelschwein, ausgew\u00e4hlten Gew\u00fcrzen und sorgf\u00e4ltiger P\u00f6kelung. Rosa in der Farbe und mit der Fettmarmorierung, die f\u00fcr iberische W\u00fcrste aus Eichelmast aus dem Norden von C\u00f3rdoba, im \u201eValle de Los Pedroches\u201c, charakteristisch ist. Sein mildes Aroma und ein s\u00fc\u00dfer und intensiver Geschmack zeichnen sich aus. Es hat eine glatte Textur mit Spuren von Fettinfiltration, die unverkennbar sind, da es von iberischen Schweinen stammt.<\/p>\n<ul>\n<li>Eichel gef\u00fcttert 100% iberisch.<\/li>\n<li>Gluten- und laktosefreies Produkt.<\/li>\n<li>3-monatige Kur.<\/li>\n<li>St\u00fcckgewicht: 600 gr.<\/li>\n<\/ul>\n","protected":false},"featured_media":21572,"comment_status":"closed","ping_status":"closed","template":"","meta":{"_mi_skip_tracking":false,"jetpack_post_was_ever_published":false,"jetpack_publicize_message":"","jetpack_is_tweetstorm":false,"jetpack_publicize_feature_enabled":true},"product_cat":[1680],"product_tag":[],"jetpack_publicize_connections":[],"yoast_head":"<!-- This site is optimized with the Yoast SEO plugin v20.2.1 - https:\/\/yoast.com\/wordpress\/plugins\/seo\/ -->\n<title>Lende aus Eichelmast 100% iberische Majada Pedroche - Majada Pedroche Jam\u00f3n Ib\u00e9rico de bellota en Villanueva de C\u00f3rdoba<\/title>\n<meta name=\"robots\" content=\"index, follow, max-snippet:-1, max-image-preview:large, max-video-preview:-1\" \/>\n<link rel=\"canonical\" href=\"https:\/\/jamonesmajadapedroche.es\/de\/producto\/cana-lende-iberika-eichel\/\" \/>\n<meta property=\"og:locale\" content=\"de_DE\" \/>\n<meta property=\"og:type\" content=\"article\" \/>\n<meta property=\"og:title\" content=\"Lende aus Eichelmast 100% iberische Majada Pedroche - Majada Pedroche Jam\u00f3n Ib\u00e9rico de bellota en Villanueva de C\u00f3rdoba\" \/>\n<meta property=\"og:description\" content=\"Hergestellt mit der besten frischen Lende von 100% iberischem Eichelschwein, ausgew\u00e4hlten Gew\u00fcrzen und sorgf\u00e4ltiger P\u00f6kelung. Rosa in der Farbe und mit der Fettmarmorierung, die f\u00fcr iberische W\u00fcrste aus Eichelmast aus dem Norden von C\u00f3rdoba, im \u201eValle de Los Pedroches\u201c, charakteristisch ist. Sein mildes Aroma und ein s\u00fc\u00dfer und intensiver Geschmack zeichnen sich aus. Es hat eine glatte Textur mit Spuren von Fettinfiltration, die unverkennbar sind, da es von iberischen Schweinen stammt.  Eichel gef\u00fcttert 100% iberisch.  Gluten- und laktosefreies Produkt.  3-monatige Kur.  St\u00fcckgewicht: 600 gr.\" \/>\n<meta property=\"og:url\" content=\"https:\/\/jamonesmajadapedroche.es\/de\/producto\/cana-lende-iberika-eichel\/\" \/>\n<meta property=\"og:site_name\" content=\"Majada Pedroche Jam\u00f3n Ib\u00e9rico de bellota en Villanueva de C\u00f3rdoba\" \/>\n<meta property=\"article:publisher\" content=\"https:\/\/www.facebook.com\/majadapedroche\/\" \/>\n<meta property=\"article:modified_time\" content=\"2021-09-21T11:17:01+00:00\" \/>\n<meta property=\"og:image\" content=\"https:\/\/i0.wp.com\/jamonesmajadapedroche.es\/wp-content\/uploads\/2017\/09\/Lomo-de-bellota-100x100-iberico-Majada-Pedroche-scaled.jpg?fit=1896%2C2560&ssl=1\" \/>\n\t<meta property=\"og:image:width\" content=\"1896\" \/>\n\t<meta property=\"og:image:height\" content=\"2560\" \/>\n\t<meta property=\"og:image:type\" content=\"image\/jpeg\" \/>\n<meta name=\"twitter:card\" content=\"summary_large_image\" \/>\n<meta name=\"twitter:site\" content=\"@majada_pedroche\" \/>\n<script type=\"application\/ld+json\" class=\"yoast-schema-graph\">{\"@context\":\"https:\/\/schema.org\",\"@graph\":[{\"@type\":\"WebPage\",\"@id\":\"https:\/\/jamonesmajadapedroche.es\/de\/producto\/cana-lende-iberika-eichel\/\",\"url\":\"https:\/\/jamonesmajadapedroche.es\/de\/producto\/cana-lende-iberika-eichel\/\",\"name\":\"Lende aus Eichelmast 100% iberische Majada Pedroche - Majada Pedroche Jam\u00f3n Ib\u00e9rico de bellota en Villanueva de C\u00f3rdoba\",\"isPartOf\":{\"@id\":\"https:\/\/jamonesmajadapedroche.es\/#website\"},\"datePublished\":\"2017-09-28T16:58:06+00:00\",\"dateModified\":\"2021-09-21T11:17:01+00:00\",\"breadcrumb\":{\"@id\":\"https:\/\/jamonesmajadapedroche.es\/de\/producto\/cana-lende-iberika-eichel\/#breadcrumb\"},\"inLanguage\":\"de-DE\",\"potentialAction\":[{\"@type\":\"ReadAction\",\"target\":[\"https:\/\/jamonesmajadapedroche.es\/de\/producto\/cana-lende-iberika-eichel\/\"]}]},{\"@type\":\"BreadcrumbList\",\"@id\":\"https:\/\/jamonesmajadapedroche.es\/de\/producto\/cana-lende-iberika-eichel\/#breadcrumb\",\"itemListElement\":[{\"@type\":\"ListItem\",\"position\":1,\"name\":\"Startseite\",\"item\":\"https:\/\/jamonesmajadapedroche.es\/de\/\"},{\"@type\":\"ListItem\",\"position\":2,\"name\":\"Einkaufen\",\"item\":\"https:\/\/jamonesmajadapedroche.es\/de\/einkaufen\/\"},{\"@type\":\"ListItem\",\"position\":3,\"name\":\"Lende aus Eichelmast 100% iberische Majada Pedroche\"}]},{\"@type\":\"WebSite\",\"@id\":\"https:\/\/jamonesmajadapedroche.es\/#website\",\"url\":\"https:\/\/jamonesmajadapedroche.es\/\",\"name\":\"Majada Pedroche Jam\u00f3n Ib\u00e9rico de bellota en Villanueva de C\u00f3rdoba\",\"description\":\"Jam\u00f3n y embutidos ib\u00e9ricos 100% de bellota con Denominaci\u00f3n de Origen de los Pedroches\",\"potentialAction\":[{\"@type\":\"SearchAction\",\"target\":{\"@type\":\"EntryPoint\",\"urlTemplate\":\"https:\/\/jamonesmajadapedroche.es\/?s={search_term_string}\"},\"query-input\":\"required name=search_term_string\"}],\"inLanguage\":\"de-DE\"}]}<\/script>\n<!-- \/ Yoast SEO plugin. -->","yoast_head_json":{"title":"Lende aus Eichelmast 100% iberische Majada Pedroche - Majada Pedroche Jam\u00f3n Ib\u00e9rico de bellota en Villanueva de C\u00f3rdoba","robots":{"index":"index","follow":"follow","max-snippet":"max-snippet:-1","max-image-preview":"max-image-preview:large","max-video-preview":"max-video-preview:-1"},"canonical":"https:\/\/jamonesmajadapedroche.es\/de\/producto\/cana-lende-iberika-eichel\/","og_locale":"de_DE","og_type":"article","og_title":"Lende aus Eichelmast 100% iberische Majada Pedroche - Majada Pedroche Jam\u00f3n Ib\u00e9rico de bellota en Villanueva de C\u00f3rdoba","og_description":"Hergestellt mit der besten frischen Lende von 100% iberischem Eichelschwein, ausgew\u00e4hlten Gew\u00fcrzen und sorgf\u00e4ltiger P\u00f6kelung. Rosa in der Farbe und mit der Fettmarmorierung, die f\u00fcr iberische W\u00fcrste aus Eichelmast aus dem Norden von C\u00f3rdoba, im \u201eValle de Los Pedroches\u201c, charakteristisch ist. Sein mildes Aroma und ein s\u00fc\u00dfer und intensiver Geschmack zeichnen sich aus. Es hat eine glatte Textur mit Spuren von Fettinfiltration, die unverkennbar sind, da es von iberischen Schweinen stammt.  Eichel gef\u00fcttert 100% iberisch.  Gluten- und laktosefreies Produkt.  3-monatige Kur.  St\u00fcckgewicht: 600 gr.","og_url":"https:\/\/jamonesmajadapedroche.es\/de\/producto\/cana-lende-iberika-eichel\/","og_site_name":"Majada Pedroche Jam\u00f3n Ib\u00e9rico de bellota en Villanueva de C\u00f3rdoba","article_publisher":"https:\/\/www.facebook.com\/majadapedroche\/","article_modified_time":"2021-09-21T11:17:01+00:00","og_image":[{"width":1896,"height":2560,"url":"https:\/\/i0.wp.com\/jamonesmajadapedroche.es\/wp-content\/uploads\/2017\/09\/Lomo-de-bellota-100x100-iberico-Majada-Pedroche-scaled.jpg?fit=1896%2C2560&ssl=1","type":"image\/jpeg"}],"twitter_card":"summary_large_image","twitter_site":"@majada_pedroche","schema":{"@context":"https:\/\/schema.org","@graph":[{"@type":"WebPage","@id":"https:\/\/jamonesmajadapedroche.es\/de\/producto\/cana-lende-iberika-eichel\/","url":"https:\/\/jamonesmajadapedroche.es\/de\/producto\/cana-lende-iberika-eichel\/","name":"Lende aus Eichelmast 100% iberische Majada Pedroche - Majada Pedroche Jam\u00f3n Ib\u00e9rico de bellota en Villanueva de C\u00f3rdoba","isPartOf":{"@id":"https:\/\/jamonesmajadapedroche.es\/#website"},"datePublished":"2017-09-28T16:58:06+00:00","dateModified":"2021-09-21T11:17:01+00:00","breadcrumb":{"@id":"https:\/\/jamonesmajadapedroche.es\/de\/producto\/cana-lende-iberika-eichel\/#breadcrumb"},"inLanguage":"de-DE","potentialAction":[{"@type":"ReadAction","target":["https:\/\/jamonesmajadapedroche.es\/de\/producto\/cana-lende-iberika-eichel\/"]}]},{"@type":"BreadcrumbList","@id":"https:\/\/jamonesmajadapedroche.es\/de\/producto\/cana-lende-iberika-eichel\/#breadcrumb","itemListElement":[{"@type":"ListItem","position":1,"name":"Startseite","item":"https:\/\/jamonesmajadapedroche.es\/de\/"},{"@type":"ListItem","position":2,"name":"Einkaufen","item":"https:\/\/jamonesmajadapedroche.es\/de\/einkaufen\/"},{"@type":"ListItem","position":3,"name":"Lende aus Eichelmast 100% iberische Majada Pedroche"}]},{"@type":"WebSite","@id":"https:\/\/jamonesmajadapedroche.es\/#website","url":"https:\/\/jamonesmajadapedroche.es\/","name":"Majada Pedroche Jam\u00f3n Ib\u00e9rico de bellota en Villanueva de C\u00f3rdoba","description":"Jam\u00f3n y embutidos ib\u00e9ricos 100% de bellota con Denominaci\u00f3n de Origen de los Pedroches","potentialAction":[{"@type":"SearchAction","target":{"@type":"EntryPoint","urlTemplate":"https:\/\/jamonesmajadapedroche.es\/?s={search_term_string}"},"query-input":"required name=search_term_string"}],"inLanguage":"de-DE"}]}},"jetpack_sharing_enabled":true,"_links":{"self":[{"href":"https:\/\/jamonesmajadapedroche.es\/de\/wp-json\/wp\/v2\/product\/21571"}],"collection":[{"href":"https:\/\/jamonesmajadapedroche.es\/de\/wp-json\/wp\/v2\/product"}],"about":[{"href":"https:\/\/jamonesmajadapedroche.es\/de\/wp-json\/wp\/v2\/types\/product"}],"replies":[{"embeddable":true,"href":"https:\/\/jamonesmajadapedroche.es\/de\/wp-json\/wp\/v2\/comments?post=21571"}],"wp:featuredmedia":[{"embeddable":true,"href":"https:\/\/jamonesmajadapedroche.es\/de\/wp-json\/wp\/v2\/media\/21572"}],"wp:attachment":[{"href":"https:\/\/jamonesmajadapedroche.es\/de\/wp-json\/wp\/v2\/media?parent=21571"}],"wp:term":[{"taxonomy":"product_cat","embeddable":true,"href":"https:\/\/jamonesmajadapedroche.es\/de\/wp-json\/wp\/v2\/product_cat?post=21571"},{"taxonomy":"product_tag","embeddable":true,"href":"https:\/\/jamonesmajadapedroche.es\/de\/wp-json\/wp\/v2\/product_tag?post=21571"}],"curies":[{"name":"wp","href":"https:\/\/api.w.org\/{rel}","templated":true}]}}