{"id":21574,"date":"2017-09-28T18:53:00","date_gmt":"2017-09-28T16:53:00","guid":{"rendered":"https:\/\/jamonesmajadapedroche.es\/producto\/frische-lende-majada-pedroche\/"},"modified":"2021-09-21T13:17:00","modified_gmt":"2021-09-21T11:17:00","slug":"frische-iberische-lende-majada-pedroche","status":"publish","type":"product","link":"https:\/\/jamonesmajadapedroche.es\/de\/producto\/frische-iberische-lende-majada-pedroche\/","title":{"rendered":"Frische Lende Majada Pedroche"},"content":{"rendered":"<p>Es entspricht dem frischen Lendenband, sehr mager und mit sehr wenig Fett, daher ist es f\u00fcr Menschen geeignet, die sich sogar kalorienarm ern\u00e4hren. Es ist eines der von den Verbrauchern bevorzugten Fleischsorten des iberischen Schweins.<\/p>\n<p>Fleisch mit weicher und fester Textur, sehr saftig, ohne Knochen oder Nerven. Von 100% iberischen Eichelschweinen aus dem Norden von C\u00f3rdoba, speziell aus dem \u201eValle de Los Pedroches\u201c.<\/p>\n<ul>\n<li>100% iberisches Eichelfleisch.<\/li>\n<li>Gefroren oder frisch.<\/li>\n<li>Gluten- und laktosefreies Produkt.<\/li>\n<li>St\u00fcckgewicht: 2 kg.<\/li>\n<\/ul>\n","protected":false},"excerpt":{"rendered":"<p>Es entspricht dem frischen Lendenband, sehr mager und mit sehr wenig Fett, daher ist es f\u00fcr Menschen geeignet, die sich sogar kalorienarm ern\u00e4hren. Es ist eines der von den Verbrauchern bevorzugten Fleischsorten des iberischen Schweins.<\/p>\n<p>Fleisch mit weicher und fester Textur, sehr saftig, ohne Knochen oder Nerven. Von 100% iberischen Eichelschweinen aus dem Norden von C\u00f3rdoba, speziell aus dem \u201eValle de Los Pedroches\u201c.<\/p>\n<ul>\n<li>100% iberisches Eichelfleisch.<\/li>\n<li>Gefroren oder frisch.<\/li>\n<li>Gluten- und laktosefreies Produkt.<\/li>\n<li>St\u00fcckgewicht: 2 kg.<\/li>\n<\/ul>\n","protected":false},"featured_media":21575,"comment_status":"closed","ping_status":"closed","template":"","meta":{"_mi_skip_tracking":false,"jetpack_post_was_ever_published":false,"jetpack_publicize_message":"","jetpack_is_tweetstorm":false,"jetpack_publicize_feature_enabled":true},"product_cat":[1681],"product_tag":[],"jetpack_publicize_connections":[],"yoast_head":"<!-- This site is optimized with the Yoast SEO plugin v20.2.1 - https:\/\/yoast.com\/wordpress\/plugins\/seo\/ -->\n<title>Frische Lende Majada Pedroche - Majada Pedroche Jam\u00f3n Ib\u00e9rico de bellota en Villanueva de C\u00f3rdoba<\/title>\n<meta name=\"robots\" content=\"index, follow, max-snippet:-1, max-image-preview:large, max-video-preview:-1\" \/>\n<link rel=\"canonical\" href=\"https:\/\/jamonesmajadapedroche.es\/de\/producto\/frische-iberische-lende-majada-pedroche\/\" \/>\n<meta property=\"og:locale\" content=\"de_DE\" \/>\n<meta property=\"og:type\" content=\"article\" \/>\n<meta property=\"og:title\" content=\"Frische Lende Majada Pedroche - Majada Pedroche Jam\u00f3n Ib\u00e9rico de bellota en Villanueva de C\u00f3rdoba\" \/>\n<meta property=\"og:description\" content=\"Es entspricht dem frischen Lendenband, sehr mager und mit sehr wenig Fett, daher ist es f\u00fcr Menschen geeignet, die sich sogar kalorienarm ern\u00e4hren. Es ist eines der von den Verbrauchern bevorzugten Fleischsorten des iberischen Schweins. Fleisch mit weicher und fester Textur, sehr saftig, ohne Knochen oder Nerven. Von 100% iberischen Eichelschweinen aus dem Norden von C\u00f3rdoba, speziell aus dem \u201eValle de Los Pedroches\u201c.  100% iberisches Eichelfleisch.  Gefroren oder frisch.  Gluten- und laktosefreies Produkt.  St\u00fcckgewicht: 2 kg.\" \/>\n<meta property=\"og:url\" content=\"https:\/\/jamonesmajadapedroche.es\/de\/producto\/frische-iberische-lende-majada-pedroche\/\" \/>\n<meta property=\"og:site_name\" content=\"Majada Pedroche Jam\u00f3n Ib\u00e9rico de bellota en Villanueva de C\u00f3rdoba\" \/>\n<meta property=\"article:publisher\" content=\"https:\/\/www.facebook.com\/majadapedroche\/\" \/>\n<meta property=\"article:modified_time\" content=\"2021-09-21T11:17:00+00:00\" \/>\n<meta property=\"og:image\" content=\"https:\/\/i2.wp.com\/jamonesmajadapedroche.es\/wp-content\/uploads\/2021\/05\/Lomo-scaled.jpg?fit=2560%2C1810&ssl=1\" \/>\n\t<meta property=\"og:image:width\" content=\"2560\" \/>\n\t<meta property=\"og:image:height\" content=\"1810\" \/>\n\t<meta property=\"og:image:type\" content=\"image\/jpeg\" \/>\n<meta name=\"twitter:card\" content=\"summary_large_image\" \/>\n<meta name=\"twitter:site\" content=\"@majada_pedroche\" \/>\n<script type=\"application\/ld+json\" class=\"yoast-schema-graph\">{\"@context\":\"https:\/\/schema.org\",\"@graph\":[{\"@type\":\"WebPage\",\"@id\":\"https:\/\/jamonesmajadapedroche.es\/de\/producto\/frische-iberische-lende-majada-pedroche\/\",\"url\":\"https:\/\/jamonesmajadapedroche.es\/de\/producto\/frische-iberische-lende-majada-pedroche\/\",\"name\":\"Frische Lende Majada Pedroche - Majada Pedroche Jam\u00f3n Ib\u00e9rico de bellota en Villanueva de C\u00f3rdoba\",\"isPartOf\":{\"@id\":\"https:\/\/jamonesmajadapedroche.es\/#website\"},\"datePublished\":\"2017-09-28T16:53:00+00:00\",\"dateModified\":\"2021-09-21T11:17:00+00:00\",\"breadcrumb\":{\"@id\":\"https:\/\/jamonesmajadapedroche.es\/de\/producto\/frische-iberische-lende-majada-pedroche\/#breadcrumb\"},\"inLanguage\":\"de-DE\",\"potentialAction\":[{\"@type\":\"ReadAction\",\"target\":[\"https:\/\/jamonesmajadapedroche.es\/de\/producto\/frische-iberische-lende-majada-pedroche\/\"]}]},{\"@type\":\"BreadcrumbList\",\"@id\":\"https:\/\/jamonesmajadapedroche.es\/de\/producto\/frische-iberische-lende-majada-pedroche\/#breadcrumb\",\"itemListElement\":[{\"@type\":\"ListItem\",\"position\":1,\"name\":\"Startseite\",\"item\":\"https:\/\/jamonesmajadapedroche.es\/de\/\"},{\"@type\":\"ListItem\",\"position\":2,\"name\":\"Einkaufen\",\"item\":\"https:\/\/jamonesmajadapedroche.es\/de\/einkaufen\/\"},{\"@type\":\"ListItem\",\"position\":3,\"name\":\"Frische Lende Majada Pedroche\"}]},{\"@type\":\"WebSite\",\"@id\":\"https:\/\/jamonesmajadapedroche.es\/#website\",\"url\":\"https:\/\/jamonesmajadapedroche.es\/\",\"name\":\"Majada Pedroche Jam\u00f3n Ib\u00e9rico de bellota en Villanueva de C\u00f3rdoba\",\"description\":\"Jam\u00f3n y embutidos ib\u00e9ricos 100% de bellota con Denominaci\u00f3n de Origen de los Pedroches\",\"potentialAction\":[{\"@type\":\"SearchAction\",\"target\":{\"@type\":\"EntryPoint\",\"urlTemplate\":\"https:\/\/jamonesmajadapedroche.es\/?s={search_term_string}\"},\"query-input\":\"required name=search_term_string\"}],\"inLanguage\":\"de-DE\"}]}<\/script>\n<!-- \/ Yoast SEO plugin. -->","yoast_head_json":{"title":"Frische Lende Majada Pedroche - Majada Pedroche Jam\u00f3n Ib\u00e9rico de bellota en Villanueva de C\u00f3rdoba","robots":{"index":"index","follow":"follow","max-snippet":"max-snippet:-1","max-image-preview":"max-image-preview:large","max-video-preview":"max-video-preview:-1"},"canonical":"https:\/\/jamonesmajadapedroche.es\/de\/producto\/frische-iberische-lende-majada-pedroche\/","og_locale":"de_DE","og_type":"article","og_title":"Frische Lende Majada Pedroche - Majada Pedroche Jam\u00f3n Ib\u00e9rico de bellota en Villanueva de C\u00f3rdoba","og_description":"Es entspricht dem frischen Lendenband, sehr mager und mit sehr wenig Fett, daher ist es f\u00fcr Menschen geeignet, die sich sogar kalorienarm ern\u00e4hren. Es ist eines der von den Verbrauchern bevorzugten Fleischsorten des iberischen Schweins. Fleisch mit weicher und fester Textur, sehr saftig, ohne Knochen oder Nerven. Von 100% iberischen Eichelschweinen aus dem Norden von C\u00f3rdoba, speziell aus dem \u201eValle de Los Pedroches\u201c.  100% iberisches Eichelfleisch.  Gefroren oder frisch.  Gluten- und laktosefreies Produkt.  St\u00fcckgewicht: 2 kg.","og_url":"https:\/\/jamonesmajadapedroche.es\/de\/producto\/frische-iberische-lende-majada-pedroche\/","og_site_name":"Majada Pedroche Jam\u00f3n Ib\u00e9rico de bellota en Villanueva de C\u00f3rdoba","article_publisher":"https:\/\/www.facebook.com\/majadapedroche\/","article_modified_time":"2021-09-21T11:17:00+00:00","og_image":[{"width":2560,"height":1810,"url":"https:\/\/i2.wp.com\/jamonesmajadapedroche.es\/wp-content\/uploads\/2021\/05\/Lomo-scaled.jpg?fit=2560%2C1810&ssl=1","type":"image\/jpeg"}],"twitter_card":"summary_large_image","twitter_site":"@majada_pedroche","schema":{"@context":"https:\/\/schema.org","@graph":[{"@type":"WebPage","@id":"https:\/\/jamonesmajadapedroche.es\/de\/producto\/frische-iberische-lende-majada-pedroche\/","url":"https:\/\/jamonesmajadapedroche.es\/de\/producto\/frische-iberische-lende-majada-pedroche\/","name":"Frische Lende Majada Pedroche - Majada Pedroche Jam\u00f3n Ib\u00e9rico de bellota en Villanueva de C\u00f3rdoba","isPartOf":{"@id":"https:\/\/jamonesmajadapedroche.es\/#website"},"datePublished":"2017-09-28T16:53:00+00:00","dateModified":"2021-09-21T11:17:00+00:00","breadcrumb":{"@id":"https:\/\/jamonesmajadapedroche.es\/de\/producto\/frische-iberische-lende-majada-pedroche\/#breadcrumb"},"inLanguage":"de-DE","potentialAction":[{"@type":"ReadAction","target":["https:\/\/jamonesmajadapedroche.es\/de\/producto\/frische-iberische-lende-majada-pedroche\/"]}]},{"@type":"BreadcrumbList","@id":"https:\/\/jamonesmajadapedroche.es\/de\/producto\/frische-iberische-lende-majada-pedroche\/#breadcrumb","itemListElement":[{"@type":"ListItem","position":1,"name":"Startseite","item":"https:\/\/jamonesmajadapedroche.es\/de\/"},{"@type":"ListItem","position":2,"name":"Einkaufen","item":"https:\/\/jamonesmajadapedroche.es\/de\/einkaufen\/"},{"@type":"ListItem","position":3,"name":"Frische Lende Majada Pedroche"}]},{"@type":"WebSite","@id":"https:\/\/jamonesmajadapedroche.es\/#website","url":"https:\/\/jamonesmajadapedroche.es\/","name":"Majada Pedroche Jam\u00f3n Ib\u00e9rico de bellota en Villanueva de C\u00f3rdoba","description":"Jam\u00f3n y embutidos ib\u00e9ricos 100% de bellota con Denominaci\u00f3n de Origen de los Pedroches","potentialAction":[{"@type":"SearchAction","target":{"@type":"EntryPoint","urlTemplate":"https:\/\/jamonesmajadapedroche.es\/?s={search_term_string}"},"query-input":"required name=search_term_string"}],"inLanguage":"de-DE"}]}},"jetpack_sharing_enabled":true,"_links":{"self":[{"href":"https:\/\/jamonesmajadapedroche.es\/de\/wp-json\/wp\/v2\/product\/21574"}],"collection":[{"href":"https:\/\/jamonesmajadapedroche.es\/de\/wp-json\/wp\/v2\/product"}],"about":[{"href":"https:\/\/jamonesmajadapedroche.es\/de\/wp-json\/wp\/v2\/types\/product"}],"replies":[{"embeddable":true,"href":"https:\/\/jamonesmajadapedroche.es\/de\/wp-json\/wp\/v2\/comments?post=21574"}],"wp:featuredmedia":[{"embeddable":true,"href":"https:\/\/jamonesmajadapedroche.es\/de\/wp-json\/wp\/v2\/media\/21575"}],"wp:attachment":[{"href":"https:\/\/jamonesmajadapedroche.es\/de\/wp-json\/wp\/v2\/media?parent=21574"}],"wp:term":[{"taxonomy":"product_cat","embeddable":true,"href":"https:\/\/jamonesmajadapedroche.es\/de\/wp-json\/wp\/v2\/product_cat?post=21574"},{"taxonomy":"product_tag","embeddable":true,"href":"https:\/\/jamonesmajadapedroche.es\/de\/wp-json\/wp\/v2\/product_tag?post=21574"}],"curies":[{"name":"wp","href":"https:\/\/api.w.org\/{rel}","templated":true}]}}