{"id":21578,"date":"2017-09-28T18:52:28","date_gmt":"2017-09-28T16:52:28","guid":{"rendered":"https:\/\/jamonesmajadapedroche.es\/producto\/majada-pedroche-dam\/"},"modified":"2021-09-21T13:17:06","modified_gmt":"2021-09-21T11:17:06","slug":"dam-iberica-majada-pedroche","status":"publish","type":"product","link":"https:\/\/jamonesmajadapedroche.es\/de\/producto\/dam-iberica-majada-pedroche\/","title":{"rendered":"Majada Pedroche Dam"},"content":{"rendered":"","protected":false},"excerpt":{"rendered":"<p>Die Beute des iberischen Schweins oder der iberischen Beute ist f\u00fcr viele das beste Fleischst\u00fcck dieses Tieres. Es hat einen guten Anteil an infiltriertem Fett, was zu einem sehr schmackhaften und saftigen Fleisch f\u00fchrt. Dieses Fleisch befindet sich neben den Schultern, bildet einen Teil des Kopfes der Lende und ist der am st\u00e4rksten infiltrierte Teil davon. Von 100% iberischen Eichelschweinen aus dem Norden von C\u00f3rdoba, im \u201eValle de Los Pedroches\u201c. Geeignet zum Grillen, auf dem Grill oder auf Grills. Geschmort, gegrillt oder gebraten entfaltet er sein volles Potenzial.<\/p>\n<ul>\n<li>100% iberisches Eichelfleisch.<\/li>\n<li>Gefroren oder frisch.<\/li>\n<li>Gluten- und laktosefreies Produkt.<\/li>\n<li>St\u00fcckgewicht: 700 gr.<\/li>\n<\/ul>\n","protected":false},"featured_media":21579,"comment_status":"closed","ping_status":"closed","template":"","meta":{"_mi_skip_tracking":false,"jetpack_post_was_ever_published":false,"jetpack_publicize_message":"","jetpack_is_tweetstorm":false,"jetpack_publicize_feature_enabled":true},"product_cat":[1681],"product_tag":[],"jetpack_publicize_connections":[],"yoast_head":"<!-- This site is optimized with the Yoast SEO plugin v20.2.1 - https:\/\/yoast.com\/wordpress\/plugins\/seo\/ -->\n<title>Majada Pedroche Dam - Majada Pedroche Jam\u00f3n Ib\u00e9rico de bellota en Villanueva de C\u00f3rdoba<\/title>\n<meta name=\"robots\" content=\"index, follow, max-snippet:-1, max-image-preview:large, max-video-preview:-1\" \/>\n<link rel=\"canonical\" href=\"https:\/\/jamonesmajadapedroche.es\/de\/producto\/dam-iberica-majada-pedroche\/\" \/>\n<meta property=\"og:locale\" content=\"de_DE\" \/>\n<meta property=\"og:type\" content=\"article\" \/>\n<meta property=\"og:title\" content=\"Majada Pedroche Dam - Majada Pedroche Jam\u00f3n Ib\u00e9rico de bellota en Villanueva de C\u00f3rdoba\" \/>\n<meta property=\"og:description\" content=\"Die Beute des iberischen Schweins oder der iberischen Beute ist f\u00fcr viele das beste Fleischst\u00fcck dieses Tieres. Es hat einen guten Anteil an infiltriertem Fett, was zu einem sehr schmackhaften und saftigen Fleisch f\u00fchrt. Dieses Fleisch befindet sich neben den Schultern, bildet einen Teil des Kopfes der Lende und ist der am st\u00e4rksten infiltrierte Teil davon. Von 100% iberischen Eichelschweinen aus dem Norden von C\u00f3rdoba, im \u201eValle de Los Pedroches\u201c. Geeignet zum Grillen, auf dem Grill oder auf Grills. Geschmort, gegrillt oder gebraten entfaltet er sein volles Potenzial.  100% iberisches Eichelfleisch.  Gefroren oder frisch.  Gluten- und laktosefreies Produkt.  St\u00fcckgewicht: 700 gr.\" \/>\n<meta property=\"og:url\" content=\"https:\/\/jamonesmajadapedroche.es\/de\/producto\/dam-iberica-majada-pedroche\/\" \/>\n<meta property=\"og:site_name\" content=\"Majada Pedroche Jam\u00f3n Ib\u00e9rico de bellota en Villanueva de C\u00f3rdoba\" \/>\n<meta property=\"article:publisher\" content=\"https:\/\/www.facebook.com\/majadapedroche\/\" \/>\n<meta property=\"article:modified_time\" content=\"2021-09-21T11:17:06+00:00\" \/>\n<meta property=\"og:image\" content=\"https:\/\/i1.wp.com\/jamonesmajadapedroche.es\/wp-content\/uploads\/2021\/05\/FiletePresa-scaled.jpg?fit=2560%2C1810&ssl=1\" \/>\n\t<meta property=\"og:image:width\" content=\"2560\" \/>\n\t<meta property=\"og:image:height\" content=\"1810\" \/>\n\t<meta property=\"og:image:type\" content=\"image\/jpeg\" \/>\n<meta name=\"twitter:card\" content=\"summary_large_image\" \/>\n<meta name=\"twitter:site\" content=\"@majada_pedroche\" \/>\n<script type=\"application\/ld+json\" class=\"yoast-schema-graph\">{\"@context\":\"https:\/\/schema.org\",\"@graph\":[{\"@type\":\"WebPage\",\"@id\":\"https:\/\/jamonesmajadapedroche.es\/de\/producto\/dam-iberica-majada-pedroche\/\",\"url\":\"https:\/\/jamonesmajadapedroche.es\/de\/producto\/dam-iberica-majada-pedroche\/\",\"name\":\"Majada Pedroche Dam - Majada Pedroche Jam\u00f3n Ib\u00e9rico de bellota en Villanueva de C\u00f3rdoba\",\"isPartOf\":{\"@id\":\"https:\/\/jamonesmajadapedroche.es\/#website\"},\"datePublished\":\"2017-09-28T16:52:28+00:00\",\"dateModified\":\"2021-09-21T11:17:06+00:00\",\"breadcrumb\":{\"@id\":\"https:\/\/jamonesmajadapedroche.es\/de\/producto\/dam-iberica-majada-pedroche\/#breadcrumb\"},\"inLanguage\":\"de-DE\",\"potentialAction\":[{\"@type\":\"ReadAction\",\"target\":[\"https:\/\/jamonesmajadapedroche.es\/de\/producto\/dam-iberica-majada-pedroche\/\"]}]},{\"@type\":\"BreadcrumbList\",\"@id\":\"https:\/\/jamonesmajadapedroche.es\/de\/producto\/dam-iberica-majada-pedroche\/#breadcrumb\",\"itemListElement\":[{\"@type\":\"ListItem\",\"position\":1,\"name\":\"Startseite\",\"item\":\"https:\/\/jamonesmajadapedroche.es\/de\/\"},{\"@type\":\"ListItem\",\"position\":2,\"name\":\"Einkaufen\",\"item\":\"https:\/\/jamonesmajadapedroche.es\/de\/einkaufen\/\"},{\"@type\":\"ListItem\",\"position\":3,\"name\":\"Majada Pedroche Dam\"}]},{\"@type\":\"WebSite\",\"@id\":\"https:\/\/jamonesmajadapedroche.es\/#website\",\"url\":\"https:\/\/jamonesmajadapedroche.es\/\",\"name\":\"Majada Pedroche Jam\u00f3n Ib\u00e9rico de bellota en Villanueva de C\u00f3rdoba\",\"description\":\"Jam\u00f3n y embutidos ib\u00e9ricos 100% de bellota con Denominaci\u00f3n de Origen de los Pedroches\",\"potentialAction\":[{\"@type\":\"SearchAction\",\"target\":{\"@type\":\"EntryPoint\",\"urlTemplate\":\"https:\/\/jamonesmajadapedroche.es\/?s={search_term_string}\"},\"query-input\":\"required name=search_term_string\"}],\"inLanguage\":\"de-DE\"}]}<\/script>\n<!-- \/ Yoast SEO plugin. -->","yoast_head_json":{"title":"Majada Pedroche Dam - Majada Pedroche Jam\u00f3n Ib\u00e9rico de bellota en Villanueva de C\u00f3rdoba","robots":{"index":"index","follow":"follow","max-snippet":"max-snippet:-1","max-image-preview":"max-image-preview:large","max-video-preview":"max-video-preview:-1"},"canonical":"https:\/\/jamonesmajadapedroche.es\/de\/producto\/dam-iberica-majada-pedroche\/","og_locale":"de_DE","og_type":"article","og_title":"Majada Pedroche Dam - Majada Pedroche Jam\u00f3n Ib\u00e9rico de bellota en Villanueva de C\u00f3rdoba","og_description":"Die Beute des iberischen Schweins oder der iberischen Beute ist f\u00fcr viele das beste Fleischst\u00fcck dieses Tieres. Es hat einen guten Anteil an infiltriertem Fett, was zu einem sehr schmackhaften und saftigen Fleisch f\u00fchrt. Dieses Fleisch befindet sich neben den Schultern, bildet einen Teil des Kopfes der Lende und ist der am st\u00e4rksten infiltrierte Teil davon. Von 100% iberischen Eichelschweinen aus dem Norden von C\u00f3rdoba, im \u201eValle de Los Pedroches\u201c. Geeignet zum Grillen, auf dem Grill oder auf Grills. Geschmort, gegrillt oder gebraten entfaltet er sein volles Potenzial.  100% iberisches Eichelfleisch.  Gefroren oder frisch.  Gluten- und laktosefreies Produkt.  St\u00fcckgewicht: 700 gr.","og_url":"https:\/\/jamonesmajadapedroche.es\/de\/producto\/dam-iberica-majada-pedroche\/","og_site_name":"Majada Pedroche Jam\u00f3n Ib\u00e9rico de bellota en Villanueva de C\u00f3rdoba","article_publisher":"https:\/\/www.facebook.com\/majadapedroche\/","article_modified_time":"2021-09-21T11:17:06+00:00","og_image":[{"width":2560,"height":1810,"url":"https:\/\/i1.wp.com\/jamonesmajadapedroche.es\/wp-content\/uploads\/2021\/05\/FiletePresa-scaled.jpg?fit=2560%2C1810&ssl=1","type":"image\/jpeg"}],"twitter_card":"summary_large_image","twitter_site":"@majada_pedroche","schema":{"@context":"https:\/\/schema.org","@graph":[{"@type":"WebPage","@id":"https:\/\/jamonesmajadapedroche.es\/de\/producto\/dam-iberica-majada-pedroche\/","url":"https:\/\/jamonesmajadapedroche.es\/de\/producto\/dam-iberica-majada-pedroche\/","name":"Majada Pedroche Dam - Majada Pedroche Jam\u00f3n Ib\u00e9rico de bellota en Villanueva de C\u00f3rdoba","isPartOf":{"@id":"https:\/\/jamonesmajadapedroche.es\/#website"},"datePublished":"2017-09-28T16:52:28+00:00","dateModified":"2021-09-21T11:17:06+00:00","breadcrumb":{"@id":"https:\/\/jamonesmajadapedroche.es\/de\/producto\/dam-iberica-majada-pedroche\/#breadcrumb"},"inLanguage":"de-DE","potentialAction":[{"@type":"ReadAction","target":["https:\/\/jamonesmajadapedroche.es\/de\/producto\/dam-iberica-majada-pedroche\/"]}]},{"@type":"BreadcrumbList","@id":"https:\/\/jamonesmajadapedroche.es\/de\/producto\/dam-iberica-majada-pedroche\/#breadcrumb","itemListElement":[{"@type":"ListItem","position":1,"name":"Startseite","item":"https:\/\/jamonesmajadapedroche.es\/de\/"},{"@type":"ListItem","position":2,"name":"Einkaufen","item":"https:\/\/jamonesmajadapedroche.es\/de\/einkaufen\/"},{"@type":"ListItem","position":3,"name":"Majada Pedroche Dam"}]},{"@type":"WebSite","@id":"https:\/\/jamonesmajadapedroche.es\/#website","url":"https:\/\/jamonesmajadapedroche.es\/","name":"Majada Pedroche Jam\u00f3n Ib\u00e9rico de bellota en Villanueva de C\u00f3rdoba","description":"Jam\u00f3n y embutidos ib\u00e9ricos 100% de bellota con Denominaci\u00f3n de Origen de los Pedroches","potentialAction":[{"@type":"SearchAction","target":{"@type":"EntryPoint","urlTemplate":"https:\/\/jamonesmajadapedroche.es\/?s={search_term_string}"},"query-input":"required name=search_term_string"}],"inLanguage":"de-DE"}]}},"jetpack_sharing_enabled":true,"_links":{"self":[{"href":"https:\/\/jamonesmajadapedroche.es\/de\/wp-json\/wp\/v2\/product\/21578"}],"collection":[{"href":"https:\/\/jamonesmajadapedroche.es\/de\/wp-json\/wp\/v2\/product"}],"about":[{"href":"https:\/\/jamonesmajadapedroche.es\/de\/wp-json\/wp\/v2\/types\/product"}],"replies":[{"embeddable":true,"href":"https:\/\/jamonesmajadapedroche.es\/de\/wp-json\/wp\/v2\/comments?post=21578"}],"wp:featuredmedia":[{"embeddable":true,"href":"https:\/\/jamonesmajadapedroche.es\/de\/wp-json\/wp\/v2\/media\/21579"}],"wp:attachment":[{"href":"https:\/\/jamonesmajadapedroche.es\/de\/wp-json\/wp\/v2\/media?parent=21578"}],"wp:term":[{"taxonomy":"product_cat","embeddable":true,"href":"https:\/\/jamonesmajadapedroche.es\/de\/wp-json\/wp\/v2\/product_cat?post=21578"},{"taxonomy":"product_tag","embeddable":true,"href":"https:\/\/jamonesmajadapedroche.es\/de\/wp-json\/wp\/v2\/product_tag?post=21578"}],"curies":[{"name":"wp","href":"https:\/\/api.w.org\/{rel}","templated":true}]}}