{"id":21599,"date":"2017-09-28T18:54:02","date_gmt":"2017-09-28T16:54:02","guid":{"rendered":"https:\/\/jamonesmajadapedroche.es\/producto\/eichelgefuetterte-100-iberische-cular-chorizo-majada-pedroche\/"},"modified":"2021-09-21T13:18:00","modified_gmt":"2021-09-21T11:18:00","slug":"chorizo-rojo-cular-iberico-majada-pedroche","status":"publish","type":"product","link":"https:\/\/jamonesmajadapedroche.es\/de\/producto\/chorizo-rojo-cular-iberico-majada-pedroche\/","title":{"rendered":"Eichelgef\u00fctterte 100% iberische Cular Chorizo Majada Pedroche"},"content":{"rendered":"<p><img data-attachment-id=\"21467\" data-permalink=\"https:\/\/jamonesmajadapedroche.es\/de\/?attachment_id=21467\" data-orig-file=\"https:\/\/i0.wp.com\/jamonesmajadapedroche.es\/wp-content\/uploads\/2021\/06\/2-rojo-2-scaled.jpg?fit=2560%2C1810&amp;ssl=1\" data-orig-size=\"2560,1810\" data-comments-opened=\"1\" data-image-meta=\"{&quot;aperture&quot;:&quot;0&quot;,&quot;credit&quot;:&quot;&quot;,&quot;camera&quot;:&quot;&quot;,&quot;caption&quot;:&quot;&quot;,&quot;created_timestamp&quot;:&quot;0&quot;,&quot;copyright&quot;:&quot;&quot;,&quot;focal_length&quot;:&quot;0&quot;,&quot;iso&quot;:&quot;0&quot;,&quot;shutter_speed&quot;:&quot;0&quot;,&quot;title&quot;:&quot;&quot;,&quot;orientation&quot;:&quot;1&quot;}\" data-image-title=\"2 rot (2)\" data-image-description=\"\" data-image-caption=\"\" data-medium-file=\"https:\/\/i0.wp.com\/jamonesmajadapedroche.es\/wp-content\/uploads\/2021\/06\/2-rojo-2-scaled.jpg?fit=300%2C212&amp;ssl=1\" data-large-file=\"https:\/\/i0.wp.com\/jamonesmajadapedroche.es\/wp-content\/uploads\/2021\/06\/2-rojo-2-scaled.jpg?fit=1024%2C724&amp;ssl=1\" class=\"aligncenter wp-image-21467 size-full\" src=\"https:\/\/i0.wp.com\/jamonesmajadapedroche.es\/wp-content\/uploads\/2021\/06\/2-rojo-2-scaled.jpg?resize=1170%2C827&#038;ssl=1\" alt=\"\" width=\"1170\" height=\"827\" srcset=\"https:\/\/i0.wp.com\/jamonesmajadapedroche.es\/wp-content\/uploads\/2021\/06\/2-rojo-2-scaled.jpg?resize=200%2C141&amp;ssl=1 200w, https:\/\/i0.wp.com\/jamonesmajadapedroche.es\/wp-content\/uploads\/2021\/06\/2-rojo-2-scaled.jpg?resize=300%2C212&amp;ssl=1 300w, https:\/\/i0.wp.com\/jamonesmajadapedroche.es\/wp-content\/uploads\/2021\/06\/2-rojo-2-scaled.jpg?resize=400%2C283&amp;ssl=1 400w, https:\/\/i0.wp.com\/jamonesmajadapedroche.es\/wp-content\/uploads\/2021\/06\/2-rojo-2-scaled.jpg?resize=500%2C353&amp;ssl=1 500w, https:\/\/i0.wp.com\/jamonesmajadapedroche.es\/wp-content\/uploads\/2021\/06\/2-rojo-2-scaled.jpg?resize=600%2C424&amp;ssl=1 600w, https:\/\/i0.wp.com\/jamonesmajadapedroche.es\/wp-content\/uploads\/2021\/06\/2-rojo-2-scaled.jpg?resize=700%2C495&amp;ssl=1 700w, https:\/\/i0.wp.com\/jamonesmajadapedroche.es\/wp-content\/uploads\/2021\/06\/2-rojo-2-scaled.jpg?resize=768%2C543&amp;ssl=1 768w, https:\/\/i0.wp.com\/jamonesmajadapedroche.es\/wp-content\/uploads\/2021\/06\/2-rojo-2-scaled.jpg?resize=800%2C566&amp;ssl=1 800w, https:\/\/i0.wp.com\/jamonesmajadapedroche.es\/wp-content\/uploads\/2021\/06\/2-rojo-2-scaled.jpg?resize=1024%2C724&amp;ssl=1 1024w, https:\/\/i0.wp.com\/jamonesmajadapedroche.es\/wp-content\/uploads\/2021\/06\/2-rojo-2-scaled.jpg?resize=1200%2C848&amp;ssl=1 1200w, https:\/\/i0.wp.com\/jamonesmajadapedroche.es\/wp-content\/uploads\/2021\/06\/2-rojo-2-scaled.jpg?resize=1536%2C1086&amp;ssl=1 1536w, https:\/\/i0.wp.com\/jamonesmajadapedroche.es\/wp-content\/uploads\/2021\/06\/2-rojo-2-scaled.jpg?w=2340&amp;ssl=1 2340w, https:\/\/i0.wp.com\/jamonesmajadapedroche.es\/wp-content\/uploads\/2021\/06\/2-rojo-2-scaled.jpg?fit=2560%2C1810&amp;ssl=1 2560w\" sizes=\"(max-width: 1170px) 100vw, 1170px\" data-recalc-dims=\"1\" \/><\/p>\n<p><img data-attachment-id=\"21463\" data-permalink=\"https:\/\/jamonesmajadapedroche.es\/de\/?attachment_id=21463\" data-orig-file=\"https:\/\/i0.wp.com\/jamonesmajadapedroche.es\/wp-content\/uploads\/2021\/06\/9-rojo-scaled.jpg?fit=2560%2C1810&amp;ssl=1\" data-orig-size=\"2560,1810\" data-comments-opened=\"1\" data-image-meta=\"{&quot;aperture&quot;:&quot;0&quot;,&quot;credit&quot;:&quot;&quot;,&quot;camera&quot;:&quot;&quot;,&quot;caption&quot;:&quot;&quot;,&quot;created_timestamp&quot;:&quot;0&quot;,&quot;copyright&quot;:&quot;&quot;,&quot;focal_length&quot;:&quot;0&quot;,&quot;iso&quot;:&quot;0&quot;,&quot;shutter_speed&quot;:&quot;0&quot;,&quot;title&quot;:&quot;&quot;,&quot;orientation&quot;:&quot;1&quot;}\" data-image-title=\"9 rot\" data-image-description=\"\" data-image-caption=\"\" data-medium-file=\"https:\/\/i0.wp.com\/jamonesmajadapedroche.es\/wp-content\/uploads\/2021\/06\/9-rojo-scaled.jpg?fit=300%2C212&amp;ssl=1\" data-large-file=\"https:\/\/i0.wp.com\/jamonesmajadapedroche.es\/wp-content\/uploads\/2021\/06\/9-rojo-scaled.jpg?fit=1024%2C724&amp;ssl=1\" class=\"aligncenter wp-image-21463 size-full\" src=\"https:\/\/i0.wp.com\/jamonesmajadapedroche.es\/wp-content\/uploads\/2021\/06\/9-rojo-scaled.jpg?resize=1170%2C827&#038;ssl=1\" alt=\"\" width=\"1170\" height=\"827\" srcset=\"https:\/\/i0.wp.com\/jamonesmajadapedroche.es\/wp-content\/uploads\/2021\/06\/9-rojo-scaled.jpg?resize=200%2C141&amp;ssl=1 200w, https:\/\/i0.wp.com\/jamonesmajadapedroche.es\/wp-content\/uploads\/2021\/06\/9-rojo-scaled.jpg?resize=300%2C212&amp;ssl=1 300w, https:\/\/i0.wp.com\/jamonesmajadapedroche.es\/wp-content\/uploads\/2021\/06\/9-rojo-scaled.jpg?resize=400%2C283&amp;ssl=1 400w, https:\/\/i0.wp.com\/jamonesmajadapedroche.es\/wp-content\/uploads\/2021\/06\/9-rojo-scaled.jpg?resize=500%2C353&amp;ssl=1 500w, https:\/\/i0.wp.com\/jamonesmajadapedroche.es\/wp-content\/uploads\/2021\/06\/9-rojo-scaled.jpg?resize=600%2C424&amp;ssl=1 600w, https:\/\/i0.wp.com\/jamonesmajadapedroche.es\/wp-content\/uploads\/2021\/06\/9-rojo-scaled.jpg?resize=700%2C495&amp;ssl=1 700w, https:\/\/i0.wp.com\/jamonesmajadapedroche.es\/wp-content\/uploads\/2021\/06\/9-rojo-scaled.jpg?resize=768%2C543&amp;ssl=1 768w, https:\/\/i0.wp.com\/jamonesmajadapedroche.es\/wp-content\/uploads\/2021\/06\/9-rojo-scaled.jpg?resize=800%2C566&amp;ssl=1 800w, https:\/\/i0.wp.com\/jamonesmajadapedroche.es\/wp-content\/uploads\/2021\/06\/9-rojo-scaled.jpg?resize=1024%2C724&amp;ssl=1 1024w, https:\/\/i0.wp.com\/jamonesmajadapedroche.es\/wp-content\/uploads\/2021\/06\/9-rojo-scaled.jpg?resize=1200%2C848&amp;ssl=1 1200w, https:\/\/i0.wp.com\/jamonesmajadapedroche.es\/wp-content\/uploads\/2021\/06\/9-rojo-scaled.jpg?resize=1536%2C1086&amp;ssl=1 1536w, https:\/\/i0.wp.com\/jamonesmajadapedroche.es\/wp-content\/uploads\/2021\/06\/9-rojo-scaled.jpg?w=2340&amp;ssl=1 2340w, https:\/\/i0.wp.com\/jamonesmajadapedroche.es\/wp-content\/uploads\/2021\/06\/9-rojo-scaled.jpg?fit=2560%2C1810&amp;ssl=1 2560w\" sizes=\"(max-width: 1170px) 100vw, 1170px\" data-recalc-dims=\"1\" \/><\/p>\n","protected":false},"excerpt":{"rendered":"<p>Chorizo cular ist eine Sorte iberischer Chorizo, die ausschlie\u00dflich aus 100% iberischem Eichelschwein hergestellt wird. Es kommt in einem dicken Geh\u00e4use (cular) von Schweinen von 40-60 mm. Kaliber und 50-60 cm L\u00e4nge. Wenn es geschnitten wird, hat es ein marmoriertes Aussehen, wobei der magere Teil von einer leuchtend roten Farbe \u00fcberwiegt.<\/p>\n<ul>\n<li>100 % iberische Eichelwurst.<\/li>\n<li>Gluten- und laktosefreies Produkt.<\/li>\n<li>3-monatige Kur.<\/li>\n<li>St\u00fcckgewicht: 400 gr. ca.<\/li>\n<\/ul>\n","protected":false},"featured_media":21600,"comment_status":"closed","ping_status":"closed","template":"","meta":{"_mi_skip_tracking":false,"jetpack_post_was_ever_published":false,"jetpack_publicize_message":"","jetpack_is_tweetstorm":false,"jetpack_publicize_feature_enabled":true},"product_cat":[1680],"product_tag":[],"jetpack_publicize_connections":[],"yoast_head":"<!-- This site is optimized with the Yoast SEO plugin v20.2.1 - https:\/\/yoast.com\/wordpress\/plugins\/seo\/ -->\n<title>Eichelgef\u00fctterte 100% iberische Cular Chorizo Majada Pedroche - Majada Pedroche Jam\u00f3n Ib\u00e9rico de bellota en Villanueva de C\u00f3rdoba<\/title>\n<meta name=\"robots\" content=\"index, follow, max-snippet:-1, max-image-preview:large, max-video-preview:-1\" \/>\n<link rel=\"canonical\" href=\"https:\/\/jamonesmajadapedroche.es\/de\/producto\/chorizo-rojo-cular-iberico-majada-pedroche\/\" \/>\n<meta property=\"og:locale\" content=\"de_DE\" \/>\n<meta property=\"og:type\" content=\"article\" \/>\n<meta property=\"og:title\" content=\"Eichelgef\u00fctterte 100% iberische Cular Chorizo Majada Pedroche - Majada Pedroche Jam\u00f3n Ib\u00e9rico de bellota en Villanueva de C\u00f3rdoba\" \/>\n<meta property=\"og:description\" content=\"Chorizo cular ist eine Sorte iberischer Chorizo, die ausschlie\u00dflich aus 100% iberischem Eichelschwein hergestellt wird. Es kommt in einem dicken Geh\u00e4use (cular) von Schweinen von 40-60 mm. Kaliber und 50-60 cm L\u00e4nge. Wenn es geschnitten wird, hat es ein marmoriertes Aussehen, wobei der magere Teil von einer leuchtend roten Farbe \u00fcberwiegt.  100 % iberische Eichelwurst.  Gluten- und laktosefreies Produkt.  3-monatige Kur.  St\u00fcckgewicht: 400 gr. ca.\" \/>\n<meta property=\"og:url\" content=\"https:\/\/jamonesmajadapedroche.es\/de\/producto\/chorizo-rojo-cular-iberico-majada-pedroche\/\" \/>\n<meta property=\"og:site_name\" content=\"Majada Pedroche Jam\u00f3n Ib\u00e9rico de bellota en Villanueva de C\u00f3rdoba\" \/>\n<meta property=\"article:publisher\" content=\"https:\/\/www.facebook.com\/majadapedroche\/\" \/>\n<meta property=\"article:modified_time\" content=\"2021-09-21T11:18:00+00:00\" \/>\n<meta property=\"og:image\" content=\"https:\/\/jamonesmajadapedroche.es\/wp-content\/uploads\/2017\/09\/Chorizo-cular-iberico-de-bellota-Majada-Pedroche-scaled.jpg\" \/>\n\t<meta property=\"og:image:width\" content=\"1896\" \/>\n\t<meta property=\"og:image:height\" content=\"2560\" \/>\n\t<meta property=\"og:image:type\" content=\"image\/jpeg\" \/>\n<meta name=\"twitter:card\" content=\"summary_large_image\" \/>\n<meta name=\"twitter:site\" content=\"@majada_pedroche\" \/>\n<script type=\"application\/ld+json\" class=\"yoast-schema-graph\">{\"@context\":\"https:\/\/schema.org\",\"@graph\":[{\"@type\":\"WebPage\",\"@id\":\"https:\/\/jamonesmajadapedroche.es\/de\/producto\/chorizo-rojo-cular-iberico-majada-pedroche\/\",\"url\":\"https:\/\/jamonesmajadapedroche.es\/de\/producto\/chorizo-rojo-cular-iberico-majada-pedroche\/\",\"name\":\"Eichelgef\u00fctterte 100% iberische Cular Chorizo Majada Pedroche - Majada Pedroche Jam\u00f3n Ib\u00e9rico de bellota en Villanueva de C\u00f3rdoba\",\"isPartOf\":{\"@id\":\"https:\/\/jamonesmajadapedroche.es\/#website\"},\"datePublished\":\"2017-09-28T16:54:02+00:00\",\"dateModified\":\"2021-09-21T11:18:00+00:00\",\"breadcrumb\":{\"@id\":\"https:\/\/jamonesmajadapedroche.es\/de\/producto\/chorizo-rojo-cular-iberico-majada-pedroche\/#breadcrumb\"},\"inLanguage\":\"de-DE\",\"potentialAction\":[{\"@type\":\"ReadAction\",\"target\":[\"https:\/\/jamonesmajadapedroche.es\/de\/producto\/chorizo-rojo-cular-iberico-majada-pedroche\/\"]}]},{\"@type\":\"BreadcrumbList\",\"@id\":\"https:\/\/jamonesmajadapedroche.es\/de\/producto\/chorizo-rojo-cular-iberico-majada-pedroche\/#breadcrumb\",\"itemListElement\":[{\"@type\":\"ListItem\",\"position\":1,\"name\":\"Startseite\",\"item\":\"https:\/\/jamonesmajadapedroche.es\/de\/\"},{\"@type\":\"ListItem\",\"position\":2,\"name\":\"Einkaufen\",\"item\":\"https:\/\/jamonesmajadapedroche.es\/de\/einkaufen\/\"},{\"@type\":\"ListItem\",\"position\":3,\"name\":\"Eichelgef\u00fctterte 100% iberische Cular Chorizo Majada Pedroche\"}]},{\"@type\":\"WebSite\",\"@id\":\"https:\/\/jamonesmajadapedroche.es\/#website\",\"url\":\"https:\/\/jamonesmajadapedroche.es\/\",\"name\":\"Majada Pedroche Jam\u00f3n Ib\u00e9rico de bellota en Villanueva de C\u00f3rdoba\",\"description\":\"Jam\u00f3n y embutidos ib\u00e9ricos 100% de bellota con Denominaci\u00f3n de Origen de los Pedroches\",\"potentialAction\":[{\"@type\":\"SearchAction\",\"target\":{\"@type\":\"EntryPoint\",\"urlTemplate\":\"https:\/\/jamonesmajadapedroche.es\/?s={search_term_string}\"},\"query-input\":\"required name=search_term_string\"}],\"inLanguage\":\"de-DE\"}]}<\/script>\n<!-- \/ Yoast SEO plugin. -->","yoast_head_json":{"title":"Eichelgef\u00fctterte 100% iberische Cular Chorizo Majada Pedroche - Majada Pedroche Jam\u00f3n Ib\u00e9rico de bellota en Villanueva de C\u00f3rdoba","robots":{"index":"index","follow":"follow","max-snippet":"max-snippet:-1","max-image-preview":"max-image-preview:large","max-video-preview":"max-video-preview:-1"},"canonical":"https:\/\/jamonesmajadapedroche.es\/de\/producto\/chorizo-rojo-cular-iberico-majada-pedroche\/","og_locale":"de_DE","og_type":"article","og_title":"Eichelgef\u00fctterte 100% iberische Cular Chorizo Majada Pedroche - Majada Pedroche Jam\u00f3n Ib\u00e9rico de bellota en Villanueva de C\u00f3rdoba","og_description":"Chorizo cular ist eine Sorte iberischer Chorizo, die ausschlie\u00dflich aus 100% iberischem Eichelschwein hergestellt wird. Es kommt in einem dicken Geh\u00e4use (cular) von Schweinen von 40-60 mm. Kaliber und 50-60 cm L\u00e4nge. Wenn es geschnitten wird, hat es ein marmoriertes Aussehen, wobei der magere Teil von einer leuchtend roten Farbe \u00fcberwiegt.  100 % iberische Eichelwurst.  Gluten- und laktosefreies Produkt.  3-monatige Kur.  St\u00fcckgewicht: 400 gr. ca.","og_url":"https:\/\/jamonesmajadapedroche.es\/de\/producto\/chorizo-rojo-cular-iberico-majada-pedroche\/","og_site_name":"Majada Pedroche Jam\u00f3n Ib\u00e9rico de bellota en Villanueva de C\u00f3rdoba","article_publisher":"https:\/\/www.facebook.com\/majadapedroche\/","article_modified_time":"2021-09-21T11:18:00+00:00","og_image":[{"width":1896,"height":2560,"url":"https:\/\/jamonesmajadapedroche.es\/wp-content\/uploads\/2017\/09\/Chorizo-cular-iberico-de-bellota-Majada-Pedroche-scaled.jpg","type":"image\/jpeg"}],"twitter_card":"summary_large_image","twitter_site":"@majada_pedroche","schema":{"@context":"https:\/\/schema.org","@graph":[{"@type":"WebPage","@id":"https:\/\/jamonesmajadapedroche.es\/de\/producto\/chorizo-rojo-cular-iberico-majada-pedroche\/","url":"https:\/\/jamonesmajadapedroche.es\/de\/producto\/chorizo-rojo-cular-iberico-majada-pedroche\/","name":"Eichelgef\u00fctterte 100% iberische Cular Chorizo Majada Pedroche - Majada Pedroche Jam\u00f3n Ib\u00e9rico de bellota en Villanueva de C\u00f3rdoba","isPartOf":{"@id":"https:\/\/jamonesmajadapedroche.es\/#website"},"datePublished":"2017-09-28T16:54:02+00:00","dateModified":"2021-09-21T11:18:00+00:00","breadcrumb":{"@id":"https:\/\/jamonesmajadapedroche.es\/de\/producto\/chorizo-rojo-cular-iberico-majada-pedroche\/#breadcrumb"},"inLanguage":"de-DE","potentialAction":[{"@type":"ReadAction","target":["https:\/\/jamonesmajadapedroche.es\/de\/producto\/chorizo-rojo-cular-iberico-majada-pedroche\/"]}]},{"@type":"BreadcrumbList","@id":"https:\/\/jamonesmajadapedroche.es\/de\/producto\/chorizo-rojo-cular-iberico-majada-pedroche\/#breadcrumb","itemListElement":[{"@type":"ListItem","position":1,"name":"Startseite","item":"https:\/\/jamonesmajadapedroche.es\/de\/"},{"@type":"ListItem","position":2,"name":"Einkaufen","item":"https:\/\/jamonesmajadapedroche.es\/de\/einkaufen\/"},{"@type":"ListItem","position":3,"name":"Eichelgef\u00fctterte 100% iberische Cular Chorizo Majada Pedroche"}]},{"@type":"WebSite","@id":"https:\/\/jamonesmajadapedroche.es\/#website","url":"https:\/\/jamonesmajadapedroche.es\/","name":"Majada Pedroche Jam\u00f3n Ib\u00e9rico de bellota en Villanueva de C\u00f3rdoba","description":"Jam\u00f3n y embutidos ib\u00e9ricos 100% de bellota con Denominaci\u00f3n de Origen de los Pedroches","potentialAction":[{"@type":"SearchAction","target":{"@type":"EntryPoint","urlTemplate":"https:\/\/jamonesmajadapedroche.es\/?s={search_term_string}"},"query-input":"required name=search_term_string"}],"inLanguage":"de-DE"}]}},"jetpack_sharing_enabled":true,"_links":{"self":[{"href":"https:\/\/jamonesmajadapedroche.es\/de\/wp-json\/wp\/v2\/product\/21599"}],"collection":[{"href":"https:\/\/jamonesmajadapedroche.es\/de\/wp-json\/wp\/v2\/product"}],"about":[{"href":"https:\/\/jamonesmajadapedroche.es\/de\/wp-json\/wp\/v2\/types\/product"}],"replies":[{"embeddable":true,"href":"https:\/\/jamonesmajadapedroche.es\/de\/wp-json\/wp\/v2\/comments?post=21599"}],"wp:featuredmedia":[{"embeddable":true,"href":"https:\/\/jamonesmajadapedroche.es\/de\/wp-json\/wp\/v2\/media\/21600"}],"wp:attachment":[{"href":"https:\/\/jamonesmajadapedroche.es\/de\/wp-json\/wp\/v2\/media?parent=21599"}],"wp:term":[{"taxonomy":"product_cat","embeddable":true,"href":"https:\/\/jamonesmajadapedroche.es\/de\/wp-json\/wp\/v2\/product_cat?post=21599"},{"taxonomy":"product_tag","embeddable":true,"href":"https:\/\/jamonesmajadapedroche.es\/de\/wp-json\/wp\/v2\/product_tag?post=21599"}],"curies":[{"name":"wp","href":"https:\/\/api.w.org\/{rel}","templated":true}]}}