{"id":21614,"date":"2017-09-28T18:49:51","date_gmt":"2017-09-28T16:49:51","guid":{"rendered":"https:\/\/jamonesmajadapedroche.es\/producto\/majada-pedroche-feder\/"},"modified":"2021-09-21T13:18:42","modified_gmt":"2021-09-21T11:18:42","slug":"iberischer-stift","status":"publish","type":"product","link":"https:\/\/jamonesmajadapedroche.es\/de\/producto\/iberischer-stift\/","title":{"rendered":"Majada Pedroche Feder"},"content":{"rendered":"<p>Es ist derzeit einer der am meisten konsumierten 100% iberischen Schweinefleischst\u00fccke aus Eichelmast, es ist ein feiner Teil mit einer charakteristischen l\u00e4nglichen und fast dreieckigen Form, f\u00fcr die er den Pseudonym tr\u00e4gt. Es weist die besondere Fettinfiltration auf, die f\u00fcr gute Schweinefleischst\u00fccke typisch ist. Es ist ein saftiges und zartes Fleisch, ideal f\u00fcr Liebhaber der guten K\u00fcche.<\/p>\n<p>Fleisch von 100% iberischen Schweinen aus Eichelmast aus dem Norden von C\u00f3rdoba, im \u201eValle de Los Pedroches\u201c.<\/p>\n<ul>\n<li>Eichel-gef\u00fcttertes 100 % iberisches Eichelfleisch.<\/li>\n<li>Gefroren oder frisch.<\/li>\n<li>Gluten- und laktosefreies Produkt.<\/li>\n<li>St\u00fcckgewicht: 300-400 gr. ca.<\/li>\n<\/ul>\n","protected":false},"excerpt":{"rendered":"<p>Es ist derzeit einer der am meisten konsumierten 100% iberischen Schweinefleischst\u00fccke aus Eichelmast, es ist ein feiner Teil mit einer charakteristischen l\u00e4nglichen und fast dreieckigen Form, f\u00fcr die er den Pseudonym tr\u00e4gt. Es weist die besondere Fettinfiltration auf, die f\u00fcr gute Schweinefleischst\u00fccke typisch ist. Es ist ein saftiges und zartes Fleisch, ideal f\u00fcr Liebhaber der guten K\u00fcche.<\/p>\n<p>Fleisch von 100% iberischen Schweinen aus Eichelmast aus dem Norden von C\u00f3rdoba, im \u201eValle de Los Pedroches\u201c.<\/p>\n<ul>\n<li>Eichel-gef\u00fcttertes 100 % iberisches Eichelfleisch.<\/li>\n<li>Gefroren oder frisch.<\/li>\n<li>Gluten- und laktosefreies Produkt.<\/li>\n<li>St\u00fcckgewicht: 300-400 gr. ca.<\/li>\n<\/ul>\n","protected":false},"featured_media":21615,"comment_status":"closed","ping_status":"closed","template":"","meta":{"_mi_skip_tracking":false,"jetpack_post_was_ever_published":false,"jetpack_publicize_message":"","jetpack_is_tweetstorm":false,"jetpack_publicize_feature_enabled":true},"product_cat":[1681],"product_tag":[],"jetpack_publicize_connections":[],"yoast_head":"<!-- This site is optimized with the Yoast SEO plugin v20.2.1 - https:\/\/yoast.com\/wordpress\/plugins\/seo\/ -->\n<title>Majada Pedroche Feder - Majada Pedroche Jam\u00f3n Ib\u00e9rico de bellota en Villanueva de C\u00f3rdoba<\/title>\n<meta name=\"robots\" content=\"index, follow, max-snippet:-1, max-image-preview:large, max-video-preview:-1\" \/>\n<link rel=\"canonical\" href=\"https:\/\/jamonesmajadapedroche.es\/de\/producto\/iberischer-stift\/\" \/>\n<meta property=\"og:locale\" content=\"de_DE\" \/>\n<meta property=\"og:type\" content=\"article\" \/>\n<meta property=\"og:title\" content=\"Majada Pedroche Feder - Majada Pedroche Jam\u00f3n Ib\u00e9rico de bellota en Villanueva de C\u00f3rdoba\" \/>\n<meta property=\"og:description\" content=\"Es ist derzeit einer der am meisten konsumierten 100% iberischen Schweinefleischst\u00fccke aus Eichelmast, es ist ein feiner Teil mit einer charakteristischen l\u00e4nglichen und fast dreieckigen Form, f\u00fcr die er den Pseudonym tr\u00e4gt. Es weist die besondere Fettinfiltration auf, die f\u00fcr gute Schweinefleischst\u00fccke typisch ist. Es ist ein saftiges und zartes Fleisch, ideal f\u00fcr Liebhaber der guten K\u00fcche. Fleisch von 100% iberischen Schweinen aus Eichelmast aus dem Norden von C\u00f3rdoba, im \u201eValle de Los Pedroches\u201c.  Eichel-gef\u00fcttertes 100 % iberisches Eichelfleisch.  Gefroren oder frisch.  Gluten- und laktosefreies Produkt.  St\u00fcckgewicht: 300-400 gr. ca.\" \/>\n<meta property=\"og:url\" content=\"https:\/\/jamonesmajadapedroche.es\/de\/producto\/iberischer-stift\/\" \/>\n<meta property=\"og:site_name\" content=\"Majada Pedroche Jam\u00f3n Ib\u00e9rico de bellota en Villanueva de C\u00f3rdoba\" \/>\n<meta property=\"article:publisher\" content=\"https:\/\/www.facebook.com\/majadapedroche\/\" \/>\n<meta property=\"article:modified_time\" content=\"2021-09-21T11:18:42+00:00\" \/>\n<meta property=\"og:image\" content=\"https:\/\/i0.wp.com\/jamonesmajadapedroche.es\/wp-content\/uploads\/2017\/09\/Pluma.jpg?fit=1600%2C1131&ssl=1\" \/>\n\t<meta property=\"og:image:width\" content=\"1600\" \/>\n\t<meta property=\"og:image:height\" content=\"1131\" \/>\n\t<meta property=\"og:image:type\" content=\"image\/jpeg\" \/>\n<meta name=\"twitter:card\" content=\"summary_large_image\" \/>\n<meta name=\"twitter:site\" content=\"@majada_pedroche\" \/>\n<script type=\"application\/ld+json\" class=\"yoast-schema-graph\">{\"@context\":\"https:\/\/schema.org\",\"@graph\":[{\"@type\":\"WebPage\",\"@id\":\"https:\/\/jamonesmajadapedroche.es\/de\/producto\/iberischer-stift\/\",\"url\":\"https:\/\/jamonesmajadapedroche.es\/de\/producto\/iberischer-stift\/\",\"name\":\"Majada Pedroche Feder - Majada Pedroche Jam\u00f3n Ib\u00e9rico de bellota en Villanueva de C\u00f3rdoba\",\"isPartOf\":{\"@id\":\"https:\/\/jamonesmajadapedroche.es\/#website\"},\"datePublished\":\"2017-09-28T16:49:51+00:00\",\"dateModified\":\"2021-09-21T11:18:42+00:00\",\"breadcrumb\":{\"@id\":\"https:\/\/jamonesmajadapedroche.es\/de\/producto\/iberischer-stift\/#breadcrumb\"},\"inLanguage\":\"de-DE\",\"potentialAction\":[{\"@type\":\"ReadAction\",\"target\":[\"https:\/\/jamonesmajadapedroche.es\/de\/producto\/iberischer-stift\/\"]}]},{\"@type\":\"BreadcrumbList\",\"@id\":\"https:\/\/jamonesmajadapedroche.es\/de\/producto\/iberischer-stift\/#breadcrumb\",\"itemListElement\":[{\"@type\":\"ListItem\",\"position\":1,\"name\":\"Startseite\",\"item\":\"https:\/\/jamonesmajadapedroche.es\/de\/\"},{\"@type\":\"ListItem\",\"position\":2,\"name\":\"Einkaufen\",\"item\":\"https:\/\/jamonesmajadapedroche.es\/de\/einkaufen\/\"},{\"@type\":\"ListItem\",\"position\":3,\"name\":\"Majada Pedroche Feder\"}]},{\"@type\":\"WebSite\",\"@id\":\"https:\/\/jamonesmajadapedroche.es\/#website\",\"url\":\"https:\/\/jamonesmajadapedroche.es\/\",\"name\":\"Majada Pedroche Jam\u00f3n Ib\u00e9rico de bellota en Villanueva de C\u00f3rdoba\",\"description\":\"Jam\u00f3n y embutidos ib\u00e9ricos 100% de bellota con Denominaci\u00f3n de Origen de los Pedroches\",\"potentialAction\":[{\"@type\":\"SearchAction\",\"target\":{\"@type\":\"EntryPoint\",\"urlTemplate\":\"https:\/\/jamonesmajadapedroche.es\/?s={search_term_string}\"},\"query-input\":\"required name=search_term_string\"}],\"inLanguage\":\"de-DE\"}]}<\/script>\n<!-- \/ Yoast SEO plugin. -->","yoast_head_json":{"title":"Majada Pedroche Feder - Majada Pedroche Jam\u00f3n Ib\u00e9rico de bellota en Villanueva de C\u00f3rdoba","robots":{"index":"index","follow":"follow","max-snippet":"max-snippet:-1","max-image-preview":"max-image-preview:large","max-video-preview":"max-video-preview:-1"},"canonical":"https:\/\/jamonesmajadapedroche.es\/de\/producto\/iberischer-stift\/","og_locale":"de_DE","og_type":"article","og_title":"Majada Pedroche Feder - Majada Pedroche Jam\u00f3n Ib\u00e9rico de bellota en Villanueva de C\u00f3rdoba","og_description":"Es ist derzeit einer der am meisten konsumierten 100% iberischen Schweinefleischst\u00fccke aus Eichelmast, es ist ein feiner Teil mit einer charakteristischen l\u00e4nglichen und fast dreieckigen Form, f\u00fcr die er den Pseudonym tr\u00e4gt. Es weist die besondere Fettinfiltration auf, die f\u00fcr gute Schweinefleischst\u00fccke typisch ist. Es ist ein saftiges und zartes Fleisch, ideal f\u00fcr Liebhaber der guten K\u00fcche. Fleisch von 100% iberischen Schweinen aus Eichelmast aus dem Norden von C\u00f3rdoba, im \u201eValle de Los Pedroches\u201c.  Eichel-gef\u00fcttertes 100 % iberisches Eichelfleisch.  Gefroren oder frisch.  Gluten- und laktosefreies Produkt.  St\u00fcckgewicht: 300-400 gr. ca.","og_url":"https:\/\/jamonesmajadapedroche.es\/de\/producto\/iberischer-stift\/","og_site_name":"Majada Pedroche Jam\u00f3n Ib\u00e9rico de bellota en Villanueva de C\u00f3rdoba","article_publisher":"https:\/\/www.facebook.com\/majadapedroche\/","article_modified_time":"2021-09-21T11:18:42+00:00","og_image":[{"width":1600,"height":1131,"url":"https:\/\/i0.wp.com\/jamonesmajadapedroche.es\/wp-content\/uploads\/2017\/09\/Pluma.jpg?fit=1600%2C1131&ssl=1","type":"image\/jpeg"}],"twitter_card":"summary_large_image","twitter_site":"@majada_pedroche","schema":{"@context":"https:\/\/schema.org","@graph":[{"@type":"WebPage","@id":"https:\/\/jamonesmajadapedroche.es\/de\/producto\/iberischer-stift\/","url":"https:\/\/jamonesmajadapedroche.es\/de\/producto\/iberischer-stift\/","name":"Majada Pedroche Feder - Majada Pedroche Jam\u00f3n Ib\u00e9rico de bellota en Villanueva de C\u00f3rdoba","isPartOf":{"@id":"https:\/\/jamonesmajadapedroche.es\/#website"},"datePublished":"2017-09-28T16:49:51+00:00","dateModified":"2021-09-21T11:18:42+00:00","breadcrumb":{"@id":"https:\/\/jamonesmajadapedroche.es\/de\/producto\/iberischer-stift\/#breadcrumb"},"inLanguage":"de-DE","potentialAction":[{"@type":"ReadAction","target":["https:\/\/jamonesmajadapedroche.es\/de\/producto\/iberischer-stift\/"]}]},{"@type":"BreadcrumbList","@id":"https:\/\/jamonesmajadapedroche.es\/de\/producto\/iberischer-stift\/#breadcrumb","itemListElement":[{"@type":"ListItem","position":1,"name":"Startseite","item":"https:\/\/jamonesmajadapedroche.es\/de\/"},{"@type":"ListItem","position":2,"name":"Einkaufen","item":"https:\/\/jamonesmajadapedroche.es\/de\/einkaufen\/"},{"@type":"ListItem","position":3,"name":"Majada Pedroche Feder"}]},{"@type":"WebSite","@id":"https:\/\/jamonesmajadapedroche.es\/#website","url":"https:\/\/jamonesmajadapedroche.es\/","name":"Majada Pedroche Jam\u00f3n Ib\u00e9rico de bellota en Villanueva de C\u00f3rdoba","description":"Jam\u00f3n y embutidos ib\u00e9ricos 100% de bellota con Denominaci\u00f3n de Origen de los Pedroches","potentialAction":[{"@type":"SearchAction","target":{"@type":"EntryPoint","urlTemplate":"https:\/\/jamonesmajadapedroche.es\/?s={search_term_string}"},"query-input":"required name=search_term_string"}],"inLanguage":"de-DE"}]}},"jetpack_sharing_enabled":true,"_links":{"self":[{"href":"https:\/\/jamonesmajadapedroche.es\/de\/wp-json\/wp\/v2\/product\/21614"}],"collection":[{"href":"https:\/\/jamonesmajadapedroche.es\/de\/wp-json\/wp\/v2\/product"}],"about":[{"href":"https:\/\/jamonesmajadapedroche.es\/de\/wp-json\/wp\/v2\/types\/product"}],"replies":[{"embeddable":true,"href":"https:\/\/jamonesmajadapedroche.es\/de\/wp-json\/wp\/v2\/comments?post=21614"}],"wp:featuredmedia":[{"embeddable":true,"href":"https:\/\/jamonesmajadapedroche.es\/de\/wp-json\/wp\/v2\/media\/21615"}],"wp:attachment":[{"href":"https:\/\/jamonesmajadapedroche.es\/de\/wp-json\/wp\/v2\/media?parent=21614"}],"wp:term":[{"taxonomy":"product_cat","embeddable":true,"href":"https:\/\/jamonesmajadapedroche.es\/de\/wp-json\/wp\/v2\/product_cat?post=21614"},{"taxonomy":"product_tag","embeddable":true,"href":"https:\/\/jamonesmajadapedroche.es\/de\/wp-json\/wp\/v2\/product_tag?post=21614"}],"curies":[{"name":"wp","href":"https:\/\/api.w.org\/{rel}","templated":true}]}}