{"id":21628,"date":"2018-10-08T18:59:09","date_gmt":"2018-10-08T16:59:09","guid":{"rendered":"https:\/\/jamonesmajadapedroche.es\/producto\/mit-eichel-gefuetterte-100-iberische-schulter-dop-los-pedroches\/"},"modified":"2021-09-21T13:19:24","modified_gmt":"2021-09-21T11:19:24","slug":"iberische-reine-eichel-100-schulter-schulter","status":"publish","type":"product","link":"https:\/\/jamonesmajadapedroche.es\/de\/producto\/iberische-reine-eichel-100-schulter-schulter\/","title":{"rendered":"Mit Eichel gef\u00fctterte 100 % iberische Schulter DOP Los Pedroches"},"content":{"rendered":"<h3>Mit Eichel gef\u00fctterte 100 % iberische Schulter DOP Los Pedroches<\/h3>\n<p>Sehr lecker. Hohe Qualit\u00e4t und Aroma, weich am Gaumen. Exquisit am Gaumen mit feiner Nachhaltigkeit. Von den besten iberischen Schweinen im Norden der Provinz C\u00f3rdoba, in der \u201e<a href=\"https:\/\/es.wikipedia.org\/wiki\/Valle_de_los_Pedroches\" target=\"_blank\" rel=\"noopener noreferrer\"> Los Pedroches-Tal<\/a> \u201c.<\/p>\n<ul>\n<li>Mit Eichel gef\u00fctterte 100 % iberische Schulter gU Los Pedroches.<\/li>\n<li><a href=\"https:\/\/jamonesmajadapedroche.es\/productos-ibericos\/\">Gluten- und laktosefreies Produkt.<\/a><\/li>\n<li>100 % nat\u00fcrliche Aush\u00e4rtung von mehr als 24 Monaten.<\/li>\n<li>Gewicht: Ab 5,5 kg. ca.<\/li>\n<\/ul>\n","protected":false},"excerpt":{"rendered":"<p>Sehr lecker. Hohe Qualit\u00e4t und Aroma, weich am Gaumen. Exquisit am Gaumen mit feiner Nachhaltigkeit. Von den besten iberischen Schweinen im n\u00f6rdlichen Teil der Provinz C\u00f3rdoba, im \u201eValle de Los Pedroches\u201c.<\/p>\n<ul>\n<li>Mit Eichel gef\u00fctterte 100 % iberische Schulter gU Los Pedroches.<\/li>\n<li>Gluten- und laktosefreies Produkt.<\/li>\n<li>100 % nat\u00fcrliche Aush\u00e4rtung von mehr als 24 Monaten.<\/li>\n<li>Gewicht: Ab 5,5 kg. ca.<\/li>\n<\/ul>\n","protected":false},"featured_media":21627,"comment_status":"closed","ping_status":"closed","template":"","meta":{"_mi_skip_tracking":false,"jetpack_post_was_ever_published":false,"jetpack_publicize_message":"","jetpack_is_tweetstorm":false,"jetpack_publicize_feature_enabled":true},"product_cat":[1682],"product_tag":[],"jetpack_publicize_connections":[],"yoast_head":"<!-- This site is optimized with the Yoast SEO plugin v20.2.1 - https:\/\/yoast.com\/wordpress\/plugins\/seo\/ -->\n<title>Mit Eichel gef\u00fctterte 100 % iberische Schulter DOP Los Pedroches<\/title>\n<meta name=\"description\" content=\"Sehr leckere iberische Schulter. Hohe Qualit\u00e4t und Aroma, weich am Gaumen. Exquisit am Gaumen mit feiner Nachhaltigkeit. Von den besten iberischen Schweinen.\" \/>\n<meta name=\"robots\" content=\"index, follow, max-snippet:-1, max-image-preview:large, max-video-preview:-1\" \/>\n<link rel=\"canonical\" href=\"https:\/\/jamonesmajadapedroche.es\/de\/producto\/iberische-reine-eichel-100-schulter-schulter\/\" \/>\n<meta property=\"og:locale\" content=\"de_DE\" \/>\n<meta property=\"og:type\" content=\"article\" \/>\n<meta property=\"og:title\" content=\"Mit Eichel gef\u00fctterte 100 % iberische Schulter DOP Los Pedroches\" \/>\n<meta property=\"og:description\" content=\"Sehr leckere iberische Schulter. Hohe Qualit\u00e4t und Aroma, weich am Gaumen. Exquisit am Gaumen mit feiner Nachhaltigkeit. Von den besten iberischen Schweinen.\" \/>\n<meta property=\"og:url\" content=\"https:\/\/jamonesmajadapedroche.es\/de\/producto\/iberische-reine-eichel-100-schulter-schulter\/\" \/>\n<meta property=\"og:site_name\" content=\"Majada Pedroche Jam\u00f3n Ib\u00e9rico de bellota en Villanueva de C\u00f3rdoba\" \/>\n<meta property=\"article:publisher\" content=\"https:\/\/www.facebook.com\/majadapedroche\/\" \/>\n<meta property=\"article:modified_time\" content=\"2021-09-21T11:19:24+00:00\" \/>\n<meta property=\"og:image\" content=\"https:\/\/i0.wp.com\/jamonesmajadapedroche.es\/wp-content\/uploads\/2017\/09\/Paleta-de-bellota-100x100-iberica-DOP-Los-Pedroches-scaled.jpg?fit=1896%2C2560&ssl=1\" \/>\n\t<meta property=\"og:image:width\" content=\"1896\" \/>\n\t<meta property=\"og:image:height\" content=\"2560\" \/>\n\t<meta property=\"og:image:type\" content=\"image\/jpeg\" \/>\n<meta name=\"twitter:card\" content=\"summary_large_image\" \/>\n<meta name=\"twitter:site\" content=\"@majada_pedroche\" \/>\n<script type=\"application\/ld+json\" class=\"yoast-schema-graph\">{\"@context\":\"https:\/\/schema.org\",\"@graph\":[{\"@type\":\"WebPage\",\"@id\":\"https:\/\/jamonesmajadapedroche.es\/de\/producto\/iberische-reine-eichel-100-schulter-schulter\/\",\"url\":\"https:\/\/jamonesmajadapedroche.es\/de\/producto\/iberische-reine-eichel-100-schulter-schulter\/\",\"name\":\"Mit Eichel gef\u00fctterte 100 % iberische Schulter DOP Los Pedroches\",\"isPartOf\":{\"@id\":\"https:\/\/jamonesmajadapedroche.es\/#website\"},\"datePublished\":\"2018-10-08T16:59:09+00:00\",\"dateModified\":\"2021-09-21T11:19:24+00:00\",\"description\":\"Sehr leckere iberische Schulter. Hohe Qualit\u00e4t und Aroma, weich am Gaumen. Exquisit am Gaumen mit feiner Nachhaltigkeit. Von den besten iberischen Schweinen.\",\"breadcrumb\":{\"@id\":\"https:\/\/jamonesmajadapedroche.es\/de\/producto\/iberische-reine-eichel-100-schulter-schulter\/#breadcrumb\"},\"inLanguage\":\"de-DE\",\"potentialAction\":[{\"@type\":\"ReadAction\",\"target\":[\"https:\/\/jamonesmajadapedroche.es\/de\/producto\/iberische-reine-eichel-100-schulter-schulter\/\"]}]},{\"@type\":\"BreadcrumbList\",\"@id\":\"https:\/\/jamonesmajadapedroche.es\/de\/producto\/iberische-reine-eichel-100-schulter-schulter\/#breadcrumb\",\"itemListElement\":[{\"@type\":\"ListItem\",\"position\":1,\"name\":\"Startseite\",\"item\":\"https:\/\/jamonesmajadapedroche.es\/de\/\"},{\"@type\":\"ListItem\",\"position\":2,\"name\":\"Einkaufen\",\"item\":\"https:\/\/jamonesmajadapedroche.es\/de\/einkaufen\/\"},{\"@type\":\"ListItem\",\"position\":3,\"name\":\"Mit Eichel gef\u00fctterte 100 % iberische Schulter DOP Los Pedroches\"}]},{\"@type\":\"WebSite\",\"@id\":\"https:\/\/jamonesmajadapedroche.es\/#website\",\"url\":\"https:\/\/jamonesmajadapedroche.es\/\",\"name\":\"Majada Pedroche Jam\u00f3n Ib\u00e9rico de bellota en Villanueva de C\u00f3rdoba\",\"description\":\"Jam\u00f3n y embutidos ib\u00e9ricos 100% de bellota con Denominaci\u00f3n de Origen de los Pedroches\",\"potentialAction\":[{\"@type\":\"SearchAction\",\"target\":{\"@type\":\"EntryPoint\",\"urlTemplate\":\"https:\/\/jamonesmajadapedroche.es\/?s={search_term_string}\"},\"query-input\":\"required name=search_term_string\"}],\"inLanguage\":\"de-DE\"}]}<\/script>\n<!-- \/ Yoast SEO plugin. -->","yoast_head_json":{"title":"Mit Eichel gef\u00fctterte 100 % iberische Schulter DOP Los Pedroches","description":"Sehr leckere iberische Schulter. Hohe Qualit\u00e4t und Aroma, weich am Gaumen. Exquisit am Gaumen mit feiner Nachhaltigkeit. Von den besten iberischen Schweinen.","robots":{"index":"index","follow":"follow","max-snippet":"max-snippet:-1","max-image-preview":"max-image-preview:large","max-video-preview":"max-video-preview:-1"},"canonical":"https:\/\/jamonesmajadapedroche.es\/de\/producto\/iberische-reine-eichel-100-schulter-schulter\/","og_locale":"de_DE","og_type":"article","og_title":"Mit Eichel gef\u00fctterte 100 % iberische Schulter DOP Los Pedroches","og_description":"Sehr leckere iberische Schulter. Hohe Qualit\u00e4t und Aroma, weich am Gaumen. Exquisit am Gaumen mit feiner Nachhaltigkeit. Von den besten iberischen Schweinen.","og_url":"https:\/\/jamonesmajadapedroche.es\/de\/producto\/iberische-reine-eichel-100-schulter-schulter\/","og_site_name":"Majada Pedroche Jam\u00f3n Ib\u00e9rico de bellota en Villanueva de C\u00f3rdoba","article_publisher":"https:\/\/www.facebook.com\/majadapedroche\/","article_modified_time":"2021-09-21T11:19:24+00:00","og_image":[{"width":1896,"height":2560,"url":"https:\/\/i0.wp.com\/jamonesmajadapedroche.es\/wp-content\/uploads\/2017\/09\/Paleta-de-bellota-100x100-iberica-DOP-Los-Pedroches-scaled.jpg?fit=1896%2C2560&ssl=1","type":"image\/jpeg"}],"twitter_card":"summary_large_image","twitter_site":"@majada_pedroche","schema":{"@context":"https:\/\/schema.org","@graph":[{"@type":"WebPage","@id":"https:\/\/jamonesmajadapedroche.es\/de\/producto\/iberische-reine-eichel-100-schulter-schulter\/","url":"https:\/\/jamonesmajadapedroche.es\/de\/producto\/iberische-reine-eichel-100-schulter-schulter\/","name":"Mit Eichel gef\u00fctterte 100 % iberische Schulter DOP Los Pedroches","isPartOf":{"@id":"https:\/\/jamonesmajadapedroche.es\/#website"},"datePublished":"2018-10-08T16:59:09+00:00","dateModified":"2021-09-21T11:19:24+00:00","description":"Sehr leckere iberische Schulter. Hohe Qualit\u00e4t und Aroma, weich am Gaumen. Exquisit am Gaumen mit feiner Nachhaltigkeit. Von den besten iberischen Schweinen.","breadcrumb":{"@id":"https:\/\/jamonesmajadapedroche.es\/de\/producto\/iberische-reine-eichel-100-schulter-schulter\/#breadcrumb"},"inLanguage":"de-DE","potentialAction":[{"@type":"ReadAction","target":["https:\/\/jamonesmajadapedroche.es\/de\/producto\/iberische-reine-eichel-100-schulter-schulter\/"]}]},{"@type":"BreadcrumbList","@id":"https:\/\/jamonesmajadapedroche.es\/de\/producto\/iberische-reine-eichel-100-schulter-schulter\/#breadcrumb","itemListElement":[{"@type":"ListItem","position":1,"name":"Startseite","item":"https:\/\/jamonesmajadapedroche.es\/de\/"},{"@type":"ListItem","position":2,"name":"Einkaufen","item":"https:\/\/jamonesmajadapedroche.es\/de\/einkaufen\/"},{"@type":"ListItem","position":3,"name":"Mit Eichel gef\u00fctterte 100 % iberische Schulter DOP Los Pedroches"}]},{"@type":"WebSite","@id":"https:\/\/jamonesmajadapedroche.es\/#website","url":"https:\/\/jamonesmajadapedroche.es\/","name":"Majada Pedroche Jam\u00f3n Ib\u00e9rico de bellota en Villanueva de C\u00f3rdoba","description":"Jam\u00f3n y embutidos ib\u00e9ricos 100% de bellota con Denominaci\u00f3n de Origen de los Pedroches","potentialAction":[{"@type":"SearchAction","target":{"@type":"EntryPoint","urlTemplate":"https:\/\/jamonesmajadapedroche.es\/?s={search_term_string}"},"query-input":"required name=search_term_string"}],"inLanguage":"de-DE"}]}},"jetpack_sharing_enabled":true,"_links":{"self":[{"href":"https:\/\/jamonesmajadapedroche.es\/de\/wp-json\/wp\/v2\/product\/21628"}],"collection":[{"href":"https:\/\/jamonesmajadapedroche.es\/de\/wp-json\/wp\/v2\/product"}],"about":[{"href":"https:\/\/jamonesmajadapedroche.es\/de\/wp-json\/wp\/v2\/types\/product"}],"replies":[{"embeddable":true,"href":"https:\/\/jamonesmajadapedroche.es\/de\/wp-json\/wp\/v2\/comments?post=21628"}],"wp:featuredmedia":[{"embeddable":true,"href":"https:\/\/jamonesmajadapedroche.es\/de\/wp-json\/wp\/v2\/media\/21627"}],"wp:attachment":[{"href":"https:\/\/jamonesmajadapedroche.es\/de\/wp-json\/wp\/v2\/media?parent=21628"}],"wp:term":[{"taxonomy":"product_cat","embeddable":true,"href":"https:\/\/jamonesmajadapedroche.es\/de\/wp-json\/wp\/v2\/product_cat?post=21628"},{"taxonomy":"product_tag","embeddable":true,"href":"https:\/\/jamonesmajadapedroche.es\/de\/wp-json\/wp\/v2\/product_tag?post=21628"}],"curies":[{"name":"wp","href":"https:\/\/api.w.org\/{rel}","templated":true}]}}