{"id":20875,"date":"2021-05-27T16:07:26","date_gmt":"2021-05-27T14:07:26","guid":{"rendered":"https:\/\/jamonesmajadapedroche.es\/purchase-conditions\/"},"modified":"2021-07-27T10:32:01","modified_gmt":"2021-07-27T08:32:01","slug":"purchase-conditions","status":"publish","type":"page","link":"https:\/\/jamonesmajadapedroche.es\/en\/purchase-conditions\/","title":{"rendered":"Purchase conditions"},"content":{"rendered":"<p>How to make an online purchase?<\/p>\n<p>First you must add the products you want to your &#8220;shopping cart&#8221; then follow the purchase steps that are defined on our website. This process includes registration on the web (at the user&#8217;s choice) in order to identify the buyer, once we receive the order, it is processed by Majada Pedroche. If the client wishes, they will receive a confirmation via email that their order has been received.<br \/>\nThe present general contracting conditions apply to the orders placed.<\/p>\n<p>We promise not to allow any transaction that is illegal, or is deemed by the credit card brands or the acquiring bank, that may or has the potential to damage their goodwill or negatively influence them.<\/p>\n<p>The following activities are prohibited under the card brand programs:<\/p>\n<p>Sale or offer of a product or service that is not in full compliance with all the laws applicable to the Buyer, Issuing Bank, Merchant, Cardholder, or cards.<\/p>\n","protected":false},"excerpt":{"rendered":"<p>How to make an online purchase? First you must add the products you want to your &#8220;shopping cart&#8221; then follow the purchase steps [&hellip;]<\/p>\n","protected":false},"author":8,"featured_media":0,"parent":0,"menu_order":0,"comment_status":"closed","ping_status":"closed","template":"","meta":{"_mi_skip_tracking":false,"jetpack_post_was_ever_published":false},"yoast_head":"<!-- This site is optimized with the Yoast SEO plugin v20.2.1 - https:\/\/yoast.com\/wordpress\/plugins\/seo\/ -->\n<title>Purchase conditions<\/title>\n<meta name=\"robots\" content=\"index, follow, max-snippet:-1, max-image-preview:large, max-video-preview:-1\" \/>\n<link rel=\"canonical\" href=\"https:\/\/jamonesmajadapedroche.es\/en\/purchase-conditions\/\" \/>\n<meta property=\"og:locale\" content=\"en_US\" \/>\n<meta property=\"og:type\" content=\"article\" \/>\n<meta property=\"og:title\" content=\"Purchase conditions\" \/>\n<meta property=\"og:description\" content=\"How to make an online purchase? First you must add the products you want to your &#8220;shopping cart&#8221; then follow the purchase steps [&hellip;]\" \/>\n<meta property=\"og:url\" content=\"https:\/\/jamonesmajadapedroche.es\/en\/purchase-conditions\/\" \/>\n<meta property=\"og:site_name\" content=\"Majada Pedroche Jam\u00f3n Ib\u00e9rico de bellota en Villanueva de C\u00f3rdoba\" \/>\n<meta property=\"article:publisher\" content=\"https:\/\/www.facebook.com\/majadapedroche\/\" \/>\n<meta property=\"article:modified_time\" content=\"2021-07-27T08:32:01+00:00\" \/>\n<meta property=\"og:image\" content=\"https:\/\/i0.wp.com\/jamonesmajadapedroche.es\/wp-content\/uploads\/2017\/10\/Pagina-de-google.jpg?fit=1080%2C608&ssl=1\" \/>\n\t<meta property=\"og:image:width\" content=\"1080\" \/>\n\t<meta property=\"og:image:height\" content=\"608\" \/>\n\t<meta property=\"og:image:type\" content=\"image\/jpeg\" \/>\n<meta name=\"twitter:card\" content=\"summary_large_image\" \/>\n<meta name=\"twitter:site\" content=\"@majada_pedroche\" \/>\n<meta name=\"twitter:label1\" content=\"Est. reading time\" \/>\n\t<meta name=\"twitter:data1\" content=\"1 minute\" \/>\n<script type=\"application\/ld+json\" class=\"yoast-schema-graph\">{\"@context\":\"https:\/\/schema.org\",\"@graph\":[{\"@type\":\"WebPage\",\"@id\":\"https:\/\/jamonesmajadapedroche.es\/en\/purchase-conditions\/\",\"url\":\"https:\/\/jamonesmajadapedroche.es\/en\/purchase-conditions\/\",\"name\":\"Purchase conditions\",\"isPartOf\":{\"@id\":\"https:\/\/jamonesmajadapedroche.es\/#website\"},\"datePublished\":\"2021-05-27T14:07:26+00:00\",\"dateModified\":\"2021-07-27T08:32:01+00:00\",\"breadcrumb\":{\"@id\":\"https:\/\/jamonesmajadapedroche.es\/en\/purchase-conditions\/#breadcrumb\"},\"inLanguage\":\"en-US\",\"potentialAction\":[{\"@type\":\"ReadAction\",\"target\":[\"https:\/\/jamonesmajadapedroche.es\/en\/purchase-conditions\/\"]}]},{\"@type\":\"BreadcrumbList\",\"@id\":\"https:\/\/jamonesmajadapedroche.es\/en\/purchase-conditions\/#breadcrumb\",\"itemListElement\":[{\"@type\":\"ListItem\",\"position\":1,\"name\":\"Home\",\"item\":\"https:\/\/jamonesmajadapedroche.es\/en\/\"},{\"@type\":\"ListItem\",\"position\":2,\"name\":\"Purchase conditions\"}]},{\"@type\":\"WebSite\",\"@id\":\"https:\/\/jamonesmajadapedroche.es\/#website\",\"url\":\"https:\/\/jamonesmajadapedroche.es\/\",\"name\":\"Majada Pedroche Jam\u00f3n Ib\u00e9rico de bellota en Villanueva de C\u00f3rdoba\",\"description\":\"Jam\u00f3n y embutidos ib\u00e9ricos 100% de bellota con Denominaci\u00f3n de Origen de los Pedroches\",\"potentialAction\":[{\"@type\":\"SearchAction\",\"target\":{\"@type\":\"EntryPoint\",\"urlTemplate\":\"https:\/\/jamonesmajadapedroche.es\/?s={search_term_string}\"},\"query-input\":\"required name=search_term_string\"}],\"inLanguage\":\"en-US\"}]}<\/script>\n<!-- \/ Yoast SEO plugin. -->","yoast_head_json":{"title":"Purchase conditions","robots":{"index":"index","follow":"follow","max-snippet":"max-snippet:-1","max-image-preview":"max-image-preview:large","max-video-preview":"max-video-preview:-1"},"canonical":"https:\/\/jamonesmajadapedroche.es\/en\/purchase-conditions\/","og_locale":"en_US","og_type":"article","og_title":"Purchase conditions","og_description":"How to make an online purchase? First you must add the products you want to your &#8220;shopping cart&#8221; then follow the purchase steps [&hellip;]","og_url":"https:\/\/jamonesmajadapedroche.es\/en\/purchase-conditions\/","og_site_name":"Majada Pedroche Jam\u00f3n Ib\u00e9rico de bellota en Villanueva de C\u00f3rdoba","article_publisher":"https:\/\/www.facebook.com\/majadapedroche\/","article_modified_time":"2021-07-27T08:32:01+00:00","og_image":[{"width":1080,"height":608,"url":"https:\/\/i0.wp.com\/jamonesmajadapedroche.es\/wp-content\/uploads\/2017\/10\/Pagina-de-google.jpg?fit=1080%2C608&ssl=1","type":"image\/jpeg"}],"twitter_card":"summary_large_image","twitter_site":"@majada_pedroche","twitter_misc":{"Est. reading time":"1 minute"},"schema":{"@context":"https:\/\/schema.org","@graph":[{"@type":"WebPage","@id":"https:\/\/jamonesmajadapedroche.es\/en\/purchase-conditions\/","url":"https:\/\/jamonesmajadapedroche.es\/en\/purchase-conditions\/","name":"Purchase conditions","isPartOf":{"@id":"https:\/\/jamonesmajadapedroche.es\/#website"},"datePublished":"2021-05-27T14:07:26+00:00","dateModified":"2021-07-27T08:32:01+00:00","breadcrumb":{"@id":"https:\/\/jamonesmajadapedroche.es\/en\/purchase-conditions\/#breadcrumb"},"inLanguage":"en-US","potentialAction":[{"@type":"ReadAction","target":["https:\/\/jamonesmajadapedroche.es\/en\/purchase-conditions\/"]}]},{"@type":"BreadcrumbList","@id":"https:\/\/jamonesmajadapedroche.es\/en\/purchase-conditions\/#breadcrumb","itemListElement":[{"@type":"ListItem","position":1,"name":"Home","item":"https:\/\/jamonesmajadapedroche.es\/en\/"},{"@type":"ListItem","position":2,"name":"Purchase conditions"}]},{"@type":"WebSite","@id":"https:\/\/jamonesmajadapedroche.es\/#website","url":"https:\/\/jamonesmajadapedroche.es\/","name":"Majada Pedroche Jam\u00f3n Ib\u00e9rico de bellota en Villanueva de C\u00f3rdoba","description":"Jam\u00f3n y embutidos ib\u00e9ricos 100% de bellota con Denominaci\u00f3n de Origen de los Pedroches","potentialAction":[{"@type":"SearchAction","target":{"@type":"EntryPoint","urlTemplate":"https:\/\/jamonesmajadapedroche.es\/?s={search_term_string}"},"query-input":"required name=search_term_string"}],"inLanguage":"en-US"}]}},"jetpack_sharing_enabled":true,"jetpack_shortlink":"https:\/\/wp.me\/P9gybB-5qH","_links":{"self":[{"href":"https:\/\/jamonesmajadapedroche.es\/en\/wp-json\/wp\/v2\/pages\/20875"}],"collection":[{"href":"https:\/\/jamonesmajadapedroche.es\/en\/wp-json\/wp\/v2\/pages"}],"about":[{"href":"https:\/\/jamonesmajadapedroche.es\/en\/wp-json\/wp\/v2\/types\/page"}],"author":[{"embeddable":true,"href":"https:\/\/jamonesmajadapedroche.es\/en\/wp-json\/wp\/v2\/users\/8"}],"replies":[{"embeddable":true,"href":"https:\/\/jamonesmajadapedroche.es\/en\/wp-json\/wp\/v2\/comments?post=20875"}],"version-history":[{"count":1,"href":"https:\/\/jamonesmajadapedroche.es\/en\/wp-json\/wp\/v2\/pages\/20875\/revisions"}],"predecessor-version":[{"id":20876,"href":"https:\/\/jamonesmajadapedroche.es\/en\/wp-json\/wp\/v2\/pages\/20875\/revisions\/20876"}],"wp:attachment":[{"href":"https:\/\/jamonesmajadapedroche.es\/en\/wp-json\/wp\/v2\/media?parent=20875"}],"curies":[{"name":"wp","href":"https:\/\/api.w.org\/{rel}","templated":true}]}}