{"id":20881,"date":"2021-06-08T13:02:21","date_gmt":"2021-06-08T11:02:21","guid":{"rendered":"https:\/\/jamonesmajadapedroche.es\/payment-conditions\/"},"modified":"2021-09-22T16:59:15","modified_gmt":"2021-09-22T14:59:15","slug":"payment-conditions","status":"publish","type":"page","link":"https:\/\/jamonesmajadapedroche.es\/en\/payment-conditions\/","title":{"rendered":"Payment conditions"},"content":{"rendered":"<h3 class=\"p1\">Payment<\/h3>\n<p class=\"p1\">The prices established in the products will be applicable on the date the order is placed. The prices established are the final prices (total), that is, they include the value added tax in Spain at the applicable legal tax rate. Until full payment of the purchase price is made.<\/p>\n<p>At the end of the order, the customer will pay for the purchase made by VISA or MASTERCARD credit card (SSL secure payment). In certain cases and to prevent possible fraud, Majada Pedroche reserves the possibility of requesting a client a specific form of payment in the event that the identity of the buyer is not reliably proven.<\/p>\n<p><img data-attachment-id=\"21044\" data-permalink=\"https:\/\/jamonesmajadapedroche.es\/en\/payment-conditions\/formas-de-pago-majada-pedroche-2\/\" data-orig-file=\"https:\/\/i0.wp.com\/jamonesmajadapedroche.es\/wp-content\/uploads\/2021\/08\/Formas-de-pago-Majada-Pedroche.jpg?fit=922%2C208&amp;ssl=1\" data-orig-size=\"922,208\" data-comments-opened=\"1\" data-image-meta=\"{&quot;aperture&quot;:&quot;0&quot;,&quot;credit&quot;:&quot;&quot;,&quot;camera&quot;:&quot;&quot;,&quot;caption&quot;:&quot;&quot;,&quot;created_timestamp&quot;:&quot;0&quot;,&quot;copyright&quot;:&quot;&quot;,&quot;focal_length&quot;:&quot;0&quot;,&quot;iso&quot;:&quot;0&quot;,&quot;shutter_speed&quot;:&quot;0&quot;,&quot;title&quot;:&quot;&quot;,&quot;orientation&quot;:&quot;0&quot;}\" data-image-title=\"Payment methods &#8211; Majada Pedroche\" data-image-description=\"\" data-image-caption=\"\" data-medium-file=\"https:\/\/i0.wp.com\/jamonesmajadapedroche.es\/wp-content\/uploads\/2021\/08\/Formas-de-pago-Majada-Pedroche.jpg?fit=300%2C68&amp;ssl=1\" data-large-file=\"https:\/\/i0.wp.com\/jamonesmajadapedroche.es\/wp-content\/uploads\/2021\/08\/Formas-de-pago-Majada-Pedroche.jpg?fit=922%2C208&amp;ssl=1\" class=\"aligncenter wp-image-21044\" src=\"https:\/\/i0.wp.com\/jamonesmajadapedroche.es\/wp-content\/uploads\/2021\/08\/Formas-de-pago-Majada-Pedroche.jpg?resize=250%2C56&#038;ssl=1\" alt=\"\" width=\"250\" height=\"56\" srcset=\"https:\/\/i0.wp.com\/jamonesmajadapedroche.es\/wp-content\/uploads\/2021\/08\/Formas-de-pago-Majada-Pedroche.jpg?resize=200%2C45&amp;ssl=1 200w, https:\/\/i0.wp.com\/jamonesmajadapedroche.es\/wp-content\/uploads\/2021\/08\/Formas-de-pago-Majada-Pedroche.jpg?resize=300%2C68&amp;ssl=1 300w, https:\/\/i0.wp.com\/jamonesmajadapedroche.es\/wp-content\/uploads\/2021\/08\/Formas-de-pago-Majada-Pedroche.jpg?resize=400%2C90&amp;ssl=1 400w, https:\/\/i0.wp.com\/jamonesmajadapedroche.es\/wp-content\/uploads\/2021\/08\/Formas-de-pago-Majada-Pedroche.jpg?resize=500%2C113&amp;ssl=1 500w, https:\/\/i0.wp.com\/jamonesmajadapedroche.es\/wp-content\/uploads\/2021\/08\/Formas-de-pago-Majada-Pedroche.jpg?resize=600%2C135&amp;ssl=1 600w, https:\/\/i0.wp.com\/jamonesmajadapedroche.es\/wp-content\/uploads\/2021\/08\/Formas-de-pago-Majada-Pedroche.jpg?resize=700%2C158&amp;ssl=1 700w, https:\/\/i0.wp.com\/jamonesmajadapedroche.es\/wp-content\/uploads\/2021\/08\/Formas-de-pago-Majada-Pedroche.jpg?resize=768%2C173&amp;ssl=1 768w, https:\/\/i0.wp.com\/jamonesmajadapedroche.es\/wp-content\/uploads\/2021\/08\/Formas-de-pago-Majada-Pedroche.jpg?resize=800%2C180&amp;ssl=1 800w, https:\/\/i0.wp.com\/jamonesmajadapedroche.es\/wp-content\/uploads\/2021\/08\/Formas-de-pago-Majada-Pedroche.jpg?fit=922%2C208&amp;ssl=1 922w\" sizes=\"(max-width: 250px) 100vw, 250px\" data-recalc-dims=\"1\" \/><\/p>\n","protected":false},"excerpt":{"rendered":"<p>Payment The prices established in the products will be applicable on the date the order is placed. The prices established are the final [&hellip;]<\/p>\n","protected":false},"author":8,"featured_media":0,"parent":0,"menu_order":0,"comment_status":"closed","ping_status":"closed","template":"","meta":{"_mi_skip_tracking":false,"jetpack_post_was_ever_published":false},"yoast_head":"<!-- This site is optimized with the Yoast SEO plugin v20.2.1 - https:\/\/yoast.com\/wordpress\/plugins\/seo\/ -->\n<title>Payment conditions<\/title>\n<meta name=\"robots\" content=\"index, follow, max-snippet:-1, max-image-preview:large, max-video-preview:-1\" \/>\n<link rel=\"canonical\" href=\"https:\/\/jamonesmajadapedroche.es\/en\/payment-conditions\/\" \/>\n<meta property=\"og:locale\" content=\"en_US\" \/>\n<meta property=\"og:type\" content=\"article\" \/>\n<meta property=\"og:title\" content=\"Payment conditions\" \/>\n<meta property=\"og:description\" content=\"Payment The prices established in the products will be applicable on the date the order is placed. The prices established are the final [&hellip;]\" \/>\n<meta property=\"og:url\" content=\"https:\/\/jamonesmajadapedroche.es\/en\/payment-conditions\/\" \/>\n<meta property=\"og:site_name\" content=\"Majada Pedroche Jam\u00f3n Ib\u00e9rico de bellota en Villanueva de C\u00f3rdoba\" \/>\n<meta property=\"article:publisher\" content=\"https:\/\/www.facebook.com\/majadapedroche\/\" \/>\n<meta property=\"article:modified_time\" content=\"2021-09-22T14:59:15+00:00\" \/>\n<meta property=\"og:image\" content=\"https:\/\/jamonesmajadapedroche.es\/wp-content\/uploads\/2021\/08\/Formas-de-pago-Majada-Pedroche.jpg\" \/>\n<meta name=\"twitter:card\" content=\"summary_large_image\" \/>\n<meta name=\"twitter:site\" content=\"@majada_pedroche\" \/>\n<meta name=\"twitter:label1\" content=\"Est. reading time\" \/>\n\t<meta name=\"twitter:data1\" content=\"1 minute\" \/>\n<script type=\"application\/ld+json\" class=\"yoast-schema-graph\">{\"@context\":\"https:\/\/schema.org\",\"@graph\":[{\"@type\":\"WebPage\",\"@id\":\"https:\/\/jamonesmajadapedroche.es\/en\/payment-conditions\/\",\"url\":\"https:\/\/jamonesmajadapedroche.es\/en\/payment-conditions\/\",\"name\":\"Payment conditions\",\"isPartOf\":{\"@id\":\"https:\/\/jamonesmajadapedroche.es\/#website\"},\"datePublished\":\"2021-06-08T11:02:21+00:00\",\"dateModified\":\"2021-09-22T14:59:15+00:00\",\"breadcrumb\":{\"@id\":\"https:\/\/jamonesmajadapedroche.es\/en\/payment-conditions\/#breadcrumb\"},\"inLanguage\":\"en-US\",\"potentialAction\":[{\"@type\":\"ReadAction\",\"target\":[\"https:\/\/jamonesmajadapedroche.es\/en\/payment-conditions\/\"]}]},{\"@type\":\"BreadcrumbList\",\"@id\":\"https:\/\/jamonesmajadapedroche.es\/en\/payment-conditions\/#breadcrumb\",\"itemListElement\":[{\"@type\":\"ListItem\",\"position\":1,\"name\":\"Home\",\"item\":\"https:\/\/jamonesmajadapedroche.es\/en\/\"},{\"@type\":\"ListItem\",\"position\":2,\"name\":\"Payment conditions\"}]},{\"@type\":\"WebSite\",\"@id\":\"https:\/\/jamonesmajadapedroche.es\/#website\",\"url\":\"https:\/\/jamonesmajadapedroche.es\/\",\"name\":\"Majada Pedroche Jam\u00f3n Ib\u00e9rico de bellota en Villanueva de C\u00f3rdoba\",\"description\":\"Jam\u00f3n y embutidos ib\u00e9ricos 100% de bellota con Denominaci\u00f3n de Origen de los Pedroches\",\"potentialAction\":[{\"@type\":\"SearchAction\",\"target\":{\"@type\":\"EntryPoint\",\"urlTemplate\":\"https:\/\/jamonesmajadapedroche.es\/?s={search_term_string}\"},\"query-input\":\"required name=search_term_string\"}],\"inLanguage\":\"en-US\"}]}<\/script>\n<!-- \/ Yoast SEO plugin. -->","yoast_head_json":{"title":"Payment conditions","robots":{"index":"index","follow":"follow","max-snippet":"max-snippet:-1","max-image-preview":"max-image-preview:large","max-video-preview":"max-video-preview:-1"},"canonical":"https:\/\/jamonesmajadapedroche.es\/en\/payment-conditions\/","og_locale":"en_US","og_type":"article","og_title":"Payment conditions","og_description":"Payment The prices established in the products will be applicable on the date the order is placed. The prices established are the final [&hellip;]","og_url":"https:\/\/jamonesmajadapedroche.es\/en\/payment-conditions\/","og_site_name":"Majada Pedroche Jam\u00f3n Ib\u00e9rico de bellota en Villanueva de C\u00f3rdoba","article_publisher":"https:\/\/www.facebook.com\/majadapedroche\/","article_modified_time":"2021-09-22T14:59:15+00:00","og_image":[{"url":"https:\/\/jamonesmajadapedroche.es\/wp-content\/uploads\/2021\/08\/Formas-de-pago-Majada-Pedroche.jpg"}],"twitter_card":"summary_large_image","twitter_site":"@majada_pedroche","twitter_misc":{"Est. reading time":"1 minute"},"schema":{"@context":"https:\/\/schema.org","@graph":[{"@type":"WebPage","@id":"https:\/\/jamonesmajadapedroche.es\/en\/payment-conditions\/","url":"https:\/\/jamonesmajadapedroche.es\/en\/payment-conditions\/","name":"Payment conditions","isPartOf":{"@id":"https:\/\/jamonesmajadapedroche.es\/#website"},"datePublished":"2021-06-08T11:02:21+00:00","dateModified":"2021-09-22T14:59:15+00:00","breadcrumb":{"@id":"https:\/\/jamonesmajadapedroche.es\/en\/payment-conditions\/#breadcrumb"},"inLanguage":"en-US","potentialAction":[{"@type":"ReadAction","target":["https:\/\/jamonesmajadapedroche.es\/en\/payment-conditions\/"]}]},{"@type":"BreadcrumbList","@id":"https:\/\/jamonesmajadapedroche.es\/en\/payment-conditions\/#breadcrumb","itemListElement":[{"@type":"ListItem","position":1,"name":"Home","item":"https:\/\/jamonesmajadapedroche.es\/en\/"},{"@type":"ListItem","position":2,"name":"Payment conditions"}]},{"@type":"WebSite","@id":"https:\/\/jamonesmajadapedroche.es\/#website","url":"https:\/\/jamonesmajadapedroche.es\/","name":"Majada Pedroche Jam\u00f3n Ib\u00e9rico de bellota en Villanueva de C\u00f3rdoba","description":"Jam\u00f3n y embutidos ib\u00e9ricos 100% de bellota con Denominaci\u00f3n de Origen de los Pedroches","potentialAction":[{"@type":"SearchAction","target":{"@type":"EntryPoint","urlTemplate":"https:\/\/jamonesmajadapedroche.es\/?s={search_term_string}"},"query-input":"required name=search_term_string"}],"inLanguage":"en-US"}]}},"jetpack_sharing_enabled":true,"jetpack_shortlink":"https:\/\/wp.me\/P9gybB-5qN","_links":{"self":[{"href":"https:\/\/jamonesmajadapedroche.es\/en\/wp-json\/wp\/v2\/pages\/20881"}],"collection":[{"href":"https:\/\/jamonesmajadapedroche.es\/en\/wp-json\/wp\/v2\/pages"}],"about":[{"href":"https:\/\/jamonesmajadapedroche.es\/en\/wp-json\/wp\/v2\/types\/page"}],"author":[{"embeddable":true,"href":"https:\/\/jamonesmajadapedroche.es\/en\/wp-json\/wp\/v2\/users\/8"}],"replies":[{"embeddable":true,"href":"https:\/\/jamonesmajadapedroche.es\/en\/wp-json\/wp\/v2\/comments?post=20881"}],"version-history":[{"count":2,"href":"https:\/\/jamonesmajadapedroche.es\/en\/wp-json\/wp\/v2\/pages\/20881\/revisions"}],"predecessor-version":[{"id":21789,"href":"https:\/\/jamonesmajadapedroche.es\/en\/wp-json\/wp\/v2\/pages\/20881\/revisions\/21789"}],"wp:attachment":[{"href":"https:\/\/jamonesmajadapedroche.es\/en\/wp-json\/wp\/v2\/media?parent=20881"}],"curies":[{"name":"wp","href":"https:\/\/api.w.org\/{rel}","templated":true}]}}