{"id":20987,"date":"2021-06-07T18:22:06","date_gmt":"2021-06-07T16:22:06","guid":{"rendered":"https:\/\/jamonesmajadapedroche.es\/producto\/acorn-rib-majada-pedroche\/"},"modified":"2021-07-27T13:12:36","modified_gmt":"2021-07-27T11:12:36","slug":"rib-acorn-majada-pedroche","status":"publish","type":"product","link":"https:\/\/jamonesmajadapedroche.es\/en\/producto\/rib-acorn-majada-pedroche\/","title":{"rendered":"Acorn Rib Majada Pedroche"},"content":{"rendered":"<p>It is a special cut of the Iberian pig, which can be cooked in many ways, grilled, barbecue, stews &#8230;<\/p>\n","protected":false},"excerpt":{"rendered":"<p>It is a special cut of the Iberian pig, which can be cooked in many ways, grilled, barbecue, stews &#8230;<\/p>\n","protected":false},"featured_media":20808,"comment_status":"closed","ping_status":"closed","template":"","meta":{"_mi_skip_tracking":false,"jetpack_post_was_ever_published":false,"jetpack_publicize_message":"","jetpack_is_tweetstorm":false,"jetpack_publicize_feature_enabled":true},"product_cat":[1637],"product_tag":[],"jetpack_publicize_connections":[],"yoast_head":"<!-- This site is optimized with the Yoast SEO plugin v20.2.1 - https:\/\/yoast.com\/wordpress\/plugins\/seo\/ -->\n<title>Acorn Rib Majada Pedroche - Majada Pedroche Jam\u00f3n Ib\u00e9rico de bellota en Villanueva de C\u00f3rdoba<\/title>\n<meta name=\"robots\" content=\"index, follow, max-snippet:-1, max-image-preview:large, max-video-preview:-1\" \/>\n<link rel=\"canonical\" href=\"https:\/\/jamonesmajadapedroche.es\/en\/producto\/rib-acorn-majada-pedroche\/\" \/>\n<meta property=\"og:locale\" content=\"en_US\" \/>\n<meta property=\"og:type\" content=\"article\" \/>\n<meta property=\"og:title\" content=\"Acorn Rib Majada Pedroche - Majada Pedroche Jam\u00f3n Ib\u00e9rico de bellota en Villanueva de C\u00f3rdoba\" \/>\n<meta property=\"og:description\" content=\"It is a special cut of the Iberian pig, which can be cooked in many ways, grilled, barbecue, stews ...\" \/>\n<meta property=\"og:url\" content=\"https:\/\/jamonesmajadapedroche.es\/en\/producto\/rib-acorn-majada-pedroche\/\" \/>\n<meta property=\"og:site_name\" content=\"Majada Pedroche Jam\u00f3n Ib\u00e9rico de bellota en Villanueva de C\u00f3rdoba\" \/>\n<meta property=\"article:publisher\" content=\"https:\/\/www.facebook.com\/majadapedroche\/\" \/>\n<meta property=\"article:modified_time\" content=\"2021-07-27T11:12:36+00:00\" \/>\n<meta property=\"og:image\" content=\"https:\/\/i0.wp.com\/jamonesmajadapedroche.es\/wp-content\/uploads\/2021\/06\/Costilla-scaled.jpg?fit=2560%2C1810&ssl=1\" \/>\n\t<meta property=\"og:image:width\" content=\"2560\" \/>\n\t<meta property=\"og:image:height\" content=\"1810\" \/>\n\t<meta property=\"og:image:type\" content=\"image\/jpeg\" \/>\n<meta name=\"twitter:card\" content=\"summary_large_image\" \/>\n<meta name=\"twitter:site\" content=\"@majada_pedroche\" \/>\n<script type=\"application\/ld+json\" class=\"yoast-schema-graph\">{\"@context\":\"https:\/\/schema.org\",\"@graph\":[{\"@type\":\"WebPage\",\"@id\":\"https:\/\/jamonesmajadapedroche.es\/en\/producto\/rib-acorn-majada-pedroche\/\",\"url\":\"https:\/\/jamonesmajadapedroche.es\/en\/producto\/rib-acorn-majada-pedroche\/\",\"name\":\"Acorn Rib Majada Pedroche - Majada Pedroche Jam\u00f3n Ib\u00e9rico de bellota en Villanueva de C\u00f3rdoba\",\"isPartOf\":{\"@id\":\"https:\/\/jamonesmajadapedroche.es\/#website\"},\"datePublished\":\"2021-06-07T16:22:06+00:00\",\"dateModified\":\"2021-07-27T11:12:36+00:00\",\"breadcrumb\":{\"@id\":\"https:\/\/jamonesmajadapedroche.es\/en\/producto\/rib-acorn-majada-pedroche\/#breadcrumb\"},\"inLanguage\":\"en-US\",\"potentialAction\":[{\"@type\":\"ReadAction\",\"target\":[\"https:\/\/jamonesmajadapedroche.es\/en\/producto\/rib-acorn-majada-pedroche\/\"]}]},{\"@type\":\"BreadcrumbList\",\"@id\":\"https:\/\/jamonesmajadapedroche.es\/en\/producto\/rib-acorn-majada-pedroche\/#breadcrumb\",\"itemListElement\":[{\"@type\":\"ListItem\",\"position\":1,\"name\":\"Home\",\"item\":\"https:\/\/jamonesmajadapedroche.es\/en\/\"},{\"@type\":\"ListItem\",\"position\":2,\"name\":\"Shop\",\"item\":\"https:\/\/jamonesmajadapedroche.es\/en\/shop\/\"},{\"@type\":\"ListItem\",\"position\":3,\"name\":\"Acorn Rib Majada Pedroche\"}]},{\"@type\":\"WebSite\",\"@id\":\"https:\/\/jamonesmajadapedroche.es\/#website\",\"url\":\"https:\/\/jamonesmajadapedroche.es\/\",\"name\":\"Majada Pedroche Jam\u00f3n Ib\u00e9rico de bellota en Villanueva de C\u00f3rdoba\",\"description\":\"Jam\u00f3n y embutidos ib\u00e9ricos 100% de bellota con Denominaci\u00f3n de Origen de los Pedroches\",\"potentialAction\":[{\"@type\":\"SearchAction\",\"target\":{\"@type\":\"EntryPoint\",\"urlTemplate\":\"https:\/\/jamonesmajadapedroche.es\/?s={search_term_string}\"},\"query-input\":\"required name=search_term_string\"}],\"inLanguage\":\"en-US\"}]}<\/script>\n<!-- \/ Yoast SEO plugin. -->","yoast_head_json":{"title":"Acorn Rib Majada Pedroche - Majada Pedroche Jam\u00f3n Ib\u00e9rico de bellota en Villanueva de C\u00f3rdoba","robots":{"index":"index","follow":"follow","max-snippet":"max-snippet:-1","max-image-preview":"max-image-preview:large","max-video-preview":"max-video-preview:-1"},"canonical":"https:\/\/jamonesmajadapedroche.es\/en\/producto\/rib-acorn-majada-pedroche\/","og_locale":"en_US","og_type":"article","og_title":"Acorn Rib Majada Pedroche - Majada Pedroche Jam\u00f3n Ib\u00e9rico de bellota en Villanueva de C\u00f3rdoba","og_description":"It is a special cut of the Iberian pig, which can be cooked in many ways, grilled, barbecue, stews ...","og_url":"https:\/\/jamonesmajadapedroche.es\/en\/producto\/rib-acorn-majada-pedroche\/","og_site_name":"Majada Pedroche Jam\u00f3n Ib\u00e9rico de bellota en Villanueva de C\u00f3rdoba","article_publisher":"https:\/\/www.facebook.com\/majadapedroche\/","article_modified_time":"2021-07-27T11:12:36+00:00","og_image":[{"width":2560,"height":1810,"url":"https:\/\/i0.wp.com\/jamonesmajadapedroche.es\/wp-content\/uploads\/2021\/06\/Costilla-scaled.jpg?fit=2560%2C1810&ssl=1","type":"image\/jpeg"}],"twitter_card":"summary_large_image","twitter_site":"@majada_pedroche","schema":{"@context":"https:\/\/schema.org","@graph":[{"@type":"WebPage","@id":"https:\/\/jamonesmajadapedroche.es\/en\/producto\/rib-acorn-majada-pedroche\/","url":"https:\/\/jamonesmajadapedroche.es\/en\/producto\/rib-acorn-majada-pedroche\/","name":"Acorn Rib Majada Pedroche - Majada Pedroche Jam\u00f3n Ib\u00e9rico de bellota en Villanueva de C\u00f3rdoba","isPartOf":{"@id":"https:\/\/jamonesmajadapedroche.es\/#website"},"datePublished":"2021-06-07T16:22:06+00:00","dateModified":"2021-07-27T11:12:36+00:00","breadcrumb":{"@id":"https:\/\/jamonesmajadapedroche.es\/en\/producto\/rib-acorn-majada-pedroche\/#breadcrumb"},"inLanguage":"en-US","potentialAction":[{"@type":"ReadAction","target":["https:\/\/jamonesmajadapedroche.es\/en\/producto\/rib-acorn-majada-pedroche\/"]}]},{"@type":"BreadcrumbList","@id":"https:\/\/jamonesmajadapedroche.es\/en\/producto\/rib-acorn-majada-pedroche\/#breadcrumb","itemListElement":[{"@type":"ListItem","position":1,"name":"Home","item":"https:\/\/jamonesmajadapedroche.es\/en\/"},{"@type":"ListItem","position":2,"name":"Shop","item":"https:\/\/jamonesmajadapedroche.es\/en\/shop\/"},{"@type":"ListItem","position":3,"name":"Acorn Rib Majada Pedroche"}]},{"@type":"WebSite","@id":"https:\/\/jamonesmajadapedroche.es\/#website","url":"https:\/\/jamonesmajadapedroche.es\/","name":"Majada Pedroche Jam\u00f3n Ib\u00e9rico de bellota en Villanueva de C\u00f3rdoba","description":"Jam\u00f3n y embutidos ib\u00e9ricos 100% de bellota con Denominaci\u00f3n de Origen de los Pedroches","potentialAction":[{"@type":"SearchAction","target":{"@type":"EntryPoint","urlTemplate":"https:\/\/jamonesmajadapedroche.es\/?s={search_term_string}"},"query-input":"required name=search_term_string"}],"inLanguage":"en-US"}]}},"jetpack_sharing_enabled":true,"_links":{"self":[{"href":"https:\/\/jamonesmajadapedroche.es\/en\/wp-json\/wp\/v2\/product\/20987"}],"collection":[{"href":"https:\/\/jamonesmajadapedroche.es\/en\/wp-json\/wp\/v2\/product"}],"about":[{"href":"https:\/\/jamonesmajadapedroche.es\/en\/wp-json\/wp\/v2\/types\/product"}],"replies":[{"embeddable":true,"href":"https:\/\/jamonesmajadapedroche.es\/en\/wp-json\/wp\/v2\/comments?post=20987"}],"wp:featuredmedia":[{"embeddable":true,"href":"https:\/\/jamonesmajadapedroche.es\/en\/wp-json\/wp\/v2\/media\/20808"}],"wp:attachment":[{"href":"https:\/\/jamonesmajadapedroche.es\/en\/wp-json\/wp\/v2\/media?parent=20987"}],"wp:term":[{"taxonomy":"product_cat","embeddable":true,"href":"https:\/\/jamonesmajadapedroche.es\/en\/wp-json\/wp\/v2\/product_cat?post=20987"},{"taxonomy":"product_tag","embeddable":true,"href":"https:\/\/jamonesmajadapedroche.es\/en\/wp-json\/wp\/v2\/product_tag?post=20987"}],"curies":[{"name":"wp","href":"https:\/\/api.w.org\/{rel}","templated":true}]}}