{"id":20991,"date":"2020-07-06T10:53:39","date_gmt":"2020-07-06T08:53:39","guid":{"rendered":"https:\/\/jamonesmajadapedroche.es\/producto\/acorn-fed-pepper-salchichon-100-iberian-majada-pedroche\/"},"modified":"2021-07-27T13:14:35","modified_gmt":"2021-07-27T11:14:35","slug":"salchichon-pepper-acorn-iberico-majada-pedroche","status":"publish","type":"product","link":"https:\/\/jamonesmajadapedroche.es\/en\/producto\/salchichon-pepper-acorn-iberico-majada-pedroche\/","title":{"rendered":"Acorn-fed Pepper Salchich\u00f3n 100% Iberian Majada Pedroche"},"content":{"rendered":"<p>Made from selected lean from the best 100% Iberian acorn-fed pigs, wisely flavored with natural peppercorns and with an unmistakable texture that melts on the palate. Wrapped in a special pepper casing that enhances the flavor even more. This salchich\u00f3n comes from Iberian pigs fed with acorn during the montanera and cured in the north of C\u00f3rdoba, in the \u201cValle de Los Pedroches\u201d. It is an intense salami with a flavor full of nuances.<\/p>\n<p>100% Iberian acorn sausage.<br \/>\nGluten and lactose free product.<br \/>\n3-month cure.<br \/>\nPiece weight: 400-500 gr. approx.<\/p>\n","protected":false},"excerpt":{"rendered":"<p>Made from selected lean from the best 100% Iberian acorn-fed pigs, wisely flavored with natural peppercorns and with an unmistakable texture that melts on the palate. Wrapped in a special pepper casing that enhances the flavor even more. This salchich\u00f3n comes from Iberian pigs fed with acorn during the montanera and cured in the north of C\u00f3rdoba, in the \u201cValle de Los Pedroches\u201d. It is an intense salami with a flavor full of nuances.<\/p>\n<p>100% Iberian acorn sausage.<br \/>\nGluten and lactose free product.<br \/>\n3-month cure.<br \/>\nPiece weight: 400-500 gr. approx.<\/p>\n","protected":false},"featured_media":20785,"comment_status":"closed","ping_status":"closed","template":"","meta":{"_mi_skip_tracking":false,"jetpack_post_was_ever_published":false,"jetpack_publicize_message":"","jetpack_is_tweetstorm":false,"jetpack_publicize_feature_enabled":true},"product_cat":[1638],"product_tag":[],"jetpack_publicize_connections":[],"yoast_head":"<!-- This site is optimized with the Yoast SEO plugin v20.2.1 - https:\/\/yoast.com\/wordpress\/plugins\/seo\/ -->\n<title>Acorn-fed Pepper Salchich\u00f3n 100% Iberian Majada Pedroche<\/title>\n<meta name=\"description\" content=\"Pure acorn-fed Iberian ham - Maximum juiciness, oily touch and soft on the palate. Exquisite on the palate with fine persistence. Brilliant appearance in the cut\" \/>\n<meta name=\"robots\" content=\"index, follow, max-snippet:-1, max-image-preview:large, max-video-preview:-1\" \/>\n<link rel=\"canonical\" href=\"https:\/\/jamonesmajadapedroche.es\/en\/producto\/salchichon-pepper-acorn-iberico-majada-pedroche\/\" \/>\n<meta property=\"og:locale\" content=\"en_US\" \/>\n<meta property=\"og:type\" content=\"article\" \/>\n<meta property=\"og:title\" content=\"Acorn-fed Pepper Salchich\u00f3n 100% Iberian Majada Pedroche\" \/>\n<meta property=\"og:description\" content=\"Pure acorn-fed Iberian ham - Maximum juiciness, oily touch and soft on the palate. Exquisite on the palate with fine persistence. Brilliant appearance in the cut\" \/>\n<meta property=\"og:url\" content=\"https:\/\/jamonesmajadapedroche.es\/en\/producto\/salchichon-pepper-acorn-iberico-majada-pedroche\/\" \/>\n<meta property=\"og:site_name\" content=\"Majada Pedroche Jam\u00f3n Ib\u00e9rico de bellota en Villanueva de C\u00f3rdoba\" \/>\n<meta property=\"article:publisher\" content=\"https:\/\/www.facebook.com\/majadapedroche\/\" \/>\n<meta property=\"article:modified_time\" content=\"2021-07-27T11:14:35+00:00\" \/>\n<meta property=\"og:image\" content=\"https:\/\/i2.wp.com\/jamonesmajadapedroche.es\/wp-content\/uploads\/2020\/07\/Salchichon-de-pimienta-iberico-de-bellota-Majada-Pedroche-scaled.jpg?fit=1896%2C2560&ssl=1\" \/>\n\t<meta property=\"og:image:width\" content=\"1896\" \/>\n\t<meta property=\"og:image:height\" content=\"2560\" \/>\n\t<meta property=\"og:image:type\" content=\"image\/jpeg\" \/>\n<meta name=\"twitter:card\" content=\"summary_large_image\" \/>\n<meta name=\"twitter:site\" content=\"@majada_pedroche\" \/>\n<script type=\"application\/ld+json\" class=\"yoast-schema-graph\">{\"@context\":\"https:\/\/schema.org\",\"@graph\":[{\"@type\":\"WebPage\",\"@id\":\"https:\/\/jamonesmajadapedroche.es\/en\/producto\/salchichon-pepper-acorn-iberico-majada-pedroche\/\",\"url\":\"https:\/\/jamonesmajadapedroche.es\/en\/producto\/salchichon-pepper-acorn-iberico-majada-pedroche\/\",\"name\":\"Acorn-fed Pepper Salchich\u00f3n 100% Iberian Majada Pedroche\",\"isPartOf\":{\"@id\":\"https:\/\/jamonesmajadapedroche.es\/#website\"},\"datePublished\":\"2020-07-06T08:53:39+00:00\",\"dateModified\":\"2021-07-27T11:14:35+00:00\",\"description\":\"Pure acorn-fed Iberian ham - Maximum juiciness, oily touch and soft on the palate. Exquisite on the palate with fine persistence. Brilliant appearance in the cut\",\"breadcrumb\":{\"@id\":\"https:\/\/jamonesmajadapedroche.es\/en\/producto\/salchichon-pepper-acorn-iberico-majada-pedroche\/#breadcrumb\"},\"inLanguage\":\"en-US\",\"potentialAction\":[{\"@type\":\"ReadAction\",\"target\":[\"https:\/\/jamonesmajadapedroche.es\/en\/producto\/salchichon-pepper-acorn-iberico-majada-pedroche\/\"]}]},{\"@type\":\"BreadcrumbList\",\"@id\":\"https:\/\/jamonesmajadapedroche.es\/en\/producto\/salchichon-pepper-acorn-iberico-majada-pedroche\/#breadcrumb\",\"itemListElement\":[{\"@type\":\"ListItem\",\"position\":1,\"name\":\"Home\",\"item\":\"https:\/\/jamonesmajadapedroche.es\/en\/\"},{\"@type\":\"ListItem\",\"position\":2,\"name\":\"Shop\",\"item\":\"https:\/\/jamonesmajadapedroche.es\/en\/shop\/\"},{\"@type\":\"ListItem\",\"position\":3,\"name\":\"Acorn-fed Pepper Salchich\u00f3n 100% Iberian Majada Pedroche\"}]},{\"@type\":\"WebSite\",\"@id\":\"https:\/\/jamonesmajadapedroche.es\/#website\",\"url\":\"https:\/\/jamonesmajadapedroche.es\/\",\"name\":\"Majada Pedroche Jam\u00f3n Ib\u00e9rico de bellota en Villanueva de C\u00f3rdoba\",\"description\":\"Jam\u00f3n y embutidos ib\u00e9ricos 100% de bellota con Denominaci\u00f3n de Origen de los Pedroches\",\"potentialAction\":[{\"@type\":\"SearchAction\",\"target\":{\"@type\":\"EntryPoint\",\"urlTemplate\":\"https:\/\/jamonesmajadapedroche.es\/?s={search_term_string}\"},\"query-input\":\"required name=search_term_string\"}],\"inLanguage\":\"en-US\"}]}<\/script>\n<!-- \/ Yoast SEO plugin. -->","yoast_head_json":{"title":"Acorn-fed Pepper Salchich\u00f3n 100% Iberian Majada Pedroche","description":"Pure acorn-fed Iberian ham - Maximum juiciness, oily touch and soft on the palate. Exquisite on the palate with fine persistence. Brilliant appearance in the cut","robots":{"index":"index","follow":"follow","max-snippet":"max-snippet:-1","max-image-preview":"max-image-preview:large","max-video-preview":"max-video-preview:-1"},"canonical":"https:\/\/jamonesmajadapedroche.es\/en\/producto\/salchichon-pepper-acorn-iberico-majada-pedroche\/","og_locale":"en_US","og_type":"article","og_title":"Acorn-fed Pepper Salchich\u00f3n 100% Iberian Majada Pedroche","og_description":"Pure acorn-fed Iberian ham - Maximum juiciness, oily touch and soft on the palate. Exquisite on the palate with fine persistence. Brilliant appearance in the cut","og_url":"https:\/\/jamonesmajadapedroche.es\/en\/producto\/salchichon-pepper-acorn-iberico-majada-pedroche\/","og_site_name":"Majada Pedroche Jam\u00f3n Ib\u00e9rico de bellota en Villanueva de C\u00f3rdoba","article_publisher":"https:\/\/www.facebook.com\/majadapedroche\/","article_modified_time":"2021-07-27T11:14:35+00:00","og_image":[{"width":1896,"height":2560,"url":"https:\/\/i2.wp.com\/jamonesmajadapedroche.es\/wp-content\/uploads\/2020\/07\/Salchichon-de-pimienta-iberico-de-bellota-Majada-Pedroche-scaled.jpg?fit=1896%2C2560&ssl=1","type":"image\/jpeg"}],"twitter_card":"summary_large_image","twitter_site":"@majada_pedroche","schema":{"@context":"https:\/\/schema.org","@graph":[{"@type":"WebPage","@id":"https:\/\/jamonesmajadapedroche.es\/en\/producto\/salchichon-pepper-acorn-iberico-majada-pedroche\/","url":"https:\/\/jamonesmajadapedroche.es\/en\/producto\/salchichon-pepper-acorn-iberico-majada-pedroche\/","name":"Acorn-fed Pepper Salchich\u00f3n 100% Iberian Majada Pedroche","isPartOf":{"@id":"https:\/\/jamonesmajadapedroche.es\/#website"},"datePublished":"2020-07-06T08:53:39+00:00","dateModified":"2021-07-27T11:14:35+00:00","description":"Pure acorn-fed Iberian ham - Maximum juiciness, oily touch and soft on the palate. Exquisite on the palate with fine persistence. Brilliant appearance in the cut","breadcrumb":{"@id":"https:\/\/jamonesmajadapedroche.es\/en\/producto\/salchichon-pepper-acorn-iberico-majada-pedroche\/#breadcrumb"},"inLanguage":"en-US","potentialAction":[{"@type":"ReadAction","target":["https:\/\/jamonesmajadapedroche.es\/en\/producto\/salchichon-pepper-acorn-iberico-majada-pedroche\/"]}]},{"@type":"BreadcrumbList","@id":"https:\/\/jamonesmajadapedroche.es\/en\/producto\/salchichon-pepper-acorn-iberico-majada-pedroche\/#breadcrumb","itemListElement":[{"@type":"ListItem","position":1,"name":"Home","item":"https:\/\/jamonesmajadapedroche.es\/en\/"},{"@type":"ListItem","position":2,"name":"Shop","item":"https:\/\/jamonesmajadapedroche.es\/en\/shop\/"},{"@type":"ListItem","position":3,"name":"Acorn-fed Pepper Salchich\u00f3n 100% Iberian Majada Pedroche"}]},{"@type":"WebSite","@id":"https:\/\/jamonesmajadapedroche.es\/#website","url":"https:\/\/jamonesmajadapedroche.es\/","name":"Majada Pedroche Jam\u00f3n Ib\u00e9rico de bellota en Villanueva de C\u00f3rdoba","description":"Jam\u00f3n y embutidos ib\u00e9ricos 100% de bellota con Denominaci\u00f3n de Origen de los Pedroches","potentialAction":[{"@type":"SearchAction","target":{"@type":"EntryPoint","urlTemplate":"https:\/\/jamonesmajadapedroche.es\/?s={search_term_string}"},"query-input":"required name=search_term_string"}],"inLanguage":"en-US"}]}},"jetpack_sharing_enabled":true,"_links":{"self":[{"href":"https:\/\/jamonesmajadapedroche.es\/en\/wp-json\/wp\/v2\/product\/20991"}],"collection":[{"href":"https:\/\/jamonesmajadapedroche.es\/en\/wp-json\/wp\/v2\/product"}],"about":[{"href":"https:\/\/jamonesmajadapedroche.es\/en\/wp-json\/wp\/v2\/types\/product"}],"replies":[{"embeddable":true,"href":"https:\/\/jamonesmajadapedroche.es\/en\/wp-json\/wp\/v2\/comments?post=20991"}],"wp:featuredmedia":[{"embeddable":true,"href":"https:\/\/jamonesmajadapedroche.es\/en\/wp-json\/wp\/v2\/media\/20785"}],"wp:attachment":[{"href":"https:\/\/jamonesmajadapedroche.es\/en\/wp-json\/wp\/v2\/media?parent=20991"}],"wp:term":[{"taxonomy":"product_cat","embeddable":true,"href":"https:\/\/jamonesmajadapedroche.es\/en\/wp-json\/wp\/v2\/product_cat?post=20991"},{"taxonomy":"product_tag","embeddable":true,"href":"https:\/\/jamonesmajadapedroche.es\/en\/wp-json\/wp\/v2\/product_tag?post=20991"}],"curies":[{"name":"wp","href":"https:\/\/api.w.org\/{rel}","templated":true}]}}