{"id":20993,"date":"2020-07-06T10:35:24","date_gmt":"2020-07-06T08:35:24","guid":{"rendered":"https:\/\/jamonesmajadapedroche.es\/producto\/100-iberian-acorn-fed-natural-loin-majada-pedroche\/"},"modified":"2021-07-27T13:15:42","modified_gmt":"2021-07-27T11:15:42","slug":"loin-natural-acorn-100-iberico","status":"publish","type":"product","link":"https:\/\/jamonesmajadapedroche.es\/en\/producto\/loin-natural-acorn-100-iberico\/","title":{"rendered":"100% Iberian Acorn-fed Natural Loin Majada Pedroche"},"content":{"rendered":"<p>Made in a traditional way with the best fresh loin from 100% Iberian acorn-fed pork, selected spices and careful curing. Pinkish in color and with the marbling of the fat characteristic of acorn-fed Iberian sausages from the north of C\u00f3rdoba, in the \u201cValle de Los Pedroches\u201d. Its mild aroma and a sweet and intense flavor stand out. It has a smooth texture with traces of fat infiltration unmistakable because it comes from Iberian pigs.<\/p>\n<ul>\n<li>Acorn-fed 100% Iberian.<\/li>\n<li>Gluten and lactose free product.<\/li>\n<li>3-month cure.<\/li>\n<li>Piece weight: 600 grs.<\/li>\n<\/ul>\n","protected":false},"excerpt":{"rendered":"<p>Made in a traditional way with the best fresh loin from 100% Iberian acorn-fed pork, selected spices and careful curing. Pinkish in color and with the marbling of the fat characteristic of acorn-fed Iberian sausages from the north of C\u00f3rdoba, in the \u201cValle de Los Pedroches\u201d. Its mild aroma and a sweet and intense flavor stand out. It has a smooth texture with traces of fat infiltration unmistakable because it comes from Iberian pigs.<\/p>\n<ul>\n<li>Acorn-fed 100% Iberian.<\/li>\n<li>Gluten and lactose free product.<\/li>\n<li>3-month cure.<\/li>\n<li>Piece weight: 600 grs.<\/li>\n<\/ul>\n","protected":false},"featured_media":20783,"comment_status":"closed","ping_status":"closed","template":"","meta":{"_mi_skip_tracking":false,"jetpack_post_was_ever_published":false,"jetpack_publicize_message":"","jetpack_is_tweetstorm":false,"jetpack_publicize_feature_enabled":true},"product_cat":[1638],"product_tag":[],"jetpack_publicize_connections":[],"yoast_head":"<!-- This site is optimized with the Yoast SEO plugin v20.2.1 - https:\/\/yoast.com\/wordpress\/plugins\/seo\/ -->\n<title>Acorn-fed Pepper Salchich\u00f3n 100% Iberian Majada Pedroche<\/title>\n<meta name=\"description\" content=\"Pure acorn-fed Iberian ham - Maximum juiciness, oily touch and soft on the palate. Exquisite on the palate with fine persistence. Brilliant appearance in the cut\" \/>\n<meta name=\"robots\" content=\"index, follow, max-snippet:-1, max-image-preview:large, max-video-preview:-1\" \/>\n<link rel=\"canonical\" href=\"https:\/\/jamonesmajadapedroche.es\/en\/producto\/loin-natural-acorn-100-iberico\/\" \/>\n<meta property=\"og:locale\" content=\"en_US\" \/>\n<meta property=\"og:type\" content=\"article\" \/>\n<meta property=\"og:title\" content=\"Acorn-fed Pepper Salchich\u00f3n 100% Iberian Majada Pedroche\" \/>\n<meta property=\"og:description\" content=\"Pure acorn-fed Iberian ham - Maximum juiciness, oily touch and soft on the palate. Exquisite on the palate with fine persistence. Brilliant appearance in the cut\" \/>\n<meta property=\"og:url\" content=\"https:\/\/jamonesmajadapedroche.es\/en\/producto\/loin-natural-acorn-100-iberico\/\" \/>\n<meta property=\"og:site_name\" content=\"Majada Pedroche Jam\u00f3n Ib\u00e9rico de bellota en Villanueva de C\u00f3rdoba\" \/>\n<meta property=\"article:publisher\" content=\"https:\/\/www.facebook.com\/majadapedroche\/\" \/>\n<meta property=\"article:modified_time\" content=\"2021-07-27T11:15:42+00:00\" \/>\n<meta property=\"og:image\" content=\"https:\/\/i0.wp.com\/jamonesmajadapedroche.es\/wp-content\/uploads\/2020\/07\/Lomo-natural-de-bellota-100x100-iberico-scaled.jpg?fit=1896%2C2560&ssl=1\" \/>\n\t<meta property=\"og:image:width\" content=\"1896\" \/>\n\t<meta property=\"og:image:height\" content=\"2560\" \/>\n\t<meta property=\"og:image:type\" content=\"image\/jpeg\" \/>\n<meta name=\"twitter:card\" content=\"summary_large_image\" \/>\n<meta name=\"twitter:site\" content=\"@majada_pedroche\" \/>\n<script type=\"application\/ld+json\" class=\"yoast-schema-graph\">{\"@context\":\"https:\/\/schema.org\",\"@graph\":[{\"@type\":\"WebPage\",\"@id\":\"https:\/\/jamonesmajadapedroche.es\/en\/producto\/loin-natural-acorn-100-iberico\/\",\"url\":\"https:\/\/jamonesmajadapedroche.es\/en\/producto\/loin-natural-acorn-100-iberico\/\",\"name\":\"Acorn-fed Pepper Salchich\u00f3n 100% Iberian Majada Pedroche\",\"isPartOf\":{\"@id\":\"https:\/\/jamonesmajadapedroche.es\/#website\"},\"datePublished\":\"2020-07-06T08:35:24+00:00\",\"dateModified\":\"2021-07-27T11:15:42+00:00\",\"description\":\"Pure acorn-fed Iberian ham - Maximum juiciness, oily touch and soft on the palate. Exquisite on the palate with fine persistence. Brilliant appearance in the cut\",\"breadcrumb\":{\"@id\":\"https:\/\/jamonesmajadapedroche.es\/en\/producto\/loin-natural-acorn-100-iberico\/#breadcrumb\"},\"inLanguage\":\"en-US\",\"potentialAction\":[{\"@type\":\"ReadAction\",\"target\":[\"https:\/\/jamonesmajadapedroche.es\/en\/producto\/loin-natural-acorn-100-iberico\/\"]}]},{\"@type\":\"BreadcrumbList\",\"@id\":\"https:\/\/jamonesmajadapedroche.es\/en\/producto\/loin-natural-acorn-100-iberico\/#breadcrumb\",\"itemListElement\":[{\"@type\":\"ListItem\",\"position\":1,\"name\":\"Home\",\"item\":\"https:\/\/jamonesmajadapedroche.es\/en\/\"},{\"@type\":\"ListItem\",\"position\":2,\"name\":\"Shop\",\"item\":\"https:\/\/jamonesmajadapedroche.es\/en\/shop\/\"},{\"@type\":\"ListItem\",\"position\":3,\"name\":\"100% Iberian Acorn-fed Natural Loin Majada Pedroche\"}]},{\"@type\":\"WebSite\",\"@id\":\"https:\/\/jamonesmajadapedroche.es\/#website\",\"url\":\"https:\/\/jamonesmajadapedroche.es\/\",\"name\":\"Majada Pedroche Jam\u00f3n Ib\u00e9rico de bellota en Villanueva de C\u00f3rdoba\",\"description\":\"Jam\u00f3n y embutidos ib\u00e9ricos 100% de bellota con Denominaci\u00f3n de Origen de los Pedroches\",\"potentialAction\":[{\"@type\":\"SearchAction\",\"target\":{\"@type\":\"EntryPoint\",\"urlTemplate\":\"https:\/\/jamonesmajadapedroche.es\/?s={search_term_string}\"},\"query-input\":\"required name=search_term_string\"}],\"inLanguage\":\"en-US\"}]}<\/script>\n<!-- \/ Yoast SEO plugin. -->","yoast_head_json":{"title":"Acorn-fed Pepper Salchich\u00f3n 100% Iberian Majada Pedroche","description":"Pure acorn-fed Iberian ham - Maximum juiciness, oily touch and soft on the palate. Exquisite on the palate with fine persistence. Brilliant appearance in the cut","robots":{"index":"index","follow":"follow","max-snippet":"max-snippet:-1","max-image-preview":"max-image-preview:large","max-video-preview":"max-video-preview:-1"},"canonical":"https:\/\/jamonesmajadapedroche.es\/en\/producto\/loin-natural-acorn-100-iberico\/","og_locale":"en_US","og_type":"article","og_title":"Acorn-fed Pepper Salchich\u00f3n 100% Iberian Majada Pedroche","og_description":"Pure acorn-fed Iberian ham - Maximum juiciness, oily touch and soft on the palate. Exquisite on the palate with fine persistence. Brilliant appearance in the cut","og_url":"https:\/\/jamonesmajadapedroche.es\/en\/producto\/loin-natural-acorn-100-iberico\/","og_site_name":"Majada Pedroche Jam\u00f3n Ib\u00e9rico de bellota en Villanueva de C\u00f3rdoba","article_publisher":"https:\/\/www.facebook.com\/majadapedroche\/","article_modified_time":"2021-07-27T11:15:42+00:00","og_image":[{"width":1896,"height":2560,"url":"https:\/\/i0.wp.com\/jamonesmajadapedroche.es\/wp-content\/uploads\/2020\/07\/Lomo-natural-de-bellota-100x100-iberico-scaled.jpg?fit=1896%2C2560&ssl=1","type":"image\/jpeg"}],"twitter_card":"summary_large_image","twitter_site":"@majada_pedroche","schema":{"@context":"https:\/\/schema.org","@graph":[{"@type":"WebPage","@id":"https:\/\/jamonesmajadapedroche.es\/en\/producto\/loin-natural-acorn-100-iberico\/","url":"https:\/\/jamonesmajadapedroche.es\/en\/producto\/loin-natural-acorn-100-iberico\/","name":"Acorn-fed Pepper Salchich\u00f3n 100% Iberian Majada Pedroche","isPartOf":{"@id":"https:\/\/jamonesmajadapedroche.es\/#website"},"datePublished":"2020-07-06T08:35:24+00:00","dateModified":"2021-07-27T11:15:42+00:00","description":"Pure acorn-fed Iberian ham - Maximum juiciness, oily touch and soft on the palate. Exquisite on the palate with fine persistence. Brilliant appearance in the cut","breadcrumb":{"@id":"https:\/\/jamonesmajadapedroche.es\/en\/producto\/loin-natural-acorn-100-iberico\/#breadcrumb"},"inLanguage":"en-US","potentialAction":[{"@type":"ReadAction","target":["https:\/\/jamonesmajadapedroche.es\/en\/producto\/loin-natural-acorn-100-iberico\/"]}]},{"@type":"BreadcrumbList","@id":"https:\/\/jamonesmajadapedroche.es\/en\/producto\/loin-natural-acorn-100-iberico\/#breadcrumb","itemListElement":[{"@type":"ListItem","position":1,"name":"Home","item":"https:\/\/jamonesmajadapedroche.es\/en\/"},{"@type":"ListItem","position":2,"name":"Shop","item":"https:\/\/jamonesmajadapedroche.es\/en\/shop\/"},{"@type":"ListItem","position":3,"name":"100% Iberian Acorn-fed Natural Loin Majada Pedroche"}]},{"@type":"WebSite","@id":"https:\/\/jamonesmajadapedroche.es\/#website","url":"https:\/\/jamonesmajadapedroche.es\/","name":"Majada Pedroche Jam\u00f3n Ib\u00e9rico de bellota en Villanueva de C\u00f3rdoba","description":"Jam\u00f3n y embutidos ib\u00e9ricos 100% de bellota con Denominaci\u00f3n de Origen de los Pedroches","potentialAction":[{"@type":"SearchAction","target":{"@type":"EntryPoint","urlTemplate":"https:\/\/jamonesmajadapedroche.es\/?s={search_term_string}"},"query-input":"required name=search_term_string"}],"inLanguage":"en-US"}]}},"jetpack_sharing_enabled":true,"_links":{"self":[{"href":"https:\/\/jamonesmajadapedroche.es\/en\/wp-json\/wp\/v2\/product\/20993"}],"collection":[{"href":"https:\/\/jamonesmajadapedroche.es\/en\/wp-json\/wp\/v2\/product"}],"about":[{"href":"https:\/\/jamonesmajadapedroche.es\/en\/wp-json\/wp\/v2\/types\/product"}],"replies":[{"embeddable":true,"href":"https:\/\/jamonesmajadapedroche.es\/en\/wp-json\/wp\/v2\/comments?post=20993"}],"wp:featuredmedia":[{"embeddable":true,"href":"https:\/\/jamonesmajadapedroche.es\/en\/wp-json\/wp\/v2\/media\/20783"}],"wp:attachment":[{"href":"https:\/\/jamonesmajadapedroche.es\/en\/wp-json\/wp\/v2\/media?parent=20993"}],"wp:term":[{"taxonomy":"product_cat","embeddable":true,"href":"https:\/\/jamonesmajadapedroche.es\/en\/wp-json\/wp\/v2\/product_cat?post=20993"},{"taxonomy":"product_tag","embeddable":true,"href":"https:\/\/jamonesmajadapedroche.es\/en\/wp-json\/wp\/v2\/product_tag?post=20993"}],"curies":[{"name":"wp","href":"https:\/\/api.w.org\/{rel}","templated":true}]}}