{"id":20998,"date":"2017-09-28T18:56:05","date_gmt":"2017-09-28T16:56:05","guid":{"rendered":"https:\/\/jamonesmajadapedroche.es\/producto\/acorn-fed-100-iberian-shoulder-dop-los-pedroches-blister\/"},"modified":"2021-07-27T13:19:32","modified_gmt":"2021-07-27T11:19:32","slug":"tray-pallet-iberica-pura-100-acorn","status":"publish","type":"product","link":"https:\/\/jamonesmajadapedroche.es\/en\/producto\/tray-pallet-iberica-pura-100-acorn\/","title":{"rendered":"Acorn-fed 100% Iberian Shoulder DOP Los Pedroches &#8211; Blister"},"content":{"rendered":"<h2>Acorn-fed 100% Iberian Shoulder DOP Los Pedroches<\/h2>\n<p>Acorn-fed Iberian shoulder tray 100gr. approx.<\/p>\n<p>Sliced with great flavor, quality and aroma. Exquisite on the palate with fine persistence. From the best Iberian pigs in the north of the province of C\u00f3rdoba, in the \u201c<a href=\"https:\/\/jamonesmajadapedroche.es\/nosotros\/\"> Los Pedroches Valley<\/a> \u201d.<\/p>\n<ul>\n<li>Acorn-fed 100% Iberian shoulder PDO Los Pedroches.<\/li>\n<li>Gluten and lactose free product.<\/li>\n<li>100% natural curing of more than 24 months.<\/li>\n<li>Weight: 100 gr.<\/li>\n<\/ul>\n","protected":false},"excerpt":{"rendered":"<p>Acorn-fed Iberian shoulder tray 100gr. approx. Sliced with great flavor, quality and aroma. Exquisite on the palate with fine persistence. Coming from the best Iberian pigs in the north of the province of C\u00f3rdoba, in the \u201cValle de Los Pedroches\u201d.<\/p>\n<ul>\n<li>Acorn-fed 100% Iberian Shoulder DOP Los Pedroches<\/li>\n<li>Gluten and lactose free product.<\/li>\n<li>100% natural curing of more than 24 months.<\/li>\n<li>Weight: 100 gr.<\/li>\n<\/ul>\n<p>* Minimum order quantity: 4 blister<\/p>\n","protected":false},"featured_media":20851,"comment_status":"closed","ping_status":"closed","template":"","meta":{"_mi_skip_tracking":false,"jetpack_post_was_ever_published":false,"jetpack_publicize_message":"","jetpack_is_tweetstorm":false,"jetpack_publicize_feature_enabled":true},"product_cat":[1639],"product_tag":[],"jetpack_publicize_connections":[],"yoast_head":"<!-- This site is optimized with the Yoast SEO plugin v20.2.1 - https:\/\/yoast.com\/wordpress\/plugins\/seo\/ -->\n<title>100% Acorn Iberian Shoulder Tray | Valley of the Pedroches C\u00f3rdoba<\/title>\n<meta name=\"description\" content=\"Tray of sliced acorn-fed Iberian shoulder from the best Iberian pigs from the Los Pedroches Valley in Villanueva de C\u00f3rdoba\" \/>\n<meta name=\"robots\" content=\"index, follow, max-snippet:-1, max-image-preview:large, max-video-preview:-1\" \/>\n<link rel=\"canonical\" href=\"https:\/\/jamonesmajadapedroche.es\/en\/producto\/tray-pallet-iberica-pura-100-acorn\/\" \/>\n<meta property=\"og:locale\" content=\"en_US\" \/>\n<meta property=\"og:type\" content=\"article\" \/>\n<meta property=\"og:title\" content=\"100% Acorn Iberian Shoulder Tray | Valley of the Pedroches C\u00f3rdoba\" \/>\n<meta property=\"og:description\" content=\"Tray of sliced acorn-fed Iberian shoulder from the best Iberian pigs from the Los Pedroches Valley in Villanueva de C\u00f3rdoba\" \/>\n<meta property=\"og:url\" content=\"https:\/\/jamonesmajadapedroche.es\/en\/producto\/tray-pallet-iberica-pura-100-acorn\/\" \/>\n<meta property=\"og:site_name\" content=\"Majada Pedroche Jam\u00f3n Ib\u00e9rico de bellota en Villanueva de C\u00f3rdoba\" \/>\n<meta property=\"article:publisher\" content=\"https:\/\/www.facebook.com\/majadapedroche\/\" \/>\n<meta property=\"article:modified_time\" content=\"2021-07-27T11:19:32+00:00\" \/>\n<meta property=\"og:image\" content=\"https:\/\/i1.wp.com\/jamonesmajadapedroche.es\/wp-content\/uploads\/2021\/06\/43-paleta-DO-envasada.jpg?fit=1896%2C2560&ssl=1\" \/>\n\t<meta property=\"og:image:width\" content=\"1896\" \/>\n\t<meta property=\"og:image:height\" content=\"2560\" \/>\n\t<meta property=\"og:image:type\" content=\"image\/jpeg\" \/>\n<meta name=\"twitter:card\" content=\"summary_large_image\" \/>\n<meta name=\"twitter:site\" content=\"@majada_pedroche\" \/>\n<script type=\"application\/ld+json\" class=\"yoast-schema-graph\">{\"@context\":\"https:\/\/schema.org\",\"@graph\":[{\"@type\":\"WebPage\",\"@id\":\"https:\/\/jamonesmajadapedroche.es\/en\/producto\/tray-pallet-iberica-pura-100-acorn\/\",\"url\":\"https:\/\/jamonesmajadapedroche.es\/en\/producto\/tray-pallet-iberica-pura-100-acorn\/\",\"name\":\"100% Acorn Iberian Shoulder Tray | Valley of the Pedroches C\u00f3rdoba\",\"isPartOf\":{\"@id\":\"https:\/\/jamonesmajadapedroche.es\/#website\"},\"datePublished\":\"2017-09-28T16:56:05+00:00\",\"dateModified\":\"2021-07-27T11:19:32+00:00\",\"description\":\"Tray of sliced acorn-fed Iberian shoulder from the best Iberian pigs from the Los Pedroches Valley in Villanueva de C\u00f3rdoba\",\"breadcrumb\":{\"@id\":\"https:\/\/jamonesmajadapedroche.es\/en\/producto\/tray-pallet-iberica-pura-100-acorn\/#breadcrumb\"},\"inLanguage\":\"en-US\",\"potentialAction\":[{\"@type\":\"ReadAction\",\"target\":[\"https:\/\/jamonesmajadapedroche.es\/en\/producto\/tray-pallet-iberica-pura-100-acorn\/\"]}]},{\"@type\":\"BreadcrumbList\",\"@id\":\"https:\/\/jamonesmajadapedroche.es\/en\/producto\/tray-pallet-iberica-pura-100-acorn\/#breadcrumb\",\"itemListElement\":[{\"@type\":\"ListItem\",\"position\":1,\"name\":\"Home\",\"item\":\"https:\/\/jamonesmajadapedroche.es\/en\/\"},{\"@type\":\"ListItem\",\"position\":2,\"name\":\"Shop\",\"item\":\"https:\/\/jamonesmajadapedroche.es\/en\/shop\/\"},{\"@type\":\"ListItem\",\"position\":3,\"name\":\"Acorn-fed 100% Iberian Shoulder DOP Los Pedroches &#8211; Blister\"}]},{\"@type\":\"WebSite\",\"@id\":\"https:\/\/jamonesmajadapedroche.es\/#website\",\"url\":\"https:\/\/jamonesmajadapedroche.es\/\",\"name\":\"Majada Pedroche Jam\u00f3n Ib\u00e9rico de bellota en Villanueva de C\u00f3rdoba\",\"description\":\"Jam\u00f3n y embutidos ib\u00e9ricos 100% de bellota con Denominaci\u00f3n de Origen de los Pedroches\",\"potentialAction\":[{\"@type\":\"SearchAction\",\"target\":{\"@type\":\"EntryPoint\",\"urlTemplate\":\"https:\/\/jamonesmajadapedroche.es\/?s={search_term_string}\"},\"query-input\":\"required name=search_term_string\"}],\"inLanguage\":\"en-US\"}]}<\/script>\n<!-- \/ Yoast SEO plugin. -->","yoast_head_json":{"title":"100% Acorn Iberian Shoulder Tray | Valley of the Pedroches C\u00f3rdoba","description":"Tray of sliced acorn-fed Iberian shoulder from the best Iberian pigs from the Los Pedroches Valley in Villanueva de C\u00f3rdoba","robots":{"index":"index","follow":"follow","max-snippet":"max-snippet:-1","max-image-preview":"max-image-preview:large","max-video-preview":"max-video-preview:-1"},"canonical":"https:\/\/jamonesmajadapedroche.es\/en\/producto\/tray-pallet-iberica-pura-100-acorn\/","og_locale":"en_US","og_type":"article","og_title":"100% Acorn Iberian Shoulder Tray | Valley of the Pedroches C\u00f3rdoba","og_description":"Tray of sliced acorn-fed Iberian shoulder from the best Iberian pigs from the Los Pedroches Valley in Villanueva de C\u00f3rdoba","og_url":"https:\/\/jamonesmajadapedroche.es\/en\/producto\/tray-pallet-iberica-pura-100-acorn\/","og_site_name":"Majada Pedroche Jam\u00f3n Ib\u00e9rico de bellota en Villanueva de C\u00f3rdoba","article_publisher":"https:\/\/www.facebook.com\/majadapedroche\/","article_modified_time":"2021-07-27T11:19:32+00:00","og_image":[{"width":1896,"height":2560,"url":"https:\/\/i1.wp.com\/jamonesmajadapedroche.es\/wp-content\/uploads\/2021\/06\/43-paleta-DO-envasada.jpg?fit=1896%2C2560&ssl=1","type":"image\/jpeg"}],"twitter_card":"summary_large_image","twitter_site":"@majada_pedroche","schema":{"@context":"https:\/\/schema.org","@graph":[{"@type":"WebPage","@id":"https:\/\/jamonesmajadapedroche.es\/en\/producto\/tray-pallet-iberica-pura-100-acorn\/","url":"https:\/\/jamonesmajadapedroche.es\/en\/producto\/tray-pallet-iberica-pura-100-acorn\/","name":"100% Acorn Iberian Shoulder Tray | Valley of the Pedroches C\u00f3rdoba","isPartOf":{"@id":"https:\/\/jamonesmajadapedroche.es\/#website"},"datePublished":"2017-09-28T16:56:05+00:00","dateModified":"2021-07-27T11:19:32+00:00","description":"Tray of sliced acorn-fed Iberian shoulder from the best Iberian pigs from the Los Pedroches Valley in Villanueva de C\u00f3rdoba","breadcrumb":{"@id":"https:\/\/jamonesmajadapedroche.es\/en\/producto\/tray-pallet-iberica-pura-100-acorn\/#breadcrumb"},"inLanguage":"en-US","potentialAction":[{"@type":"ReadAction","target":["https:\/\/jamonesmajadapedroche.es\/en\/producto\/tray-pallet-iberica-pura-100-acorn\/"]}]},{"@type":"BreadcrumbList","@id":"https:\/\/jamonesmajadapedroche.es\/en\/producto\/tray-pallet-iberica-pura-100-acorn\/#breadcrumb","itemListElement":[{"@type":"ListItem","position":1,"name":"Home","item":"https:\/\/jamonesmajadapedroche.es\/en\/"},{"@type":"ListItem","position":2,"name":"Shop","item":"https:\/\/jamonesmajadapedroche.es\/en\/shop\/"},{"@type":"ListItem","position":3,"name":"Acorn-fed 100% Iberian Shoulder DOP Los Pedroches &#8211; Blister"}]},{"@type":"WebSite","@id":"https:\/\/jamonesmajadapedroche.es\/#website","url":"https:\/\/jamonesmajadapedroche.es\/","name":"Majada Pedroche Jam\u00f3n Ib\u00e9rico de bellota en Villanueva de C\u00f3rdoba","description":"Jam\u00f3n y embutidos ib\u00e9ricos 100% de bellota con Denominaci\u00f3n de Origen de los Pedroches","potentialAction":[{"@type":"SearchAction","target":{"@type":"EntryPoint","urlTemplate":"https:\/\/jamonesmajadapedroche.es\/?s={search_term_string}"},"query-input":"required name=search_term_string"}],"inLanguage":"en-US"}]}},"jetpack_sharing_enabled":true,"_links":{"self":[{"href":"https:\/\/jamonesmajadapedroche.es\/en\/wp-json\/wp\/v2\/product\/20998"}],"collection":[{"href":"https:\/\/jamonesmajadapedroche.es\/en\/wp-json\/wp\/v2\/product"}],"about":[{"href":"https:\/\/jamonesmajadapedroche.es\/en\/wp-json\/wp\/v2\/types\/product"}],"replies":[{"embeddable":true,"href":"https:\/\/jamonesmajadapedroche.es\/en\/wp-json\/wp\/v2\/comments?post=20998"}],"wp:featuredmedia":[{"embeddable":true,"href":"https:\/\/jamonesmajadapedroche.es\/en\/wp-json\/wp\/v2\/media\/20851"}],"wp:attachment":[{"href":"https:\/\/jamonesmajadapedroche.es\/en\/wp-json\/wp\/v2\/media?parent=20998"}],"wp:term":[{"taxonomy":"product_cat","embeddable":true,"href":"https:\/\/jamonesmajadapedroche.es\/en\/wp-json\/wp\/v2\/product_cat?post=20998"},{"taxonomy":"product_tag","embeddable":true,"href":"https:\/\/jamonesmajadapedroche.es\/en\/wp-json\/wp\/v2\/product_tag?post=20998"}],"curies":[{"name":"wp","href":"https:\/\/api.w.org\/{rel}","templated":true}]}}