{"id":20999,"date":"2017-09-28T18:45:59","date_gmt":"2017-09-28T16:45:59","guid":{"rendered":"https:\/\/jamonesmajadapedroche.es\/producto\/fresh-iberian-white-chorizo-majada-pedroche\/"},"modified":"2021-07-27T13:20:54","modified_gmt":"2021-07-27T11:20:54","slug":"chorizo-blanco-fresco-majada-pedroche","status":"publish","type":"product","link":"https:\/\/jamonesmajadapedroche.es\/en\/producto\/chorizo-blanco-fresco-majada-pedroche\/","title":{"rendered":"Fresh Iberian White Chorizo Majada Pedroche"},"content":{"rendered":"<p>Product made with the best 100% Iberian acorn-fed lean pork, it is an Iberian chorizo with a unique and characteristic flavor of the \u201cLos Pedroches Valley\u201d, preserving the same dressings and artisanal elaboration processes.<\/p>\n<p>Our sausages are cured in natural drying rooms, controlling temperature and humidity to achieve optimal drying and maturation.<\/p>\n<ul>\n<li>100% Iberian acorn sausage.<\/li>\n<li>Gluten and lactose free product.<\/li>\n<li>Healing of more than a month.<\/li>\n<li>Piece weight: 400-500 gr. approx.<\/li>\n<\/ul>\n","protected":false},"excerpt":{"rendered":"<p>Product made with the best 100% Iberian acorn-fed lean pork, it is an Iberian chorizo with a unique and characteristic flavor of the \u201cLos Pedroches Valley\u201d, preserving the same dressings and artisanal elaboration processes.<\/p>\n<p>Our sausages are cured in natural drying rooms, controlling temperature and humidity to achieve optimal drying and maturation.<\/p>\n<ul>\n<li>100% Iberian acorn sausage.<\/li>\n<li>Gluten and lactose free product.<\/li>\n<li>Healing of more than a month.<\/li>\n<li>Piece weight: 400-500 gr. approx.<\/li>\n<\/ul>\n","protected":false},"featured_media":20768,"comment_status":"closed","ping_status":"closed","template":"","meta":{"_mi_skip_tracking":false,"jetpack_post_was_ever_published":false,"jetpack_publicize_message":"","jetpack_is_tweetstorm":false,"jetpack_publicize_feature_enabled":true},"product_cat":[1635],"product_tag":[],"jetpack_publicize_connections":[],"yoast_head":"<!-- This site is optimized with the Yoast SEO plugin v20.2.1 - https:\/\/yoast.com\/wordpress\/plugins\/seo\/ -->\n<title>Fresh Iberian White Chorizo Majada Pedroche - Majada Pedroche Jam\u00f3n Ib\u00e9rico de bellota en Villanueva de C\u00f3rdoba<\/title>\n<meta name=\"robots\" content=\"index, follow, max-snippet:-1, max-image-preview:large, max-video-preview:-1\" \/>\n<link rel=\"canonical\" href=\"https:\/\/jamonesmajadapedroche.es\/en\/producto\/chorizo-blanco-fresco-majada-pedroche\/\" \/>\n<meta property=\"og:locale\" content=\"en_US\" \/>\n<meta property=\"og:type\" content=\"article\" \/>\n<meta property=\"og:title\" content=\"Fresh Iberian White Chorizo Majada Pedroche - Majada Pedroche Jam\u00f3n Ib\u00e9rico de bellota en Villanueva de C\u00f3rdoba\" \/>\n<meta property=\"og:description\" content=\"Product made with the best 100% Iberian acorn-fed lean pork, it is an Iberian chorizo with a unique and characteristic flavor of the \u201cLos Pedroches Valley\u201d, preserving the same dressings and artisanal elaboration processes. Our sausages are cured in natural drying rooms, controlling temperature and humidity to achieve optimal drying and maturation.  100% Iberian acorn sausage.  Gluten and lactose free product.  Healing of more than a month.  Piece weight: 400-500 gr. approx.\" \/>\n<meta property=\"og:url\" content=\"https:\/\/jamonesmajadapedroche.es\/en\/producto\/chorizo-blanco-fresco-majada-pedroche\/\" \/>\n<meta property=\"og:site_name\" content=\"Majada Pedroche Jam\u00f3n Ib\u00e9rico de bellota en Villanueva de C\u00f3rdoba\" \/>\n<meta property=\"article:publisher\" content=\"https:\/\/www.facebook.com\/majadapedroche\/\" \/>\n<meta property=\"article:modified_time\" content=\"2021-07-27T11:20:54+00:00\" \/>\n<meta property=\"og:image\" content=\"https:\/\/i2.wp.com\/jamonesmajadapedroche.es\/wp-content\/uploads\/2017\/09\/Chorizo-blanco-iberico-fresco-Majada-Predroche-scaled.jpg?fit=1896%2C2560&ssl=1\" \/>\n\t<meta property=\"og:image:width\" content=\"1896\" \/>\n\t<meta property=\"og:image:height\" content=\"2560\" \/>\n\t<meta property=\"og:image:type\" content=\"image\/jpeg\" \/>\n<meta name=\"twitter:card\" content=\"summary_large_image\" \/>\n<meta name=\"twitter:site\" content=\"@majada_pedroche\" \/>\n<script type=\"application\/ld+json\" class=\"yoast-schema-graph\">{\"@context\":\"https:\/\/schema.org\",\"@graph\":[{\"@type\":\"WebPage\",\"@id\":\"https:\/\/jamonesmajadapedroche.es\/en\/producto\/chorizo-blanco-fresco-majada-pedroche\/\",\"url\":\"https:\/\/jamonesmajadapedroche.es\/en\/producto\/chorizo-blanco-fresco-majada-pedroche\/\",\"name\":\"Fresh Iberian White Chorizo Majada Pedroche - Majada Pedroche Jam\u00f3n Ib\u00e9rico de bellota en Villanueva de C\u00f3rdoba\",\"isPartOf\":{\"@id\":\"https:\/\/jamonesmajadapedroche.es\/#website\"},\"datePublished\":\"2017-09-28T16:45:59+00:00\",\"dateModified\":\"2021-07-27T11:20:54+00:00\",\"breadcrumb\":{\"@id\":\"https:\/\/jamonesmajadapedroche.es\/en\/producto\/chorizo-blanco-fresco-majada-pedroche\/#breadcrumb\"},\"inLanguage\":\"en-US\",\"potentialAction\":[{\"@type\":\"ReadAction\",\"target\":[\"https:\/\/jamonesmajadapedroche.es\/en\/producto\/chorizo-blanco-fresco-majada-pedroche\/\"]}]},{\"@type\":\"BreadcrumbList\",\"@id\":\"https:\/\/jamonesmajadapedroche.es\/en\/producto\/chorizo-blanco-fresco-majada-pedroche\/#breadcrumb\",\"itemListElement\":[{\"@type\":\"ListItem\",\"position\":1,\"name\":\"Home\",\"item\":\"https:\/\/jamonesmajadapedroche.es\/en\/\"},{\"@type\":\"ListItem\",\"position\":2,\"name\":\"Shop\",\"item\":\"https:\/\/jamonesmajadapedroche.es\/en\/shop\/\"},{\"@type\":\"ListItem\",\"position\":3,\"name\":\"Fresh Iberian White Chorizo Majada Pedroche\"}]},{\"@type\":\"WebSite\",\"@id\":\"https:\/\/jamonesmajadapedroche.es\/#website\",\"url\":\"https:\/\/jamonesmajadapedroche.es\/\",\"name\":\"Majada Pedroche Jam\u00f3n Ib\u00e9rico de bellota en Villanueva de C\u00f3rdoba\",\"description\":\"Jam\u00f3n y embutidos ib\u00e9ricos 100% de bellota con Denominaci\u00f3n de Origen de los Pedroches\",\"potentialAction\":[{\"@type\":\"SearchAction\",\"target\":{\"@type\":\"EntryPoint\",\"urlTemplate\":\"https:\/\/jamonesmajadapedroche.es\/?s={search_term_string}\"},\"query-input\":\"required name=search_term_string\"}],\"inLanguage\":\"en-US\"}]}<\/script>\n<!-- \/ Yoast SEO plugin. -->","yoast_head_json":{"title":"Fresh Iberian White Chorizo Majada Pedroche - Majada Pedroche Jam\u00f3n Ib\u00e9rico de bellota en Villanueva de C\u00f3rdoba","robots":{"index":"index","follow":"follow","max-snippet":"max-snippet:-1","max-image-preview":"max-image-preview:large","max-video-preview":"max-video-preview:-1"},"canonical":"https:\/\/jamonesmajadapedroche.es\/en\/producto\/chorizo-blanco-fresco-majada-pedroche\/","og_locale":"en_US","og_type":"article","og_title":"Fresh Iberian White Chorizo Majada Pedroche - Majada Pedroche Jam\u00f3n Ib\u00e9rico de bellota en Villanueva de C\u00f3rdoba","og_description":"Product made with the best 100% Iberian acorn-fed lean pork, it is an Iberian chorizo with a unique and characteristic flavor of the \u201cLos Pedroches Valley\u201d, preserving the same dressings and artisanal elaboration processes. Our sausages are cured in natural drying rooms, controlling temperature and humidity to achieve optimal drying and maturation.  100% Iberian acorn sausage.  Gluten and lactose free product.  Healing of more than a month.  Piece weight: 400-500 gr. approx.","og_url":"https:\/\/jamonesmajadapedroche.es\/en\/producto\/chorizo-blanco-fresco-majada-pedroche\/","og_site_name":"Majada Pedroche Jam\u00f3n Ib\u00e9rico de bellota en Villanueva de C\u00f3rdoba","article_publisher":"https:\/\/www.facebook.com\/majadapedroche\/","article_modified_time":"2021-07-27T11:20:54+00:00","og_image":[{"width":1896,"height":2560,"url":"https:\/\/i2.wp.com\/jamonesmajadapedroche.es\/wp-content\/uploads\/2017\/09\/Chorizo-blanco-iberico-fresco-Majada-Predroche-scaled.jpg?fit=1896%2C2560&ssl=1","type":"image\/jpeg"}],"twitter_card":"summary_large_image","twitter_site":"@majada_pedroche","schema":{"@context":"https:\/\/schema.org","@graph":[{"@type":"WebPage","@id":"https:\/\/jamonesmajadapedroche.es\/en\/producto\/chorizo-blanco-fresco-majada-pedroche\/","url":"https:\/\/jamonesmajadapedroche.es\/en\/producto\/chorizo-blanco-fresco-majada-pedroche\/","name":"Fresh Iberian White Chorizo Majada Pedroche - Majada Pedroche Jam\u00f3n Ib\u00e9rico de bellota en Villanueva de C\u00f3rdoba","isPartOf":{"@id":"https:\/\/jamonesmajadapedroche.es\/#website"},"datePublished":"2017-09-28T16:45:59+00:00","dateModified":"2021-07-27T11:20:54+00:00","breadcrumb":{"@id":"https:\/\/jamonesmajadapedroche.es\/en\/producto\/chorizo-blanco-fresco-majada-pedroche\/#breadcrumb"},"inLanguage":"en-US","potentialAction":[{"@type":"ReadAction","target":["https:\/\/jamonesmajadapedroche.es\/en\/producto\/chorizo-blanco-fresco-majada-pedroche\/"]}]},{"@type":"BreadcrumbList","@id":"https:\/\/jamonesmajadapedroche.es\/en\/producto\/chorizo-blanco-fresco-majada-pedroche\/#breadcrumb","itemListElement":[{"@type":"ListItem","position":1,"name":"Home","item":"https:\/\/jamonesmajadapedroche.es\/en\/"},{"@type":"ListItem","position":2,"name":"Shop","item":"https:\/\/jamonesmajadapedroche.es\/en\/shop\/"},{"@type":"ListItem","position":3,"name":"Fresh Iberian White Chorizo Majada Pedroche"}]},{"@type":"WebSite","@id":"https:\/\/jamonesmajadapedroche.es\/#website","url":"https:\/\/jamonesmajadapedroche.es\/","name":"Majada Pedroche Jam\u00f3n Ib\u00e9rico de bellota en Villanueva de C\u00f3rdoba","description":"Jam\u00f3n y embutidos ib\u00e9ricos 100% de bellota con Denominaci\u00f3n de Origen de los Pedroches","potentialAction":[{"@type":"SearchAction","target":{"@type":"EntryPoint","urlTemplate":"https:\/\/jamonesmajadapedroche.es\/?s={search_term_string}"},"query-input":"required name=search_term_string"}],"inLanguage":"en-US"}]}},"jetpack_sharing_enabled":true,"_links":{"self":[{"href":"https:\/\/jamonesmajadapedroche.es\/en\/wp-json\/wp\/v2\/product\/20999"}],"collection":[{"href":"https:\/\/jamonesmajadapedroche.es\/en\/wp-json\/wp\/v2\/product"}],"about":[{"href":"https:\/\/jamonesmajadapedroche.es\/en\/wp-json\/wp\/v2\/types\/product"}],"replies":[{"embeddable":true,"href":"https:\/\/jamonesmajadapedroche.es\/en\/wp-json\/wp\/v2\/comments?post=20999"}],"wp:featuredmedia":[{"embeddable":true,"href":"https:\/\/jamonesmajadapedroche.es\/en\/wp-json\/wp\/v2\/media\/20768"}],"wp:attachment":[{"href":"https:\/\/jamonesmajadapedroche.es\/en\/wp-json\/wp\/v2\/media?parent=20999"}],"wp:term":[{"taxonomy":"product_cat","embeddable":true,"href":"https:\/\/jamonesmajadapedroche.es\/en\/wp-json\/wp\/v2\/product_cat?post=20999"},{"taxonomy":"product_tag","embeddable":true,"href":"https:\/\/jamonesmajadapedroche.es\/en\/wp-json\/wp\/v2\/product_tag?post=20999"}],"curies":[{"name":"wp","href":"https:\/\/api.w.org\/{rel}","templated":true}]}}