{"id":21004,"date":"2017-09-28T18:52:28","date_gmt":"2017-09-28T16:52:28","guid":{"rendered":"https:\/\/jamonesmajadapedroche.es\/producto\/majada-pedroche-dam\/"},"modified":"2021-07-27T13:26:21","modified_gmt":"2021-07-27T11:26:21","slug":"dam-iberica-majada-pedroche","status":"publish","type":"product","link":"https:\/\/jamonesmajadapedroche.es\/en\/producto\/dam-iberica-majada-pedroche\/","title":{"rendered":"Majada Pedroche Dam"},"content":{"rendered":"","protected":false},"excerpt":{"rendered":"<p>The prey of Iberian pig or Iberian prey is for many the best cut of meat of this animal. It has a good proportion of infiltrated fat, resulting in a very tasty and juicy meat. This meat is found next to the shoulders, forming part of the head of the loin and is the most infiltrated part of it. From 100% Iberian acorn-fed pigs from the north of C\u00f3rdoba, in the \u201cValle de Los Pedroches\u201d. Suitable for grilling, on the grill or on barbecues. Stewed, grilled or roasted, it brings out its full potential.<\/p>\n<ul>\n<li>100% Iberian acorn meat.<\/li>\n<li>Frozen or fresh.<\/li>\n<li>Gluten and lactose free product.<\/li>\n<li>Piece weight: 700 gr.<\/li>\n<\/ul>\n","protected":false},"featured_media":20799,"comment_status":"closed","ping_status":"closed","template":"","meta":{"_mi_skip_tracking":false,"jetpack_post_was_ever_published":false,"jetpack_publicize_message":"","jetpack_is_tweetstorm":false,"jetpack_publicize_feature_enabled":true},"product_cat":[1637],"product_tag":[],"jetpack_publicize_connections":[],"yoast_head":"<!-- This site is optimized with the Yoast SEO plugin v20.2.1 - https:\/\/yoast.com\/wordpress\/plugins\/seo\/ -->\n<title>Majada Pedroche Dam - Majada Pedroche Jam\u00f3n Ib\u00e9rico de bellota en Villanueva de C\u00f3rdoba<\/title>\n<meta name=\"robots\" content=\"index, follow, max-snippet:-1, max-image-preview:large, max-video-preview:-1\" \/>\n<link rel=\"canonical\" href=\"https:\/\/jamonesmajadapedroche.es\/en\/producto\/dam-iberica-majada-pedroche\/\" \/>\n<meta property=\"og:locale\" content=\"en_US\" \/>\n<meta property=\"og:type\" content=\"article\" \/>\n<meta property=\"og:title\" content=\"Majada Pedroche Dam - Majada Pedroche Jam\u00f3n Ib\u00e9rico de bellota en Villanueva de C\u00f3rdoba\" \/>\n<meta property=\"og:description\" content=\"The prey of Iberian pig or Iberian prey is for many the best cut of meat of this animal. It has a good proportion of infiltrated fat, resulting in a very tasty and juicy meat. This meat is found next to the shoulders, forming part of the head of the loin and is the most infiltrated part of it. From 100% Iberian acorn-fed pigs from the north of C\u00f3rdoba, in the \u201cValle de Los Pedroches\u201d. Suitable for grilling, on the grill or on barbecues. Stewed, grilled or roasted, it brings out its full potential.  100% Iberian acorn meat.  Frozen or fresh.  Gluten and lactose free product.  Piece weight: 700 gr.\" \/>\n<meta property=\"og:url\" content=\"https:\/\/jamonesmajadapedroche.es\/en\/producto\/dam-iberica-majada-pedroche\/\" \/>\n<meta property=\"og:site_name\" content=\"Majada Pedroche Jam\u00f3n Ib\u00e9rico de bellota en Villanueva de C\u00f3rdoba\" \/>\n<meta property=\"article:publisher\" content=\"https:\/\/www.facebook.com\/majadapedroche\/\" \/>\n<meta property=\"article:modified_time\" content=\"2021-07-27T11:26:21+00:00\" \/>\n<meta property=\"og:image\" content=\"https:\/\/i1.wp.com\/jamonesmajadapedroche.es\/wp-content\/uploads\/2021\/05\/FiletePresa-scaled.jpg?fit=2560%2C1810&ssl=1\" \/>\n\t<meta property=\"og:image:width\" content=\"2560\" \/>\n\t<meta property=\"og:image:height\" content=\"1810\" \/>\n\t<meta property=\"og:image:type\" content=\"image\/jpeg\" \/>\n<meta name=\"twitter:card\" content=\"summary_large_image\" \/>\n<meta name=\"twitter:site\" content=\"@majada_pedroche\" \/>\n<script type=\"application\/ld+json\" class=\"yoast-schema-graph\">{\"@context\":\"https:\/\/schema.org\",\"@graph\":[{\"@type\":\"WebPage\",\"@id\":\"https:\/\/jamonesmajadapedroche.es\/en\/producto\/dam-iberica-majada-pedroche\/\",\"url\":\"https:\/\/jamonesmajadapedroche.es\/en\/producto\/dam-iberica-majada-pedroche\/\",\"name\":\"Majada Pedroche Dam - Majada Pedroche Jam\u00f3n Ib\u00e9rico de bellota en Villanueva de C\u00f3rdoba\",\"isPartOf\":{\"@id\":\"https:\/\/jamonesmajadapedroche.es\/#website\"},\"datePublished\":\"2017-09-28T16:52:28+00:00\",\"dateModified\":\"2021-07-27T11:26:21+00:00\",\"breadcrumb\":{\"@id\":\"https:\/\/jamonesmajadapedroche.es\/en\/producto\/dam-iberica-majada-pedroche\/#breadcrumb\"},\"inLanguage\":\"en-US\",\"potentialAction\":[{\"@type\":\"ReadAction\",\"target\":[\"https:\/\/jamonesmajadapedroche.es\/en\/producto\/dam-iberica-majada-pedroche\/\"]}]},{\"@type\":\"BreadcrumbList\",\"@id\":\"https:\/\/jamonesmajadapedroche.es\/en\/producto\/dam-iberica-majada-pedroche\/#breadcrumb\",\"itemListElement\":[{\"@type\":\"ListItem\",\"position\":1,\"name\":\"Home\",\"item\":\"https:\/\/jamonesmajadapedroche.es\/en\/\"},{\"@type\":\"ListItem\",\"position\":2,\"name\":\"Shop\",\"item\":\"https:\/\/jamonesmajadapedroche.es\/en\/shop\/\"},{\"@type\":\"ListItem\",\"position\":3,\"name\":\"Majada Pedroche Dam\"}]},{\"@type\":\"WebSite\",\"@id\":\"https:\/\/jamonesmajadapedroche.es\/#website\",\"url\":\"https:\/\/jamonesmajadapedroche.es\/\",\"name\":\"Majada Pedroche Jam\u00f3n Ib\u00e9rico de bellota en Villanueva de C\u00f3rdoba\",\"description\":\"Jam\u00f3n y embutidos ib\u00e9ricos 100% de bellota con Denominaci\u00f3n de Origen de los Pedroches\",\"potentialAction\":[{\"@type\":\"SearchAction\",\"target\":{\"@type\":\"EntryPoint\",\"urlTemplate\":\"https:\/\/jamonesmajadapedroche.es\/?s={search_term_string}\"},\"query-input\":\"required name=search_term_string\"}],\"inLanguage\":\"en-US\"}]}<\/script>\n<!-- \/ Yoast SEO plugin. -->","yoast_head_json":{"title":"Majada Pedroche Dam - Majada Pedroche Jam\u00f3n Ib\u00e9rico de bellota en Villanueva de C\u00f3rdoba","robots":{"index":"index","follow":"follow","max-snippet":"max-snippet:-1","max-image-preview":"max-image-preview:large","max-video-preview":"max-video-preview:-1"},"canonical":"https:\/\/jamonesmajadapedroche.es\/en\/producto\/dam-iberica-majada-pedroche\/","og_locale":"en_US","og_type":"article","og_title":"Majada Pedroche Dam - Majada Pedroche Jam\u00f3n Ib\u00e9rico de bellota en Villanueva de C\u00f3rdoba","og_description":"The prey of Iberian pig or Iberian prey is for many the best cut of meat of this animal. It has a good proportion of infiltrated fat, resulting in a very tasty and juicy meat. This meat is found next to the shoulders, forming part of the head of the loin and is the most infiltrated part of it. From 100% Iberian acorn-fed pigs from the north of C\u00f3rdoba, in the \u201cValle de Los Pedroches\u201d. Suitable for grilling, on the grill or on barbecues. Stewed, grilled or roasted, it brings out its full potential.  100% Iberian acorn meat.  Frozen or fresh.  Gluten and lactose free product.  Piece weight: 700 gr.","og_url":"https:\/\/jamonesmajadapedroche.es\/en\/producto\/dam-iberica-majada-pedroche\/","og_site_name":"Majada Pedroche Jam\u00f3n Ib\u00e9rico de bellota en Villanueva de C\u00f3rdoba","article_publisher":"https:\/\/www.facebook.com\/majadapedroche\/","article_modified_time":"2021-07-27T11:26:21+00:00","og_image":[{"width":2560,"height":1810,"url":"https:\/\/i1.wp.com\/jamonesmajadapedroche.es\/wp-content\/uploads\/2021\/05\/FiletePresa-scaled.jpg?fit=2560%2C1810&ssl=1","type":"image\/jpeg"}],"twitter_card":"summary_large_image","twitter_site":"@majada_pedroche","schema":{"@context":"https:\/\/schema.org","@graph":[{"@type":"WebPage","@id":"https:\/\/jamonesmajadapedroche.es\/en\/producto\/dam-iberica-majada-pedroche\/","url":"https:\/\/jamonesmajadapedroche.es\/en\/producto\/dam-iberica-majada-pedroche\/","name":"Majada Pedroche Dam - Majada Pedroche Jam\u00f3n Ib\u00e9rico de bellota en Villanueva de C\u00f3rdoba","isPartOf":{"@id":"https:\/\/jamonesmajadapedroche.es\/#website"},"datePublished":"2017-09-28T16:52:28+00:00","dateModified":"2021-07-27T11:26:21+00:00","breadcrumb":{"@id":"https:\/\/jamonesmajadapedroche.es\/en\/producto\/dam-iberica-majada-pedroche\/#breadcrumb"},"inLanguage":"en-US","potentialAction":[{"@type":"ReadAction","target":["https:\/\/jamonesmajadapedroche.es\/en\/producto\/dam-iberica-majada-pedroche\/"]}]},{"@type":"BreadcrumbList","@id":"https:\/\/jamonesmajadapedroche.es\/en\/producto\/dam-iberica-majada-pedroche\/#breadcrumb","itemListElement":[{"@type":"ListItem","position":1,"name":"Home","item":"https:\/\/jamonesmajadapedroche.es\/en\/"},{"@type":"ListItem","position":2,"name":"Shop","item":"https:\/\/jamonesmajadapedroche.es\/en\/shop\/"},{"@type":"ListItem","position":3,"name":"Majada Pedroche Dam"}]},{"@type":"WebSite","@id":"https:\/\/jamonesmajadapedroche.es\/#website","url":"https:\/\/jamonesmajadapedroche.es\/","name":"Majada Pedroche Jam\u00f3n Ib\u00e9rico de bellota en Villanueva de C\u00f3rdoba","description":"Jam\u00f3n y embutidos ib\u00e9ricos 100% de bellota con Denominaci\u00f3n de Origen de los Pedroches","potentialAction":[{"@type":"SearchAction","target":{"@type":"EntryPoint","urlTemplate":"https:\/\/jamonesmajadapedroche.es\/?s={search_term_string}"},"query-input":"required name=search_term_string"}],"inLanguage":"en-US"}]}},"jetpack_sharing_enabled":true,"_links":{"self":[{"href":"https:\/\/jamonesmajadapedroche.es\/en\/wp-json\/wp\/v2\/product\/21004"}],"collection":[{"href":"https:\/\/jamonesmajadapedroche.es\/en\/wp-json\/wp\/v2\/product"}],"about":[{"href":"https:\/\/jamonesmajadapedroche.es\/en\/wp-json\/wp\/v2\/types\/product"}],"replies":[{"embeddable":true,"href":"https:\/\/jamonesmajadapedroche.es\/en\/wp-json\/wp\/v2\/comments?post=21004"}],"wp:featuredmedia":[{"embeddable":true,"href":"https:\/\/jamonesmajadapedroche.es\/en\/wp-json\/wp\/v2\/media\/20799"}],"wp:attachment":[{"href":"https:\/\/jamonesmajadapedroche.es\/en\/wp-json\/wp\/v2\/media?parent=21004"}],"wp:term":[{"taxonomy":"product_cat","embeddable":true,"href":"https:\/\/jamonesmajadapedroche.es\/en\/wp-json\/wp\/v2\/product_cat?post=21004"},{"taxonomy":"product_tag","embeddable":true,"href":"https:\/\/jamonesmajadapedroche.es\/en\/wp-json\/wp\/v2\/product_tag?post=21004"}],"curies":[{"name":"wp","href":"https:\/\/api.w.org\/{rel}","templated":true}]}}