{"id":21010,"date":"2017-09-28T18:49:51","date_gmt":"2017-09-28T16:49:51","guid":{"rendered":"https:\/\/jamonesmajadapedroche.es\/producto\/majada-pedroche-feather\/"},"modified":"2017-09-28T18:49:51","modified_gmt":"2017-09-28T16:49:51","slug":"iberian-pen","status":"publish","type":"product","link":"https:\/\/jamonesmajadapedroche.es\/en\/producto\/iberian-pen\/","title":{"rendered":"Majada Pedroche feather"},"content":{"rendered":"<p>It is currently one of the most consumed 100% Iberian acorn-fed pork cuts, it is a fine cut with a characteristic elongated and almost triangular shape, for which it is given the pen name. It presents the particular infiltration of fat typical of good cuts of pork. It is a juicy and tender meat, ideal for lovers of good cuisine.<\/p>\n<p>Meat from 100% acorn-fed Iberian pigs from the north of C\u00f3rdoba, in the \u201cValle de Los Pedroches\u201d.<\/p>\n<ul>\n<li>Acorn-fed 100% Iberian acorn meat.<\/li>\n<li>Frozen or fresh.<\/li>\n<li>Gluten and lactose free product.<\/li>\n<li>Piece weight: 300-400 gr. approx.<\/li>\n<\/ul>\n","protected":false},"excerpt":{"rendered":"<p>It is currently one of the most consumed 100% Iberian acorn-fed pork cuts, it is a fine cut with a characteristic elongated and almost triangular shape, for which it is given the pen name. It presents the particular infiltration of fat typical of good cuts of pork. It is a juicy and tender meat, ideal for lovers of good cuisine.<\/p>\n<p>Meat from 100% acorn-fed Iberian pigs from the north of C\u00f3rdoba, in the \u201cValle de Los Pedroches\u201d.<\/p>\n<ul>\n<li>Acorn-fed 100% Iberian acorn meat.<\/li>\n<li>Frozen or fresh.<\/li>\n<li>Gluten and lactose free product.<\/li>\n<li>Piece weight: 300-400 gr. approx.<\/li>\n<\/ul>\n","protected":false},"featured_media":20806,"comment_status":"closed","ping_status":"closed","template":"","meta":{"_mi_skip_tracking":false,"jetpack_post_was_ever_published":false,"jetpack_publicize_message":"","jetpack_is_tweetstorm":false,"jetpack_publicize_feature_enabled":true},"product_cat":[1637],"product_tag":[],"jetpack_publicize_connections":[],"yoast_head":"<!-- This site is optimized with the Yoast SEO plugin v20.2.1 - https:\/\/yoast.com\/wordpress\/plugins\/seo\/ -->\n<title>Majada Pedroche feather - Majada Pedroche Jam\u00f3n Ib\u00e9rico de bellota en Villanueva de C\u00f3rdoba<\/title>\n<meta name=\"robots\" content=\"index, follow, max-snippet:-1, max-image-preview:large, max-video-preview:-1\" \/>\n<link rel=\"canonical\" href=\"https:\/\/jamonesmajadapedroche.es\/en\/producto\/iberian-pen\/\" \/>\n<meta property=\"og:locale\" content=\"en_US\" \/>\n<meta property=\"og:type\" content=\"article\" \/>\n<meta property=\"og:title\" content=\"Majada Pedroche feather - Majada Pedroche Jam\u00f3n Ib\u00e9rico de bellota en Villanueva de C\u00f3rdoba\" \/>\n<meta property=\"og:description\" content=\"It is currently one of the most consumed 100% Iberian acorn-fed pork cuts, it is a fine cut with a characteristic elongated and almost triangular shape, for which it is given the pen name. It presents the particular infiltration of fat typical of good cuts of pork. It is a juicy and tender meat, ideal for lovers of good cuisine. Meat from 100% acorn-fed Iberian pigs from the north of C\u00f3rdoba, in the \u201cValle de Los Pedroches\u201d.  Acorn-fed 100% Iberian acorn meat.  Frozen or fresh.  Gluten and lactose free product.  Piece weight: 300-400 gr. approx.\" \/>\n<meta property=\"og:url\" content=\"https:\/\/jamonesmajadapedroche.es\/en\/producto\/iberian-pen\/\" \/>\n<meta property=\"og:site_name\" content=\"Majada Pedroche Jam\u00f3n Ib\u00e9rico de bellota en Villanueva de C\u00f3rdoba\" \/>\n<meta property=\"article:publisher\" content=\"https:\/\/www.facebook.com\/majadapedroche\/\" \/>\n<meta property=\"og:image\" content=\"https:\/\/i0.wp.com\/jamonesmajadapedroche.es\/wp-content\/uploads\/2017\/09\/Pluma.jpg?fit=1600%2C1131&ssl=1\" \/>\n\t<meta property=\"og:image:width\" content=\"1600\" \/>\n\t<meta property=\"og:image:height\" content=\"1131\" \/>\n\t<meta property=\"og:image:type\" content=\"image\/jpeg\" \/>\n<meta name=\"twitter:card\" content=\"summary_large_image\" \/>\n<meta name=\"twitter:site\" content=\"@majada_pedroche\" \/>\n<script type=\"application\/ld+json\" class=\"yoast-schema-graph\">{\"@context\":\"https:\/\/schema.org\",\"@graph\":[{\"@type\":\"WebPage\",\"@id\":\"https:\/\/jamonesmajadapedroche.es\/en\/producto\/iberian-pen\/\",\"url\":\"https:\/\/jamonesmajadapedroche.es\/en\/producto\/iberian-pen\/\",\"name\":\"Majada Pedroche feather - Majada Pedroche Jam\u00f3n Ib\u00e9rico de bellota en Villanueva de C\u00f3rdoba\",\"isPartOf\":{\"@id\":\"https:\/\/jamonesmajadapedroche.es\/#website\"},\"datePublished\":\"2017-09-28T16:49:51+00:00\",\"dateModified\":\"2017-09-28T16:49:51+00:00\",\"breadcrumb\":{\"@id\":\"https:\/\/jamonesmajadapedroche.es\/en\/producto\/iberian-pen\/#breadcrumb\"},\"inLanguage\":\"en-US\",\"potentialAction\":[{\"@type\":\"ReadAction\",\"target\":[\"https:\/\/jamonesmajadapedroche.es\/en\/producto\/iberian-pen\/\"]}]},{\"@type\":\"BreadcrumbList\",\"@id\":\"https:\/\/jamonesmajadapedroche.es\/en\/producto\/iberian-pen\/#breadcrumb\",\"itemListElement\":[{\"@type\":\"ListItem\",\"position\":1,\"name\":\"Home\",\"item\":\"https:\/\/jamonesmajadapedroche.es\/en\/\"},{\"@type\":\"ListItem\",\"position\":2,\"name\":\"Shop\",\"item\":\"https:\/\/jamonesmajadapedroche.es\/en\/shop\/\"},{\"@type\":\"ListItem\",\"position\":3,\"name\":\"Majada Pedroche feather\"}]},{\"@type\":\"WebSite\",\"@id\":\"https:\/\/jamonesmajadapedroche.es\/#website\",\"url\":\"https:\/\/jamonesmajadapedroche.es\/\",\"name\":\"Majada Pedroche Jam\u00f3n Ib\u00e9rico de bellota en Villanueva de C\u00f3rdoba\",\"description\":\"Jam\u00f3n y embutidos ib\u00e9ricos 100% de bellota con Denominaci\u00f3n de Origen de los Pedroches\",\"potentialAction\":[{\"@type\":\"SearchAction\",\"target\":{\"@type\":\"EntryPoint\",\"urlTemplate\":\"https:\/\/jamonesmajadapedroche.es\/?s={search_term_string}\"},\"query-input\":\"required name=search_term_string\"}],\"inLanguage\":\"en-US\"}]}<\/script>\n<!-- \/ Yoast SEO plugin. -->","yoast_head_json":{"title":"Majada Pedroche feather - Majada Pedroche Jam\u00f3n Ib\u00e9rico de bellota en Villanueva de C\u00f3rdoba","robots":{"index":"index","follow":"follow","max-snippet":"max-snippet:-1","max-image-preview":"max-image-preview:large","max-video-preview":"max-video-preview:-1"},"canonical":"https:\/\/jamonesmajadapedroche.es\/en\/producto\/iberian-pen\/","og_locale":"en_US","og_type":"article","og_title":"Majada Pedroche feather - Majada Pedroche Jam\u00f3n Ib\u00e9rico de bellota en Villanueva de C\u00f3rdoba","og_description":"It is currently one of the most consumed 100% Iberian acorn-fed pork cuts, it is a fine cut with a characteristic elongated and almost triangular shape, for which it is given the pen name. It presents the particular infiltration of fat typical of good cuts of pork. It is a juicy and tender meat, ideal for lovers of good cuisine. Meat from 100% acorn-fed Iberian pigs from the north of C\u00f3rdoba, in the \u201cValle de Los Pedroches\u201d.  Acorn-fed 100% Iberian acorn meat.  Frozen or fresh.  Gluten and lactose free product.  Piece weight: 300-400 gr. approx.","og_url":"https:\/\/jamonesmajadapedroche.es\/en\/producto\/iberian-pen\/","og_site_name":"Majada Pedroche Jam\u00f3n Ib\u00e9rico de bellota en Villanueva de C\u00f3rdoba","article_publisher":"https:\/\/www.facebook.com\/majadapedroche\/","og_image":[{"width":1600,"height":1131,"url":"https:\/\/i0.wp.com\/jamonesmajadapedroche.es\/wp-content\/uploads\/2017\/09\/Pluma.jpg?fit=1600%2C1131&ssl=1","type":"image\/jpeg"}],"twitter_card":"summary_large_image","twitter_site":"@majada_pedroche","schema":{"@context":"https:\/\/schema.org","@graph":[{"@type":"WebPage","@id":"https:\/\/jamonesmajadapedroche.es\/en\/producto\/iberian-pen\/","url":"https:\/\/jamonesmajadapedroche.es\/en\/producto\/iberian-pen\/","name":"Majada Pedroche feather - Majada Pedroche Jam\u00f3n Ib\u00e9rico de bellota en Villanueva de C\u00f3rdoba","isPartOf":{"@id":"https:\/\/jamonesmajadapedroche.es\/#website"},"datePublished":"2017-09-28T16:49:51+00:00","dateModified":"2017-09-28T16:49:51+00:00","breadcrumb":{"@id":"https:\/\/jamonesmajadapedroche.es\/en\/producto\/iberian-pen\/#breadcrumb"},"inLanguage":"en-US","potentialAction":[{"@type":"ReadAction","target":["https:\/\/jamonesmajadapedroche.es\/en\/producto\/iberian-pen\/"]}]},{"@type":"BreadcrumbList","@id":"https:\/\/jamonesmajadapedroche.es\/en\/producto\/iberian-pen\/#breadcrumb","itemListElement":[{"@type":"ListItem","position":1,"name":"Home","item":"https:\/\/jamonesmajadapedroche.es\/en\/"},{"@type":"ListItem","position":2,"name":"Shop","item":"https:\/\/jamonesmajadapedroche.es\/en\/shop\/"},{"@type":"ListItem","position":3,"name":"Majada Pedroche feather"}]},{"@type":"WebSite","@id":"https:\/\/jamonesmajadapedroche.es\/#website","url":"https:\/\/jamonesmajadapedroche.es\/","name":"Majada Pedroche Jam\u00f3n Ib\u00e9rico de bellota en Villanueva de C\u00f3rdoba","description":"Jam\u00f3n y embutidos ib\u00e9ricos 100% de bellota con Denominaci\u00f3n de Origen de los Pedroches","potentialAction":[{"@type":"SearchAction","target":{"@type":"EntryPoint","urlTemplate":"https:\/\/jamonesmajadapedroche.es\/?s={search_term_string}"},"query-input":"required name=search_term_string"}],"inLanguage":"en-US"}]}},"jetpack_sharing_enabled":true,"_links":{"self":[{"href":"https:\/\/jamonesmajadapedroche.es\/en\/wp-json\/wp\/v2\/product\/21010"}],"collection":[{"href":"https:\/\/jamonesmajadapedroche.es\/en\/wp-json\/wp\/v2\/product"}],"about":[{"href":"https:\/\/jamonesmajadapedroche.es\/en\/wp-json\/wp\/v2\/types\/product"}],"replies":[{"embeddable":true,"href":"https:\/\/jamonesmajadapedroche.es\/en\/wp-json\/wp\/v2\/comments?post=21010"}],"wp:featuredmedia":[{"embeddable":true,"href":"https:\/\/jamonesmajadapedroche.es\/en\/wp-json\/wp\/v2\/media\/20806"}],"wp:attachment":[{"href":"https:\/\/jamonesmajadapedroche.es\/en\/wp-json\/wp\/v2\/media?parent=21010"}],"wp:term":[{"taxonomy":"product_cat","embeddable":true,"href":"https:\/\/jamonesmajadapedroche.es\/en\/wp-json\/wp\/v2\/product_cat?post=21010"},{"taxonomy":"product_tag","embeddable":true,"href":"https:\/\/jamonesmajadapedroche.es\/en\/wp-json\/wp\/v2\/product_tag?post=21010"}],"curies":[{"name":"wp","href":"https:\/\/api.w.org\/{rel}","templated":true}]}}