{"id":21293,"date":"2018-10-08T20:00:22","date_gmt":"2018-10-08T18:00:22","guid":{"rendered":"https:\/\/jamonesmajadapedroche.es\/producto\/acorn-fed-100-iberian-ham-pdo-los-pedroches\/"},"modified":"2021-08-13T08:32:58","modified_gmt":"2021-08-13T06:32:58","slug":"iberian-ham-pure-100-acorn","status":"publish","type":"product","link":"https:\/\/jamonesmajadapedroche.es\/en\/producto\/iberian-ham-pure-100-acorn\/","title":{"rendered":"Acorn-fed 100% Iberian Ham PDO Los Pedroches"},"content":{"rendered":"<h3>Acorn-fed 100% Iberian Ham PDO Los Pedroches<\/h3>\n<p>100% pure acorn-fed Iberian ham with extraordinary texture and exquisite on the palate with fine persistence. Brilliant appearance in the cut and predominance of volatile aspects in juiciness and aroma, from the best Iberian pigs in the north of the province of C\u00f3rdoba, in the \u201c<a href=\"https:\/\/es.wikipedia.org\/wiki\/Valle_de_los_Pedroches\" target=\"_blank\" rel=\"noopener noreferrer\"> Los Pedroches Valley<\/a> \u201d.<\/p>\n<ul>\n<li>Acorn-fed 100% Iberian Ham PDO Los Pedroches.<\/li>\n<li>Gluten and lactose free <a href=\"https:\/\/jamonesmajadapedroche.es\/productos-ibericos\/\">product<\/a>.<\/li>\n<li>100% natural curing of more than 36 months.<\/li>\n<li>Weight: Starting at 8kg<\/li>\n<\/ul>\n","protected":false},"excerpt":{"rendered":"<p>Extraordinary texture and exquisite on the palate with fine persistence. Brilliant appearance in the cut and predominance of volatile aspects in juiciness and aroma, from the best Iberian pigs in the north of the province of C\u00f3rdoba, in the \u201c<a href=\"https:\/\/es.wikipedia.org\/wiki\/Valle_de_los_Pedroches\" target=\"_blank\" rel=\"noopener noreferrer\"> Los Pedroches Valley<\/a> \u201d.<\/p>\n<ul>\n<li>Acorn-fed 100% Iberian Ham PDO Los Pedroches.<\/li>\n<li>Gluten and lactose free product.<\/li>\n<li>100% natural curing of more than 36 months.<\/li>\n<li>Weight: Starting at 8kg<\/li>\n<\/ul>\n","protected":false},"featured_media":20772,"comment_status":"closed","ping_status":"closed","template":"","meta":{"_mi_skip_tracking":false,"jetpack_post_was_ever_published":false,"jetpack_publicize_message":"","jetpack_is_tweetstorm":false,"jetpack_publicize_feature_enabled":true},"product_cat":[1639],"product_tag":[],"jetpack_publicize_connections":[],"yoast_head":"<!-- This site is optimized with the Yoast SEO plugin v20.2.1 - https:\/\/yoast.com\/wordpress\/plugins\/seo\/ -->\n<title>Acorn-fed Pepper Salchich\u00f3n 100% Iberian Majada Pedroche<\/title>\n<meta name=\"description\" content=\"Pure acorn-fed Iberian ham - Maximum juiciness, oily touch and soft on the palate. Exquisite on the palate with fine persistence. Brilliant appearance in the cut\" \/>\n<meta name=\"robots\" content=\"index, follow, max-snippet:-1, max-image-preview:large, max-video-preview:-1\" \/>\n<link rel=\"canonical\" href=\"https:\/\/jamonesmajadapedroche.es\/en\/producto\/iberian-ham-pure-100-acorn\/\" \/>\n<meta property=\"og:locale\" content=\"en_US\" \/>\n<meta property=\"og:type\" content=\"article\" \/>\n<meta property=\"og:title\" content=\"Acorn-fed Pepper Salchich\u00f3n 100% Iberian Majada Pedroche\" \/>\n<meta property=\"og:description\" content=\"Pure acorn-fed Iberian ham - Maximum juiciness, oily touch and soft on the palate. Exquisite on the palate with fine persistence. Brilliant appearance in the cut\" \/>\n<meta property=\"og:url\" content=\"https:\/\/jamonesmajadapedroche.es\/en\/producto\/iberian-ham-pure-100-acorn\/\" \/>\n<meta property=\"og:site_name\" content=\"Majada Pedroche Jam\u00f3n Ib\u00e9rico de bellota en Villanueva de C\u00f3rdoba\" \/>\n<meta property=\"article:publisher\" content=\"https:\/\/www.facebook.com\/majadapedroche\/\" \/>\n<meta property=\"article:modified_time\" content=\"2021-08-13T06:32:58+00:00\" \/>\n<meta property=\"og:image\" content=\"https:\/\/i0.wp.com\/jamonesmajadapedroche.es\/wp-content\/uploads\/2017\/09\/Jamon-de-bellota-100x100-iberico-DOP-Los-Pedroches-scaled.jpg?fit=1896%2C2560&ssl=1\" \/>\n\t<meta property=\"og:image:width\" content=\"1896\" \/>\n\t<meta property=\"og:image:height\" content=\"2560\" \/>\n\t<meta property=\"og:image:type\" content=\"image\/jpeg\" \/>\n<meta name=\"twitter:card\" content=\"summary_large_image\" \/>\n<meta name=\"twitter:site\" content=\"@majada_pedroche\" \/>\n<script type=\"application\/ld+json\" class=\"yoast-schema-graph\">{\"@context\":\"https:\/\/schema.org\",\"@graph\":[{\"@type\":\"WebPage\",\"@id\":\"https:\/\/jamonesmajadapedroche.es\/en\/producto\/iberian-ham-pure-100-acorn\/\",\"url\":\"https:\/\/jamonesmajadapedroche.es\/en\/producto\/iberian-ham-pure-100-acorn\/\",\"name\":\"Acorn-fed Pepper Salchich\u00f3n 100% Iberian Majada Pedroche\",\"isPartOf\":{\"@id\":\"https:\/\/jamonesmajadapedroche.es\/#website\"},\"datePublished\":\"2018-10-08T18:00:22+00:00\",\"dateModified\":\"2021-08-13T06:32:58+00:00\",\"description\":\"Pure acorn-fed Iberian ham - Maximum juiciness, oily touch and soft on the palate. Exquisite on the palate with fine persistence. Brilliant appearance in the cut\",\"breadcrumb\":{\"@id\":\"https:\/\/jamonesmajadapedroche.es\/en\/producto\/iberian-ham-pure-100-acorn\/#breadcrumb\"},\"inLanguage\":\"en-US\",\"potentialAction\":[{\"@type\":\"ReadAction\",\"target\":[\"https:\/\/jamonesmajadapedroche.es\/en\/producto\/iberian-ham-pure-100-acorn\/\"]}]},{\"@type\":\"BreadcrumbList\",\"@id\":\"https:\/\/jamonesmajadapedroche.es\/en\/producto\/iberian-ham-pure-100-acorn\/#breadcrumb\",\"itemListElement\":[{\"@type\":\"ListItem\",\"position\":1,\"name\":\"Home\",\"item\":\"https:\/\/jamonesmajadapedroche.es\/en\/\"},{\"@type\":\"ListItem\",\"position\":2,\"name\":\"Shop\",\"item\":\"https:\/\/jamonesmajadapedroche.es\/en\/shop\/\"},{\"@type\":\"ListItem\",\"position\":3,\"name\":\"Acorn-fed 100% Iberian Ham PDO Los Pedroches\"}]},{\"@type\":\"WebSite\",\"@id\":\"https:\/\/jamonesmajadapedroche.es\/#website\",\"url\":\"https:\/\/jamonesmajadapedroche.es\/\",\"name\":\"Majada Pedroche Jam\u00f3n Ib\u00e9rico de bellota en Villanueva de C\u00f3rdoba\",\"description\":\"Jam\u00f3n y embutidos ib\u00e9ricos 100% de bellota con Denominaci\u00f3n de Origen de los Pedroches\",\"potentialAction\":[{\"@type\":\"SearchAction\",\"target\":{\"@type\":\"EntryPoint\",\"urlTemplate\":\"https:\/\/jamonesmajadapedroche.es\/?s={search_term_string}\"},\"query-input\":\"required name=search_term_string\"}],\"inLanguage\":\"en-US\"}]}<\/script>\n<!-- \/ Yoast SEO plugin. -->","yoast_head_json":{"title":"Acorn-fed Pepper Salchich\u00f3n 100% Iberian Majada Pedroche","description":"Pure acorn-fed Iberian ham - Maximum juiciness, oily touch and soft on the palate. Exquisite on the palate with fine persistence. Brilliant appearance in the cut","robots":{"index":"index","follow":"follow","max-snippet":"max-snippet:-1","max-image-preview":"max-image-preview:large","max-video-preview":"max-video-preview:-1"},"canonical":"https:\/\/jamonesmajadapedroche.es\/en\/producto\/iberian-ham-pure-100-acorn\/","og_locale":"en_US","og_type":"article","og_title":"Acorn-fed Pepper Salchich\u00f3n 100% Iberian Majada Pedroche","og_description":"Pure acorn-fed Iberian ham - Maximum juiciness, oily touch and soft on the palate. Exquisite on the palate with fine persistence. Brilliant appearance in the cut","og_url":"https:\/\/jamonesmajadapedroche.es\/en\/producto\/iberian-ham-pure-100-acorn\/","og_site_name":"Majada Pedroche Jam\u00f3n Ib\u00e9rico de bellota en Villanueva de C\u00f3rdoba","article_publisher":"https:\/\/www.facebook.com\/majadapedroche\/","article_modified_time":"2021-08-13T06:32:58+00:00","og_image":[{"width":1896,"height":2560,"url":"https:\/\/i0.wp.com\/jamonesmajadapedroche.es\/wp-content\/uploads\/2017\/09\/Jamon-de-bellota-100x100-iberico-DOP-Los-Pedroches-scaled.jpg?fit=1896%2C2560&ssl=1","type":"image\/jpeg"}],"twitter_card":"summary_large_image","twitter_site":"@majada_pedroche","schema":{"@context":"https:\/\/schema.org","@graph":[{"@type":"WebPage","@id":"https:\/\/jamonesmajadapedroche.es\/en\/producto\/iberian-ham-pure-100-acorn\/","url":"https:\/\/jamonesmajadapedroche.es\/en\/producto\/iberian-ham-pure-100-acorn\/","name":"Acorn-fed Pepper Salchich\u00f3n 100% Iberian Majada Pedroche","isPartOf":{"@id":"https:\/\/jamonesmajadapedroche.es\/#website"},"datePublished":"2018-10-08T18:00:22+00:00","dateModified":"2021-08-13T06:32:58+00:00","description":"Pure acorn-fed Iberian ham - Maximum juiciness, oily touch and soft on the palate. Exquisite on the palate with fine persistence. Brilliant appearance in the cut","breadcrumb":{"@id":"https:\/\/jamonesmajadapedroche.es\/en\/producto\/iberian-ham-pure-100-acorn\/#breadcrumb"},"inLanguage":"en-US","potentialAction":[{"@type":"ReadAction","target":["https:\/\/jamonesmajadapedroche.es\/en\/producto\/iberian-ham-pure-100-acorn\/"]}]},{"@type":"BreadcrumbList","@id":"https:\/\/jamonesmajadapedroche.es\/en\/producto\/iberian-ham-pure-100-acorn\/#breadcrumb","itemListElement":[{"@type":"ListItem","position":1,"name":"Home","item":"https:\/\/jamonesmajadapedroche.es\/en\/"},{"@type":"ListItem","position":2,"name":"Shop","item":"https:\/\/jamonesmajadapedroche.es\/en\/shop\/"},{"@type":"ListItem","position":3,"name":"Acorn-fed 100% Iberian Ham PDO Los Pedroches"}]},{"@type":"WebSite","@id":"https:\/\/jamonesmajadapedroche.es\/#website","url":"https:\/\/jamonesmajadapedroche.es\/","name":"Majada Pedroche Jam\u00f3n Ib\u00e9rico de bellota en Villanueva de C\u00f3rdoba","description":"Jam\u00f3n y embutidos ib\u00e9ricos 100% de bellota con Denominaci\u00f3n de Origen de los Pedroches","potentialAction":[{"@type":"SearchAction","target":{"@type":"EntryPoint","urlTemplate":"https:\/\/jamonesmajadapedroche.es\/?s={search_term_string}"},"query-input":"required name=search_term_string"}],"inLanguage":"en-US"}]}},"jetpack_sharing_enabled":true,"_links":{"self":[{"href":"https:\/\/jamonesmajadapedroche.es\/en\/wp-json\/wp\/v2\/product\/21293"}],"collection":[{"href":"https:\/\/jamonesmajadapedroche.es\/en\/wp-json\/wp\/v2\/product"}],"about":[{"href":"https:\/\/jamonesmajadapedroche.es\/en\/wp-json\/wp\/v2\/types\/product"}],"replies":[{"embeddable":true,"href":"https:\/\/jamonesmajadapedroche.es\/en\/wp-json\/wp\/v2\/comments?post=21293"}],"wp:featuredmedia":[{"embeddable":true,"href":"https:\/\/jamonesmajadapedroche.es\/en\/wp-json\/wp\/v2\/media\/20772"}],"wp:attachment":[{"href":"https:\/\/jamonesmajadapedroche.es\/en\/wp-json\/wp\/v2\/media?parent=21293"}],"wp:term":[{"taxonomy":"product_cat","embeddable":true,"href":"https:\/\/jamonesmajadapedroche.es\/en\/wp-json\/wp\/v2\/product_cat?post=21293"},{"taxonomy":"product_tag","embeddable":true,"href":"https:\/\/jamonesmajadapedroche.es\/en\/wp-json\/wp\/v2\/product_tag?post=21293"}],"curies":[{"name":"wp","href":"https:\/\/api.w.org\/{rel}","templated":true}]}}