{"id":21294,"date":"2018-10-08T18:59:09","date_gmt":"2018-10-08T16:59:09","guid":{"rendered":"https:\/\/jamonesmajadapedroche.es\/producto\/acorn-fed-100-iberian-shoulder-dop-los-pedroches\/"},"modified":"2021-08-13T08:33:17","modified_gmt":"2021-08-13T06:33:17","slug":"iberian-pure-acorn-100-shoulder-shoulder","status":"publish","type":"product","link":"https:\/\/jamonesmajadapedroche.es\/en\/producto\/iberian-pure-acorn-100-shoulder-shoulder\/","title":{"rendered":"Acorn-fed 100% Iberian Shoulder DOP Los Pedroches"},"content":{"rendered":"<h3>Acorn-fed 100% Iberian Shoulder DOP Los Pedroches<\/h3>\n<p>Very tasty. High quality and aroma, soft on the palate. Exquisite on the palate with fine persistence. From the best Iberian pigs in the north of the province of C\u00f3rdoba, in the \u201c<a href=\"https:\/\/es.wikipedia.org\/wiki\/Valle_de_los_Pedroches\" target=\"_blank\" rel=\"noopener noreferrer\"> Los Pedroches Valley<\/a> \u201d.<\/p>\n<ul>\n<li>Acorn-fed 100% Iberian shoulder PDO Los Pedroches.<\/li>\n<li>Gluten and lactose free <a href=\"https:\/\/jamonesmajadapedroche.es\/productos-ibericos\/\">product<\/a>.<\/li>\n<li>100% natural curing of more than 24 months.<\/li>\n<li>Weight: Starting at 5.5 kg. approx.<\/li>\n<\/ul>\n","protected":false},"excerpt":{"rendered":"<p>Very tasty. High quality and aroma, soft on the palate. Exquisite on the palate with fine persistence. Coming from the best Iberian pigs in the north of the province of C\u00f3rdoba, in the \u201cValle de Los Pedroches\u201d.<\/p>\n<ul>\n<li>Acorn-fed 100% Iberian shoulder PDO Los Pedroches.<\/li>\n<li>Gluten and lactose free product.<\/li>\n<li>100% natural curing of more than 24 months.<\/li>\n<li>Weight: Starting at 5.5 kg. approx.<\/li>\n<\/ul>\n","protected":false},"featured_media":20778,"comment_status":"closed","ping_status":"closed","template":"","meta":{"_mi_skip_tracking":false,"jetpack_post_was_ever_published":false,"jetpack_publicize_message":"","jetpack_is_tweetstorm":false,"jetpack_publicize_feature_enabled":true},"product_cat":[1639],"product_tag":[],"jetpack_publicize_connections":[],"yoast_head":"<!-- This site is optimized with the Yoast SEO plugin v20.2.1 - https:\/\/yoast.com\/wordpress\/plugins\/seo\/ -->\n<title>Acorn-fed Pepper Salchich\u00f3n 100% Iberian Majada Pedroche<\/title>\n<meta name=\"description\" content=\"Very tasty Iberian shoulder. High quality and aroma, soft on the palate. Exquisite on the palate with fine persistence. From the best Iberian pigs.\" \/>\n<meta name=\"robots\" content=\"index, follow, max-snippet:-1, max-image-preview:large, max-video-preview:-1\" \/>\n<link rel=\"canonical\" href=\"https:\/\/jamonesmajadapedroche.es\/en\/producto\/iberian-pure-acorn-100-shoulder-shoulder\/\" \/>\n<meta property=\"og:locale\" content=\"en_US\" \/>\n<meta property=\"og:type\" content=\"article\" \/>\n<meta property=\"og:title\" content=\"Acorn-fed Pepper Salchich\u00f3n 100% Iberian Majada Pedroche\" \/>\n<meta property=\"og:description\" content=\"Very tasty Iberian shoulder. High quality and aroma, soft on the palate. Exquisite on the palate with fine persistence. From the best Iberian pigs.\" \/>\n<meta property=\"og:url\" content=\"https:\/\/jamonesmajadapedroche.es\/en\/producto\/iberian-pure-acorn-100-shoulder-shoulder\/\" \/>\n<meta property=\"og:site_name\" content=\"Majada Pedroche Jam\u00f3n Ib\u00e9rico de bellota en Villanueva de C\u00f3rdoba\" \/>\n<meta property=\"article:publisher\" content=\"https:\/\/www.facebook.com\/majadapedroche\/\" \/>\n<meta property=\"article:modified_time\" content=\"2021-08-13T06:33:17+00:00\" \/>\n<meta property=\"og:image\" content=\"https:\/\/i0.wp.com\/jamonesmajadapedroche.es\/wp-content\/uploads\/2017\/09\/Paleta-de-bellota-100x100-iberica-DOP-Los-Pedroches-scaled.jpg?fit=1896%2C2560&ssl=1\" \/>\n\t<meta property=\"og:image:width\" content=\"1896\" \/>\n\t<meta property=\"og:image:height\" content=\"2560\" \/>\n\t<meta property=\"og:image:type\" content=\"image\/jpeg\" \/>\n<meta name=\"twitter:card\" content=\"summary_large_image\" \/>\n<meta name=\"twitter:site\" content=\"@majada_pedroche\" \/>\n<script type=\"application\/ld+json\" class=\"yoast-schema-graph\">{\"@context\":\"https:\/\/schema.org\",\"@graph\":[{\"@type\":\"WebPage\",\"@id\":\"https:\/\/jamonesmajadapedroche.es\/en\/producto\/iberian-pure-acorn-100-shoulder-shoulder\/\",\"url\":\"https:\/\/jamonesmajadapedroche.es\/en\/producto\/iberian-pure-acorn-100-shoulder-shoulder\/\",\"name\":\"Acorn-fed Pepper Salchich\u00f3n 100% Iberian Majada Pedroche\",\"isPartOf\":{\"@id\":\"https:\/\/jamonesmajadapedroche.es\/#website\"},\"datePublished\":\"2018-10-08T16:59:09+00:00\",\"dateModified\":\"2021-08-13T06:33:17+00:00\",\"description\":\"Very tasty Iberian shoulder. High quality and aroma, soft on the palate. Exquisite on the palate with fine persistence. From the best Iberian pigs.\",\"breadcrumb\":{\"@id\":\"https:\/\/jamonesmajadapedroche.es\/en\/producto\/iberian-pure-acorn-100-shoulder-shoulder\/#breadcrumb\"},\"inLanguage\":\"en-US\",\"potentialAction\":[{\"@type\":\"ReadAction\",\"target\":[\"https:\/\/jamonesmajadapedroche.es\/en\/producto\/iberian-pure-acorn-100-shoulder-shoulder\/\"]}]},{\"@type\":\"BreadcrumbList\",\"@id\":\"https:\/\/jamonesmajadapedroche.es\/en\/producto\/iberian-pure-acorn-100-shoulder-shoulder\/#breadcrumb\",\"itemListElement\":[{\"@type\":\"ListItem\",\"position\":1,\"name\":\"Home\",\"item\":\"https:\/\/jamonesmajadapedroche.es\/en\/\"},{\"@type\":\"ListItem\",\"position\":2,\"name\":\"Shop\",\"item\":\"https:\/\/jamonesmajadapedroche.es\/en\/shop\/\"},{\"@type\":\"ListItem\",\"position\":3,\"name\":\"Acorn-fed 100% Iberian Shoulder DOP Los Pedroches\"}]},{\"@type\":\"WebSite\",\"@id\":\"https:\/\/jamonesmajadapedroche.es\/#website\",\"url\":\"https:\/\/jamonesmajadapedroche.es\/\",\"name\":\"Majada Pedroche Jam\u00f3n Ib\u00e9rico de bellota en Villanueva de C\u00f3rdoba\",\"description\":\"Jam\u00f3n y embutidos ib\u00e9ricos 100% de bellota con Denominaci\u00f3n de Origen de los Pedroches\",\"potentialAction\":[{\"@type\":\"SearchAction\",\"target\":{\"@type\":\"EntryPoint\",\"urlTemplate\":\"https:\/\/jamonesmajadapedroche.es\/?s={search_term_string}\"},\"query-input\":\"required name=search_term_string\"}],\"inLanguage\":\"en-US\"}]}<\/script>\n<!-- \/ Yoast SEO plugin. -->","yoast_head_json":{"title":"Acorn-fed Pepper Salchich\u00f3n 100% Iberian Majada Pedroche","description":"Very tasty Iberian shoulder. High quality and aroma, soft on the palate. Exquisite on the palate with fine persistence. From the best Iberian pigs.","robots":{"index":"index","follow":"follow","max-snippet":"max-snippet:-1","max-image-preview":"max-image-preview:large","max-video-preview":"max-video-preview:-1"},"canonical":"https:\/\/jamonesmajadapedroche.es\/en\/producto\/iberian-pure-acorn-100-shoulder-shoulder\/","og_locale":"en_US","og_type":"article","og_title":"Acorn-fed Pepper Salchich\u00f3n 100% Iberian Majada Pedroche","og_description":"Very tasty Iberian shoulder. High quality and aroma, soft on the palate. Exquisite on the palate with fine persistence. From the best Iberian pigs.","og_url":"https:\/\/jamonesmajadapedroche.es\/en\/producto\/iberian-pure-acorn-100-shoulder-shoulder\/","og_site_name":"Majada Pedroche Jam\u00f3n Ib\u00e9rico de bellota en Villanueva de C\u00f3rdoba","article_publisher":"https:\/\/www.facebook.com\/majadapedroche\/","article_modified_time":"2021-08-13T06:33:17+00:00","og_image":[{"width":1896,"height":2560,"url":"https:\/\/i0.wp.com\/jamonesmajadapedroche.es\/wp-content\/uploads\/2017\/09\/Paleta-de-bellota-100x100-iberica-DOP-Los-Pedroches-scaled.jpg?fit=1896%2C2560&ssl=1","type":"image\/jpeg"}],"twitter_card":"summary_large_image","twitter_site":"@majada_pedroche","schema":{"@context":"https:\/\/schema.org","@graph":[{"@type":"WebPage","@id":"https:\/\/jamonesmajadapedroche.es\/en\/producto\/iberian-pure-acorn-100-shoulder-shoulder\/","url":"https:\/\/jamonesmajadapedroche.es\/en\/producto\/iberian-pure-acorn-100-shoulder-shoulder\/","name":"Acorn-fed Pepper Salchich\u00f3n 100% Iberian Majada Pedroche","isPartOf":{"@id":"https:\/\/jamonesmajadapedroche.es\/#website"},"datePublished":"2018-10-08T16:59:09+00:00","dateModified":"2021-08-13T06:33:17+00:00","description":"Very tasty Iberian shoulder. High quality and aroma, soft on the palate. Exquisite on the palate with fine persistence. From the best Iberian pigs.","breadcrumb":{"@id":"https:\/\/jamonesmajadapedroche.es\/en\/producto\/iberian-pure-acorn-100-shoulder-shoulder\/#breadcrumb"},"inLanguage":"en-US","potentialAction":[{"@type":"ReadAction","target":["https:\/\/jamonesmajadapedroche.es\/en\/producto\/iberian-pure-acorn-100-shoulder-shoulder\/"]}]},{"@type":"BreadcrumbList","@id":"https:\/\/jamonesmajadapedroche.es\/en\/producto\/iberian-pure-acorn-100-shoulder-shoulder\/#breadcrumb","itemListElement":[{"@type":"ListItem","position":1,"name":"Home","item":"https:\/\/jamonesmajadapedroche.es\/en\/"},{"@type":"ListItem","position":2,"name":"Shop","item":"https:\/\/jamonesmajadapedroche.es\/en\/shop\/"},{"@type":"ListItem","position":3,"name":"Acorn-fed 100% Iberian Shoulder DOP Los Pedroches"}]},{"@type":"WebSite","@id":"https:\/\/jamonesmajadapedroche.es\/#website","url":"https:\/\/jamonesmajadapedroche.es\/","name":"Majada Pedroche Jam\u00f3n Ib\u00e9rico de bellota en Villanueva de C\u00f3rdoba","description":"Jam\u00f3n y embutidos ib\u00e9ricos 100% de bellota con Denominaci\u00f3n de Origen de los Pedroches","potentialAction":[{"@type":"SearchAction","target":{"@type":"EntryPoint","urlTemplate":"https:\/\/jamonesmajadapedroche.es\/?s={search_term_string}"},"query-input":"required name=search_term_string"}],"inLanguage":"en-US"}]}},"jetpack_sharing_enabled":true,"_links":{"self":[{"href":"https:\/\/jamonesmajadapedroche.es\/en\/wp-json\/wp\/v2\/product\/21294"}],"collection":[{"href":"https:\/\/jamonesmajadapedroche.es\/en\/wp-json\/wp\/v2\/product"}],"about":[{"href":"https:\/\/jamonesmajadapedroche.es\/en\/wp-json\/wp\/v2\/types\/product"}],"replies":[{"embeddable":true,"href":"https:\/\/jamonesmajadapedroche.es\/en\/wp-json\/wp\/v2\/comments?post=21294"}],"wp:featuredmedia":[{"embeddable":true,"href":"https:\/\/jamonesmajadapedroche.es\/en\/wp-json\/wp\/v2\/media\/20778"}],"wp:attachment":[{"href":"https:\/\/jamonesmajadapedroche.es\/en\/wp-json\/wp\/v2\/media?parent=21294"}],"wp:term":[{"taxonomy":"product_cat","embeddable":true,"href":"https:\/\/jamonesmajadapedroche.es\/en\/wp-json\/wp\/v2\/product_cat?post=21294"},{"taxonomy":"product_tag","embeddable":true,"href":"https:\/\/jamonesmajadapedroche.es\/en\/wp-json\/wp\/v2\/product_tag?post=21294"}],"curies":[{"name":"wp","href":"https:\/\/api.w.org\/{rel}","templated":true}]}}