{"id":21047,"date":"2021-06-08T12:58:55","date_gmt":"2021-06-08T10:58:55","guid":{"rendered":"https:\/\/jamonesmajadapedroche.es\/attention-au-client\/"},"modified":"2021-08-12T09:10:37","modified_gmt":"2021-08-12T07:10:37","slug":"attention-au-client","status":"publish","type":"page","link":"https:\/\/jamonesmajadapedroche.es\/fr\/attention-au-client\/","title":{"rendered":"Attention au client"},"content":{"rendered":"<p>Nous sommes \u00e0 votre enti\u00e8re disposition via notre service client pour r\u00e9soudre tout doute ou question, ou demande que vous souhaitez formuler.<\/p>\n<p>Pour tout incident ou r\u00e9clamation \u00e9ventuel, nous vous recommandons de contacter le Service Clients par email ou par t\u00e9l\u00e9phone :<\/p>\n<p>e-mail:<a href=\"mailto:atencionalcliente@jamonesmajadapedroche.es\" target=\"_blank\" rel=\"nofollow noopener\"> atencionalcliente@jamonesmajadapedroche.es<\/a><\/p>\n<p>T\u00e9l\u00e9phone du service client : 957 12 90 70 &#8211; 628 21 18 07<\/p>\n<p>Identification fiscale<\/p>\n<p>Conform\u00e9ment \u00e0 la LSSI, nous fournissons aux utilisateurs et visiteurs du site Web les informations suivantes :<\/p>\n<p>Nom commercial : Jambons et saucisses Majada Pedroche.<br \/>\nD\u00e9nomination fiscale: Jamones y Embutidos Majada Pedroche SL<br \/>\nCAF : B14594196<br \/>\nRegistre du Commerce : C\u00d3RDOBA<br \/>\nAdresse fiscale : Pol\u00edgono Industrial UI2 S \/ N CP : 14440 de Villanueva de C\u00f3rdoba (C\u00f3rdoba) Espagne.<br \/>\nRepr\u00e9sentante commerciale : Mar\u00eda Jos\u00e9 Torralbo<br \/>\nT\u00e9l\u00e9phone : 957 129070 &#8211; 628 211807<br \/>\ne-mail:<a href=\"mailto:atencionalcliente@jamonesmajadapedroche.es\" target=\"_blank\" rel=\"nofollow noopener\"> atencionalcliente@jamonesmajadapedroche.es<\/a><\/p>\n","protected":false},"excerpt":{"rendered":"<p>Nous sommes \u00e0 votre enti\u00e8re disposition via notre service client pour r\u00e9soudre tout doute ou question, ou demande que vous souhaitez formuler. Pour [&hellip;]<\/p>\n","protected":false},"author":8,"featured_media":0,"parent":0,"menu_order":0,"comment_status":"closed","ping_status":"closed","template":"","meta":{"_mi_skip_tracking":false,"jetpack_post_was_ever_published":false},"yoast_head":"<!-- This site is optimized with the Yoast SEO plugin v20.2.1 - https:\/\/yoast.com\/wordpress\/plugins\/seo\/ -->\n<title>Attention au client<\/title>\n<meta name=\"robots\" content=\"index, follow, max-snippet:-1, max-image-preview:large, max-video-preview:-1\" \/>\n<link rel=\"canonical\" href=\"https:\/\/jamonesmajadapedroche.es\/fr\/attention-au-client\/\" \/>\n<meta property=\"og:locale\" content=\"fr_FR\" \/>\n<meta property=\"og:type\" content=\"article\" \/>\n<meta property=\"og:title\" content=\"Attention au client\" \/>\n<meta property=\"og:description\" content=\"Nous sommes \u00e0 votre enti\u00e8re disposition via notre service client pour r\u00e9soudre tout doute ou question, ou demande que vous souhaitez formuler. Pour [&hellip;]\" \/>\n<meta property=\"og:url\" content=\"https:\/\/jamonesmajadapedroche.es\/fr\/attention-au-client\/\" \/>\n<meta property=\"og:site_name\" content=\"Majada Pedroche Jam\u00f3n Ib\u00e9rico de bellota en Villanueva de C\u00f3rdoba\" \/>\n<meta property=\"article:publisher\" content=\"https:\/\/www.facebook.com\/majadapedroche\/\" \/>\n<meta property=\"article:modified_time\" content=\"2021-08-12T07:10:37+00:00\" \/>\n<meta property=\"og:image\" content=\"https:\/\/i0.wp.com\/jamonesmajadapedroche.es\/wp-content\/uploads\/2017\/10\/Pagina-de-google.jpg?fit=1080%2C608&ssl=1\" \/>\n\t<meta property=\"og:image:width\" content=\"1080\" \/>\n\t<meta property=\"og:image:height\" content=\"608\" \/>\n\t<meta property=\"og:image:type\" content=\"image\/jpeg\" \/>\n<meta name=\"twitter:card\" content=\"summary_large_image\" \/>\n<meta name=\"twitter:site\" content=\"@majada_pedroche\" \/>\n<meta name=\"twitter:label1\" content=\"Dur\u00e9e de lecture estim\u00e9e\" \/>\n\t<meta name=\"twitter:data1\" content=\"1 minute\" \/>\n<script type=\"application\/ld+json\" class=\"yoast-schema-graph\">{\"@context\":\"https:\/\/schema.org\",\"@graph\":[{\"@type\":\"WebPage\",\"@id\":\"https:\/\/jamonesmajadapedroche.es\/fr\/attention-au-client\/\",\"url\":\"https:\/\/jamonesmajadapedroche.es\/fr\/attention-au-client\/\",\"name\":\"Attention au client\",\"isPartOf\":{\"@id\":\"https:\/\/jamonesmajadapedroche.es\/#website\"},\"datePublished\":\"2021-06-08T10:58:55+00:00\",\"dateModified\":\"2021-08-12T07:10:37+00:00\",\"breadcrumb\":{\"@id\":\"https:\/\/jamonesmajadapedroche.es\/fr\/attention-au-client\/#breadcrumb\"},\"inLanguage\":\"fr-FR\",\"potentialAction\":[{\"@type\":\"ReadAction\",\"target\":[\"https:\/\/jamonesmajadapedroche.es\/fr\/attention-au-client\/\"]}]},{\"@type\":\"BreadcrumbList\",\"@id\":\"https:\/\/jamonesmajadapedroche.es\/fr\/attention-au-client\/#breadcrumb\",\"itemListElement\":[{\"@type\":\"ListItem\",\"position\":1,\"name\":\"Accueil\",\"item\":\"https:\/\/jamonesmajadapedroche.es\/fr\/\"},{\"@type\":\"ListItem\",\"position\":2,\"name\":\"Attention au client\"}]},{\"@type\":\"WebSite\",\"@id\":\"https:\/\/jamonesmajadapedroche.es\/#website\",\"url\":\"https:\/\/jamonesmajadapedroche.es\/\",\"name\":\"Majada Pedroche Jam\u00f3n Ib\u00e9rico de bellota en Villanueva de C\u00f3rdoba\",\"description\":\"Jam\u00f3n y embutidos ib\u00e9ricos 100% de bellota con Denominaci\u00f3n de Origen de los Pedroches\",\"potentialAction\":[{\"@type\":\"SearchAction\",\"target\":{\"@type\":\"EntryPoint\",\"urlTemplate\":\"https:\/\/jamonesmajadapedroche.es\/?s={search_term_string}\"},\"query-input\":\"required name=search_term_string\"}],\"inLanguage\":\"fr-FR\"}]}<\/script>\n<!-- \/ Yoast SEO plugin. -->","yoast_head_json":{"title":"Attention au client","robots":{"index":"index","follow":"follow","max-snippet":"max-snippet:-1","max-image-preview":"max-image-preview:large","max-video-preview":"max-video-preview:-1"},"canonical":"https:\/\/jamonesmajadapedroche.es\/fr\/attention-au-client\/","og_locale":"fr_FR","og_type":"article","og_title":"Attention au client","og_description":"Nous sommes \u00e0 votre enti\u00e8re disposition via notre service client pour r\u00e9soudre tout doute ou question, ou demande que vous souhaitez formuler. Pour [&hellip;]","og_url":"https:\/\/jamonesmajadapedroche.es\/fr\/attention-au-client\/","og_site_name":"Majada Pedroche Jam\u00f3n Ib\u00e9rico de bellota en Villanueva de C\u00f3rdoba","article_publisher":"https:\/\/www.facebook.com\/majadapedroche\/","article_modified_time":"2021-08-12T07:10:37+00:00","og_image":[{"width":1080,"height":608,"url":"https:\/\/i0.wp.com\/jamonesmajadapedroche.es\/wp-content\/uploads\/2017\/10\/Pagina-de-google.jpg?fit=1080%2C608&ssl=1","type":"image\/jpeg"}],"twitter_card":"summary_large_image","twitter_site":"@majada_pedroche","twitter_misc":{"Dur\u00e9e de lecture estim\u00e9e":"1 minute"},"schema":{"@context":"https:\/\/schema.org","@graph":[{"@type":"WebPage","@id":"https:\/\/jamonesmajadapedroche.es\/fr\/attention-au-client\/","url":"https:\/\/jamonesmajadapedroche.es\/fr\/attention-au-client\/","name":"Attention au client","isPartOf":{"@id":"https:\/\/jamonesmajadapedroche.es\/#website"},"datePublished":"2021-06-08T10:58:55+00:00","dateModified":"2021-08-12T07:10:37+00:00","breadcrumb":{"@id":"https:\/\/jamonesmajadapedroche.es\/fr\/attention-au-client\/#breadcrumb"},"inLanguage":"fr-FR","potentialAction":[{"@type":"ReadAction","target":["https:\/\/jamonesmajadapedroche.es\/fr\/attention-au-client\/"]}]},{"@type":"BreadcrumbList","@id":"https:\/\/jamonesmajadapedroche.es\/fr\/attention-au-client\/#breadcrumb","itemListElement":[{"@type":"ListItem","position":1,"name":"Accueil","item":"https:\/\/jamonesmajadapedroche.es\/fr\/"},{"@type":"ListItem","position":2,"name":"Attention au client"}]},{"@type":"WebSite","@id":"https:\/\/jamonesmajadapedroche.es\/#website","url":"https:\/\/jamonesmajadapedroche.es\/","name":"Majada Pedroche Jam\u00f3n Ib\u00e9rico de bellota en Villanueva de C\u00f3rdoba","description":"Jam\u00f3n y embutidos ib\u00e9ricos 100% de bellota con Denominaci\u00f3n de Origen de los Pedroches","potentialAction":[{"@type":"SearchAction","target":{"@type":"EntryPoint","urlTemplate":"https:\/\/jamonesmajadapedroche.es\/?s={search_term_string}"},"query-input":"required name=search_term_string"}],"inLanguage":"fr-FR"}]}},"jetpack_sharing_enabled":true,"jetpack_shortlink":"https:\/\/wp.me\/P9gybB-5tt","_links":{"self":[{"href":"https:\/\/jamonesmajadapedroche.es\/fr\/wp-json\/wp\/v2\/pages\/21047"}],"collection":[{"href":"https:\/\/jamonesmajadapedroche.es\/fr\/wp-json\/wp\/v2\/pages"}],"about":[{"href":"https:\/\/jamonesmajadapedroche.es\/fr\/wp-json\/wp\/v2\/types\/page"}],"author":[{"embeddable":true,"href":"https:\/\/jamonesmajadapedroche.es\/fr\/wp-json\/wp\/v2\/users\/8"}],"replies":[{"embeddable":true,"href":"https:\/\/jamonesmajadapedroche.es\/fr\/wp-json\/wp\/v2\/comments?post=21047"}],"version-history":[{"count":1,"href":"https:\/\/jamonesmajadapedroche.es\/fr\/wp-json\/wp\/v2\/pages\/21047\/revisions"}],"predecessor-version":[{"id":21061,"href":"https:\/\/jamonesmajadapedroche.es\/fr\/wp-json\/wp\/v2\/pages\/21047\/revisions\/21061"}],"wp:attachment":[{"href":"https:\/\/jamonesmajadapedroche.es\/fr\/wp-json\/wp\/v2\/media?parent=21047"}],"curies":[{"name":"wp","href":"https:\/\/api.w.org\/{rel}","templated":true}]}}