{"id":21048,"date":"2018-05-24T22:01:10","date_gmt":"2018-05-24T20:01:10","guid":{"rendered":"https:\/\/jamonesmajadapedroche.es\/avis-juridique\/"},"modified":"2021-08-12T09:05:36","modified_gmt":"2021-08-12T07:05:36","slug":"avis-juridique","status":"publish","type":"page","link":"https:\/\/jamonesmajadapedroche.es\/fr\/avis-juridique\/","title":{"rendered":"Avis juridique"},"content":{"rendered":"<h2>Mentions l\u00e9gales du domaine http:\/\/jamonesmajadapedroche.es<\/h2>\n<p>Pour se conformer aux dispositions de la loi 34\/2002 du 11 juillet, Services de la soci\u00e9t\u00e9 de l&rsquo;information et du commerce \u00e9lectronique (LSSICE), les donn\u00e9es d&rsquo;information g\u00e9n\u00e9rale du site sont indiqu\u00e9es ci-dessous<a href=\"https:\/\/jamonesmajadapedroche.es\"> www.jamonesmajadapedroche.es<\/a> :<\/p>\n<p>Majada Pedroche est un nom commercial d\u00e9tenu par :<\/p>\n<p>JAMONES Y EMBUTIDOS MAJADAPEDROCHE SL (Propri\u00e9taire du nom commercial MAJADA PEDROCHE)<\/p>\n<p>ADRESSE: POLIGONO INDUSTRIAL, 2 -14440 VILLANUEVA DE C\u00d3RDOBA (C\u00d3RDOBA)<\/p>\n<p>CAF : B14594196<\/p>\n<p>CONTACT: info@jamonesmajadapedroche.es<\/p>\n<h3><strong>Utilisation du site Web<\/strong><\/h3>\n<p>Le site Web est propos\u00e9 \u00e0 des fins promotionnelles et commerciales par l&rsquo;entit\u00e9 indiqu\u00e9e dans la section pr\u00e9c\u00e9dente, qui se consacre \u00e0 l&rsquo;\u00e9laboration de plans de marketing en ligne personnalis\u00e9s, \u00e0 la gestion des r\u00e9seaux sociaux, au d\u00e9veloppement de pages Web &#8230;<\/p>\n<p>MAJADA PEDROCHE, peut cesser de fournir les services d&rsquo;information et de commerce offerts sur ce site Web sans arbitrer aucune communication avec l&rsquo;utilisateur, ce qui n&rsquo;entra\u00eenera aucune obligation l\u00e9gale pour l&rsquo;utilisateur ou des tiers.<\/p>\n<h3><strong>confidentialit\u00e9<\/strong><\/h3>\n<p>Les informations que MAJADA PEDROCHE peut recueillir aupr\u00e8s des utilisateurs de ce site Web seront utilis\u00e9es exclusivement pour fournir des informations aux personnes int\u00e9ress\u00e9es qui en font la demande, pour r\u00e9pondre \u00e0 toutes les questions que l&rsquo;utilisateur jugera appropri\u00e9es et pour ex\u00e9cuter les commandes commerciales qui pourraient \u00eatre produites.<\/p>\n<p>Pour plus d&rsquo;informations, consultez notre<a href=\"\/politica-de-privacidad\"> Politique de confidentialit\u00e9<\/a> .<\/p>\n<h3><strong>Propri\u00e9t\u00e9 intellectuelle<\/strong><\/h3>\n<p>MAJADA PEDROCHE, \u00e0 elle seule ou en qualit\u00e9 de cessionnaire, est titulaire de tous les droits de propri\u00e9t\u00e9 intellectuelle et industrielle des \u00e9l\u00e9ments composant ce site. Ainsi, tous les droits sont r\u00e9serv\u00e9s. Les conduites telles que la reproduction, la distribution et la communication publique sont express\u00e9ment interdites, y compris la m\u00e9thode de rendre le contenu de ce site Web totalement ou partiellement disponible \u00e0 des fins commerciales conform\u00e9ment aux articles 8 et 21 de la loi sur la propri\u00e9t\u00e9 intellectuelle.<\/p>\n<p>En tout \u00e9tat de cause, l&rsquo;utilisateur du site peut visualiser les \u00e9l\u00e9ments et contenus de ce site et peut les imprimer, les stocker et m\u00eame les copier sur tout support, \u00e0 condition qu&rsquo;ils soient destin\u00e9s \u00e0 un usage strictement personnel et priv\u00e9.<\/p>\n<h3><strong>Conditions d&rsquo;utilisation et responsabilit\u00e9<\/strong><\/h3>\n<p>L&rsquo;utilisateur du site MAJADA PEDROCHE s&rsquo;engage \u00e0 utiliser ce site conform\u00e9ment \u00e0 la loi, aux bonnes m\u0153urs et \u00e0 l&rsquo;ordre public.<\/p>\n<p>Nous pouvons sp\u00e9cifier ce comportement dans les comportements suivants que l&rsquo;utilisateur doit s&rsquo;abstenir d&rsquo;effectuer:<\/p>\n<ol>\n<li>Utilisation non autoris\u00e9e ou frauduleuse du site Web.<\/li>\n<li>Tentative d&rsquo;acc\u00e8s non autoris\u00e9 par son propri\u00e9taire l\u00e9gitime.<\/li>\n<li>Toute utilisation du portail Web \u00e0 des fins ill\u00e9gales, nuisibles \u00e0 des tiers ou dans l&rsquo;intention d&rsquo;endommager le site et le reste de ses utilisateurs.<\/li>\n<li>Produire des dommages aux syst\u00e8mes que ce site Web peut avoir install\u00e9s pour son fonctionnement.<\/li>\n<\/ol>\n<p>Le propri\u00e9taire de MAJADA PEDROCHE ne sera responsable que des contenus cr\u00e9\u00e9s et ajout\u00e9s par lui-m\u00eame, et non des liens pouvant \u00eatre incorpor\u00e9s par des tiers, ou de ceux externes qui redirigent vers un autre site Web qui, bien s\u00fbr, ne contr\u00f4le pas son alt\u00e9ration.<\/p>\n<p>Le propri\u00e9taire se r\u00e9serve le droit d&rsquo;apporter toutes les modifications qu&rsquo;il jugera appropri\u00e9es sans pr\u00e9avis, \u00e0 la fois de son contenu et des services qu&rsquo;il offre. En outre, il se r\u00e9serve le droit d&rsquo;approuver ou de retirer les contenus qu&rsquo;il juge inappropri\u00e9s ajout\u00e9s par des tiers.<\/p>\n<h3><strong>Droit applicable et juridiction<\/strong><\/h3>\n<p>Ce contrat sera r\u00e9gi par la l\u00e9gislation espagnole, qui sera applicable \u00e0 ce qui n&rsquo;est pas pr\u00e9vu dans ce contrat en termes d&rsquo;interpr\u00e9tation, de validit\u00e9 et d&rsquo;ex\u00e9cution. Dans les cas o\u00f9 la renonciation expresse de juridiction est valable, elle est d\u00e9sign\u00e9e pour les incidents qui surviennent dans les tribunaux espagnols.<\/p>\n","protected":false},"excerpt":{"rendered":"<p>Mentions l\u00e9gales du domaine http:\/\/jamonesmajadapedroche.es Pour se conformer aux dispositions de la loi 34\/2002 du 11 juillet, Services de la soci\u00e9t\u00e9 de l&rsquo;information [&hellip;]<\/p>\n","protected":false},"author":5,"featured_media":0,"parent":0,"menu_order":0,"comment_status":"closed","ping_status":"closed","template":"","meta":{"_mi_skip_tracking":false,"jetpack_post_was_ever_published":false},"yoast_head":"<!-- This site is optimized with the Yoast SEO plugin v20.2.1 - https:\/\/yoast.com\/wordpress\/plugins\/seo\/ -->\n<title>Avis juridique<\/title>\n<meta name=\"robots\" content=\"index, follow, max-snippet:-1, max-image-preview:large, max-video-preview:-1\" \/>\n<link rel=\"canonical\" href=\"https:\/\/jamonesmajadapedroche.es\/fr\/avis-juridique\/\" \/>\n<meta property=\"og:locale\" content=\"fr_FR\" \/>\n<meta property=\"og:type\" content=\"article\" \/>\n<meta property=\"og:title\" content=\"Avis juridique\" \/>\n<meta property=\"og:description\" content=\"Mentions l\u00e9gales du domaine http:\/\/jamonesmajadapedroche.es Pour se conformer aux dispositions de la loi 34\/2002 du 11 juillet, Services de la soci\u00e9t\u00e9 de l&rsquo;information [&hellip;]\" \/>\n<meta property=\"og:url\" content=\"https:\/\/jamonesmajadapedroche.es\/fr\/avis-juridique\/\" \/>\n<meta property=\"og:site_name\" content=\"Majada Pedroche Jam\u00f3n Ib\u00e9rico de bellota en Villanueva de C\u00f3rdoba\" \/>\n<meta property=\"article:publisher\" content=\"https:\/\/www.facebook.com\/majadapedroche\/\" \/>\n<meta property=\"article:modified_time\" content=\"2021-08-12T07:05:36+00:00\" \/>\n<meta property=\"og:image\" content=\"https:\/\/i0.wp.com\/jamonesmajadapedroche.es\/wp-content\/uploads\/2017\/10\/Pagina-de-google.jpg?fit=1080%2C608&ssl=1\" \/>\n\t<meta property=\"og:image:width\" content=\"1080\" \/>\n\t<meta property=\"og:image:height\" content=\"608\" \/>\n\t<meta property=\"og:image:type\" content=\"image\/jpeg\" \/>\n<meta name=\"twitter:card\" content=\"summary_large_image\" \/>\n<meta name=\"twitter:site\" content=\"@majada_pedroche\" \/>\n<meta name=\"twitter:label1\" content=\"Dur\u00e9e de lecture estim\u00e9e\" \/>\n\t<meta name=\"twitter:data1\" content=\"3 minutes\" \/>\n<script type=\"application\/ld+json\" class=\"yoast-schema-graph\">{\"@context\":\"https:\/\/schema.org\",\"@graph\":[{\"@type\":\"WebPage\",\"@id\":\"https:\/\/jamonesmajadapedroche.es\/fr\/avis-juridique\/\",\"url\":\"https:\/\/jamonesmajadapedroche.es\/fr\/avis-juridique\/\",\"name\":\"Avis juridique\",\"isPartOf\":{\"@id\":\"https:\/\/jamonesmajadapedroche.es\/#website\"},\"datePublished\":\"2018-05-24T20:01:10+00:00\",\"dateModified\":\"2021-08-12T07:05:36+00:00\",\"breadcrumb\":{\"@id\":\"https:\/\/jamonesmajadapedroche.es\/fr\/avis-juridique\/#breadcrumb\"},\"inLanguage\":\"fr-FR\",\"potentialAction\":[{\"@type\":\"ReadAction\",\"target\":[\"https:\/\/jamonesmajadapedroche.es\/fr\/avis-juridique\/\"]}]},{\"@type\":\"BreadcrumbList\",\"@id\":\"https:\/\/jamonesmajadapedroche.es\/fr\/avis-juridique\/#breadcrumb\",\"itemListElement\":[{\"@type\":\"ListItem\",\"position\":1,\"name\":\"Accueil\",\"item\":\"https:\/\/jamonesmajadapedroche.es\/fr\/\"},{\"@type\":\"ListItem\",\"position\":2,\"name\":\"Avis juridique\"}]},{\"@type\":\"WebSite\",\"@id\":\"https:\/\/jamonesmajadapedroche.es\/#website\",\"url\":\"https:\/\/jamonesmajadapedroche.es\/\",\"name\":\"Majada Pedroche Jam\u00f3n Ib\u00e9rico de bellota en Villanueva de C\u00f3rdoba\",\"description\":\"Jam\u00f3n y embutidos ib\u00e9ricos 100% de bellota con Denominaci\u00f3n de Origen de los Pedroches\",\"potentialAction\":[{\"@type\":\"SearchAction\",\"target\":{\"@type\":\"EntryPoint\",\"urlTemplate\":\"https:\/\/jamonesmajadapedroche.es\/?s={search_term_string}\"},\"query-input\":\"required name=search_term_string\"}],\"inLanguage\":\"fr-FR\"}]}<\/script>\n<!-- \/ Yoast SEO plugin. -->","yoast_head_json":{"title":"Avis juridique","robots":{"index":"index","follow":"follow","max-snippet":"max-snippet:-1","max-image-preview":"max-image-preview:large","max-video-preview":"max-video-preview:-1"},"canonical":"https:\/\/jamonesmajadapedroche.es\/fr\/avis-juridique\/","og_locale":"fr_FR","og_type":"article","og_title":"Avis juridique","og_description":"Mentions l\u00e9gales du domaine http:\/\/jamonesmajadapedroche.es Pour se conformer aux dispositions de la loi 34\/2002 du 11 juillet, Services de la soci\u00e9t\u00e9 de l&rsquo;information [&hellip;]","og_url":"https:\/\/jamonesmajadapedroche.es\/fr\/avis-juridique\/","og_site_name":"Majada Pedroche Jam\u00f3n Ib\u00e9rico de bellota en Villanueva de C\u00f3rdoba","article_publisher":"https:\/\/www.facebook.com\/majadapedroche\/","article_modified_time":"2021-08-12T07:05:36+00:00","og_image":[{"width":1080,"height":608,"url":"https:\/\/i0.wp.com\/jamonesmajadapedroche.es\/wp-content\/uploads\/2017\/10\/Pagina-de-google.jpg?fit=1080%2C608&ssl=1","type":"image\/jpeg"}],"twitter_card":"summary_large_image","twitter_site":"@majada_pedroche","twitter_misc":{"Dur\u00e9e de lecture estim\u00e9e":"3 minutes"},"schema":{"@context":"https:\/\/schema.org","@graph":[{"@type":"WebPage","@id":"https:\/\/jamonesmajadapedroche.es\/fr\/avis-juridique\/","url":"https:\/\/jamonesmajadapedroche.es\/fr\/avis-juridique\/","name":"Avis juridique","isPartOf":{"@id":"https:\/\/jamonesmajadapedroche.es\/#website"},"datePublished":"2018-05-24T20:01:10+00:00","dateModified":"2021-08-12T07:05:36+00:00","breadcrumb":{"@id":"https:\/\/jamonesmajadapedroche.es\/fr\/avis-juridique\/#breadcrumb"},"inLanguage":"fr-FR","potentialAction":[{"@type":"ReadAction","target":["https:\/\/jamonesmajadapedroche.es\/fr\/avis-juridique\/"]}]},{"@type":"BreadcrumbList","@id":"https:\/\/jamonesmajadapedroche.es\/fr\/avis-juridique\/#breadcrumb","itemListElement":[{"@type":"ListItem","position":1,"name":"Accueil","item":"https:\/\/jamonesmajadapedroche.es\/fr\/"},{"@type":"ListItem","position":2,"name":"Avis juridique"}]},{"@type":"WebSite","@id":"https:\/\/jamonesmajadapedroche.es\/#website","url":"https:\/\/jamonesmajadapedroche.es\/","name":"Majada Pedroche Jam\u00f3n Ib\u00e9rico de bellota en Villanueva de C\u00f3rdoba","description":"Jam\u00f3n y embutidos ib\u00e9ricos 100% de bellota con Denominaci\u00f3n de Origen de los Pedroches","potentialAction":[{"@type":"SearchAction","target":{"@type":"EntryPoint","urlTemplate":"https:\/\/jamonesmajadapedroche.es\/?s={search_term_string}"},"query-input":"required name=search_term_string"}],"inLanguage":"fr-FR"}]}},"jetpack_sharing_enabled":true,"jetpack_shortlink":"https:\/\/wp.me\/P9gybB-5tu","_links":{"self":[{"href":"https:\/\/jamonesmajadapedroche.es\/fr\/wp-json\/wp\/v2\/pages\/21048"}],"collection":[{"href":"https:\/\/jamonesmajadapedroche.es\/fr\/wp-json\/wp\/v2\/pages"}],"about":[{"href":"https:\/\/jamonesmajadapedroche.es\/fr\/wp-json\/wp\/v2\/types\/page"}],"author":[{"embeddable":true,"href":"https:\/\/jamonesmajadapedroche.es\/fr\/wp-json\/wp\/v2\/users\/5"}],"replies":[{"embeddable":true,"href":"https:\/\/jamonesmajadapedroche.es\/fr\/wp-json\/wp\/v2\/comments?post=21048"}],"version-history":[{"count":1,"href":"https:\/\/jamonesmajadapedroche.es\/fr\/wp-json\/wp\/v2\/pages\/21048\/revisions"}],"predecessor-version":[{"id":21054,"href":"https:\/\/jamonesmajadapedroche.es\/fr\/wp-json\/wp\/v2\/pages\/21048\/revisions\/21054"}],"wp:attachment":[{"href":"https:\/\/jamonesmajadapedroche.es\/fr\/wp-json\/wp\/v2\/media?parent=21048"}],"curies":[{"name":"wp","href":"https:\/\/api.w.org\/{rel}","templated":true}]}}