{"id":21051,"date":"2021-05-27T16:07:26","date_gmt":"2021-05-27T14:07:26","guid":{"rendered":"https:\/\/jamonesmajadapedroche.es\/conditions-dachat\/"},"modified":"2021-08-12T09:06:08","modified_gmt":"2021-08-12T07:06:08","slug":"conditions-dachat","status":"publish","type":"page","link":"https:\/\/jamonesmajadapedroche.es\/fr\/conditions-dachat\/","title":{"rendered":"Conditions d&rsquo;achat"},"content":{"rendered":"<h2>Comment faire un achat en ligne ?<\/h2>\n<p>Vous devez d&rsquo;abord ajouter les produits que vous souhaitez \u00e0 votre \u00ab\u00a0panier\u00a0\u00bb puis suivre les \u00e9tapes d&rsquo;achat qui sont d\u00e9finies sur notre site. Ce processus comprend l&rsquo;inscription sur le web (au choix de l&rsquo;utilisateur) afin d&rsquo;identifier l&rsquo;acheteur, une fois que nous recevons la commande, elle est trait\u00e9e par Majada Pedroche. Si le client le souhaite, il recevra une confirmation par e-mail de la r\u00e9ception de sa commande.<br \/>\nLes pr\u00e9sentes conditions g\u00e9n\u00e9rales de vente s&rsquo;appliquent aux commandes pass\u00e9es.<\/p>\n<p>Nous nous engageons \u00e0 n&rsquo;autoriser aucune transaction ill\u00e9gale, ou jug\u00e9e par les marques de cartes de cr\u00e9dit ou la banque acqu\u00e9reuse, qui pourrait ou pourrait nuire \u00e0 leur bonne volont\u00e9 ou les influencer n\u00e9gativement.<\/p>\n<p>Les activit\u00e9s suivantes sont interdites dans le cadre des programmes de la marque de carte:<\/p>\n<p>Vente ou offre d&rsquo;un produit ou service qui n&rsquo;est pas enti\u00e8rement conforme \u00e0 toutes les lois applicables \u00e0 l&rsquo;Acheteur, la Banque \u00e9mettrice, le Commer\u00e7ant, le Titulaire de carte ou les cartes.<\/p>\n<h3 class=\"p1\">S\u00c9CURIT\u00c9<\/h3>\n<p class=\"p1\">Le site Web utilise des techniques de s\u00e9curit\u00e9 de l&rsquo;information g\u00e9n\u00e9ralement accept\u00e9es dans l&rsquo;industrie, telles que des pare-feu, des proc\u00e9dures de contr\u00f4le d&rsquo;acc\u00e8s et des m\u00e9canismes cryptographiques, le tout afin d&#8217;emp\u00eacher l&rsquo;acc\u00e8s non autoris\u00e9 aux donn\u00e9es et leur vol \u00e9ventuel. Pour atteindre ces objectifs, l&rsquo;utilisateur \/ client accepte que le fournisseur obtienne des donn\u00e9es aux fins de l&rsquo;authentification correspondante des contr\u00f4les d&rsquo;acc\u00e8s.<\/p>\n<h3 class=\"p1\">Nous vous proposons un paiement 100% s\u00e9curis\u00e9<\/h3>\n<p class=\"p1\">Chez jamonesmajadapedroche.es, nous garantissons que chacune des transactions effectu\u00e9es est 100% s\u00e9curis\u00e9e.<\/p>\n<p class=\"p1\">Tous les achats que vous effectuez sur notre site Web sont approuv\u00e9s par le serveur s\u00e9curis\u00e9 de la banque Banco Santander, de sorte que vos donn\u00e9es sont prot\u00e9g\u00e9es et crypt\u00e9es par la technologie la plus avanc\u00e9e, il est donc beaucoup plus s\u00fbr d&rsquo;envoyer vos donn\u00e9es au serveur s\u00e9curis\u00e9 des banques \u00e0 payer dans une station-service, un restaurant, etc.<\/p>\n<h3 class=\"p1\">Que se passe-t-il lorsque j&rsquo;envoie mes donn\u00e9es sur le r\u00e9seau?<\/h3>\n<p class=\"p1\">Lorsque vous effectuez l&rsquo;achat et choisissez le mode de paiement, lorsque vous cliquez sur le bouton Paiement par carte le site Web se connecte au serveur s\u00e9curis\u00e9, \u00e0 partir de ce moment, vous entrez pour naviguer dans l&rsquo;espace s\u00e9curis\u00e9 et entrez vos coordonn\u00e9es bancaires dans le serveur s\u00e9curis\u00e9 du banque, qui s&rsquo;assure que l&rsquo;op\u00e9ration r\u00e9pond aux exigences de s\u00e9curit\u00e9 requises et effectue l&rsquo;op\u00e9ration, apr\u00e8s quoi la confirmation de celle-ci appara\u00eet et l&rsquo;acheteur retourne \u00e0 nouveau dans le magasin.<\/p>\n<h3 class=\"p1\">Quelqu&rsquo;un pourrait-il conna\u00eetre la cl\u00e9 de cryptage ?<\/h3>\n<p class=\"p1\">Chaque fois qu&rsquo;un utilisateur se connecte \u00e0 un serveur s\u00e9curis\u00e9, il est charg\u00e9 de g\u00e9n\u00e9rer une cl\u00e9 al\u00e9atoire pour la session qu&rsquo;il \u00e9tablit avec l&rsquo;utilisateur, tandis que le navigateur du client g\u00e9n\u00e8re une autre cl\u00e9, \u00e9galement al\u00e9atoire, qui sert \u00e0 s&rsquo;identifier aupr\u00e8s de l&rsquo;utilisateur. serveur.<\/p>\n<p class=\"p1\">Si au moment de l&rsquo;\u00e9tablissement d&rsquo;une connexion s\u00e9curis\u00e9e, d&rsquo;autres utilisateurs se connectent au serveur, de nouvelles cl\u00e9s sont \u00e0 nouveau g\u00e9n\u00e9r\u00e9es pour identifier les participants \u00e0 la connexion.<\/p>\n<p class=\"p1\">Le serveur s\u00e9curis\u00e9 garantit que les cl\u00e9s g\u00e9n\u00e9r\u00e9es ne co\u00efncident jamais lors de l&rsquo;\u00e9tablissement de plusieurs connexions simultan\u00e9es.<\/p>\n<h3 class=\"p1\">Comment puis-je savoir qu&rsquo;une connexion s\u00e9curis\u00e9e a bien \u00e9t\u00e9 \u00e9tablie ?<\/h3>\n<p class=\"p1\">Vous pouvez savoir si vous vous \u00eates connect\u00e9 \u00e0 un serveur s\u00e9curis\u00e9 si l&rsquo;URL commence par \u00ab\u00a0https:\/\/\u00a0\u00bb. De plus, les navigateurs les plus utilis\u00e9s l&rsquo;indiquent graphiquement au moyen d&rsquo;une ic\u00f4ne qui indique \u00e0 l&rsquo;utilisateur s&rsquo;il existe ou non une connexion s\u00e9curis\u00e9e (par exemple, dans le cas d&rsquo;Internet Explorer, le cadenas jaune ferm\u00e9 appara\u00eet).<\/p>\n<h3 class=\"p1\">Quel protocole de s\u00e9curit\u00e9 est utilis\u00e9 dans les transmissions ?<\/h3>\n<p class=\"p1\">Dans les connexions avec le serveur s\u00e9curis\u00e9, les derni\u00e8res sp\u00e9cifications du protocole de s\u00e9curit\u00e9 standard dans le r\u00e9seau sont utilis\u00e9es : SSL.<\/p>\n<h3 class=\"p1\">Quelle institution financi\u00e8re garantit la s\u00e9curit\u00e9 de mes transactions ?<\/h3>\n<p class=\"p1\">Lorsque vous effectuez un achat avec une carte de d\u00e9bit ou de cr\u00e9dit dans notre boutique en ligne jamonesmajadapedroche.es, une connexion est \u00e9tablie avec le serveur s\u00e9curis\u00e9 de Banco Santander, il apporte toute son exp\u00e9rience et son infrastructure technologique pour fournir un support s\u00fbr et efficace \u00e0 toutes les transactions \u00e9lectroniques de les achats effectu\u00e9s sur hamsmajadapedroche.es. Lorsqu&rsquo;une demande de paiement arrive au serveur s\u00e9curis\u00e9 de Banco Santander, celui-ci est charg\u00e9 de g\u00e9rer l&rsquo;autorisation ou le refus, en temps r\u00e9el, du paiement de cet achat apr\u00e8s avoir confirm\u00e9 que toutes les donn\u00e9es sont correctes pour effectuer le paiement.<\/p>\n<h3 class=\"p1\">O\u00f9 pouvez-vous obtenir plus d&rsquo;informations?<\/h3>\n<p class=\"p1\">Si vous souhaitez plus d&rsquo;informations sur les probl\u00e8mes de s\u00e9curit\u00e9, vous pouvez utiliser celui fourni par Banco Santander \u00e0 l&rsquo;adresse<span class=\"s1\"> votre site web,<\/span> www.bancosantander.es.<\/p>\n<h3 class=\"p1\">3D s\u00e9curis\u00e9<\/h3>\n<p class=\"p1\">La passerelle de Banco Santander est compatible avec les nouveaux protocoles de paiement s\u00e9curis\u00e9 sur Internet introduits par les marques Visa et Mastercard.<\/p>\n<p class=\"p1\">3D Secure est le syst\u00e8me de paiement par carte de cr\u00e9dit le plus s\u00fbr car il est capable d&rsquo;authentifier le titulaire de la carte, il garantit que le client qui utilise un num\u00e9ro de carte est bien le titulaire de la carte. Cela se fait \u00e0 l&rsquo;aide d&rsquo;un mot de passe secret que votre propre banque vous fournira et que vous seul conna\u00eetrez.Dans la plupart des cas, ce mot de passe peut \u00eatre demand\u00e9 en ligne. Pour plus d&rsquo;informations, vous pouvez consulter le site internet de votre banque ou la contacter.<\/p>\n<h3 class=\"p1\">Tr\u00e8s important<\/h3>\n<p class=\"p1\">Notre site accepte uniquement les paiements par carte bancaire s\u00e9curis\u00e9e (3D Secure), vous aurez donc besoin d&rsquo;un mot de passe sp\u00e9cial pour acheter en ligne qui devra \u00eatre fourni par l&rsquo;institution financi\u00e8re \u00e9mettrice de la carte, mentionnant la n\u00e9cessit\u00e9 d&rsquo;avoir le mot de passe virtuel par 3D Secure. Nous vous recommandons d&rsquo;utiliser ce syst\u00e8me 3D Secure, vous vous assurez d&rsquo;\u00eatre le seul \u00e0 pouvoir effectuer des achats avec la carte, ainsi son utilisation frauduleuse sur le r\u00e9seau est impossible, garantissant la s\u00e9curit\u00e9 totale des transactions.<\/p>\n<h3 class=\"p1\">Comment prot\u00e9geons-nous votre paiement par carte de cr\u00e9dit ?<\/h3>\n<p class=\"p1\">jamonesmajadapedroche.es utilise un serveur bas\u00e9 sur l&rsquo;un des syst\u00e8mes de paiement s\u00e9curis\u00e9s les plus fiables sur Internet : le protocole de s\u00e9curit\u00e9 SSL (Secure Socked Layer). (Pour plus d&rsquo;informations, visitez www.ssl.com).<\/p>\n<p class=\"p1\">Toutes vos donn\u00e9es personnelles et les informations que vous nous transmettez voyagent sous forme crypt\u00e9e \u00e0 travers le r\u00e9seau, et sont prot\u00e9g\u00e9es et crypt\u00e9es avant d&rsquo;\u00eatre envoy\u00e9es pour traitement.<\/p>\n<p class=\"p1\">Seules les transactions CES (Secure Electronic Commerce) seront accept\u00e9es pour le paiement avec Visa et Mastercard. Apr\u00e8s avoir v\u00e9rifi\u00e9 que la carte est rattach\u00e9e au syst\u00e8me CES, le syst\u00e8me contactera la banque qui l&rsquo;a \u00e9mise afin que l&rsquo;acheteur autorise l&rsquo;achat. Une fois que la banque confirme l&rsquo;authenticit\u00e9, la carte sera d\u00e9bit\u00e9e. Dans le cas contraire, la commande sera annul\u00e9e.<\/p>\n<p class=\"p1\">La passerelle de paiement que nous utilisons pour votre paiement par carte de cr\u00e9dit est Banco Santander, qui crypte vos donn\u00e9es via le protocole SSL 256 bits. Notre syst\u00e8me ne stocke aucune donn\u00e9e bancaire de votre carte de cr\u00e9dit, mais va directement au POS Ecommerce (Terminal de point de vente) de la Banque.<\/p>\n<h3 class=\"p1\">Qu&rsquo;est-ce que SSL?<\/h3>\n<p class=\"p1\">Les derni\u00e8res avanc\u00e9es en mati\u00e8re de technologie de navigateur et de serveur ont facilit\u00e9 l&rsquo;utilisation des services Web sans soucis li\u00e9s \u00e0 la fraude \u00e9lectronique. Un exemple de ceci est Secure Sockets Layer (SSL), d\u00e9velopp\u00e9 par Netscape, un protocole de s\u00e9curit\u00e9 soumis \u00e0 l&rsquo;Internet Engineering Task Force (IETF) en tant que projet Internet. Fondamentalement, le protocole permet au navigateur et au serveur d&rsquo;une session Web de s&rsquo;authentifier et de prot\u00e9ger les informations qui circuleront par la suite entre les deux points. Gr\u00e2ce \u00e0 l&rsquo;utilisation de techniques cryptographiques telles que le cryptage et la signature num\u00e9rique, le protocole:<\/p>\n<p class=\"p1\"><span class=\"s3\">\u25a0<\/span> Permet aux navigateurs et aux serveurs Web de s&rsquo;authentifier mutuellement.<\/p>\n<p class=\"p1\"><span class=\"s3\">\u25a0<\/span> Permet aux propri\u00e9taires de sites Web de contr\u00f4ler l&rsquo;acc\u00e8s \u00e0 des serveurs, r\u00e9pertoires, fichiers ou services particuliers<\/p>\n<p class=\"p1\"><span class=\"s3\">\u25a0<\/span> Permet le partage d&rsquo;informations confidentielles (telles que les num\u00e9ros de carte de cr\u00e9dit) entre le navigateur et le serveur, les gardant inaccessibles \u00e0 des tiers.<\/p>\n<p class=\"p1\"><span class=\"s3\">\u25a0<\/span> Il garantit que les donn\u00e9es \u00e9chang\u00e9es par le navigateur et le serveur ne peuvent pas \u00eatre corrompues, que ce soit accidentellement ou volontairement, sans \u00eatre d\u00e9tect\u00e9es.<\/p>\n","protected":false},"excerpt":{"rendered":"<p>Comment faire un achat en ligne ? Vous devez d&rsquo;abord ajouter les produits que vous souhaitez \u00e0 votre \u00ab\u00a0panier\u00a0\u00bb puis suivre les \u00e9tapes [&hellip;]<\/p>\n","protected":false},"author":8,"featured_media":0,"parent":0,"menu_order":0,"comment_status":"closed","ping_status":"closed","template":"","meta":{"_mi_skip_tracking":false,"jetpack_post_was_ever_published":false},"yoast_head":"<!-- This site is optimized with the Yoast SEO plugin v20.2.1 - https:\/\/yoast.com\/wordpress\/plugins\/seo\/ -->\n<title>Conditions d&#039;achat<\/title>\n<meta name=\"robots\" content=\"index, follow, max-snippet:-1, max-image-preview:large, max-video-preview:-1\" \/>\n<link rel=\"canonical\" href=\"https:\/\/jamonesmajadapedroche.es\/fr\/conditions-dachat\/\" \/>\n<meta property=\"og:locale\" content=\"fr_FR\" \/>\n<meta property=\"og:type\" content=\"article\" \/>\n<meta property=\"og:title\" content=\"Conditions d&#039;achat\" \/>\n<meta property=\"og:description\" content=\"Comment faire un achat en ligne ? Vous devez d&rsquo;abord ajouter les produits que vous souhaitez \u00e0 votre \u00ab\u00a0panier\u00a0\u00bb puis suivre les \u00e9tapes [&hellip;]\" \/>\n<meta property=\"og:url\" content=\"https:\/\/jamonesmajadapedroche.es\/fr\/conditions-dachat\/\" \/>\n<meta property=\"og:site_name\" content=\"Majada Pedroche Jam\u00f3n Ib\u00e9rico de bellota en Villanueva de C\u00f3rdoba\" \/>\n<meta property=\"article:publisher\" content=\"https:\/\/www.facebook.com\/majadapedroche\/\" \/>\n<meta property=\"article:modified_time\" content=\"2021-08-12T07:06:08+00:00\" \/>\n<meta property=\"og:image\" content=\"https:\/\/i0.wp.com\/jamonesmajadapedroche.es\/wp-content\/uploads\/2017\/10\/Pagina-de-google.jpg?fit=1080%2C608&ssl=1\" \/>\n\t<meta property=\"og:image:width\" content=\"1080\" \/>\n\t<meta property=\"og:image:height\" content=\"608\" \/>\n\t<meta property=\"og:image:type\" content=\"image\/jpeg\" \/>\n<meta name=\"twitter:card\" content=\"summary_large_image\" \/>\n<meta name=\"twitter:site\" content=\"@majada_pedroche\" \/>\n<meta name=\"twitter:label1\" content=\"Dur\u00e9e de lecture estim\u00e9e\" \/>\n\t<meta name=\"twitter:data1\" content=\"7 minutes\" \/>\n<script type=\"application\/ld+json\" class=\"yoast-schema-graph\">{\"@context\":\"https:\/\/schema.org\",\"@graph\":[{\"@type\":\"WebPage\",\"@id\":\"https:\/\/jamonesmajadapedroche.es\/fr\/conditions-dachat\/\",\"url\":\"https:\/\/jamonesmajadapedroche.es\/fr\/conditions-dachat\/\",\"name\":\"Conditions d'achat\",\"isPartOf\":{\"@id\":\"https:\/\/jamonesmajadapedroche.es\/#website\"},\"datePublished\":\"2021-05-27T14:07:26+00:00\",\"dateModified\":\"2021-08-12T07:06:08+00:00\",\"breadcrumb\":{\"@id\":\"https:\/\/jamonesmajadapedroche.es\/fr\/conditions-dachat\/#breadcrumb\"},\"inLanguage\":\"fr-FR\",\"potentialAction\":[{\"@type\":\"ReadAction\",\"target\":[\"https:\/\/jamonesmajadapedroche.es\/fr\/conditions-dachat\/\"]}]},{\"@type\":\"BreadcrumbList\",\"@id\":\"https:\/\/jamonesmajadapedroche.es\/fr\/conditions-dachat\/#breadcrumb\",\"itemListElement\":[{\"@type\":\"ListItem\",\"position\":1,\"name\":\"Accueil\",\"item\":\"https:\/\/jamonesmajadapedroche.es\/fr\/\"},{\"@type\":\"ListItem\",\"position\":2,\"name\":\"Conditions d&rsquo;achat\"}]},{\"@type\":\"WebSite\",\"@id\":\"https:\/\/jamonesmajadapedroche.es\/#website\",\"url\":\"https:\/\/jamonesmajadapedroche.es\/\",\"name\":\"Majada Pedroche Jam\u00f3n Ib\u00e9rico de bellota en Villanueva de C\u00f3rdoba\",\"description\":\"Jam\u00f3n y embutidos ib\u00e9ricos 100% de bellota con Denominaci\u00f3n de Origen de los Pedroches\",\"potentialAction\":[{\"@type\":\"SearchAction\",\"target\":{\"@type\":\"EntryPoint\",\"urlTemplate\":\"https:\/\/jamonesmajadapedroche.es\/?s={search_term_string}\"},\"query-input\":\"required name=search_term_string\"}],\"inLanguage\":\"fr-FR\"}]}<\/script>\n<!-- \/ Yoast SEO plugin. -->","yoast_head_json":{"title":"Conditions d'achat","robots":{"index":"index","follow":"follow","max-snippet":"max-snippet:-1","max-image-preview":"max-image-preview:large","max-video-preview":"max-video-preview:-1"},"canonical":"https:\/\/jamonesmajadapedroche.es\/fr\/conditions-dachat\/","og_locale":"fr_FR","og_type":"article","og_title":"Conditions d'achat","og_description":"Comment faire un achat en ligne ? Vous devez d&rsquo;abord ajouter les produits que vous souhaitez \u00e0 votre \u00ab\u00a0panier\u00a0\u00bb puis suivre les \u00e9tapes [&hellip;]","og_url":"https:\/\/jamonesmajadapedroche.es\/fr\/conditions-dachat\/","og_site_name":"Majada Pedroche Jam\u00f3n Ib\u00e9rico de bellota en Villanueva de C\u00f3rdoba","article_publisher":"https:\/\/www.facebook.com\/majadapedroche\/","article_modified_time":"2021-08-12T07:06:08+00:00","og_image":[{"width":1080,"height":608,"url":"https:\/\/i0.wp.com\/jamonesmajadapedroche.es\/wp-content\/uploads\/2017\/10\/Pagina-de-google.jpg?fit=1080%2C608&ssl=1","type":"image\/jpeg"}],"twitter_card":"summary_large_image","twitter_site":"@majada_pedroche","twitter_misc":{"Dur\u00e9e de lecture estim\u00e9e":"7 minutes"},"schema":{"@context":"https:\/\/schema.org","@graph":[{"@type":"WebPage","@id":"https:\/\/jamonesmajadapedroche.es\/fr\/conditions-dachat\/","url":"https:\/\/jamonesmajadapedroche.es\/fr\/conditions-dachat\/","name":"Conditions d'achat","isPartOf":{"@id":"https:\/\/jamonesmajadapedroche.es\/#website"},"datePublished":"2021-05-27T14:07:26+00:00","dateModified":"2021-08-12T07:06:08+00:00","breadcrumb":{"@id":"https:\/\/jamonesmajadapedroche.es\/fr\/conditions-dachat\/#breadcrumb"},"inLanguage":"fr-FR","potentialAction":[{"@type":"ReadAction","target":["https:\/\/jamonesmajadapedroche.es\/fr\/conditions-dachat\/"]}]},{"@type":"BreadcrumbList","@id":"https:\/\/jamonesmajadapedroche.es\/fr\/conditions-dachat\/#breadcrumb","itemListElement":[{"@type":"ListItem","position":1,"name":"Accueil","item":"https:\/\/jamonesmajadapedroche.es\/fr\/"},{"@type":"ListItem","position":2,"name":"Conditions d&rsquo;achat"}]},{"@type":"WebSite","@id":"https:\/\/jamonesmajadapedroche.es\/#website","url":"https:\/\/jamonesmajadapedroche.es\/","name":"Majada Pedroche Jam\u00f3n Ib\u00e9rico de bellota en Villanueva de C\u00f3rdoba","description":"Jam\u00f3n y embutidos ib\u00e9ricos 100% de bellota con Denominaci\u00f3n de Origen de los Pedroches","potentialAction":[{"@type":"SearchAction","target":{"@type":"EntryPoint","urlTemplate":"https:\/\/jamonesmajadapedroche.es\/?s={search_term_string}"},"query-input":"required name=search_term_string"}],"inLanguage":"fr-FR"}]}},"jetpack_sharing_enabled":true,"jetpack_shortlink":"https:\/\/wp.me\/P9gybB-5tx","_links":{"self":[{"href":"https:\/\/jamonesmajadapedroche.es\/fr\/wp-json\/wp\/v2\/pages\/21051"}],"collection":[{"href":"https:\/\/jamonesmajadapedroche.es\/fr\/wp-json\/wp\/v2\/pages"}],"about":[{"href":"https:\/\/jamonesmajadapedroche.es\/fr\/wp-json\/wp\/v2\/types\/page"}],"author":[{"embeddable":true,"href":"https:\/\/jamonesmajadapedroche.es\/fr\/wp-json\/wp\/v2\/users\/8"}],"replies":[{"embeddable":true,"href":"https:\/\/jamonesmajadapedroche.es\/fr\/wp-json\/wp\/v2\/comments?post=21051"}],"version-history":[{"count":1,"href":"https:\/\/jamonesmajadapedroche.es\/fr\/wp-json\/wp\/v2\/pages\/21051\/revisions"}],"predecessor-version":[{"id":21057,"href":"https:\/\/jamonesmajadapedroche.es\/fr\/wp-json\/wp\/v2\/pages\/21051\/revisions\/21057"}],"wp:attachment":[{"href":"https:\/\/jamonesmajadapedroche.es\/fr\/wp-json\/wp\/v2\/media?parent=21051"}],"curies":[{"name":"wp","href":"https:\/\/api.w.org\/{rel}","templated":true}]}}