{"id":21052,"date":"2021-06-08T13:01:05","date_gmt":"2021-06-08T11:01:05","guid":{"rendered":"https:\/\/jamonesmajadapedroche.es\/conditions-de-retour\/"},"modified":"2021-08-12T09:12:42","modified_gmt":"2021-08-12T07:12:42","slug":"conditions-de-retour","status":"publish","type":"page","link":"https:\/\/jamonesmajadapedroche.es\/fr\/conditions-de-retour\/","title":{"rendered":"Conditions de retour"},"content":{"rendered":"<p>Tous les produits Majada Pedroche passent trois filtres de qualit\u00e9, nous en sommes donc tr\u00e8s s\u00fbrs. Cependant, s&rsquo;il n&rsquo;est pas dans les bonnes conditions, le produit sera chang\u00e9. Le Client dispose d&rsquo;un d\u00e9lai de 7 jours \u00e0 compter de la d\u00e9tection de la non-conformit\u00e9 pour nous signaler ladite anomalie, en cas d&rsquo;acceptation du retour, nous disposerons de 10 jours maximum pour r\u00e9cup\u00e9rer le produit et le remplacer par un autre. Les frais de collecte et de livraison du produit remplac\u00e9 seront \u00e0 notre charge.<\/p>\n<p>Dans le cas o\u00f9 le produit retourn\u00e9 est incomplet, ou une partie de celui-ci a \u00e9t\u00e9 consomm\u00e9, le Client sera factur\u00e9 approximativement ce qui a \u00e9t\u00e9 consomm\u00e9 avant la livraison du produit de remplacement. Ce qui pr\u00e9c\u00e8de est sans pr\u00e9judice des droits que le Client d\u00e9tient en tant que consommateur conform\u00e9ment aux dispositions de la r\u00e9glementation imp\u00e9rative en vigueur en mati\u00e8re de protection des consommateurs.<\/p>\n<p>Pour proc\u00e9der \u00e0 un retour, les \u00e9tapes suivantes doivent \u00eatre suivies :<\/p>\n<p>Informer avant 7 jours calendaires \u00e0 compter de la d\u00e9tection de la non-conformit\u00e9 que le produit souhaite \u00eatre retourn\u00e9. L&rsquo;information peut \u00eatre faite par courrier \u00e0<a href=\"mailto:atencionalcliente@jamonesmajadapedroche.es\" target=\"_blank\" rel=\"nofollow noopener\"> atencionalcliente@jamonesmajadapedroche.es<\/a> ou via le formulaire du service client. De notre service correspondant, nous informerons le client du d\u00e9lai approximatif dans lequel l&rsquo;agence de transport passera \u00e0 l&rsquo;adresse pour retirer le produit.<br \/>\nUne fois le produit retourn\u00e9 arriv\u00e9 dans nos installations, il sera examin\u00e9 et nous proc\u00e9derons \u00e0 la facturation et \u00e0 l&rsquo;encaissement de ce qui manque, uniquement dans le cas o\u00f9 le produit est en bon \u00e9tat, et \u00e0 envoyer le produit de remplacement.<br \/>\nLe client sera inform\u00e9 de l&rsquo;exp\u00e9dition et de la date approximative de livraison du produit remplac\u00e9.<\/p>\n<p>Si le client pr\u00e9f\u00e8re le retour de l&rsquo;argent au lieu du remplacement du produit, une fois le produit retourn\u00e9 v\u00e9rifi\u00e9, en cas d&rsquo;acceptation dudit retour, nous proc\u00e9derons au remboursement du montant par virement bancaire ou cr\u00e9dit sur la carte de cr\u00e9dit du CLIENT. .<\/p>\n","protected":false},"excerpt":{"rendered":"<p>Tous les produits Majada Pedroche passent trois filtres de qualit\u00e9, nous en sommes donc tr\u00e8s s\u00fbrs. Cependant, s&rsquo;il n&rsquo;est pas dans les bonnes [&hellip;]<\/p>\n","protected":false},"author":8,"featured_media":0,"parent":0,"menu_order":0,"comment_status":"closed","ping_status":"closed","template":"","meta":{"_mi_skip_tracking":false,"jetpack_post_was_ever_published":false},"yoast_head":"<!-- This site is optimized with the Yoast SEO plugin v20.2.1 - https:\/\/yoast.com\/wordpress\/plugins\/seo\/ -->\n<title>Conditions de retour<\/title>\n<meta name=\"robots\" content=\"index, follow, max-snippet:-1, max-image-preview:large, max-video-preview:-1\" \/>\n<link rel=\"canonical\" href=\"https:\/\/jamonesmajadapedroche.es\/fr\/conditions-de-retour\/\" \/>\n<meta property=\"og:locale\" content=\"fr_FR\" \/>\n<meta property=\"og:type\" content=\"article\" \/>\n<meta property=\"og:title\" content=\"Conditions de retour\" \/>\n<meta property=\"og:description\" content=\"Tous les produits Majada Pedroche passent trois filtres de qualit\u00e9, nous en sommes donc tr\u00e8s s\u00fbrs. Cependant, s&rsquo;il n&rsquo;est pas dans les bonnes [&hellip;]\" \/>\n<meta property=\"og:url\" content=\"https:\/\/jamonesmajadapedroche.es\/fr\/conditions-de-retour\/\" \/>\n<meta property=\"og:site_name\" content=\"Majada Pedroche Jam\u00f3n Ib\u00e9rico de bellota en Villanueva de C\u00f3rdoba\" \/>\n<meta property=\"article:publisher\" content=\"https:\/\/www.facebook.com\/majadapedroche\/\" \/>\n<meta property=\"article:modified_time\" content=\"2021-08-12T07:12:42+00:00\" \/>\n<meta property=\"og:image\" content=\"https:\/\/i0.wp.com\/jamonesmajadapedroche.es\/wp-content\/uploads\/2017\/10\/Pagina-de-google.jpg?fit=1080%2C608&ssl=1\" \/>\n\t<meta property=\"og:image:width\" content=\"1080\" \/>\n\t<meta property=\"og:image:height\" content=\"608\" \/>\n\t<meta property=\"og:image:type\" content=\"image\/jpeg\" \/>\n<meta name=\"twitter:card\" content=\"summary_large_image\" \/>\n<meta name=\"twitter:site\" content=\"@majada_pedroche\" \/>\n<meta name=\"twitter:label1\" content=\"Dur\u00e9e de lecture estim\u00e9e\" \/>\n\t<meta name=\"twitter:data1\" content=\"2 minutes\" \/>\n<script type=\"application\/ld+json\" class=\"yoast-schema-graph\">{\"@context\":\"https:\/\/schema.org\",\"@graph\":[{\"@type\":\"WebPage\",\"@id\":\"https:\/\/jamonesmajadapedroche.es\/fr\/conditions-de-retour\/\",\"url\":\"https:\/\/jamonesmajadapedroche.es\/fr\/conditions-de-retour\/\",\"name\":\"Conditions de retour\",\"isPartOf\":{\"@id\":\"https:\/\/jamonesmajadapedroche.es\/#website\"},\"datePublished\":\"2021-06-08T11:01:05+00:00\",\"dateModified\":\"2021-08-12T07:12:42+00:00\",\"breadcrumb\":{\"@id\":\"https:\/\/jamonesmajadapedroche.es\/fr\/conditions-de-retour\/#breadcrumb\"},\"inLanguage\":\"fr-FR\",\"potentialAction\":[{\"@type\":\"ReadAction\",\"target\":[\"https:\/\/jamonesmajadapedroche.es\/fr\/conditions-de-retour\/\"]}]},{\"@type\":\"BreadcrumbList\",\"@id\":\"https:\/\/jamonesmajadapedroche.es\/fr\/conditions-de-retour\/#breadcrumb\",\"itemListElement\":[{\"@type\":\"ListItem\",\"position\":1,\"name\":\"Accueil\",\"item\":\"https:\/\/jamonesmajadapedroche.es\/fr\/\"},{\"@type\":\"ListItem\",\"position\":2,\"name\":\"Conditions de retour\"}]},{\"@type\":\"WebSite\",\"@id\":\"https:\/\/jamonesmajadapedroche.es\/#website\",\"url\":\"https:\/\/jamonesmajadapedroche.es\/\",\"name\":\"Majada Pedroche Jam\u00f3n Ib\u00e9rico de bellota en Villanueva de C\u00f3rdoba\",\"description\":\"Jam\u00f3n y embutidos ib\u00e9ricos 100% de bellota con Denominaci\u00f3n de Origen de los Pedroches\",\"potentialAction\":[{\"@type\":\"SearchAction\",\"target\":{\"@type\":\"EntryPoint\",\"urlTemplate\":\"https:\/\/jamonesmajadapedroche.es\/?s={search_term_string}\"},\"query-input\":\"required name=search_term_string\"}],\"inLanguage\":\"fr-FR\"}]}<\/script>\n<!-- \/ Yoast SEO plugin. -->","yoast_head_json":{"title":"Conditions de retour","robots":{"index":"index","follow":"follow","max-snippet":"max-snippet:-1","max-image-preview":"max-image-preview:large","max-video-preview":"max-video-preview:-1"},"canonical":"https:\/\/jamonesmajadapedroche.es\/fr\/conditions-de-retour\/","og_locale":"fr_FR","og_type":"article","og_title":"Conditions de retour","og_description":"Tous les produits Majada Pedroche passent trois filtres de qualit\u00e9, nous en sommes donc tr\u00e8s s\u00fbrs. Cependant, s&rsquo;il n&rsquo;est pas dans les bonnes [&hellip;]","og_url":"https:\/\/jamonesmajadapedroche.es\/fr\/conditions-de-retour\/","og_site_name":"Majada Pedroche Jam\u00f3n Ib\u00e9rico de bellota en Villanueva de C\u00f3rdoba","article_publisher":"https:\/\/www.facebook.com\/majadapedroche\/","article_modified_time":"2021-08-12T07:12:42+00:00","og_image":[{"width":1080,"height":608,"url":"https:\/\/i0.wp.com\/jamonesmajadapedroche.es\/wp-content\/uploads\/2017\/10\/Pagina-de-google.jpg?fit=1080%2C608&ssl=1","type":"image\/jpeg"}],"twitter_card":"summary_large_image","twitter_site":"@majada_pedroche","twitter_misc":{"Dur\u00e9e de lecture estim\u00e9e":"2 minutes"},"schema":{"@context":"https:\/\/schema.org","@graph":[{"@type":"WebPage","@id":"https:\/\/jamonesmajadapedroche.es\/fr\/conditions-de-retour\/","url":"https:\/\/jamonesmajadapedroche.es\/fr\/conditions-de-retour\/","name":"Conditions de retour","isPartOf":{"@id":"https:\/\/jamonesmajadapedroche.es\/#website"},"datePublished":"2021-06-08T11:01:05+00:00","dateModified":"2021-08-12T07:12:42+00:00","breadcrumb":{"@id":"https:\/\/jamonesmajadapedroche.es\/fr\/conditions-de-retour\/#breadcrumb"},"inLanguage":"fr-FR","potentialAction":[{"@type":"ReadAction","target":["https:\/\/jamonesmajadapedroche.es\/fr\/conditions-de-retour\/"]}]},{"@type":"BreadcrumbList","@id":"https:\/\/jamonesmajadapedroche.es\/fr\/conditions-de-retour\/#breadcrumb","itemListElement":[{"@type":"ListItem","position":1,"name":"Accueil","item":"https:\/\/jamonesmajadapedroche.es\/fr\/"},{"@type":"ListItem","position":2,"name":"Conditions de retour"}]},{"@type":"WebSite","@id":"https:\/\/jamonesmajadapedroche.es\/#website","url":"https:\/\/jamonesmajadapedroche.es\/","name":"Majada Pedroche Jam\u00f3n Ib\u00e9rico de bellota en Villanueva de C\u00f3rdoba","description":"Jam\u00f3n y embutidos ib\u00e9ricos 100% de bellota con Denominaci\u00f3n de Origen de los Pedroches","potentialAction":[{"@type":"SearchAction","target":{"@type":"EntryPoint","urlTemplate":"https:\/\/jamonesmajadapedroche.es\/?s={search_term_string}"},"query-input":"required name=search_term_string"}],"inLanguage":"fr-FR"}]}},"jetpack_sharing_enabled":true,"jetpack_shortlink":"https:\/\/wp.me\/P9gybB-5ty","_links":{"self":[{"href":"https:\/\/jamonesmajadapedroche.es\/fr\/wp-json\/wp\/v2\/pages\/21052"}],"collection":[{"href":"https:\/\/jamonesmajadapedroche.es\/fr\/wp-json\/wp\/v2\/pages"}],"about":[{"href":"https:\/\/jamonesmajadapedroche.es\/fr\/wp-json\/wp\/v2\/types\/page"}],"author":[{"embeddable":true,"href":"https:\/\/jamonesmajadapedroche.es\/fr\/wp-json\/wp\/v2\/users\/8"}],"replies":[{"embeddable":true,"href":"https:\/\/jamonesmajadapedroche.es\/fr\/wp-json\/wp\/v2\/comments?post=21052"}],"version-history":[{"count":1,"href":"https:\/\/jamonesmajadapedroche.es\/fr\/wp-json\/wp\/v2\/pages\/21052\/revisions"}],"predecessor-version":[{"id":21063,"href":"https:\/\/jamonesmajadapedroche.es\/fr\/wp-json\/wp\/v2\/pages\/21052\/revisions\/21063"}],"wp:attachment":[{"href":"https:\/\/jamonesmajadapedroche.es\/fr\/wp-json\/wp\/v2\/media?parent=21052"}],"curies":[{"name":"wp","href":"https:\/\/api.w.org\/{rel}","templated":true}]}}