{"id":21053,"date":"2021-06-08T13:01:40","date_gmt":"2021-06-08T11:01:40","guid":{"rendered":"https:\/\/jamonesmajadapedroche.es\/envoyer-les-conditions\/"},"modified":"2021-08-12T09:10:37","modified_gmt":"2021-08-12T07:10:37","slug":"envoyer-les-conditions","status":"publish","type":"page","link":"https:\/\/jamonesmajadapedroche.es\/fr\/envoyer-les-conditions\/","title":{"rendered":"Envoyer les conditions"},"content":{"rendered":"<p>Le site Web<a href=\"http:\/\/jamonesmajadapedroche.es\/\" target=\"_blank\" rel=\"nofollow noopener\"> hamsmajadapedroche.es<\/a> Il appartient \u00e0 Majada Pedroche, dont le si\u00e8ge social est situ\u00e9 \u00e0 : Pol\u00edgono Industrial UI2 S \/ N, 14440 de Villanueva de C\u00f3rdoba (C\u00f3rdoba) Espagne et CIF : B-14594196 enregistr\u00e9 au Registre du Commerce de Cordoue.<\/p>\n<p>Pour toute question concernant votre commande ou r\u00e9clamation nous avons plusieurs m\u00e9thodes :<\/p>\n<p>\u2022 En utilisant le formulaire de service \u00e0 la client\u00e8le sur notre site Web.<br \/>\n\u2022 Envoi d&rsquo;un e-mail \u00e0<a href=\"mailto:pedidos@jamonesmajadapedroche.es\" target=\"_blank\" rel=\"nofollow noopener\"> commandes@jamonesmajadapedroche.es<\/a> en indiquant clairement le motif de votre demande et le num\u00e9ro de commande sur lequel vous souhaitez effectuer la demande.<br \/>\n\u2022 En appelant le 957 12 90 70 &#8211; 628 21 18 07.<\/p>\n<p>D\u00c9LAIS DE LIVRAISON.<\/p>\n<p>Une fois la commande formalis\u00e9e et le paiement effectu\u00e9 et v\u00e9rifi\u00e9, elle proc\u00e9dera \u00e0 sa pr\u00e9paration et \u00e0 son exp\u00e9dition ult\u00e9rieure, tant que tout le produit est en stock. Nous nous engageons \u00e0 informer le client de toute anomalie pouvant survenir lors de la pr\u00e9paration de son exp\u00e9dition et \u00e0 r\u00e9soudre tout type d&rsquo;incident survenant. Le d\u00e9lai stipul\u00e9 pour la pr\u00e9paration de la commande est de 24\/48 heures (jours ouvr\u00e9s) une fois que le client a finalis\u00e9 la commande. Une fois la commande pr\u00e9par\u00e9e, une agence de transport la transf\u00e8rera \u00e0 l&rsquo;adresse que vous aurez indiqu\u00e9e lors de la formalisation de votre commande. Nous nous engageons \u00e0 ce que la plupart de vos commandes soient servies dans les 72 heures (jours ouvr\u00e9s) apr\u00e8s leur formalisation, tant qu&rsquo;aucun incident ne survient.<\/p>\n<p>Nous ferons tout notre possible pour respecter les d\u00e9lais de livraison mentionn\u00e9s. D&rsquo;autre part, le mode de paiement choisi par vous peut affecter les d\u00e9lais de livraison.<\/p>\n<p>En cas de non r\u00e9ception de la commande dans le d\u00e9lai indiqu\u00e9, une enqu\u00eate sera men\u00e9e en collaboration avec le transporteur qui pourra durer plusieurs jours (le d\u00e9lai approximatif est de 15 jours ouvr\u00e9s).<\/p>\n<p>Nous vous conseillons de v\u00e9rifier lors de la r\u00e9ception de votre colis que tout est conforme \u00e0 votre commande et en parfait \u00e9tat. Si vous n&rsquo;\u00eates pas d&rsquo;accord avec les articles livr\u00e9s ou leur statut, veuillez nous contacter d\u00e8s que possible.<\/p>\n<p>DISPONIBILIT\u00c9<\/p>\n<p>Le client doit tenir compte du fait que les commandes seront exp\u00e9di\u00e9es dans la limite des stocks disponibles. Si l&rsquo;un des articles command\u00e9s n&rsquo;est pas en stock, nous nous engageons \u00e0 informer le client par e-mail dans les meilleurs d\u00e9lais (\u00e0 compter de la date \u00e0 laquelle il a pass\u00e9 la commande) pour l&rsquo;informer du d\u00e9lai dans lequel nous pouvons envoyer le ou les produits manquants, comme ainsi que le(s) substitut(s) \u00e9ventuel(s). Si vous n&rsquo;\u00eates pas int\u00e9ress\u00e9 par l&rsquo;attente ou par le produit de remplacement, vous pouvez demander le remboursement des montants que vous avez pay\u00e9s pour ledit article.<\/p>\n<p>Si possible, nous vous proposerons un article de qualit\u00e9 et de prix \u00e9quivalent en remplacement du produit sans stock. Dans le cas o\u00f9 vous n&rsquo;acceptez pas le produit de remplacement propos\u00e9, nous proc\u00e9derons au remboursement comme d\u00e9crit ci-dessus.<\/p>\n","protected":false},"excerpt":{"rendered":"<p>Le site Web hamsmajadapedroche.es Il appartient \u00e0 Majada Pedroche, dont le si\u00e8ge social est situ\u00e9 \u00e0 : Pol\u00edgono Industrial UI2 S \/ N, [&hellip;]<\/p>\n","protected":false},"author":8,"featured_media":0,"parent":0,"menu_order":0,"comment_status":"closed","ping_status":"closed","template":"","meta":{"_mi_skip_tracking":false,"jetpack_post_was_ever_published":false},"yoast_head":"<!-- This site is optimized with the Yoast SEO plugin v20.2.1 - https:\/\/yoast.com\/wordpress\/plugins\/seo\/ -->\n<title>Envoyer les conditions<\/title>\n<meta name=\"robots\" content=\"index, follow, max-snippet:-1, max-image-preview:large, max-video-preview:-1\" \/>\n<link rel=\"canonical\" href=\"https:\/\/jamonesmajadapedroche.es\/fr\/envoyer-les-conditions\/\" \/>\n<meta property=\"og:locale\" content=\"fr_FR\" \/>\n<meta property=\"og:type\" content=\"article\" \/>\n<meta property=\"og:title\" content=\"Envoyer les conditions\" \/>\n<meta property=\"og:description\" content=\"Le site Web hamsmajadapedroche.es Il appartient \u00e0 Majada Pedroche, dont le si\u00e8ge social est situ\u00e9 \u00e0 : Pol\u00edgono Industrial UI2 S \/ N, [&hellip;]\" \/>\n<meta property=\"og:url\" content=\"https:\/\/jamonesmajadapedroche.es\/fr\/envoyer-les-conditions\/\" \/>\n<meta property=\"og:site_name\" content=\"Majada Pedroche Jam\u00f3n Ib\u00e9rico de bellota en Villanueva de C\u00f3rdoba\" \/>\n<meta property=\"article:publisher\" content=\"https:\/\/www.facebook.com\/majadapedroche\/\" \/>\n<meta property=\"article:modified_time\" content=\"2021-08-12T07:10:37+00:00\" \/>\n<meta property=\"og:image\" content=\"https:\/\/i0.wp.com\/jamonesmajadapedroche.es\/wp-content\/uploads\/2017\/10\/Pagina-de-google.jpg?fit=1080%2C608&ssl=1\" \/>\n\t<meta property=\"og:image:width\" content=\"1080\" \/>\n\t<meta property=\"og:image:height\" content=\"608\" \/>\n\t<meta property=\"og:image:type\" content=\"image\/jpeg\" \/>\n<meta name=\"twitter:card\" content=\"summary_large_image\" \/>\n<meta name=\"twitter:site\" content=\"@majada_pedroche\" \/>\n<meta name=\"twitter:label1\" content=\"Dur\u00e9e de lecture estim\u00e9e\" \/>\n\t<meta name=\"twitter:data1\" content=\"3 minutes\" \/>\n<script type=\"application\/ld+json\" class=\"yoast-schema-graph\">{\"@context\":\"https:\/\/schema.org\",\"@graph\":[{\"@type\":\"WebPage\",\"@id\":\"https:\/\/jamonesmajadapedroche.es\/fr\/envoyer-les-conditions\/\",\"url\":\"https:\/\/jamonesmajadapedroche.es\/fr\/envoyer-les-conditions\/\",\"name\":\"Envoyer les conditions\",\"isPartOf\":{\"@id\":\"https:\/\/jamonesmajadapedroche.es\/#website\"},\"datePublished\":\"2021-06-08T11:01:40+00:00\",\"dateModified\":\"2021-08-12T07:10:37+00:00\",\"breadcrumb\":{\"@id\":\"https:\/\/jamonesmajadapedroche.es\/fr\/envoyer-les-conditions\/#breadcrumb\"},\"inLanguage\":\"fr-FR\",\"potentialAction\":[{\"@type\":\"ReadAction\",\"target\":[\"https:\/\/jamonesmajadapedroche.es\/fr\/envoyer-les-conditions\/\"]}]},{\"@type\":\"BreadcrumbList\",\"@id\":\"https:\/\/jamonesmajadapedroche.es\/fr\/envoyer-les-conditions\/#breadcrumb\",\"itemListElement\":[{\"@type\":\"ListItem\",\"position\":1,\"name\":\"Accueil\",\"item\":\"https:\/\/jamonesmajadapedroche.es\/fr\/\"},{\"@type\":\"ListItem\",\"position\":2,\"name\":\"Envoyer les conditions\"}]},{\"@type\":\"WebSite\",\"@id\":\"https:\/\/jamonesmajadapedroche.es\/#website\",\"url\":\"https:\/\/jamonesmajadapedroche.es\/\",\"name\":\"Majada Pedroche Jam\u00f3n Ib\u00e9rico de bellota en Villanueva de C\u00f3rdoba\",\"description\":\"Jam\u00f3n y embutidos ib\u00e9ricos 100% de bellota con Denominaci\u00f3n de Origen de los Pedroches\",\"potentialAction\":[{\"@type\":\"SearchAction\",\"target\":{\"@type\":\"EntryPoint\",\"urlTemplate\":\"https:\/\/jamonesmajadapedroche.es\/?s={search_term_string}\"},\"query-input\":\"required name=search_term_string\"}],\"inLanguage\":\"fr-FR\"}]}<\/script>\n<!-- \/ Yoast SEO plugin. -->","yoast_head_json":{"title":"Envoyer les conditions","robots":{"index":"index","follow":"follow","max-snippet":"max-snippet:-1","max-image-preview":"max-image-preview:large","max-video-preview":"max-video-preview:-1"},"canonical":"https:\/\/jamonesmajadapedroche.es\/fr\/envoyer-les-conditions\/","og_locale":"fr_FR","og_type":"article","og_title":"Envoyer les conditions","og_description":"Le site Web hamsmajadapedroche.es Il appartient \u00e0 Majada Pedroche, dont le si\u00e8ge social est situ\u00e9 \u00e0 : Pol\u00edgono Industrial UI2 S \/ N, [&hellip;]","og_url":"https:\/\/jamonesmajadapedroche.es\/fr\/envoyer-les-conditions\/","og_site_name":"Majada Pedroche Jam\u00f3n Ib\u00e9rico de bellota en Villanueva de C\u00f3rdoba","article_publisher":"https:\/\/www.facebook.com\/majadapedroche\/","article_modified_time":"2021-08-12T07:10:37+00:00","og_image":[{"width":1080,"height":608,"url":"https:\/\/i0.wp.com\/jamonesmajadapedroche.es\/wp-content\/uploads\/2017\/10\/Pagina-de-google.jpg?fit=1080%2C608&ssl=1","type":"image\/jpeg"}],"twitter_card":"summary_large_image","twitter_site":"@majada_pedroche","twitter_misc":{"Dur\u00e9e de lecture estim\u00e9e":"3 minutes"},"schema":{"@context":"https:\/\/schema.org","@graph":[{"@type":"WebPage","@id":"https:\/\/jamonesmajadapedroche.es\/fr\/envoyer-les-conditions\/","url":"https:\/\/jamonesmajadapedroche.es\/fr\/envoyer-les-conditions\/","name":"Envoyer les conditions","isPartOf":{"@id":"https:\/\/jamonesmajadapedroche.es\/#website"},"datePublished":"2021-06-08T11:01:40+00:00","dateModified":"2021-08-12T07:10:37+00:00","breadcrumb":{"@id":"https:\/\/jamonesmajadapedroche.es\/fr\/envoyer-les-conditions\/#breadcrumb"},"inLanguage":"fr-FR","potentialAction":[{"@type":"ReadAction","target":["https:\/\/jamonesmajadapedroche.es\/fr\/envoyer-les-conditions\/"]}]},{"@type":"BreadcrumbList","@id":"https:\/\/jamonesmajadapedroche.es\/fr\/envoyer-les-conditions\/#breadcrumb","itemListElement":[{"@type":"ListItem","position":1,"name":"Accueil","item":"https:\/\/jamonesmajadapedroche.es\/fr\/"},{"@type":"ListItem","position":2,"name":"Envoyer les conditions"}]},{"@type":"WebSite","@id":"https:\/\/jamonesmajadapedroche.es\/#website","url":"https:\/\/jamonesmajadapedroche.es\/","name":"Majada Pedroche Jam\u00f3n Ib\u00e9rico de bellota en Villanueva de C\u00f3rdoba","description":"Jam\u00f3n y embutidos ib\u00e9ricos 100% de bellota con Denominaci\u00f3n de Origen de los Pedroches","potentialAction":[{"@type":"SearchAction","target":{"@type":"EntryPoint","urlTemplate":"https:\/\/jamonesmajadapedroche.es\/?s={search_term_string}"},"query-input":"required name=search_term_string"}],"inLanguage":"fr-FR"}]}},"jetpack_sharing_enabled":true,"jetpack_shortlink":"https:\/\/wp.me\/P9gybB-5tz","_links":{"self":[{"href":"https:\/\/jamonesmajadapedroche.es\/fr\/wp-json\/wp\/v2\/pages\/21053"}],"collection":[{"href":"https:\/\/jamonesmajadapedroche.es\/fr\/wp-json\/wp\/v2\/pages"}],"about":[{"href":"https:\/\/jamonesmajadapedroche.es\/fr\/wp-json\/wp\/v2\/types\/page"}],"author":[{"embeddable":true,"href":"https:\/\/jamonesmajadapedroche.es\/fr\/wp-json\/wp\/v2\/users\/8"}],"replies":[{"embeddable":true,"href":"https:\/\/jamonesmajadapedroche.es\/fr\/wp-json\/wp\/v2\/comments?post=21053"}],"version-history":[{"count":1,"href":"https:\/\/jamonesmajadapedroche.es\/fr\/wp-json\/wp\/v2\/pages\/21053\/revisions"}],"predecessor-version":[{"id":21060,"href":"https:\/\/jamonesmajadapedroche.es\/fr\/wp-json\/wp\/v2\/pages\/21053\/revisions\/21060"}],"wp:attachment":[{"href":"https:\/\/jamonesmajadapedroche.es\/fr\/wp-json\/wp\/v2\/media?parent=21053"}],"curies":[{"name":"wp","href":"https:\/\/api.w.org\/{rel}","templated":true}]}}