{"id":21055,"date":"2021-06-08T13:02:21","date_gmt":"2021-06-08T11:02:21","guid":{"rendered":"https:\/\/jamonesmajadapedroche.es\/conditions-de-paiement\/"},"modified":"2021-08-12T09:09:40","modified_gmt":"2021-08-12T07:09:40","slug":"conditions-de-paiement","status":"publish","type":"page","link":"https:\/\/jamonesmajadapedroche.es\/fr\/conditions-de-paiement\/","title":{"rendered":"Conditions de paiement"},"content":{"rendered":"<h3 class=\"p1\">Payer<\/h3>\n<p class=\"p1\">Les prix \u00e9tablis sur les produits seront applicables au jour de la passation de la commande. Les prix \u00e9tablis sont les prix finaux (total), c&rsquo;est-\u00e0-dire qu&rsquo;ils incluent la taxe sur la valeur ajout\u00e9e en Espagne au taux d&rsquo;imposition l\u00e9gal applicable. Jusqu&rsquo;au paiement int\u00e9gral du prix d&rsquo;achat.<\/p>\n<p>A la fin de la commande, le client r\u00e9glera l&rsquo;achat effectu\u00e9 par carte bancaire VISA ou MASTERCARD (paiement s\u00e9curis\u00e9 SSL). Dans certains cas et pour pr\u00e9venir d&rsquo;\u00e9ventuelles fraudes, Majada Pedroche se r\u00e9serve la possibilit\u00e9 de demander \u00e0 un client un mode de paiement sp\u00e9cifique dans le cas o\u00f9 l&rsquo;identit\u00e9 de l&rsquo;acheteur n&rsquo;est pas prouv\u00e9e de mani\u00e8re cr\u00e9dible.<\/p>\n<p><img data-attachment-id=\"21056\" data-permalink=\"https:\/\/jamonesmajadapedroche.es\/fr\/conditions-de-paiement\/formas-de-pago-majada-pedroche-2\/\" data-orig-file=\"https:\/\/i0.wp.com\/jamonesmajadapedroche.es\/wp-content\/uploads\/2021\/08\/Formas-de-pago-Majada-Pedroche.jpg?fit=922%2C208&amp;ssl=1\" data-orig-size=\"922,208\" data-comments-opened=\"1\" data-image-meta=\"{&quot;aperture&quot;:&quot;0&quot;,&quot;credit&quot;:&quot;&quot;,&quot;camera&quot;:&quot;&quot;,&quot;caption&quot;:&quot;&quot;,&quot;created_timestamp&quot;:&quot;0&quot;,&quot;copyright&quot;:&quot;&quot;,&quot;focal_length&quot;:&quot;0&quot;,&quot;iso&quot;:&quot;0&quot;,&quot;shutter_speed&quot;:&quot;0&quot;,&quot;title&quot;:&quot;&quot;,&quot;orientation&quot;:&quot;0&quot;}\" data-image-title=\"Modes de paiement &#8211; Majada Pedroche\" data-image-description=\"\" data-image-caption=\"\" data-medium-file=\"https:\/\/i0.wp.com\/jamonesmajadapedroche.es\/wp-content\/uploads\/2021\/08\/Formas-de-pago-Majada-Pedroche.jpg?fit=300%2C68&amp;ssl=1\" data-large-file=\"https:\/\/i0.wp.com\/jamonesmajadapedroche.es\/wp-content\/uploads\/2021\/08\/Formas-de-pago-Majada-Pedroche.jpg?fit=922%2C208&amp;ssl=1\" class=\"aligncenter wp-image-21056\" src=\"https:\/\/i0.wp.com\/jamonesmajadapedroche.es\/wp-content\/uploads\/2021\/08\/Formas-de-pago-Majada-Pedroche.jpg?resize=250%2C56&#038;ssl=1\" alt=\"\" width=\"250\" height=\"56\" srcset=\"https:\/\/i0.wp.com\/jamonesmajadapedroche.es\/wp-content\/uploads\/2021\/08\/Formas-de-pago-Majada-Pedroche.jpg?resize=200%2C45&amp;ssl=1 200w, https:\/\/i0.wp.com\/jamonesmajadapedroche.es\/wp-content\/uploads\/2021\/08\/Formas-de-pago-Majada-Pedroche.jpg?resize=300%2C68&amp;ssl=1 300w, https:\/\/i0.wp.com\/jamonesmajadapedroche.es\/wp-content\/uploads\/2021\/08\/Formas-de-pago-Majada-Pedroche.jpg?resize=400%2C90&amp;ssl=1 400w, https:\/\/i0.wp.com\/jamonesmajadapedroche.es\/wp-content\/uploads\/2021\/08\/Formas-de-pago-Majada-Pedroche.jpg?resize=500%2C113&amp;ssl=1 500w, https:\/\/i0.wp.com\/jamonesmajadapedroche.es\/wp-content\/uploads\/2021\/08\/Formas-de-pago-Majada-Pedroche.jpg?resize=600%2C135&amp;ssl=1 600w, https:\/\/i0.wp.com\/jamonesmajadapedroche.es\/wp-content\/uploads\/2021\/08\/Formas-de-pago-Majada-Pedroche.jpg?resize=700%2C158&amp;ssl=1 700w, https:\/\/i0.wp.com\/jamonesmajadapedroche.es\/wp-content\/uploads\/2021\/08\/Formas-de-pago-Majada-Pedroche.jpg?resize=768%2C173&amp;ssl=1 768w, https:\/\/i0.wp.com\/jamonesmajadapedroche.es\/wp-content\/uploads\/2021\/08\/Formas-de-pago-Majada-Pedroche.jpg?resize=800%2C180&amp;ssl=1 800w, https:\/\/i0.wp.com\/jamonesmajadapedroche.es\/wp-content\/uploads\/2021\/08\/Formas-de-pago-Majada-Pedroche.jpg?fit=922%2C208&amp;ssl=1 922w\" sizes=\"(max-width: 250px) 100vw, 250px\" data-recalc-dims=\"1\" \/><\/p>\n","protected":false},"excerpt":{"rendered":"<p>Payer Les prix \u00e9tablis sur les produits seront applicables au jour de la passation de la commande. Les prix \u00e9tablis sont les prix [&hellip;]<\/p>\n","protected":false},"author":8,"featured_media":0,"parent":0,"menu_order":0,"comment_status":"closed","ping_status":"closed","template":"","meta":{"_mi_skip_tracking":false,"jetpack_post_was_ever_published":false},"yoast_head":"<!-- This site is optimized with the Yoast SEO plugin v20.2.1 - https:\/\/yoast.com\/wordpress\/plugins\/seo\/ -->\n<title>Conditions de paiement<\/title>\n<meta name=\"robots\" content=\"index, follow, max-snippet:-1, max-image-preview:large, max-video-preview:-1\" \/>\n<link rel=\"canonical\" href=\"https:\/\/jamonesmajadapedroche.es\/fr\/conditions-de-paiement\/\" \/>\n<meta property=\"og:locale\" content=\"fr_FR\" \/>\n<meta property=\"og:type\" content=\"article\" \/>\n<meta property=\"og:title\" content=\"Conditions de paiement\" \/>\n<meta property=\"og:description\" content=\"Payer Les prix \u00e9tablis sur les produits seront applicables au jour de la passation de la commande. Les prix \u00e9tablis sont les prix [&hellip;]\" \/>\n<meta property=\"og:url\" content=\"https:\/\/jamonesmajadapedroche.es\/fr\/conditions-de-paiement\/\" \/>\n<meta property=\"og:site_name\" content=\"Majada Pedroche Jam\u00f3n Ib\u00e9rico de bellota en Villanueva de C\u00f3rdoba\" \/>\n<meta property=\"article:publisher\" content=\"https:\/\/www.facebook.com\/majadapedroche\/\" \/>\n<meta property=\"article:modified_time\" content=\"2021-08-12T07:09:40+00:00\" \/>\n<meta property=\"og:image\" content=\"https:\/\/jamonesmajadapedroche.es\/wp-content\/uploads\/2021\/08\/Formas-de-pago-Majada-Pedroche.jpg\" \/>\n<meta name=\"twitter:card\" content=\"summary_large_image\" \/>\n<meta name=\"twitter:site\" content=\"@majada_pedroche\" \/>\n<meta name=\"twitter:label1\" content=\"Dur\u00e9e de lecture estim\u00e9e\" \/>\n\t<meta name=\"twitter:data1\" content=\"1 minute\" \/>\n<script type=\"application\/ld+json\" class=\"yoast-schema-graph\">{\"@context\":\"https:\/\/schema.org\",\"@graph\":[{\"@type\":\"WebPage\",\"@id\":\"https:\/\/jamonesmajadapedroche.es\/fr\/conditions-de-paiement\/\",\"url\":\"https:\/\/jamonesmajadapedroche.es\/fr\/conditions-de-paiement\/\",\"name\":\"Conditions de paiement\",\"isPartOf\":{\"@id\":\"https:\/\/jamonesmajadapedroche.es\/#website\"},\"datePublished\":\"2021-06-08T11:02:21+00:00\",\"dateModified\":\"2021-08-12T07:09:40+00:00\",\"breadcrumb\":{\"@id\":\"https:\/\/jamonesmajadapedroche.es\/fr\/conditions-de-paiement\/#breadcrumb\"},\"inLanguage\":\"fr-FR\",\"potentialAction\":[{\"@type\":\"ReadAction\",\"target\":[\"https:\/\/jamonesmajadapedroche.es\/fr\/conditions-de-paiement\/\"]}]},{\"@type\":\"BreadcrumbList\",\"@id\":\"https:\/\/jamonesmajadapedroche.es\/fr\/conditions-de-paiement\/#breadcrumb\",\"itemListElement\":[{\"@type\":\"ListItem\",\"position\":1,\"name\":\"Accueil\",\"item\":\"https:\/\/jamonesmajadapedroche.es\/fr\/\"},{\"@type\":\"ListItem\",\"position\":2,\"name\":\"Conditions de paiement\"}]},{\"@type\":\"WebSite\",\"@id\":\"https:\/\/jamonesmajadapedroche.es\/#website\",\"url\":\"https:\/\/jamonesmajadapedroche.es\/\",\"name\":\"Majada Pedroche Jam\u00f3n Ib\u00e9rico de bellota en Villanueva de C\u00f3rdoba\",\"description\":\"Jam\u00f3n y embutidos ib\u00e9ricos 100% de bellota con Denominaci\u00f3n de Origen de los Pedroches\",\"potentialAction\":[{\"@type\":\"SearchAction\",\"target\":{\"@type\":\"EntryPoint\",\"urlTemplate\":\"https:\/\/jamonesmajadapedroche.es\/?s={search_term_string}\"},\"query-input\":\"required name=search_term_string\"}],\"inLanguage\":\"fr-FR\"}]}<\/script>\n<!-- \/ Yoast SEO plugin. -->","yoast_head_json":{"title":"Conditions de paiement","robots":{"index":"index","follow":"follow","max-snippet":"max-snippet:-1","max-image-preview":"max-image-preview:large","max-video-preview":"max-video-preview:-1"},"canonical":"https:\/\/jamonesmajadapedroche.es\/fr\/conditions-de-paiement\/","og_locale":"fr_FR","og_type":"article","og_title":"Conditions de paiement","og_description":"Payer Les prix \u00e9tablis sur les produits seront applicables au jour de la passation de la commande. Les prix \u00e9tablis sont les prix [&hellip;]","og_url":"https:\/\/jamonesmajadapedroche.es\/fr\/conditions-de-paiement\/","og_site_name":"Majada Pedroche Jam\u00f3n Ib\u00e9rico de bellota en Villanueva de C\u00f3rdoba","article_publisher":"https:\/\/www.facebook.com\/majadapedroche\/","article_modified_time":"2021-08-12T07:09:40+00:00","og_image":[{"url":"https:\/\/jamonesmajadapedroche.es\/wp-content\/uploads\/2021\/08\/Formas-de-pago-Majada-Pedroche.jpg"}],"twitter_card":"summary_large_image","twitter_site":"@majada_pedroche","twitter_misc":{"Dur\u00e9e de lecture estim\u00e9e":"1 minute"},"schema":{"@context":"https:\/\/schema.org","@graph":[{"@type":"WebPage","@id":"https:\/\/jamonesmajadapedroche.es\/fr\/conditions-de-paiement\/","url":"https:\/\/jamonesmajadapedroche.es\/fr\/conditions-de-paiement\/","name":"Conditions de paiement","isPartOf":{"@id":"https:\/\/jamonesmajadapedroche.es\/#website"},"datePublished":"2021-06-08T11:02:21+00:00","dateModified":"2021-08-12T07:09:40+00:00","breadcrumb":{"@id":"https:\/\/jamonesmajadapedroche.es\/fr\/conditions-de-paiement\/#breadcrumb"},"inLanguage":"fr-FR","potentialAction":[{"@type":"ReadAction","target":["https:\/\/jamonesmajadapedroche.es\/fr\/conditions-de-paiement\/"]}]},{"@type":"BreadcrumbList","@id":"https:\/\/jamonesmajadapedroche.es\/fr\/conditions-de-paiement\/#breadcrumb","itemListElement":[{"@type":"ListItem","position":1,"name":"Accueil","item":"https:\/\/jamonesmajadapedroche.es\/fr\/"},{"@type":"ListItem","position":2,"name":"Conditions de paiement"}]},{"@type":"WebSite","@id":"https:\/\/jamonesmajadapedroche.es\/#website","url":"https:\/\/jamonesmajadapedroche.es\/","name":"Majada Pedroche Jam\u00f3n Ib\u00e9rico de bellota en Villanueva de C\u00f3rdoba","description":"Jam\u00f3n y embutidos ib\u00e9ricos 100% de bellota con Denominaci\u00f3n de Origen de los Pedroches","potentialAction":[{"@type":"SearchAction","target":{"@type":"EntryPoint","urlTemplate":"https:\/\/jamonesmajadapedroche.es\/?s={search_term_string}"},"query-input":"required name=search_term_string"}],"inLanguage":"fr-FR"}]}},"jetpack_sharing_enabled":true,"jetpack_shortlink":"https:\/\/wp.me\/P9gybB-5tB","_links":{"self":[{"href":"https:\/\/jamonesmajadapedroche.es\/fr\/wp-json\/wp\/v2\/pages\/21055"}],"collection":[{"href":"https:\/\/jamonesmajadapedroche.es\/fr\/wp-json\/wp\/v2\/pages"}],"about":[{"href":"https:\/\/jamonesmajadapedroche.es\/fr\/wp-json\/wp\/v2\/types\/page"}],"author":[{"embeddable":true,"href":"https:\/\/jamonesmajadapedroche.es\/fr\/wp-json\/wp\/v2\/users\/8"}],"replies":[{"embeddable":true,"href":"https:\/\/jamonesmajadapedroche.es\/fr\/wp-json\/wp\/v2\/comments?post=21055"}],"version-history":[{"count":1,"href":"https:\/\/jamonesmajadapedroche.es\/fr\/wp-json\/wp\/v2\/pages\/21055\/revisions"}],"predecessor-version":[{"id":21059,"href":"https:\/\/jamonesmajadapedroche.es\/fr\/wp-json\/wp\/v2\/pages\/21055\/revisions\/21059"}],"wp:attachment":[{"href":"https:\/\/jamonesmajadapedroche.es\/fr\/wp-json\/wp\/v2\/media?parent=21055"}],"curies":[{"name":"wp","href":"https:\/\/api.w.org\/{rel}","templated":true}]}}