{"id":21114,"date":"2017-09-06T13:28:55","date_gmt":"2017-09-06T11:28:55","guid":{"rendered":"https:\/\/jamonesmajadapedroche.es\/politique-de-cookies\/"},"modified":"2021-08-12T10:12:53","modified_gmt":"2021-08-12T08:12:53","slug":"politique-de-cookies","status":"publish","type":"page","link":"https:\/\/jamonesmajadapedroche.es\/fr\/politique-de-cookies\/","title":{"rendered":"Politique de cookies"},"content":{"rendered":"<p><strong>POLITIQUE DE COOKIES MAJADA PEDROCHE<\/strong><\/p>\n<p>Conform\u00e9ment aux dispositions de la loi sur les services d&rsquo;information et le commerce \u00e9lectronique, et conform\u00e9ment \u00e0 la directive europ\u00e9enne 2009\/136 \/ CE, www.jamonesmajadapedroche.es proc\u00e8de \u00e0 vous informer de l&rsquo;utilisation de cookies, ainsi que que vous fournissez le consentement \u00e0 la poursuite de cette utilisation par le simple fait de continuer \u00e0 naviguer sur ce portail Web.<\/p>\n<p>Les cookies sont de petits fichiers qui sont t\u00e9l\u00e9charg\u00e9s et stock\u00e9s sur l&rsquo;ordinateur d&rsquo;un utilisateur lors de l&rsquo;acc\u00e8s \u00e0 certains sites Internet, afin de stocker des informations de navigation afin de la faciliter, de reconna\u00eetre l&rsquo;ordinateur, le navigateur&#8230; Ou la collecte de donn\u00e9es \u00e0 des fins statistiques.<\/p>\n<p>En aucun cas, il ne s&rsquo;agit de virus ou de syst\u00e8mes nuisibles \u00e0 l&rsquo;utilisateur.<\/p>\n<p><strong>TYPES DE COOKIES (source Agence espagnole de protection des donn\u00e9es)<\/strong><\/p>\n<p><strong>1.- Types de cookies selon l&rsquo;entit\u00e9 qui les g\u00e8re.<\/strong><\/p>\n<p>Selon qui est l&rsquo;entit\u00e9 qui g\u00e8re l&rsquo;ordinateur ou le domaine \u00e0 partir duquel les cookies sont envoy\u00e9s et traite les donn\u00e9es obtenues, on peut distinguer :<\/p>\n<p>&#8211;<u> Cookies propres<\/u> : Ce sont ceux qui sont envoy\u00e9s \u00e0 l&rsquo;\u00e9quipement terminal de l&rsquo;utilisateur \u00e0 partir d&rsquo;un ordinateur ou d&rsquo;un domaine g\u00e9r\u00e9 par l&rsquo;\u00e9diteur lui-m\u00eame et \u00e0 partir duquel le service demand\u00e9 par l&rsquo;utilisateur est fourni.<\/p>\n<p>&#8211;<u> Cookies tiers:<\/u> Ce sont ceux qui sont envoy\u00e9s \u00e0 l&rsquo;\u00e9quipement terminal de l&rsquo;utilisateur \u00e0 partir d&rsquo;un ordinateur ou d&rsquo;un domaine qui n&rsquo;est pas g\u00e9r\u00e9 par l&rsquo;\u00e9diteur, mais par une autre entit\u00e9 qui traite les donn\u00e9es obtenues gr\u00e2ce aux cookies.<\/p>\n<p>Dans le cas o\u00f9 des cookies sont install\u00e9s \u00e0 partir d&rsquo;un ordinateur ou d&rsquo;un domaine g\u00e9r\u00e9 par l&rsquo;\u00e9diteur lui-m\u00eame mais que les informations collect\u00e9es par leur interm\u00e9diaire sont g\u00e9r\u00e9es par un tiers, ils ne peuvent \u00eatre consid\u00e9r\u00e9s comme des cookies propres.<\/p>\n<ol start=\"2\">\n<li><strong> Types de cookies selon la dur\u00e9e pendant laquelle ils restent activ\u00e9s<\/strong><\/li>\n<\/ol>\n<p>Selon la dur\u00e9e pendant laquelle ils restent activ\u00e9s dans l&rsquo;\u00e9quipement terminal, on peut distinguer :<\/p>\n<p>&#8211;<u> Cookies de session:<\/u> Il s&rsquo;agit d&rsquo;un type de cookies con\u00e7us pour collecter et stocker des donn\u00e9es pendant que l&rsquo;utilisateur acc\u00e8de \u00e0 une page Web.<\/p>\n<p>Ils sont g\u00e9n\u00e9ralement utilis\u00e9s pour stocker des informations qui ne l&rsquo;int\u00e9ressent qu&rsquo;\u00e0 conserver pour la fourniture du service demand\u00e9 par l&rsquo;utilisateur en une seule fois (par exemple une liste de produits achet\u00e9s).<\/p>\n<p>&#8211;<u> Cookies persistants:<\/u> Il s&rsquo;agit d&rsquo;un type de cookies dans lesquels les donn\u00e9es sont toujours stock\u00e9es dans le terminal et peuvent \u00eatre consult\u00e9es et trait\u00e9es pendant une dur\u00e9e d\u00e9finie par le responsable du cookie, qui peut aller de quelques minutes \u00e0 plusieurs ann\u00e9es.<\/p>\n<ol start=\"3\">\n<li><strong> Types de cookies selon leur finalit\u00e9 <\/strong><\/li>\n<\/ol>\n<p>Selon la finalit\u00e9 pour laquelle les donn\u00e9es obtenues par le biais des cookies sont trait\u00e9es, nous pouvons distinguer entre :<\/p>\n<p><u>&#8211; Cookies techniques<\/u>: Ce sont ceux qui permettent \u00e0 l&rsquo;utilisateur de naviguer sur une page Web, une plate-forme ou une application et d&rsquo;utiliser les diff\u00e9rentes options ou services qui y existent, tels que, par exemple, contr\u00f4ler le trafic et la communication de donn\u00e9es, identifier la session, acc\u00e9der \u00e0 des parties de acc\u00e9der, m\u00e9moriser les \u00e9l\u00e9ments qui composent une commande, effectuer le processus d&rsquo;achat d&rsquo;une commande, faire une demande d&rsquo;inscription ou de participation \u00e0 un \u00e9v\u00e9nement, utiliser des \u00e9l\u00e9ments de s\u00e9curit\u00e9 lors de la navigation, stocker du contenu pour la diffusion de vid\u00e9os ou de son ou partager du contenu via r\u00e9seaux sociaux.<\/p>\n<p>&#8211;<u> Cookies de personnalisation :<\/u> Ce sont ceux qui permettent \u00e0 l&rsquo;utilisateur d&rsquo;acc\u00e9der au service avec certaines caract\u00e9ristiques g\u00e9n\u00e9rales pr\u00e9d\u00e9finies sur la base d&rsquo;une s\u00e9rie de crit\u00e8res dans le terminal de l&rsquo;utilisateur, tels que la langue, le type de navigateur via lequel le service est accessible, la configuration r\u00e9gionale. acc\u00e9der au service, etc.<\/p>\n<p>&#8211;<u> Cookies d&rsquo;analyse :<\/u> Ce sont ceux qui permettent \u00e0 leur responsable de surveiller et d&rsquo;analyser le comportement des utilisateurs des sites Web auxquels ils sont li\u00e9s. Les informations collect\u00e9es via ce type de cookies sont utilis\u00e9es pour mesurer l&rsquo;activit\u00e9 des sites Web, des applications ou des plates-formes et pour cr\u00e9er des profils de navigation des utilisateurs desdits sites, applications et plates-formes, afin d&rsquo;introduire des am\u00e9liorations en fonction de l&rsquo;analyse de l&rsquo;utilisation. donn\u00e9es faites par les utilisateurs du service.<\/p>\n<p><strong>COOKIES UTILIS\u00c9S PAR MAJADA PEDROCHE<\/strong><\/p>\n<table>\n<tbody>\n<tr>\n<td width=\"141\">Biscuit<\/td>\n<td width=\"293\">Une fonction<\/td>\n<td width=\"132\">Propri\u00e9taire<\/td>\n<\/tr>\n<tr>\n<td width=\"141\">_G\u00e9orgie<\/td>\n<td width=\"293\">Biscuit analytique. Il est utilis\u00e9 pour diff\u00e9rencier les utilisateurs et les sessions. Le cookie est cr\u00e9\u00e9 lorsque la biblioth\u00e8que javascript est charg\u00e9e et qu&rsquo;il n&rsquo;y a pas de version pr\u00e9c\u00e9dente du cookie _ga. Le cookie est mis \u00e0 jour \u00e0 chaque fois que vous envoyez des donn\u00e9es \u00e0 Google Analytics.<\/p>\n<p>Dur\u00e9e 2 ans.<\/td>\n<td rowspan=\"2\" width=\"132\">Google Analytics est un<\/p>\n<p>outil qui aide<\/p>\n<p>aux propri\u00e9taires de<\/p>\n<p>sites Web pour mesurer comment<\/p>\n<p>les utilisateurs interagissent<\/p>\n<p>avec le contenu de<\/p>\n<p>site.<\/p>\n<p>Google Analytics, un<\/p>\n<p>service d&rsquo;analyse Web<\/p>\n<p>fourni par Google,<\/p>\n<p>Inc. r\u00e9sidant dans le<\/p>\n<p>\u00c9tats-Unis avec<\/p>\n<p>si\u00e8ge en 1600<\/p>\n<p>Promenade de l&rsquo;Amphith\u00e9\u00e2tre,<\/p>\n<p>Vue sur la montagne,<\/p>\n<p>Californie 94043<\/p>\n<p>+ Infos:<a href=\"http:\/\/www.google.com\/intl\/es\/policies\/privacy\/\" target=\"_blank\" rel=\"noopener noreferrer\"> http:\/\/www.google.com\/intl\/es\/policies\/privacy\/<\/a><\/td>\n<\/tr>\n<tr>\n<td width=\"141\">_flingue<\/td>\n<td width=\"293\">Biscuit analytique. Il est utilis\u00e9 pour diff\u00e9rencier les diff\u00e9rents objets de suivi cr\u00e9\u00e9s dans la session. Le cookie est cr\u00e9\u00e9 lorsque la biblioth\u00e8que javascript est charg\u00e9e et qu&rsquo;il n&rsquo;y a pas de version pr\u00e9c\u00e9dente du cookie _gat. Le cookie est mis \u00e0 jour \u00e0 chaque fois que vous envoyez des donn\u00e9es \u00e0 Google Analytics.<\/p>\n<p>Dur\u00e9e 10 minutes.<\/td>\n<\/tr>\n<tr>\n<td width=\"141\">GID<\/td>\n<td width=\"293\">Cookie de session, g\u00e9n\u00e9r\u00e9 par le site Web lui-m\u00eame, en raison de la combinaison de certains codes<\/td>\n<td width=\"132\">PROPRE<\/td>\n<\/tr>\n<\/tbody>\n<\/table>\n<p>&nbsp;<\/p>\n<p>MAJADA PEDROCHE utilise ces cookies pour pouvoir r\u00e9aliser des statistiques anonymes sur ses utilisateurs \u00e0 travers leurs visites. Dans le seul but d&rsquo;offrir une meilleure navigation et un meilleur service \u00e0 tous les utilisateurs qui acc\u00e8dent au site Web. En aucun cas les donn\u00e9es collect\u00e9es ne seront vendues ou mises \u00e0 disposition de tiers.<\/p>\n<p><strong>REJET ET SUPPRESSION DES COOKIES<\/strong><\/p>\n<p>Si malgr\u00e9 ces informations, l&rsquo;utilisateur n&rsquo;accepte pas qu&rsquo;elles soient install\u00e9es sur son ordinateur, il aura toujours la possibilit\u00e9 d&rsquo;essayer de naviguer \u00e0 partir de l&rsquo;option \u00ab\u00a0Navigation Incognito\u00a0\u00bb dont disposent les navigateurs les plus couramment utilis\u00e9s, ou de supprimer les cookies, selon le navigateur. , comme nous le proposons ci-dessous:<\/p>\n<p>&#8211; Google Chrome : Param\u00e8tres -&gt; Confidentialit\u00e9-&gt; Param\u00e8tres de contenu-&gt; Biscuits.<\/p>\n<p>&#8211; Firefox : Pr\u00e9f\u00e9rences -&gt; confidentialit\u00e9<\/p>\n<p>&#8211; Internet Explorer : Outils -&gt; Options Internet-&gt; Confidentialit\u00e9 -&gt; Avanc\u00e9e<\/p>\n<p>&#8211; Safari : Pr\u00e9f\u00e9rences -&gt; confidentialit\u00e9<\/p>\n","protected":false},"excerpt":{"rendered":"<p>POLITIQUE DE COOKIES MAJADA PEDROCHE Conform\u00e9ment aux dispositions de la loi sur les services d&rsquo;information et le commerce \u00e9lectronique, et conform\u00e9ment \u00e0 la [&hellip;]<\/p>\n","protected":false},"author":1,"featured_media":0,"parent":0,"menu_order":0,"comment_status":"closed","ping_status":"closed","template":"","meta":{"_mi_skip_tracking":false,"jetpack_post_was_ever_published":false},"yoast_head":"<!-- This site is optimized with the Yoast SEO plugin v20.2.1 - https:\/\/yoast.com\/wordpress\/plugins\/seo\/ -->\n<title>Politique de cookies<\/title>\n<meta name=\"robots\" content=\"noindex, nofollow\" \/>\n<meta property=\"og:locale\" content=\"fr_FR\" \/>\n<meta property=\"og:type\" content=\"article\" \/>\n<meta property=\"og:title\" content=\"Politique de cookies\" \/>\n<meta property=\"og:description\" content=\"POLITIQUE DE COOKIES MAJADA PEDROCHE Conform\u00e9ment aux dispositions de la loi sur les services d&rsquo;information et le commerce \u00e9lectronique, et conform\u00e9ment \u00e0 la [&hellip;]\" \/>\n<meta property=\"og:url\" content=\"https:\/\/jamonesmajadapedroche.es\/fr\/politique-de-cookies\/\" \/>\n<meta property=\"og:site_name\" content=\"Majada Pedroche Jam\u00f3n Ib\u00e9rico de bellota en Villanueva de C\u00f3rdoba\" \/>\n<meta property=\"article:publisher\" content=\"https:\/\/www.facebook.com\/majadapedroche\/\" \/>\n<meta property=\"article:modified_time\" content=\"2021-08-12T08:12:53+00:00\" \/>\n<meta property=\"og:image\" content=\"https:\/\/i0.wp.com\/jamonesmajadapedroche.es\/wp-content\/uploads\/2017\/10\/Pagina-de-google.jpg?fit=1080%2C608&ssl=1\" \/>\n\t<meta property=\"og:image:width\" content=\"1080\" \/>\n\t<meta property=\"og:image:height\" content=\"608\" \/>\n\t<meta property=\"og:image:type\" content=\"image\/jpeg\" \/>\n<meta name=\"twitter:card\" content=\"summary_large_image\" \/>\n<meta name=\"twitter:site\" content=\"@majada_pedroche\" \/>\n<meta name=\"twitter:label1\" content=\"Dur\u00e9e de lecture estim\u00e9e\" \/>\n\t<meta name=\"twitter:data1\" content=\"6 minutes\" \/>\n<script type=\"application\/ld+json\" class=\"yoast-schema-graph\">{\"@context\":\"https:\/\/schema.org\",\"@graph\":[{\"@type\":\"WebPage\",\"@id\":\"https:\/\/jamonesmajadapedroche.es\/fr\/politique-de-cookies\/\",\"url\":\"https:\/\/jamonesmajadapedroche.es\/fr\/politique-de-cookies\/\",\"name\":\"Politique de cookies\",\"isPartOf\":{\"@id\":\"https:\/\/jamonesmajadapedroche.es\/#website\"},\"datePublished\":\"2017-09-06T11:28:55+00:00\",\"dateModified\":\"2021-08-12T08:12:53+00:00\",\"breadcrumb\":{\"@id\":\"https:\/\/jamonesmajadapedroche.es\/fr\/politique-de-cookies\/#breadcrumb\"},\"inLanguage\":\"fr-FR\",\"potentialAction\":[{\"@type\":\"ReadAction\",\"target\":[\"https:\/\/jamonesmajadapedroche.es\/fr\/politique-de-cookies\/\"]}]},{\"@type\":\"BreadcrumbList\",\"@id\":\"https:\/\/jamonesmajadapedroche.es\/fr\/politique-de-cookies\/#breadcrumb\",\"itemListElement\":[{\"@type\":\"ListItem\",\"position\":1,\"name\":\"Accueil\",\"item\":\"https:\/\/jamonesmajadapedroche.es\/fr\/\"},{\"@type\":\"ListItem\",\"position\":2,\"name\":\"Politique de cookies\"}]},{\"@type\":\"WebSite\",\"@id\":\"https:\/\/jamonesmajadapedroche.es\/#website\",\"url\":\"https:\/\/jamonesmajadapedroche.es\/\",\"name\":\"Majada Pedroche Jam\u00f3n Ib\u00e9rico de bellota en Villanueva de C\u00f3rdoba\",\"description\":\"Jam\u00f3n y embutidos ib\u00e9ricos 100% de bellota con Denominaci\u00f3n de Origen de los Pedroches\",\"potentialAction\":[{\"@type\":\"SearchAction\",\"target\":{\"@type\":\"EntryPoint\",\"urlTemplate\":\"https:\/\/jamonesmajadapedroche.es\/?s={search_term_string}\"},\"query-input\":\"required name=search_term_string\"}],\"inLanguage\":\"fr-FR\"}]}<\/script>\n<!-- \/ Yoast SEO plugin. -->","yoast_head_json":{"title":"Politique de cookies","robots":{"index":"noindex","follow":"nofollow"},"og_locale":"fr_FR","og_type":"article","og_title":"Politique de cookies","og_description":"POLITIQUE DE COOKIES MAJADA PEDROCHE Conform\u00e9ment aux dispositions de la loi sur les services d&rsquo;information et le commerce \u00e9lectronique, et conform\u00e9ment \u00e0 la [&hellip;]","og_url":"https:\/\/jamonesmajadapedroche.es\/fr\/politique-de-cookies\/","og_site_name":"Majada Pedroche Jam\u00f3n Ib\u00e9rico de bellota en Villanueva de C\u00f3rdoba","article_publisher":"https:\/\/www.facebook.com\/majadapedroche\/","article_modified_time":"2021-08-12T08:12:53+00:00","og_image":[{"width":1080,"height":608,"url":"https:\/\/i0.wp.com\/jamonesmajadapedroche.es\/wp-content\/uploads\/2017\/10\/Pagina-de-google.jpg?fit=1080%2C608&ssl=1","type":"image\/jpeg"}],"twitter_card":"summary_large_image","twitter_site":"@majada_pedroche","twitter_misc":{"Dur\u00e9e de lecture estim\u00e9e":"6 minutes"},"schema":{"@context":"https:\/\/schema.org","@graph":[{"@type":"WebPage","@id":"https:\/\/jamonesmajadapedroche.es\/fr\/politique-de-cookies\/","url":"https:\/\/jamonesmajadapedroche.es\/fr\/politique-de-cookies\/","name":"Politique de cookies","isPartOf":{"@id":"https:\/\/jamonesmajadapedroche.es\/#website"},"datePublished":"2017-09-06T11:28:55+00:00","dateModified":"2021-08-12T08:12:53+00:00","breadcrumb":{"@id":"https:\/\/jamonesmajadapedroche.es\/fr\/politique-de-cookies\/#breadcrumb"},"inLanguage":"fr-FR","potentialAction":[{"@type":"ReadAction","target":["https:\/\/jamonesmajadapedroche.es\/fr\/politique-de-cookies\/"]}]},{"@type":"BreadcrumbList","@id":"https:\/\/jamonesmajadapedroche.es\/fr\/politique-de-cookies\/#breadcrumb","itemListElement":[{"@type":"ListItem","position":1,"name":"Accueil","item":"https:\/\/jamonesmajadapedroche.es\/fr\/"},{"@type":"ListItem","position":2,"name":"Politique de cookies"}]},{"@type":"WebSite","@id":"https:\/\/jamonesmajadapedroche.es\/#website","url":"https:\/\/jamonesmajadapedroche.es\/","name":"Majada Pedroche Jam\u00f3n Ib\u00e9rico de bellota en Villanueva de C\u00f3rdoba","description":"Jam\u00f3n y embutidos ib\u00e9ricos 100% de bellota con Denominaci\u00f3n de Origen de los Pedroches","potentialAction":[{"@type":"SearchAction","target":{"@type":"EntryPoint","urlTemplate":"https:\/\/jamonesmajadapedroche.es\/?s={search_term_string}"},"query-input":"required name=search_term_string"}],"inLanguage":"fr-FR"}]}},"jetpack_sharing_enabled":true,"jetpack_shortlink":"https:\/\/wp.me\/P9gybB-5uy","_links":{"self":[{"href":"https:\/\/jamonesmajadapedroche.es\/fr\/wp-json\/wp\/v2\/pages\/21114"}],"collection":[{"href":"https:\/\/jamonesmajadapedroche.es\/fr\/wp-json\/wp\/v2\/pages"}],"about":[{"href":"https:\/\/jamonesmajadapedroche.es\/fr\/wp-json\/wp\/v2\/types\/page"}],"author":[{"embeddable":true,"href":"https:\/\/jamonesmajadapedroche.es\/fr\/wp-json\/wp\/v2\/users\/1"}],"replies":[{"embeddable":true,"href":"https:\/\/jamonesmajadapedroche.es\/fr\/wp-json\/wp\/v2\/comments?post=21114"}],"version-history":[{"count":1,"href":"https:\/\/jamonesmajadapedroche.es\/fr\/wp-json\/wp\/v2\/pages\/21114\/revisions"}],"predecessor-version":[{"id":21115,"href":"https:\/\/jamonesmajadapedroche.es\/fr\/wp-json\/wp\/v2\/pages\/21114\/revisions\/21115"}],"wp:attachment":[{"href":"https:\/\/jamonesmajadapedroche.es\/fr\/wp-json\/wp\/v2\/media?parent=21114"}],"curies":[{"name":"wp","href":"https:\/\/api.w.org\/{rel}","templated":true}]}}