{"id":21202,"date":"2020-07-06T10:53:39","date_gmt":"2020-07-06T08:53:39","guid":{"rendered":"https:\/\/jamonesmajadapedroche.es\/producto\/salchichon-au-poivre-de-bellota-100-iberique-majada-pedroche\/"},"modified":"2021-08-12T10:31:34","modified_gmt":"2021-08-12T08:31:34","slug":"salchichon-poivre-gland-iberique-majada-pedroche","status":"publish","type":"product","link":"https:\/\/jamonesmajadapedroche.es\/fr\/producto\/salchichon-poivre-gland-iberique-majada-pedroche\/","title":{"rendered":"Salchich\u00f3n au poivre de bellota 100% ib\u00e9rique Majada Pedroche"},"content":{"rendered":"<p>Fabriqu\u00e9 \u00e0 partir de maigres s\u00e9lectionn\u00e9s des meilleurs porcs 100% ib\u00e9riques nourris au gland, judicieusement aromatis\u00e9 avec des grains de poivre naturels et avec une texture incomparable qui fond en bouche. Envelopp\u00e9 dans une enveloppe sp\u00e9ciale de poivre qui rehausse encore plus la saveur. Ce saucisson provient de porcs ib\u00e9riques nourris au gland pendant la montanera et soign\u00e9s au nord de Cordoue, dans la \u00ab Vall\u00e9e de Los Pedroches \u00bb. C&rsquo;est un salami intense avec une saveur pleine de nuances.<\/p>\n<p>Saucisse de gland 100% ib\u00e9rique.<br \/>\nProduit sans gluten et sans lactose.<br \/>\nCure de 3 mois.<br \/>\nPoids de la pi\u00e8ce : 400-500 gr. environ.<\/p>\n","protected":false},"excerpt":{"rendered":"<p>Fabriqu\u00e9 \u00e0 partir de maigres s\u00e9lectionn\u00e9s des meilleurs porcs 100% ib\u00e9riques nourris au gland, judicieusement aromatis\u00e9 avec des grains de poivre naturels et avec une texture incomparable qui fond en bouche. Envelopp\u00e9 dans une enveloppe sp\u00e9ciale de poivre qui rehausse encore plus la saveur. Ce saucisson provient de porcs ib\u00e9riques nourris au gland pendant la montanera et soign\u00e9s au nord de Cordoue, dans la \u00ab Vall\u00e9e de Los Pedroches \u00bb. C&rsquo;est un salami intense avec une saveur pleine de nuances.<\/p>\n<p>Saucisse de gland 100% ib\u00e9rique.<br \/>\nProduit sans gluten et sans lactose.<br \/>\nCure de 3 mois.<br \/>\nPoids de la pi\u00e8ce : 400-500 gr. environ.<\/p>\n","protected":false},"featured_media":21203,"comment_status":"closed","ping_status":"closed","template":"","meta":{"_mi_skip_tracking":false,"jetpack_post_was_ever_published":false,"jetpack_publicize_message":"","jetpack_is_tweetstorm":false,"jetpack_publicize_feature_enabled":true},"product_cat":[1652],"product_tag":[],"jetpack_publicize_connections":[],"yoast_head":"<!-- This site is optimized with the Yoast SEO plugin v20.2.1 - https:\/\/yoast.com\/wordpress\/plugins\/seo\/ -->\n<title>Salchich\u00f3n au poivre de bellota 100% ib\u00e9rique Majada Pedroche<\/title>\n<meta name=\"description\" content=\"Jambon ib\u00e9rique de bellota pur - Jutosit\u00e9 maximale, toucher gras et doux en bouche. Exquis en bouche avec une belle persistance. Aspect brillant dans la coupe\" \/>\n<meta name=\"robots\" content=\"index, follow, max-snippet:-1, max-image-preview:large, max-video-preview:-1\" \/>\n<link rel=\"canonical\" href=\"https:\/\/jamonesmajadapedroche.es\/fr\/producto\/salchichon-poivre-gland-iberique-majada-pedroche\/\" \/>\n<meta property=\"og:locale\" content=\"fr_FR\" \/>\n<meta property=\"og:type\" content=\"article\" \/>\n<meta property=\"og:title\" content=\"Salchich\u00f3n au poivre de bellota 100% ib\u00e9rique Majada Pedroche\" \/>\n<meta property=\"og:description\" content=\"Jambon ib\u00e9rique de bellota pur - Jutosit\u00e9 maximale, toucher gras et doux en bouche. Exquis en bouche avec une belle persistance. Aspect brillant dans la coupe\" \/>\n<meta property=\"og:url\" content=\"https:\/\/jamonesmajadapedroche.es\/fr\/producto\/salchichon-poivre-gland-iberique-majada-pedroche\/\" \/>\n<meta property=\"og:site_name\" content=\"Majada Pedroche Jam\u00f3n Ib\u00e9rico de bellota en Villanueva de C\u00f3rdoba\" \/>\n<meta property=\"article:publisher\" content=\"https:\/\/www.facebook.com\/majadapedroche\/\" \/>\n<meta property=\"article:modified_time\" content=\"2021-08-12T08:31:34+00:00\" \/>\n<meta property=\"og:image\" content=\"https:\/\/jamonesmajadapedroche.es\/wp-content\/uploads\/2020\/07\/Salchichon-de-pimienta-iberico-de-bellota-Majada-Pedroche-scaled.jpg\" \/>\n\t<meta property=\"og:image:width\" content=\"1896\" \/>\n\t<meta property=\"og:image:height\" content=\"2560\" \/>\n\t<meta property=\"og:image:type\" content=\"image\/jpeg\" \/>\n<meta name=\"twitter:card\" content=\"summary_large_image\" \/>\n<meta name=\"twitter:site\" content=\"@majada_pedroche\" \/>\n<meta name=\"twitter:label1\" content=\"Dur\u00e9e de lecture estim\u00e9e\" \/>\n\t<meta name=\"twitter:data1\" content=\"1 minute\" \/>\n<script type=\"application\/ld+json\" class=\"yoast-schema-graph\">{\"@context\":\"https:\/\/schema.org\",\"@graph\":[{\"@type\":\"WebPage\",\"@id\":\"https:\/\/jamonesmajadapedroche.es\/fr\/producto\/salchichon-poivre-gland-iberique-majada-pedroche\/\",\"url\":\"https:\/\/jamonesmajadapedroche.es\/fr\/producto\/salchichon-poivre-gland-iberique-majada-pedroche\/\",\"name\":\"Salchich\u00f3n au poivre de bellota 100% ib\u00e9rique Majada Pedroche\",\"isPartOf\":{\"@id\":\"https:\/\/jamonesmajadapedroche.es\/#website\"},\"datePublished\":\"2020-07-06T08:53:39+00:00\",\"dateModified\":\"2021-08-12T08:31:34+00:00\",\"description\":\"Jambon ib\u00e9rique de bellota pur - Jutosit\u00e9 maximale, toucher gras et doux en bouche. Exquis en bouche avec une belle persistance. Aspect brillant dans la coupe\",\"breadcrumb\":{\"@id\":\"https:\/\/jamonesmajadapedroche.es\/fr\/producto\/salchichon-poivre-gland-iberique-majada-pedroche\/#breadcrumb\"},\"inLanguage\":\"fr-FR\",\"potentialAction\":[{\"@type\":\"ReadAction\",\"target\":[\"https:\/\/jamonesmajadapedroche.es\/fr\/producto\/salchichon-poivre-gland-iberique-majada-pedroche\/\"]}]},{\"@type\":\"BreadcrumbList\",\"@id\":\"https:\/\/jamonesmajadapedroche.es\/fr\/producto\/salchichon-poivre-gland-iberique-majada-pedroche\/#breadcrumb\",\"itemListElement\":[{\"@type\":\"ListItem\",\"position\":1,\"name\":\"Accueil\",\"item\":\"https:\/\/jamonesmajadapedroche.es\/fr\/\"},{\"@type\":\"ListItem\",\"position\":2,\"name\":\"boutique\",\"item\":\"https:\/\/jamonesmajadapedroche.es\/fr\/boutique\/\"},{\"@type\":\"ListItem\",\"position\":3,\"name\":\"Salchich\u00f3n au poivre de bellota 100% ib\u00e9rique Majada Pedroche\"}]},{\"@type\":\"WebSite\",\"@id\":\"https:\/\/jamonesmajadapedroche.es\/#website\",\"url\":\"https:\/\/jamonesmajadapedroche.es\/\",\"name\":\"Majada Pedroche Jam\u00f3n Ib\u00e9rico de bellota en Villanueva de C\u00f3rdoba\",\"description\":\"Jam\u00f3n y embutidos ib\u00e9ricos 100% de bellota con Denominaci\u00f3n de Origen de los Pedroches\",\"potentialAction\":[{\"@type\":\"SearchAction\",\"target\":{\"@type\":\"EntryPoint\",\"urlTemplate\":\"https:\/\/jamonesmajadapedroche.es\/?s={search_term_string}\"},\"query-input\":\"required name=search_term_string\"}],\"inLanguage\":\"fr-FR\"}]}<\/script>\n<!-- \/ Yoast SEO plugin. -->","yoast_head_json":{"title":"Salchich\u00f3n au poivre de bellota 100% ib\u00e9rique Majada Pedroche","description":"Jambon ib\u00e9rique de bellota pur - Jutosit\u00e9 maximale, toucher gras et doux en bouche. Exquis en bouche avec une belle persistance. Aspect brillant dans la coupe","robots":{"index":"index","follow":"follow","max-snippet":"max-snippet:-1","max-image-preview":"max-image-preview:large","max-video-preview":"max-video-preview:-1"},"canonical":"https:\/\/jamonesmajadapedroche.es\/fr\/producto\/salchichon-poivre-gland-iberique-majada-pedroche\/","og_locale":"fr_FR","og_type":"article","og_title":"Salchich\u00f3n au poivre de bellota 100% ib\u00e9rique Majada Pedroche","og_description":"Jambon ib\u00e9rique de bellota pur - Jutosit\u00e9 maximale, toucher gras et doux en bouche. Exquis en bouche avec une belle persistance. Aspect brillant dans la coupe","og_url":"https:\/\/jamonesmajadapedroche.es\/fr\/producto\/salchichon-poivre-gland-iberique-majada-pedroche\/","og_site_name":"Majada Pedroche Jam\u00f3n Ib\u00e9rico de bellota en Villanueva de C\u00f3rdoba","article_publisher":"https:\/\/www.facebook.com\/majadapedroche\/","article_modified_time":"2021-08-12T08:31:34+00:00","og_image":[{"width":1896,"height":2560,"url":"https:\/\/jamonesmajadapedroche.es\/wp-content\/uploads\/2020\/07\/Salchichon-de-pimienta-iberico-de-bellota-Majada-Pedroche-scaled.jpg","type":"image\/jpeg"}],"twitter_card":"summary_large_image","twitter_site":"@majada_pedroche","twitter_misc":{"Dur\u00e9e de lecture estim\u00e9e":"1 minute"},"schema":{"@context":"https:\/\/schema.org","@graph":[{"@type":"WebPage","@id":"https:\/\/jamonesmajadapedroche.es\/fr\/producto\/salchichon-poivre-gland-iberique-majada-pedroche\/","url":"https:\/\/jamonesmajadapedroche.es\/fr\/producto\/salchichon-poivre-gland-iberique-majada-pedroche\/","name":"Salchich\u00f3n au poivre de bellota 100% ib\u00e9rique Majada Pedroche","isPartOf":{"@id":"https:\/\/jamonesmajadapedroche.es\/#website"},"datePublished":"2020-07-06T08:53:39+00:00","dateModified":"2021-08-12T08:31:34+00:00","description":"Jambon ib\u00e9rique de bellota pur - Jutosit\u00e9 maximale, toucher gras et doux en bouche. Exquis en bouche avec une belle persistance. Aspect brillant dans la coupe","breadcrumb":{"@id":"https:\/\/jamonesmajadapedroche.es\/fr\/producto\/salchichon-poivre-gland-iberique-majada-pedroche\/#breadcrumb"},"inLanguage":"fr-FR","potentialAction":[{"@type":"ReadAction","target":["https:\/\/jamonesmajadapedroche.es\/fr\/producto\/salchichon-poivre-gland-iberique-majada-pedroche\/"]}]},{"@type":"BreadcrumbList","@id":"https:\/\/jamonesmajadapedroche.es\/fr\/producto\/salchichon-poivre-gland-iberique-majada-pedroche\/#breadcrumb","itemListElement":[{"@type":"ListItem","position":1,"name":"Accueil","item":"https:\/\/jamonesmajadapedroche.es\/fr\/"},{"@type":"ListItem","position":2,"name":"boutique","item":"https:\/\/jamonesmajadapedroche.es\/fr\/boutique\/"},{"@type":"ListItem","position":3,"name":"Salchich\u00f3n au poivre de bellota 100% ib\u00e9rique Majada Pedroche"}]},{"@type":"WebSite","@id":"https:\/\/jamonesmajadapedroche.es\/#website","url":"https:\/\/jamonesmajadapedroche.es\/","name":"Majada Pedroche Jam\u00f3n Ib\u00e9rico de bellota en Villanueva de C\u00f3rdoba","description":"Jam\u00f3n y embutidos ib\u00e9ricos 100% de bellota con Denominaci\u00f3n de Origen de los Pedroches","potentialAction":[{"@type":"SearchAction","target":{"@type":"EntryPoint","urlTemplate":"https:\/\/jamonesmajadapedroche.es\/?s={search_term_string}"},"query-input":"required name=search_term_string"}],"inLanguage":"fr-FR"}]}},"jetpack_sharing_enabled":true,"_links":{"self":[{"href":"https:\/\/jamonesmajadapedroche.es\/fr\/wp-json\/wp\/v2\/product\/21202"}],"collection":[{"href":"https:\/\/jamonesmajadapedroche.es\/fr\/wp-json\/wp\/v2\/product"}],"about":[{"href":"https:\/\/jamonesmajadapedroche.es\/fr\/wp-json\/wp\/v2\/types\/product"}],"replies":[{"embeddable":true,"href":"https:\/\/jamonesmajadapedroche.es\/fr\/wp-json\/wp\/v2\/comments?post=21202"}],"wp:featuredmedia":[{"embeddable":true,"href":"https:\/\/jamonesmajadapedroche.es\/fr\/wp-json\/wp\/v2\/media\/21203"}],"wp:attachment":[{"href":"https:\/\/jamonesmajadapedroche.es\/fr\/wp-json\/wp\/v2\/media?parent=21202"}],"wp:term":[{"taxonomy":"product_cat","embeddable":true,"href":"https:\/\/jamonesmajadapedroche.es\/fr\/wp-json\/wp\/v2\/product_cat?post=21202"},{"taxonomy":"product_tag","embeddable":true,"href":"https:\/\/jamonesmajadapedroche.es\/fr\/wp-json\/wp\/v2\/product_tag?post=21202"}],"curies":[{"name":"wp","href":"https:\/\/api.w.org\/{rel}","templated":true}]}}