{"id":21211,"date":"2020-07-06T10:35:24","date_gmt":"2020-07-06T08:35:24","guid":{"rendered":"https:\/\/jamonesmajadapedroche.es\/producto\/longe-naturelle-100-iberique-de-bellota-majada-pedroche\/"},"modified":"2021-08-12T10:32:37","modified_gmt":"2021-08-12T08:32:37","slug":"longe-naturel-gland-100-iberico","status":"publish","type":"product","link":"https:\/\/jamonesmajadapedroche.es\/fr\/producto\/longe-naturel-gland-100-iberico\/","title":{"rendered":"Longe Naturelle 100% Ib\u00e9rique de Bellota Majada Pedroche"},"content":{"rendered":"<p>Fabriqu\u00e9 de mani\u00e8re traditionnelle avec la meilleure longe fra\u00eeche de porc 100% ib\u00e9rique de bellota, des \u00e9pices s\u00e9lectionn\u00e9es et un affinage soign\u00e9. De couleur ros\u00e2tre et avec le marbrage de la graisse caract\u00e9ristique des saucisses ib\u00e9riques de glands du nord de Cordoue, dans la \u00ab\u00a0Valle de Los Pedroches\u00a0\u00bb. Son ar\u00f4me doux et une saveur douce et intense se distinguent. Il a une texture lisse avec des traces d&rsquo;infiltration de graisse indubitables car il provient de porcs ib\u00e9riques.<\/p>\n<ul>\n<li>Nourri au gland 100% ib\u00e9rique.<\/li>\n<li>Produit sans gluten et sans lactose.<\/li>\n<li>Cure de 3 mois.<\/li>\n<li>Poids de la pi\u00e8ce : 600 grs.<\/li>\n<\/ul>\n","protected":false},"excerpt":{"rendered":"<p>Fabriqu\u00e9 de mani\u00e8re traditionnelle avec la meilleure longe fra\u00eeche de porc 100% ib\u00e9rique de bellota, des \u00e9pices s\u00e9lectionn\u00e9es et un affinage soign\u00e9. De couleur ros\u00e2tre et avec le marbrage de la graisse caract\u00e9ristique des saucisses ib\u00e9riques de glands du nord de Cordoue, dans la \u00ab\u00a0Valle de Los Pedroches\u00a0\u00bb. Son ar\u00f4me doux et une saveur douce et intense se distinguent. Il a une texture lisse avec des traces d&rsquo;infiltration de graisse indubitables car il provient de porcs ib\u00e9riques.<\/p>\n<ul>\n<li>Nourri au gland 100% ib\u00e9rique.<\/li>\n<li>Produit sans gluten et sans lactose.<\/li>\n<li>Cure de 3 mois.<\/li>\n<li>Poids de la pi\u00e8ce : 600 grs.<\/li>\n<\/ul>\n","protected":false},"featured_media":21212,"comment_status":"closed","ping_status":"closed","template":"","meta":{"_mi_skip_tracking":false,"jetpack_post_was_ever_published":false,"jetpack_publicize_message":"","jetpack_is_tweetstorm":false,"jetpack_publicize_feature_enabled":true},"product_cat":[1652],"product_tag":[],"jetpack_publicize_connections":[],"yoast_head":"<!-- This site is optimized with the Yoast SEO plugin v20.2.1 - https:\/\/yoast.com\/wordpress\/plugins\/seo\/ -->\n<title>Longe Naturelle 100% Ib\u00e9rique de Bellota Majada Pedroche<\/title>\n<meta name=\"description\" content=\"Jambon ib\u00e9rique de bellota pur - Jutosit\u00e9 maximale, toucher gras et doux en bouche. Exquis en bouche avec une belle persistance. Aspect brillant dans la coupe\" \/>\n<meta name=\"robots\" content=\"index, follow, max-snippet:-1, max-image-preview:large, max-video-preview:-1\" \/>\n<link rel=\"canonical\" href=\"https:\/\/jamonesmajadapedroche.es\/fr\/producto\/longe-naturel-gland-100-iberico\/\" \/>\n<meta property=\"og:locale\" content=\"fr_FR\" \/>\n<meta property=\"og:type\" content=\"article\" \/>\n<meta property=\"og:title\" content=\"Longe Naturelle 100% Ib\u00e9rique de Bellota Majada Pedroche\" \/>\n<meta property=\"og:description\" content=\"Jambon ib\u00e9rique de bellota pur - Jutosit\u00e9 maximale, toucher gras et doux en bouche. Exquis en bouche avec une belle persistance. Aspect brillant dans la coupe\" \/>\n<meta property=\"og:url\" content=\"https:\/\/jamonesmajadapedroche.es\/fr\/producto\/longe-naturel-gland-100-iberico\/\" \/>\n<meta property=\"og:site_name\" content=\"Majada Pedroche Jam\u00f3n Ib\u00e9rico de bellota en Villanueva de C\u00f3rdoba\" \/>\n<meta property=\"article:publisher\" content=\"https:\/\/www.facebook.com\/majadapedroche\/\" \/>\n<meta property=\"article:modified_time\" content=\"2021-08-12T08:32:37+00:00\" \/>\n<meta property=\"og:image\" content=\"https:\/\/i0.wp.com\/jamonesmajadapedroche.es\/wp-content\/uploads\/2020\/07\/Lomo-natural-de-bellota-100x100-iberico-scaled.jpg?fit=1896%2C2560&ssl=1\" \/>\n\t<meta property=\"og:image:width\" content=\"1896\" \/>\n\t<meta property=\"og:image:height\" content=\"2560\" \/>\n\t<meta property=\"og:image:type\" content=\"image\/jpeg\" \/>\n<meta name=\"twitter:card\" content=\"summary_large_image\" \/>\n<meta name=\"twitter:site\" content=\"@majada_pedroche\" \/>\n<meta name=\"twitter:label1\" content=\"Dur\u00e9e de lecture estim\u00e9e\" \/>\n\t<meta name=\"twitter:data1\" content=\"1 minute\" \/>\n<script type=\"application\/ld+json\" class=\"yoast-schema-graph\">{\"@context\":\"https:\/\/schema.org\",\"@graph\":[{\"@type\":\"WebPage\",\"@id\":\"https:\/\/jamonesmajadapedroche.es\/fr\/producto\/longe-naturel-gland-100-iberico\/\",\"url\":\"https:\/\/jamonesmajadapedroche.es\/fr\/producto\/longe-naturel-gland-100-iberico\/\",\"name\":\"Longe Naturelle 100% Ib\u00e9rique de Bellota Majada Pedroche\",\"isPartOf\":{\"@id\":\"https:\/\/jamonesmajadapedroche.es\/#website\"},\"datePublished\":\"2020-07-06T08:35:24+00:00\",\"dateModified\":\"2021-08-12T08:32:37+00:00\",\"description\":\"Jambon ib\u00e9rique de bellota pur - Jutosit\u00e9 maximale, toucher gras et doux en bouche. Exquis en bouche avec une belle persistance. Aspect brillant dans la coupe\",\"breadcrumb\":{\"@id\":\"https:\/\/jamonesmajadapedroche.es\/fr\/producto\/longe-naturel-gland-100-iberico\/#breadcrumb\"},\"inLanguage\":\"fr-FR\",\"potentialAction\":[{\"@type\":\"ReadAction\",\"target\":[\"https:\/\/jamonesmajadapedroche.es\/fr\/producto\/longe-naturel-gland-100-iberico\/\"]}]},{\"@type\":\"BreadcrumbList\",\"@id\":\"https:\/\/jamonesmajadapedroche.es\/fr\/producto\/longe-naturel-gland-100-iberico\/#breadcrumb\",\"itemListElement\":[{\"@type\":\"ListItem\",\"position\":1,\"name\":\"Accueil\",\"item\":\"https:\/\/jamonesmajadapedroche.es\/fr\/\"},{\"@type\":\"ListItem\",\"position\":2,\"name\":\"boutique\",\"item\":\"https:\/\/jamonesmajadapedroche.es\/fr\/boutique\/\"},{\"@type\":\"ListItem\",\"position\":3,\"name\":\"Longe Naturelle 100% Ib\u00e9rique de Bellota Majada Pedroche\"}]},{\"@type\":\"WebSite\",\"@id\":\"https:\/\/jamonesmajadapedroche.es\/#website\",\"url\":\"https:\/\/jamonesmajadapedroche.es\/\",\"name\":\"Majada Pedroche Jam\u00f3n Ib\u00e9rico de bellota en Villanueva de C\u00f3rdoba\",\"description\":\"Jam\u00f3n y embutidos ib\u00e9ricos 100% de bellota con Denominaci\u00f3n de Origen de los Pedroches\",\"potentialAction\":[{\"@type\":\"SearchAction\",\"target\":{\"@type\":\"EntryPoint\",\"urlTemplate\":\"https:\/\/jamonesmajadapedroche.es\/?s={search_term_string}\"},\"query-input\":\"required name=search_term_string\"}],\"inLanguage\":\"fr-FR\"}]}<\/script>\n<!-- \/ Yoast SEO plugin. -->","yoast_head_json":{"title":"Longe Naturelle 100% Ib\u00e9rique de Bellota Majada Pedroche","description":"Jambon ib\u00e9rique de bellota pur - Jutosit\u00e9 maximale, toucher gras et doux en bouche. Exquis en bouche avec une belle persistance. Aspect brillant dans la coupe","robots":{"index":"index","follow":"follow","max-snippet":"max-snippet:-1","max-image-preview":"max-image-preview:large","max-video-preview":"max-video-preview:-1"},"canonical":"https:\/\/jamonesmajadapedroche.es\/fr\/producto\/longe-naturel-gland-100-iberico\/","og_locale":"fr_FR","og_type":"article","og_title":"Longe Naturelle 100% Ib\u00e9rique de Bellota Majada Pedroche","og_description":"Jambon ib\u00e9rique de bellota pur - Jutosit\u00e9 maximale, toucher gras et doux en bouche. Exquis en bouche avec une belle persistance. Aspect brillant dans la coupe","og_url":"https:\/\/jamonesmajadapedroche.es\/fr\/producto\/longe-naturel-gland-100-iberico\/","og_site_name":"Majada Pedroche Jam\u00f3n Ib\u00e9rico de bellota en Villanueva de C\u00f3rdoba","article_publisher":"https:\/\/www.facebook.com\/majadapedroche\/","article_modified_time":"2021-08-12T08:32:37+00:00","og_image":[{"width":1896,"height":2560,"url":"https:\/\/i0.wp.com\/jamonesmajadapedroche.es\/wp-content\/uploads\/2020\/07\/Lomo-natural-de-bellota-100x100-iberico-scaled.jpg?fit=1896%2C2560&ssl=1","type":"image\/jpeg"}],"twitter_card":"summary_large_image","twitter_site":"@majada_pedroche","twitter_misc":{"Dur\u00e9e de lecture estim\u00e9e":"1 minute"},"schema":{"@context":"https:\/\/schema.org","@graph":[{"@type":"WebPage","@id":"https:\/\/jamonesmajadapedroche.es\/fr\/producto\/longe-naturel-gland-100-iberico\/","url":"https:\/\/jamonesmajadapedroche.es\/fr\/producto\/longe-naturel-gland-100-iberico\/","name":"Longe Naturelle 100% Ib\u00e9rique de Bellota Majada Pedroche","isPartOf":{"@id":"https:\/\/jamonesmajadapedroche.es\/#website"},"datePublished":"2020-07-06T08:35:24+00:00","dateModified":"2021-08-12T08:32:37+00:00","description":"Jambon ib\u00e9rique de bellota pur - Jutosit\u00e9 maximale, toucher gras et doux en bouche. Exquis en bouche avec une belle persistance. Aspect brillant dans la coupe","breadcrumb":{"@id":"https:\/\/jamonesmajadapedroche.es\/fr\/producto\/longe-naturel-gland-100-iberico\/#breadcrumb"},"inLanguage":"fr-FR","potentialAction":[{"@type":"ReadAction","target":["https:\/\/jamonesmajadapedroche.es\/fr\/producto\/longe-naturel-gland-100-iberico\/"]}]},{"@type":"BreadcrumbList","@id":"https:\/\/jamonesmajadapedroche.es\/fr\/producto\/longe-naturel-gland-100-iberico\/#breadcrumb","itemListElement":[{"@type":"ListItem","position":1,"name":"Accueil","item":"https:\/\/jamonesmajadapedroche.es\/fr\/"},{"@type":"ListItem","position":2,"name":"boutique","item":"https:\/\/jamonesmajadapedroche.es\/fr\/boutique\/"},{"@type":"ListItem","position":3,"name":"Longe Naturelle 100% Ib\u00e9rique de Bellota Majada Pedroche"}]},{"@type":"WebSite","@id":"https:\/\/jamonesmajadapedroche.es\/#website","url":"https:\/\/jamonesmajadapedroche.es\/","name":"Majada Pedroche Jam\u00f3n Ib\u00e9rico de bellota en Villanueva de C\u00f3rdoba","description":"Jam\u00f3n y embutidos ib\u00e9ricos 100% de bellota con Denominaci\u00f3n de Origen de los Pedroches","potentialAction":[{"@type":"SearchAction","target":{"@type":"EntryPoint","urlTemplate":"https:\/\/jamonesmajadapedroche.es\/?s={search_term_string}"},"query-input":"required name=search_term_string"}],"inLanguage":"fr-FR"}]}},"jetpack_sharing_enabled":true,"_links":{"self":[{"href":"https:\/\/jamonesmajadapedroche.es\/fr\/wp-json\/wp\/v2\/product\/21211"}],"collection":[{"href":"https:\/\/jamonesmajadapedroche.es\/fr\/wp-json\/wp\/v2\/product"}],"about":[{"href":"https:\/\/jamonesmajadapedroche.es\/fr\/wp-json\/wp\/v2\/types\/product"}],"replies":[{"embeddable":true,"href":"https:\/\/jamonesmajadapedroche.es\/fr\/wp-json\/wp\/v2\/comments?post=21211"}],"wp:featuredmedia":[{"embeddable":true,"href":"https:\/\/jamonesmajadapedroche.es\/fr\/wp-json\/wp\/v2\/media\/21212"}],"wp:attachment":[{"href":"https:\/\/jamonesmajadapedroche.es\/fr\/wp-json\/wp\/v2\/media?parent=21211"}],"wp:term":[{"taxonomy":"product_cat","embeddable":true,"href":"https:\/\/jamonesmajadapedroche.es\/fr\/wp-json\/wp\/v2\/product_cat?post=21211"},{"taxonomy":"product_tag","embeddable":true,"href":"https:\/\/jamonesmajadapedroche.es\/fr\/wp-json\/wp\/v2\/product_tag?post=21211"}],"curies":[{"name":"wp","href":"https:\/\/api.w.org\/{rel}","templated":true}]}}