{"id":21219,"date":"2018-10-08T13:00:47","date_gmt":"2018-10-08T11:00:47","guid":{"rendered":"https:\/\/jamonesmajadapedroche.es\/producto\/epaule-majada-%e2%98%85%e2%98%85%e2%98%85\/"},"modified":"2026-03-17T11:26:28","modified_gmt":"2026-03-17T09:26:28","slug":"palette-majada-pedroche-%e2%98%85%e2%98%85%e2%98%85","status":"publish","type":"product","link":"https:\/\/jamonesmajadapedroche.es\/fr\/producto\/palette-majada-pedroche-%e2%98%85%e2%98%85%e2%98%85\/","title":{"rendered":"\u00c9paule Majada \u2605\u2605\u2605"},"content":{"rendered":"<p>Exquis en bouche avec une belle persistance. Doux en bouche et avec un grand ar\u00f4me. Issu des meilleurs porcs du nord de la province de Cordoue, dans la \u00ab\u00a0Valle de Los Pedroches\u00a0\u00bb.<\/p>\n<ul>\n<li>\u00c9paule de porc.<\/li>\n<li>Produit sans gluten et sans lactose.<\/li>\n<li>Cure 100% naturelle de plus de 24 mois.<\/li>\n<li>Poids : \u00e0 partir de 5,5 kg.<\/li>\n<\/ul>\n","protected":false},"excerpt":{"rendered":"<p>Exquis en bouche avec une belle persistance. Doux en bouche et avec un grand ar\u00f4me. Issu des meilleurs porcs du nord de la province de Cordoue, dans la \u00ab\u00a0Valle de Los Pedroches\u00a0\u00bb.<\/p>\n<ul>\n<li>\u00c9paule de porc.<\/li>\n<li>Produit sans gluten et sans lactose.<\/li>\n<li>Cure 100% naturelle de plus de 24 mois.<\/li>\n<li>Poids : \u00e0 partir de 5,5 kg.<\/li>\n<\/ul>\n","protected":false},"featured_media":21220,"comment_status":"closed","ping_status":"closed","template":"","meta":{"_mi_skip_tracking":false,"jetpack_post_was_ever_published":false,"jetpack_publicize_message":"","jetpack_is_tweetstorm":false,"jetpack_publicize_feature_enabled":true},"product_cat":[],"product_tag":[],"jetpack_publicize_connections":[],"yoast_head":"<!-- This site is optimized with the Yoast SEO plugin v20.2.1 - https:\/\/yoast.com\/wordpress\/plugins\/seo\/ -->\n<title>\u00c9paule Majada \u2605\u2605\u2605 - Majada Pedroche Jam\u00f3n Ib\u00e9rico de bellota en Villanueva de C\u00f3rdoba<\/title>\n<meta name=\"robots\" content=\"index, follow, max-snippet:-1, max-image-preview:large, max-video-preview:-1\" \/>\n<link rel=\"canonical\" href=\"https:\/\/jamonesmajadapedroche.es\/fr\/producto\/palette-majada-pedroche-\u2605\u2605\u2605\/\" \/>\n<meta property=\"og:locale\" content=\"fr_FR\" \/>\n<meta property=\"og:type\" content=\"article\" \/>\n<meta property=\"og:title\" content=\"\u00c9paule Majada \u2605\u2605\u2605 - Majada Pedroche Jam\u00f3n Ib\u00e9rico de bellota en Villanueva de C\u00f3rdoba\" \/>\n<meta property=\"og:description\" content=\"Exquis en bouche avec une belle persistance. Doux en bouche et avec un grand ar\u00f4me. Issu des meilleurs porcs du nord de la province de Cordoue, dans la &quot;Valle de Los Pedroches&quot;.  \u00c9paule de porc.  Produit sans gluten et sans lactose.  Cure 100% naturelle de plus de 24 mois.  Poids : \u00e0 partir de 5,5 kg.\" \/>\n<meta property=\"og:url\" content=\"https:\/\/jamonesmajadapedroche.es\/fr\/producto\/palette-majada-pedroche-\u2605\u2605\u2605\/\" \/>\n<meta property=\"og:site_name\" content=\"Majada Pedroche Jam\u00f3n Ib\u00e9rico de bellota en Villanueva de C\u00f3rdoba\" \/>\n<meta property=\"article:publisher\" content=\"https:\/\/www.facebook.com\/majadapedroche\/\" \/>\n<meta property=\"article:modified_time\" content=\"2026-03-17T09:26:28+00:00\" \/>\n<meta property=\"og:image\" content=\"https:\/\/jamonesmajadapedroche.es\/wp-content\/uploads\/2017\/09\/Paleta-Majada-Pedroche-3-estrellas-scaled.jpg\" \/>\n\t<meta property=\"og:image:width\" content=\"1896\" \/>\n\t<meta property=\"og:image:height\" content=\"2560\" \/>\n\t<meta property=\"og:image:type\" content=\"image\/jpeg\" \/>\n<meta name=\"twitter:card\" content=\"summary_large_image\" \/>\n<meta name=\"twitter:site\" content=\"@majada_pedroche\" \/>\n<script type=\"application\/ld+json\" class=\"yoast-schema-graph\">{\"@context\":\"https:\/\/schema.org\",\"@graph\":[{\"@type\":\"WebPage\",\"@id\":\"https:\/\/jamonesmajadapedroche.es\/fr\/producto\/palette-majada-pedroche-%e2%98%85%e2%98%85%e2%98%85\/\",\"url\":\"https:\/\/jamonesmajadapedroche.es\/fr\/producto\/palette-majada-pedroche-%e2%98%85%e2%98%85%e2%98%85\/\",\"name\":\"\u00c9paule Majada \u2605\u2605\u2605 - Majada Pedroche Jam\u00f3n Ib\u00e9rico de bellota en Villanueva de C\u00f3rdoba\",\"isPartOf\":{\"@id\":\"https:\/\/jamonesmajadapedroche.es\/#website\"},\"datePublished\":\"2018-10-08T11:00:47+00:00\",\"dateModified\":\"2026-03-17T09:26:28+00:00\",\"breadcrumb\":{\"@id\":\"https:\/\/jamonesmajadapedroche.es\/fr\/producto\/palette-majada-pedroche-%e2%98%85%e2%98%85%e2%98%85\/#breadcrumb\"},\"inLanguage\":\"fr-FR\",\"potentialAction\":[{\"@type\":\"ReadAction\",\"target\":[\"https:\/\/jamonesmajadapedroche.es\/fr\/producto\/palette-majada-pedroche-%e2%98%85%e2%98%85%e2%98%85\/\"]}]},{\"@type\":\"BreadcrumbList\",\"@id\":\"https:\/\/jamonesmajadapedroche.es\/fr\/producto\/palette-majada-pedroche-%e2%98%85%e2%98%85%e2%98%85\/#breadcrumb\",\"itemListElement\":[{\"@type\":\"ListItem\",\"position\":1,\"name\":\"Accueil\",\"item\":\"https:\/\/jamonesmajadapedroche.es\/fr\/\"},{\"@type\":\"ListItem\",\"position\":2,\"name\":\"boutique\",\"item\":\"https:\/\/jamonesmajadapedroche.es\/fr\/boutique\/\"},{\"@type\":\"ListItem\",\"position\":3,\"name\":\"\u00c9paule Majada \u2605\u2605\u2605\"}]},{\"@type\":\"WebSite\",\"@id\":\"https:\/\/jamonesmajadapedroche.es\/#website\",\"url\":\"https:\/\/jamonesmajadapedroche.es\/\",\"name\":\"Majada Pedroche Jam\u00f3n Ib\u00e9rico de bellota en Villanueva de C\u00f3rdoba\",\"description\":\"Jam\u00f3n y embutidos ib\u00e9ricos 100% de bellota con Denominaci\u00f3n de Origen de los Pedroches\",\"potentialAction\":[{\"@type\":\"SearchAction\",\"target\":{\"@type\":\"EntryPoint\",\"urlTemplate\":\"https:\/\/jamonesmajadapedroche.es\/?s={search_term_string}\"},\"query-input\":\"required name=search_term_string\"}],\"inLanguage\":\"fr-FR\"}]}<\/script>\n<!-- \/ Yoast SEO plugin. -->","yoast_head_json":{"title":"\u00c9paule Majada \u2605\u2605\u2605 - Majada Pedroche Jam\u00f3n Ib\u00e9rico de bellota en Villanueva de C\u00f3rdoba","robots":{"index":"index","follow":"follow","max-snippet":"max-snippet:-1","max-image-preview":"max-image-preview:large","max-video-preview":"max-video-preview:-1"},"canonical":"https:\/\/jamonesmajadapedroche.es\/fr\/producto\/palette-majada-pedroche-\u2605\u2605\u2605\/","og_locale":"fr_FR","og_type":"article","og_title":"\u00c9paule Majada \u2605\u2605\u2605 - Majada Pedroche Jam\u00f3n Ib\u00e9rico de bellota en Villanueva de C\u00f3rdoba","og_description":"Exquis en bouche avec une belle persistance. Doux en bouche et avec un grand ar\u00f4me. Issu des meilleurs porcs du nord de la province de Cordoue, dans la \"Valle de Los Pedroches\".  \u00c9paule de porc.  Produit sans gluten et sans lactose.  Cure 100% naturelle de plus de 24 mois.  Poids : \u00e0 partir de 5,5 kg.","og_url":"https:\/\/jamonesmajadapedroche.es\/fr\/producto\/palette-majada-pedroche-\u2605\u2605\u2605\/","og_site_name":"Majada Pedroche Jam\u00f3n Ib\u00e9rico de bellota en Villanueva de C\u00f3rdoba","article_publisher":"https:\/\/www.facebook.com\/majadapedroche\/","article_modified_time":"2026-03-17T09:26:28+00:00","og_image":[{"width":1896,"height":2560,"url":"https:\/\/jamonesmajadapedroche.es\/wp-content\/uploads\/2017\/09\/Paleta-Majada-Pedroche-3-estrellas-scaled.jpg","type":"image\/jpeg"}],"twitter_card":"summary_large_image","twitter_site":"@majada_pedroche","schema":{"@context":"https:\/\/schema.org","@graph":[{"@type":"WebPage","@id":"https:\/\/jamonesmajadapedroche.es\/fr\/producto\/palette-majada-pedroche-%e2%98%85%e2%98%85%e2%98%85\/","url":"https:\/\/jamonesmajadapedroche.es\/fr\/producto\/palette-majada-pedroche-%e2%98%85%e2%98%85%e2%98%85\/","name":"\u00c9paule Majada \u2605\u2605\u2605 - Majada Pedroche Jam\u00f3n Ib\u00e9rico de bellota en Villanueva de C\u00f3rdoba","isPartOf":{"@id":"https:\/\/jamonesmajadapedroche.es\/#website"},"datePublished":"2018-10-08T11:00:47+00:00","dateModified":"2026-03-17T09:26:28+00:00","breadcrumb":{"@id":"https:\/\/jamonesmajadapedroche.es\/fr\/producto\/palette-majada-pedroche-%e2%98%85%e2%98%85%e2%98%85\/#breadcrumb"},"inLanguage":"fr-FR","potentialAction":[{"@type":"ReadAction","target":["https:\/\/jamonesmajadapedroche.es\/fr\/producto\/palette-majada-pedroche-%e2%98%85%e2%98%85%e2%98%85\/"]}]},{"@type":"BreadcrumbList","@id":"https:\/\/jamonesmajadapedroche.es\/fr\/producto\/palette-majada-pedroche-%e2%98%85%e2%98%85%e2%98%85\/#breadcrumb","itemListElement":[{"@type":"ListItem","position":1,"name":"Accueil","item":"https:\/\/jamonesmajadapedroche.es\/fr\/"},{"@type":"ListItem","position":2,"name":"boutique","item":"https:\/\/jamonesmajadapedroche.es\/fr\/boutique\/"},{"@type":"ListItem","position":3,"name":"\u00c9paule Majada \u2605\u2605\u2605"}]},{"@type":"WebSite","@id":"https:\/\/jamonesmajadapedroche.es\/#website","url":"https:\/\/jamonesmajadapedroche.es\/","name":"Majada Pedroche Jam\u00f3n Ib\u00e9rico de bellota en Villanueva de C\u00f3rdoba","description":"Jam\u00f3n y embutidos ib\u00e9ricos 100% de bellota con Denominaci\u00f3n de Origen de los Pedroches","potentialAction":[{"@type":"SearchAction","target":{"@type":"EntryPoint","urlTemplate":"https:\/\/jamonesmajadapedroche.es\/?s={search_term_string}"},"query-input":"required name=search_term_string"}],"inLanguage":"fr-FR"}]}},"jetpack_sharing_enabled":true,"_links":{"self":[{"href":"https:\/\/jamonesmajadapedroche.es\/fr\/wp-json\/wp\/v2\/product\/21219"}],"collection":[{"href":"https:\/\/jamonesmajadapedroche.es\/fr\/wp-json\/wp\/v2\/product"}],"about":[{"href":"https:\/\/jamonesmajadapedroche.es\/fr\/wp-json\/wp\/v2\/types\/product"}],"replies":[{"embeddable":true,"href":"https:\/\/jamonesmajadapedroche.es\/fr\/wp-json\/wp\/v2\/comments?post=21219"}],"wp:featuredmedia":[{"embeddable":true,"href":"https:\/\/jamonesmajadapedroche.es\/fr\/wp-json\/wp\/v2\/media\/21220"}],"wp:attachment":[{"href":"https:\/\/jamonesmajadapedroche.es\/fr\/wp-json\/wp\/v2\/media?parent=21219"}],"wp:term":[{"taxonomy":"product_cat","embeddable":true,"href":"https:\/\/jamonesmajadapedroche.es\/fr\/wp-json\/wp\/v2\/product_cat?post=21219"},{"taxonomy":"product_tag","embeddable":true,"href":"https:\/\/jamonesmajadapedroche.es\/fr\/wp-json\/wp\/v2\/product_tag?post=21219"}],"curies":[{"name":"wp","href":"https:\/\/api.w.org\/{rel}","templated":true}]}}