{"id":21222,"date":"2018-10-08T19:10:23","date_gmt":"2018-10-08T17:10:23","guid":{"rendered":"https:\/\/jamonesmajadapedroche.es\/producto\/jambon-majada-%e2%98%85%e2%98%85%e2%98%85\/"},"modified":"2026-03-17T11:25:21","modified_gmt":"2026-03-17T09:25:21","slug":"jambon-majada-pedroche-%e2%9c%af%e2%9c%af%e2%9c%af","status":"publish","type":"product","link":"https:\/\/jamonesmajadapedroche.es\/fr\/producto\/jambon-majada-pedroche-%e2%9c%af%e2%9c%af%e2%9c%af\/","title":{"rendered":"Jambon Majada \u2605\u2605\u2605"},"content":{"rendered":"<p>Belle texture et exquise en bouche avec une belle persistance. Aspect brillant dans la coupe et pr\u00e9dominance d&rsquo;aspects volatils dans la jutosit\u00e9 et l&rsquo;ar\u00f4me, des meilleurs porcs de la partie nord de la province de Cordoue, dans la \u00ab\u00a0Valle de Los Pedroches\u00a0\u00bb.<\/p>\n<ul>\n<li>Jambon de porc.<\/li>\n<li>Produit sans gluten et sans lactose.<\/li>\n<li>Cure 100% naturelle de plus de 36 mois.<\/li>\n<li>Poids : \u00e0 partir de 8 kg.<\/li>\n<\/ul>\n","protected":false},"excerpt":{"rendered":"<p>Belle texture et exquise en bouche avec une belle persistance. Aspect brillant dans la coupe et pr\u00e9dominance d&rsquo;aspects volatils dans la jutosit\u00e9 et l&rsquo;ar\u00f4me, des meilleurs porcs de la partie nord de la province de Cordoue, dans la \u00ab\u00a0Valle de Los Pedroches\u00a0\u00bb.<\/p>\n<ul>\n<li>Jambon de porc.<\/li>\n<li>Produit sans gluten et sans lactose.<\/li>\n<li>Cure 100% naturelle de plus de 36 mois.<\/li>\n<li>Poids : \u00e0 partir de 8 kg.<\/li>\n<\/ul>\n","protected":false},"featured_media":21223,"comment_status":"closed","ping_status":"closed","template":"","meta":{"_mi_skip_tracking":false,"jetpack_post_was_ever_published":false,"jetpack_publicize_message":"","jetpack_is_tweetstorm":false,"jetpack_publicize_feature_enabled":true},"product_cat":[],"product_tag":[],"jetpack_publicize_connections":[],"yoast_head":"<!-- This site is optimized with the Yoast SEO plugin v20.2.1 - https:\/\/yoast.com\/wordpress\/plugins\/seo\/ -->\n<title>Jambon Majada \u2605\u2605\u2605 - Majada Pedroche Jam\u00f3n Ib\u00e9rico de bellota en Villanueva de C\u00f3rdoba<\/title>\n<meta name=\"robots\" content=\"index, follow, max-snippet:-1, max-image-preview:large, max-video-preview:-1\" \/>\n<link rel=\"canonical\" href=\"https:\/\/jamonesmajadapedroche.es\/fr\/producto\/jambon-majada-pedroche-\u272f\u272f\u272f\/\" \/>\n<meta property=\"og:locale\" content=\"fr_FR\" \/>\n<meta property=\"og:type\" content=\"article\" \/>\n<meta property=\"og:title\" content=\"Jambon Majada \u2605\u2605\u2605 - Majada Pedroche Jam\u00f3n Ib\u00e9rico de bellota en Villanueva de C\u00f3rdoba\" \/>\n<meta property=\"og:description\" content=\"Belle texture et exquise en bouche avec une belle persistance. Aspect brillant dans la coupe et pr\u00e9dominance d&#039;aspects volatils dans la jutosit\u00e9 et l&#039;ar\u00f4me, des meilleurs porcs de la partie nord de la province de Cordoue, dans la &quot;Valle de Los Pedroches&quot;.  Jambon de porc.  Produit sans gluten et sans lactose.  Cure 100% naturelle de plus de 36 mois.  Poids : \u00e0 partir de 8 kg.\" \/>\n<meta property=\"og:url\" content=\"https:\/\/jamonesmajadapedroche.es\/fr\/producto\/jambon-majada-pedroche-\u272f\u272f\u272f\/\" \/>\n<meta property=\"og:site_name\" content=\"Majada Pedroche Jam\u00f3n Ib\u00e9rico de bellota en Villanueva de C\u00f3rdoba\" \/>\n<meta property=\"article:publisher\" content=\"https:\/\/www.facebook.com\/majadapedroche\/\" \/>\n<meta property=\"article:modified_time\" content=\"2026-03-17T09:25:21+00:00\" \/>\n<meta property=\"og:image\" content=\"https:\/\/jamonesmajadapedroche.es\/wp-content\/uploads\/2017\/09\/Jamon-Majada-Pedroche-3-estrellas-scaled.jpg\" \/>\n\t<meta property=\"og:image:width\" content=\"1896\" \/>\n\t<meta property=\"og:image:height\" content=\"2560\" \/>\n\t<meta property=\"og:image:type\" content=\"image\/jpeg\" \/>\n<meta name=\"twitter:card\" content=\"summary_large_image\" \/>\n<meta name=\"twitter:site\" content=\"@majada_pedroche\" \/>\n<script type=\"application\/ld+json\" class=\"yoast-schema-graph\">{\"@context\":\"https:\/\/schema.org\",\"@graph\":[{\"@type\":\"WebPage\",\"@id\":\"https:\/\/jamonesmajadapedroche.es\/fr\/producto\/jambon-majada-pedroche-%e2%9c%af%e2%9c%af%e2%9c%af\/\",\"url\":\"https:\/\/jamonesmajadapedroche.es\/fr\/producto\/jambon-majada-pedroche-%e2%9c%af%e2%9c%af%e2%9c%af\/\",\"name\":\"Jambon Majada \u2605\u2605\u2605 - Majada Pedroche Jam\u00f3n Ib\u00e9rico de bellota en Villanueva de C\u00f3rdoba\",\"isPartOf\":{\"@id\":\"https:\/\/jamonesmajadapedroche.es\/#website\"},\"datePublished\":\"2018-10-08T17:10:23+00:00\",\"dateModified\":\"2026-03-17T09:25:21+00:00\",\"breadcrumb\":{\"@id\":\"https:\/\/jamonesmajadapedroche.es\/fr\/producto\/jambon-majada-pedroche-%e2%9c%af%e2%9c%af%e2%9c%af\/#breadcrumb\"},\"inLanguage\":\"fr-FR\",\"potentialAction\":[{\"@type\":\"ReadAction\",\"target\":[\"https:\/\/jamonesmajadapedroche.es\/fr\/producto\/jambon-majada-pedroche-%e2%9c%af%e2%9c%af%e2%9c%af\/\"]}]},{\"@type\":\"BreadcrumbList\",\"@id\":\"https:\/\/jamonesmajadapedroche.es\/fr\/producto\/jambon-majada-pedroche-%e2%9c%af%e2%9c%af%e2%9c%af\/#breadcrumb\",\"itemListElement\":[{\"@type\":\"ListItem\",\"position\":1,\"name\":\"Accueil\",\"item\":\"https:\/\/jamonesmajadapedroche.es\/fr\/\"},{\"@type\":\"ListItem\",\"position\":2,\"name\":\"boutique\",\"item\":\"https:\/\/jamonesmajadapedroche.es\/fr\/boutique\/\"},{\"@type\":\"ListItem\",\"position\":3,\"name\":\"Jambon Majada \u2605\u2605\u2605\"}]},{\"@type\":\"WebSite\",\"@id\":\"https:\/\/jamonesmajadapedroche.es\/#website\",\"url\":\"https:\/\/jamonesmajadapedroche.es\/\",\"name\":\"Majada Pedroche Jam\u00f3n Ib\u00e9rico de bellota en Villanueva de C\u00f3rdoba\",\"description\":\"Jam\u00f3n y embutidos ib\u00e9ricos 100% de bellota con Denominaci\u00f3n de Origen de los Pedroches\",\"potentialAction\":[{\"@type\":\"SearchAction\",\"target\":{\"@type\":\"EntryPoint\",\"urlTemplate\":\"https:\/\/jamonesmajadapedroche.es\/?s={search_term_string}\"},\"query-input\":\"required name=search_term_string\"}],\"inLanguage\":\"fr-FR\"}]}<\/script>\n<!-- \/ Yoast SEO plugin. -->","yoast_head_json":{"title":"Jambon Majada \u2605\u2605\u2605 - Majada Pedroche Jam\u00f3n Ib\u00e9rico de bellota en Villanueva de C\u00f3rdoba","robots":{"index":"index","follow":"follow","max-snippet":"max-snippet:-1","max-image-preview":"max-image-preview:large","max-video-preview":"max-video-preview:-1"},"canonical":"https:\/\/jamonesmajadapedroche.es\/fr\/producto\/jambon-majada-pedroche-\u272f\u272f\u272f\/","og_locale":"fr_FR","og_type":"article","og_title":"Jambon Majada \u2605\u2605\u2605 - Majada Pedroche Jam\u00f3n Ib\u00e9rico de bellota en Villanueva de C\u00f3rdoba","og_description":"Belle texture et exquise en bouche avec une belle persistance. Aspect brillant dans la coupe et pr\u00e9dominance d'aspects volatils dans la jutosit\u00e9 et l'ar\u00f4me, des meilleurs porcs de la partie nord de la province de Cordoue, dans la \"Valle de Los Pedroches\".  Jambon de porc.  Produit sans gluten et sans lactose.  Cure 100% naturelle de plus de 36 mois.  Poids : \u00e0 partir de 8 kg.","og_url":"https:\/\/jamonesmajadapedroche.es\/fr\/producto\/jambon-majada-pedroche-\u272f\u272f\u272f\/","og_site_name":"Majada Pedroche Jam\u00f3n Ib\u00e9rico de bellota en Villanueva de C\u00f3rdoba","article_publisher":"https:\/\/www.facebook.com\/majadapedroche\/","article_modified_time":"2026-03-17T09:25:21+00:00","og_image":[{"width":1896,"height":2560,"url":"https:\/\/jamonesmajadapedroche.es\/wp-content\/uploads\/2017\/09\/Jamon-Majada-Pedroche-3-estrellas-scaled.jpg","type":"image\/jpeg"}],"twitter_card":"summary_large_image","twitter_site":"@majada_pedroche","schema":{"@context":"https:\/\/schema.org","@graph":[{"@type":"WebPage","@id":"https:\/\/jamonesmajadapedroche.es\/fr\/producto\/jambon-majada-pedroche-%e2%9c%af%e2%9c%af%e2%9c%af\/","url":"https:\/\/jamonesmajadapedroche.es\/fr\/producto\/jambon-majada-pedroche-%e2%9c%af%e2%9c%af%e2%9c%af\/","name":"Jambon Majada \u2605\u2605\u2605 - Majada Pedroche Jam\u00f3n Ib\u00e9rico de bellota en Villanueva de C\u00f3rdoba","isPartOf":{"@id":"https:\/\/jamonesmajadapedroche.es\/#website"},"datePublished":"2018-10-08T17:10:23+00:00","dateModified":"2026-03-17T09:25:21+00:00","breadcrumb":{"@id":"https:\/\/jamonesmajadapedroche.es\/fr\/producto\/jambon-majada-pedroche-%e2%9c%af%e2%9c%af%e2%9c%af\/#breadcrumb"},"inLanguage":"fr-FR","potentialAction":[{"@type":"ReadAction","target":["https:\/\/jamonesmajadapedroche.es\/fr\/producto\/jambon-majada-pedroche-%e2%9c%af%e2%9c%af%e2%9c%af\/"]}]},{"@type":"BreadcrumbList","@id":"https:\/\/jamonesmajadapedroche.es\/fr\/producto\/jambon-majada-pedroche-%e2%9c%af%e2%9c%af%e2%9c%af\/#breadcrumb","itemListElement":[{"@type":"ListItem","position":1,"name":"Accueil","item":"https:\/\/jamonesmajadapedroche.es\/fr\/"},{"@type":"ListItem","position":2,"name":"boutique","item":"https:\/\/jamonesmajadapedroche.es\/fr\/boutique\/"},{"@type":"ListItem","position":3,"name":"Jambon Majada \u2605\u2605\u2605"}]},{"@type":"WebSite","@id":"https:\/\/jamonesmajadapedroche.es\/#website","url":"https:\/\/jamonesmajadapedroche.es\/","name":"Majada Pedroche Jam\u00f3n Ib\u00e9rico de bellota en Villanueva de C\u00f3rdoba","description":"Jam\u00f3n y embutidos ib\u00e9ricos 100% de bellota con Denominaci\u00f3n de Origen de los Pedroches","potentialAction":[{"@type":"SearchAction","target":{"@type":"EntryPoint","urlTemplate":"https:\/\/jamonesmajadapedroche.es\/?s={search_term_string}"},"query-input":"required name=search_term_string"}],"inLanguage":"fr-FR"}]}},"jetpack_sharing_enabled":true,"_links":{"self":[{"href":"https:\/\/jamonesmajadapedroche.es\/fr\/wp-json\/wp\/v2\/product\/21222"}],"collection":[{"href":"https:\/\/jamonesmajadapedroche.es\/fr\/wp-json\/wp\/v2\/product"}],"about":[{"href":"https:\/\/jamonesmajadapedroche.es\/fr\/wp-json\/wp\/v2\/types\/product"}],"replies":[{"embeddable":true,"href":"https:\/\/jamonesmajadapedroche.es\/fr\/wp-json\/wp\/v2\/comments?post=21222"}],"wp:featuredmedia":[{"embeddable":true,"href":"https:\/\/jamonesmajadapedroche.es\/fr\/wp-json\/wp\/v2\/media\/21223"}],"wp:attachment":[{"href":"https:\/\/jamonesmajadapedroche.es\/fr\/wp-json\/wp\/v2\/media?parent=21222"}],"wp:term":[{"taxonomy":"product_cat","embeddable":true,"href":"https:\/\/jamonesmajadapedroche.es\/fr\/wp-json\/wp\/v2\/product_cat?post=21222"},{"taxonomy":"product_tag","embeddable":true,"href":"https:\/\/jamonesmajadapedroche.es\/fr\/wp-json\/wp\/v2\/product_tag?post=21222"}],"curies":[{"name":"wp","href":"https:\/\/api.w.org\/{rel}","templated":true}]}}