{"id":21228,"date":"2017-09-28T18:56:05","date_gmt":"2017-09-28T16:56:05","guid":{"rendered":"https:\/\/jamonesmajadapedroche.es\/producto\/epaule-de-bellota-100-iberique-dop-los-pedroches-blister\/"},"modified":"2021-08-12T10:37:27","modified_gmt":"2021-08-12T08:37:27","slug":"plateau-palette-iberica-pura-100-gland","status":"publish","type":"product","link":"https:\/\/jamonesmajadapedroche.es\/fr\/producto\/plateau-palette-iberica-pura-100-gland\/","title":{"rendered":"\u00c9paule de Bellota 100% Ib\u00e9rique DOP Los Pedroches &#8211; Blister"},"content":{"rendered":"<h2>\u00c9paule de Bellota 100% Ib\u00e9rique AOP Los Pedroches<\/h2>\n<p>Plateau d&rsquo;\u00e9paule ib\u00e9rique de gland 100gr. environ.<\/p>\n<p>Tranch\u00e9 avec une grande saveur, qualit\u00e9 et ar\u00f4me. Exquis en bouche avec une belle persistance. Des meilleurs porcs ib\u00e9riques du nord de la province de Cordoue, dans le \u201c<a href=\"https:\/\/jamonesmajadapedroche.es\/nosotros\/\"> Vall\u00e9e de Los Pedroches<\/a> \u201d.<\/p>\n<ul>\n<li>\u00c9paule de Bellota 100% Ib\u00e9rique DOP Los Pedroches.<\/li>\n<li>Produit sans gluten et sans lactose.<\/li>\n<li>Cure 100% naturelle de plus de 24 mois.<\/li>\n<li>Poids : 100gr.<\/li>\n<\/ul>\n","protected":false},"excerpt":{"rendered":"<p>Plateau d&rsquo;\u00e9paule ib\u00e9rique de gland 100gr. environ. Tranch\u00e9 avec une grande saveur, qualit\u00e9 et ar\u00f4me. Exquis en bouche avec une belle persistance. Des meilleurs porcs ib\u00e9riques du nord de la province de Cordoue, dans la \u00ab Vall\u00e9e de Los Pedroches \u00bb.<\/p>\n<ul>\n<li>\u00c9paule de Bellota 100% Ib\u00e9rique AOP Los Pedroches<\/li>\n<li>Produit sans gluten et sans lactose.<\/li>\n<li>Cure 100% naturelle de plus de 24 mois.<\/li>\n<li>Poids : 100gr.<\/li>\n<\/ul>\n<p>* Quantit\u00e9 minimum de commande : 4 blisters<\/p>\n","protected":false},"featured_media":21229,"comment_status":"closed","ping_status":"closed","template":"","meta":{"_mi_skip_tracking":false,"jetpack_post_was_ever_published":false,"jetpack_publicize_message":"","jetpack_is_tweetstorm":false,"jetpack_publicize_feature_enabled":true},"product_cat":[1654],"product_tag":[],"jetpack_publicize_connections":[],"yoast_head":"<!-- This site is optimized with the Yoast SEO plugin v20.2.1 - https:\/\/yoast.com\/wordpress\/plugins\/seo\/ -->\n<title>Plateau d&#039;\u00e9paule ib\u00e9rique 100% gland | Vall\u00e9e des Pedroches C\u00f3rdoba<\/title>\n<meta name=\"description\" content=\"Plateau d&#039;\u00e9paule ib\u00e9rique de gland en tranches des meilleurs porcs ib\u00e9riques de la vall\u00e9e de Los Pedroches \u00e0 Villanueva de C\u00f3rdoba\" \/>\n<meta name=\"robots\" content=\"index, follow, max-snippet:-1, max-image-preview:large, max-video-preview:-1\" \/>\n<link rel=\"canonical\" href=\"https:\/\/jamonesmajadapedroche.es\/fr\/producto\/plateau-palette-iberica-pura-100-gland\/\" \/>\n<meta property=\"og:locale\" content=\"fr_FR\" \/>\n<meta property=\"og:type\" content=\"article\" \/>\n<meta property=\"og:title\" content=\"Plateau d&#039;\u00e9paule ib\u00e9rique 100% gland | Vall\u00e9e des Pedroches C\u00f3rdoba\" \/>\n<meta property=\"og:description\" content=\"Plateau d&#039;\u00e9paule ib\u00e9rique de gland en tranches des meilleurs porcs ib\u00e9riques de la vall\u00e9e de Los Pedroches \u00e0 Villanueva de C\u00f3rdoba\" \/>\n<meta property=\"og:url\" content=\"https:\/\/jamonesmajadapedroche.es\/fr\/producto\/plateau-palette-iberica-pura-100-gland\/\" \/>\n<meta property=\"og:site_name\" content=\"Majada Pedroche Jam\u00f3n Ib\u00e9rico de bellota en Villanueva de C\u00f3rdoba\" \/>\n<meta property=\"article:publisher\" content=\"https:\/\/www.facebook.com\/majadapedroche\/\" \/>\n<meta property=\"article:modified_time\" content=\"2021-08-12T08:37:27+00:00\" \/>\n<meta property=\"og:image\" content=\"https:\/\/i1.wp.com\/jamonesmajadapedroche.es\/wp-content\/uploads\/2021\/06\/43-paleta-DO-envasada.jpg?fit=1896%2C2560&ssl=1\" \/>\n\t<meta property=\"og:image:width\" content=\"1896\" \/>\n\t<meta property=\"og:image:height\" content=\"2560\" \/>\n\t<meta property=\"og:image:type\" content=\"image\/jpeg\" \/>\n<meta name=\"twitter:card\" content=\"summary_large_image\" \/>\n<meta name=\"twitter:site\" content=\"@majada_pedroche\" \/>\n<script type=\"application\/ld+json\" class=\"yoast-schema-graph\">{\"@context\":\"https:\/\/schema.org\",\"@graph\":[{\"@type\":\"WebPage\",\"@id\":\"https:\/\/jamonesmajadapedroche.es\/fr\/producto\/plateau-palette-iberica-pura-100-gland\/\",\"url\":\"https:\/\/jamonesmajadapedroche.es\/fr\/producto\/plateau-palette-iberica-pura-100-gland\/\",\"name\":\"Plateau d'\u00e9paule ib\u00e9rique 100% gland | Vall\u00e9e des Pedroches C\u00f3rdoba\",\"isPartOf\":{\"@id\":\"https:\/\/jamonesmajadapedroche.es\/#website\"},\"datePublished\":\"2017-09-28T16:56:05+00:00\",\"dateModified\":\"2021-08-12T08:37:27+00:00\",\"description\":\"Plateau d'\u00e9paule ib\u00e9rique de gland en tranches des meilleurs porcs ib\u00e9riques de la vall\u00e9e de Los Pedroches \u00e0 Villanueva de C\u00f3rdoba\",\"breadcrumb\":{\"@id\":\"https:\/\/jamonesmajadapedroche.es\/fr\/producto\/plateau-palette-iberica-pura-100-gland\/#breadcrumb\"},\"inLanguage\":\"fr-FR\",\"potentialAction\":[{\"@type\":\"ReadAction\",\"target\":[\"https:\/\/jamonesmajadapedroche.es\/fr\/producto\/plateau-palette-iberica-pura-100-gland\/\"]}]},{\"@type\":\"BreadcrumbList\",\"@id\":\"https:\/\/jamonesmajadapedroche.es\/fr\/producto\/plateau-palette-iberica-pura-100-gland\/#breadcrumb\",\"itemListElement\":[{\"@type\":\"ListItem\",\"position\":1,\"name\":\"Accueil\",\"item\":\"https:\/\/jamonesmajadapedroche.es\/fr\/\"},{\"@type\":\"ListItem\",\"position\":2,\"name\":\"boutique\",\"item\":\"https:\/\/jamonesmajadapedroche.es\/fr\/boutique\/\"},{\"@type\":\"ListItem\",\"position\":3,\"name\":\"\u00c9paule de Bellota 100% Ib\u00e9rique DOP Los Pedroches &#8211; Blister\"}]},{\"@type\":\"WebSite\",\"@id\":\"https:\/\/jamonesmajadapedroche.es\/#website\",\"url\":\"https:\/\/jamonesmajadapedroche.es\/\",\"name\":\"Majada Pedroche Jam\u00f3n Ib\u00e9rico de bellota en Villanueva de C\u00f3rdoba\",\"description\":\"Jam\u00f3n y embutidos ib\u00e9ricos 100% de bellota con Denominaci\u00f3n de Origen de los Pedroches\",\"potentialAction\":[{\"@type\":\"SearchAction\",\"target\":{\"@type\":\"EntryPoint\",\"urlTemplate\":\"https:\/\/jamonesmajadapedroche.es\/?s={search_term_string}\"},\"query-input\":\"required name=search_term_string\"}],\"inLanguage\":\"fr-FR\"}]}<\/script>\n<!-- \/ Yoast SEO plugin. -->","yoast_head_json":{"title":"Plateau d'\u00e9paule ib\u00e9rique 100% gland | Vall\u00e9e des Pedroches C\u00f3rdoba","description":"Plateau d'\u00e9paule ib\u00e9rique de gland en tranches des meilleurs porcs ib\u00e9riques de la vall\u00e9e de Los Pedroches \u00e0 Villanueva de C\u00f3rdoba","robots":{"index":"index","follow":"follow","max-snippet":"max-snippet:-1","max-image-preview":"max-image-preview:large","max-video-preview":"max-video-preview:-1"},"canonical":"https:\/\/jamonesmajadapedroche.es\/fr\/producto\/plateau-palette-iberica-pura-100-gland\/","og_locale":"fr_FR","og_type":"article","og_title":"Plateau d'\u00e9paule ib\u00e9rique 100% gland | Vall\u00e9e des Pedroches C\u00f3rdoba","og_description":"Plateau d'\u00e9paule ib\u00e9rique de gland en tranches des meilleurs porcs ib\u00e9riques de la vall\u00e9e de Los Pedroches \u00e0 Villanueva de C\u00f3rdoba","og_url":"https:\/\/jamonesmajadapedroche.es\/fr\/producto\/plateau-palette-iberica-pura-100-gland\/","og_site_name":"Majada Pedroche Jam\u00f3n Ib\u00e9rico de bellota en Villanueva de C\u00f3rdoba","article_publisher":"https:\/\/www.facebook.com\/majadapedroche\/","article_modified_time":"2021-08-12T08:37:27+00:00","og_image":[{"width":1896,"height":2560,"url":"https:\/\/i1.wp.com\/jamonesmajadapedroche.es\/wp-content\/uploads\/2021\/06\/43-paleta-DO-envasada.jpg?fit=1896%2C2560&ssl=1","type":"image\/jpeg"}],"twitter_card":"summary_large_image","twitter_site":"@majada_pedroche","schema":{"@context":"https:\/\/schema.org","@graph":[{"@type":"WebPage","@id":"https:\/\/jamonesmajadapedroche.es\/fr\/producto\/plateau-palette-iberica-pura-100-gland\/","url":"https:\/\/jamonesmajadapedroche.es\/fr\/producto\/plateau-palette-iberica-pura-100-gland\/","name":"Plateau d'\u00e9paule ib\u00e9rique 100% gland | Vall\u00e9e des Pedroches C\u00f3rdoba","isPartOf":{"@id":"https:\/\/jamonesmajadapedroche.es\/#website"},"datePublished":"2017-09-28T16:56:05+00:00","dateModified":"2021-08-12T08:37:27+00:00","description":"Plateau d'\u00e9paule ib\u00e9rique de gland en tranches des meilleurs porcs ib\u00e9riques de la vall\u00e9e de Los Pedroches \u00e0 Villanueva de C\u00f3rdoba","breadcrumb":{"@id":"https:\/\/jamonesmajadapedroche.es\/fr\/producto\/plateau-palette-iberica-pura-100-gland\/#breadcrumb"},"inLanguage":"fr-FR","potentialAction":[{"@type":"ReadAction","target":["https:\/\/jamonesmajadapedroche.es\/fr\/producto\/plateau-palette-iberica-pura-100-gland\/"]}]},{"@type":"BreadcrumbList","@id":"https:\/\/jamonesmajadapedroche.es\/fr\/producto\/plateau-palette-iberica-pura-100-gland\/#breadcrumb","itemListElement":[{"@type":"ListItem","position":1,"name":"Accueil","item":"https:\/\/jamonesmajadapedroche.es\/fr\/"},{"@type":"ListItem","position":2,"name":"boutique","item":"https:\/\/jamonesmajadapedroche.es\/fr\/boutique\/"},{"@type":"ListItem","position":3,"name":"\u00c9paule de Bellota 100% Ib\u00e9rique DOP Los Pedroches &#8211; Blister"}]},{"@type":"WebSite","@id":"https:\/\/jamonesmajadapedroche.es\/#website","url":"https:\/\/jamonesmajadapedroche.es\/","name":"Majada Pedroche Jam\u00f3n Ib\u00e9rico de bellota en Villanueva de C\u00f3rdoba","description":"Jam\u00f3n y embutidos ib\u00e9ricos 100% de bellota con Denominaci\u00f3n de Origen de los Pedroches","potentialAction":[{"@type":"SearchAction","target":{"@type":"EntryPoint","urlTemplate":"https:\/\/jamonesmajadapedroche.es\/?s={search_term_string}"},"query-input":"required name=search_term_string"}],"inLanguage":"fr-FR"}]}},"jetpack_sharing_enabled":true,"_links":{"self":[{"href":"https:\/\/jamonesmajadapedroche.es\/fr\/wp-json\/wp\/v2\/product\/21228"}],"collection":[{"href":"https:\/\/jamonesmajadapedroche.es\/fr\/wp-json\/wp\/v2\/product"}],"about":[{"href":"https:\/\/jamonesmajadapedroche.es\/fr\/wp-json\/wp\/v2\/types\/product"}],"replies":[{"embeddable":true,"href":"https:\/\/jamonesmajadapedroche.es\/fr\/wp-json\/wp\/v2\/comments?post=21228"}],"wp:featuredmedia":[{"embeddable":true,"href":"https:\/\/jamonesmajadapedroche.es\/fr\/wp-json\/wp\/v2\/media\/21229"}],"wp:attachment":[{"href":"https:\/\/jamonesmajadapedroche.es\/fr\/wp-json\/wp\/v2\/media?parent=21228"}],"wp:term":[{"taxonomy":"product_cat","embeddable":true,"href":"https:\/\/jamonesmajadapedroche.es\/fr\/wp-json\/wp\/v2\/product_cat?post=21228"},{"taxonomy":"product_tag","embeddable":true,"href":"https:\/\/jamonesmajadapedroche.es\/fr\/wp-json\/wp\/v2\/product_tag?post=21228"}],"curies":[{"name":"wp","href":"https:\/\/api.w.org\/{rel}","templated":true}]}}