{"id":21237,"date":"2017-09-28T18:44:42","date_gmt":"2017-09-28T16:44:42","guid":{"rendered":"https:\/\/jamonesmajadapedroche.es\/producto\/chorizo-iberique-rouge-frais-majada-pedroche\/"},"modified":"2021-08-12T10:37:58","modified_gmt":"2021-08-12T08:37:58","slug":"chorizo-rouge-frais-majada-pedroche","status":"publish","type":"product","link":"https:\/\/jamonesmajadapedroche.es\/fr\/producto\/chorizo-rouge-frais-majada-pedroche\/","title":{"rendered":"Chorizo Ib\u00e9rique Rouge Frais Majada Pedroche"},"content":{"rendered":"<p>Produit fabriqu\u00e9 avec le meilleur porc maigre 100% ib\u00e9rique de bellota, il s&rsquo;agit d&rsquo;un chorizo ib\u00e9rique avec une saveur unique et caract\u00e9ristique de la \u00ab\u00a0Valle de Los Pedroches\u00a0\u00bb, pr\u00e9servant les m\u00eames vinaigrettes et processus de production artisanaux.<\/p>\n<p>Nos saucisses sont s\u00e9ch\u00e9es dans des s\u00e9choirs naturels, contr\u00f4lant la temp\u00e9rature et l&rsquo;humidit\u00e9 pour obtenir un s\u00e9chage et une maturation optimaux.<\/p>\n<ul>\n<li>Saucisse de gland 100% ib\u00e9rique.<\/li>\n<li>Produit sans gluten et sans lactose.<\/li>\n<li>Poids de la pi\u00e8ce : 400-500 gr. environ.<\/li>\n<\/ul>\n","protected":false},"excerpt":{"rendered":"<p>Produit fabriqu\u00e9 avec le meilleur porc maigre 100% ib\u00e9rique de bellota, il s&rsquo;agit d&rsquo;un chorizo ib\u00e9rique avec une saveur unique et caract\u00e9ristique de la \u00ab\u00a0Valle de Los Pedroches\u00a0\u00bb, pr\u00e9servant les m\u00eames vinaigrettes et processus de production artisanaux.<\/p>\n<p>Nos saucisses sont s\u00e9ch\u00e9es dans des s\u00e9choirs naturels, contr\u00f4lant la temp\u00e9rature et l&rsquo;humidit\u00e9 pour obtenir un s\u00e9chage et une maturation optimaux.<\/p>\n<ul>\n<li>Saucisse de gland 100% ib\u00e9rique.<\/li>\n<li>Produit sans gluten et sans lactose.<\/li>\n<li>Poids de la pi\u00e8ce : 400-500 gr. environ.<\/li>\n<\/ul>\n","protected":false},"featured_media":21238,"comment_status":"closed","ping_status":"closed","template":"","meta":{"_mi_skip_tracking":false,"jetpack_post_was_ever_published":false,"jetpack_publicize_message":"","jetpack_is_tweetstorm":false,"jetpack_publicize_feature_enabled":true},"product_cat":[1655],"product_tag":[],"jetpack_publicize_connections":[],"yoast_head":"<!-- This site is optimized with the Yoast SEO plugin v20.2.1 - https:\/\/yoast.com\/wordpress\/plugins\/seo\/ -->\n<title>Chorizo Ib\u00e9rique Rouge Frais Majada Pedroche - Majada Pedroche Jam\u00f3n Ib\u00e9rico de bellota en Villanueva de C\u00f3rdoba<\/title>\n<meta name=\"robots\" content=\"index, follow, max-snippet:-1, max-image-preview:large, max-video-preview:-1\" \/>\n<link rel=\"canonical\" href=\"https:\/\/jamonesmajadapedroche.es\/fr\/producto\/chorizo-rouge-frais-majada-pedroche\/\" \/>\n<meta property=\"og:locale\" content=\"fr_FR\" \/>\n<meta property=\"og:type\" content=\"article\" \/>\n<meta property=\"og:title\" content=\"Chorizo Ib\u00e9rique Rouge Frais Majada Pedroche - Majada Pedroche Jam\u00f3n Ib\u00e9rico de bellota en Villanueva de C\u00f3rdoba\" \/>\n<meta property=\"og:description\" content=\"Produit fabriqu\u00e9 avec le meilleur porc maigre 100% ib\u00e9rique de bellota, il s&#039;agit d&#039;un chorizo ib\u00e9rique avec une saveur unique et caract\u00e9ristique de la &quot;Valle de Los Pedroches&quot;, pr\u00e9servant les m\u00eames vinaigrettes et processus de production artisanaux. Nos saucisses sont s\u00e9ch\u00e9es dans des s\u00e9choirs naturels, contr\u00f4lant la temp\u00e9rature et l&#039;humidit\u00e9 pour obtenir un s\u00e9chage et une maturation optimaux.  Saucisse de gland 100% ib\u00e9rique.  Produit sans gluten et sans lactose.  Poids de la pi\u00e8ce : 400-500 gr. environ.\" \/>\n<meta property=\"og:url\" content=\"https:\/\/jamonesmajadapedroche.es\/fr\/producto\/chorizo-rouge-frais-majada-pedroche\/\" \/>\n<meta property=\"og:site_name\" content=\"Majada Pedroche Jam\u00f3n Ib\u00e9rico de bellota en Villanueva de C\u00f3rdoba\" \/>\n<meta property=\"article:publisher\" content=\"https:\/\/www.facebook.com\/majadapedroche\/\" \/>\n<meta property=\"article:modified_time\" content=\"2021-08-12T08:37:58+00:00\" \/>\n<meta property=\"og:image\" content=\"https:\/\/i2.wp.com\/jamonesmajadapedroche.es\/wp-content\/uploads\/2017\/09\/Chorizo-rojo-iberico-fresco-Majada-Pedroche-scaled.jpg?fit=1896%2C2560&ssl=1\" \/>\n\t<meta property=\"og:image:width\" content=\"1896\" \/>\n\t<meta property=\"og:image:height\" content=\"2560\" \/>\n\t<meta property=\"og:image:type\" content=\"image\/jpeg\" \/>\n<meta name=\"twitter:card\" content=\"summary_large_image\" \/>\n<meta name=\"twitter:site\" content=\"@majada_pedroche\" \/>\n<script type=\"application\/ld+json\" class=\"yoast-schema-graph\">{\"@context\":\"https:\/\/schema.org\",\"@graph\":[{\"@type\":\"WebPage\",\"@id\":\"https:\/\/jamonesmajadapedroche.es\/fr\/producto\/chorizo-rouge-frais-majada-pedroche\/\",\"url\":\"https:\/\/jamonesmajadapedroche.es\/fr\/producto\/chorizo-rouge-frais-majada-pedroche\/\",\"name\":\"Chorizo Ib\u00e9rique Rouge Frais Majada Pedroche - Majada Pedroche Jam\u00f3n Ib\u00e9rico de bellota en Villanueva de C\u00f3rdoba\",\"isPartOf\":{\"@id\":\"https:\/\/jamonesmajadapedroche.es\/#website\"},\"datePublished\":\"2017-09-28T16:44:42+00:00\",\"dateModified\":\"2021-08-12T08:37:58+00:00\",\"breadcrumb\":{\"@id\":\"https:\/\/jamonesmajadapedroche.es\/fr\/producto\/chorizo-rouge-frais-majada-pedroche\/#breadcrumb\"},\"inLanguage\":\"fr-FR\",\"potentialAction\":[{\"@type\":\"ReadAction\",\"target\":[\"https:\/\/jamonesmajadapedroche.es\/fr\/producto\/chorizo-rouge-frais-majada-pedroche\/\"]}]},{\"@type\":\"BreadcrumbList\",\"@id\":\"https:\/\/jamonesmajadapedroche.es\/fr\/producto\/chorizo-rouge-frais-majada-pedroche\/#breadcrumb\",\"itemListElement\":[{\"@type\":\"ListItem\",\"position\":1,\"name\":\"Accueil\",\"item\":\"https:\/\/jamonesmajadapedroche.es\/fr\/\"},{\"@type\":\"ListItem\",\"position\":2,\"name\":\"boutique\",\"item\":\"https:\/\/jamonesmajadapedroche.es\/fr\/boutique\/\"},{\"@type\":\"ListItem\",\"position\":3,\"name\":\"Chorizo Ib\u00e9rique Rouge Frais Majada Pedroche\"}]},{\"@type\":\"WebSite\",\"@id\":\"https:\/\/jamonesmajadapedroche.es\/#website\",\"url\":\"https:\/\/jamonesmajadapedroche.es\/\",\"name\":\"Majada Pedroche Jam\u00f3n Ib\u00e9rico de bellota en Villanueva de C\u00f3rdoba\",\"description\":\"Jam\u00f3n y embutidos ib\u00e9ricos 100% de bellota con Denominaci\u00f3n de Origen de los Pedroches\",\"potentialAction\":[{\"@type\":\"SearchAction\",\"target\":{\"@type\":\"EntryPoint\",\"urlTemplate\":\"https:\/\/jamonesmajadapedroche.es\/?s={search_term_string}\"},\"query-input\":\"required name=search_term_string\"}],\"inLanguage\":\"fr-FR\"}]}<\/script>\n<!-- \/ Yoast SEO plugin. -->","yoast_head_json":{"title":"Chorizo Ib\u00e9rique Rouge Frais Majada Pedroche - Majada Pedroche Jam\u00f3n Ib\u00e9rico de bellota en Villanueva de C\u00f3rdoba","robots":{"index":"index","follow":"follow","max-snippet":"max-snippet:-1","max-image-preview":"max-image-preview:large","max-video-preview":"max-video-preview:-1"},"canonical":"https:\/\/jamonesmajadapedroche.es\/fr\/producto\/chorizo-rouge-frais-majada-pedroche\/","og_locale":"fr_FR","og_type":"article","og_title":"Chorizo Ib\u00e9rique Rouge Frais Majada Pedroche - Majada Pedroche Jam\u00f3n Ib\u00e9rico de bellota en Villanueva de C\u00f3rdoba","og_description":"Produit fabriqu\u00e9 avec le meilleur porc maigre 100% ib\u00e9rique de bellota, il s'agit d'un chorizo ib\u00e9rique avec une saveur unique et caract\u00e9ristique de la \"Valle de Los Pedroches\", pr\u00e9servant les m\u00eames vinaigrettes et processus de production artisanaux. Nos saucisses sont s\u00e9ch\u00e9es dans des s\u00e9choirs naturels, contr\u00f4lant la temp\u00e9rature et l'humidit\u00e9 pour obtenir un s\u00e9chage et une maturation optimaux.  Saucisse de gland 100% ib\u00e9rique.  Produit sans gluten et sans lactose.  Poids de la pi\u00e8ce : 400-500 gr. environ.","og_url":"https:\/\/jamonesmajadapedroche.es\/fr\/producto\/chorizo-rouge-frais-majada-pedroche\/","og_site_name":"Majada Pedroche Jam\u00f3n Ib\u00e9rico de bellota en Villanueva de C\u00f3rdoba","article_publisher":"https:\/\/www.facebook.com\/majadapedroche\/","article_modified_time":"2021-08-12T08:37:58+00:00","og_image":[{"width":1896,"height":2560,"url":"https:\/\/i2.wp.com\/jamonesmajadapedroche.es\/wp-content\/uploads\/2017\/09\/Chorizo-rojo-iberico-fresco-Majada-Pedroche-scaled.jpg?fit=1896%2C2560&ssl=1","type":"image\/jpeg"}],"twitter_card":"summary_large_image","twitter_site":"@majada_pedroche","schema":{"@context":"https:\/\/schema.org","@graph":[{"@type":"WebPage","@id":"https:\/\/jamonesmajadapedroche.es\/fr\/producto\/chorizo-rouge-frais-majada-pedroche\/","url":"https:\/\/jamonesmajadapedroche.es\/fr\/producto\/chorizo-rouge-frais-majada-pedroche\/","name":"Chorizo Ib\u00e9rique Rouge Frais Majada Pedroche - Majada Pedroche Jam\u00f3n Ib\u00e9rico de bellota en Villanueva de C\u00f3rdoba","isPartOf":{"@id":"https:\/\/jamonesmajadapedroche.es\/#website"},"datePublished":"2017-09-28T16:44:42+00:00","dateModified":"2021-08-12T08:37:58+00:00","breadcrumb":{"@id":"https:\/\/jamonesmajadapedroche.es\/fr\/producto\/chorizo-rouge-frais-majada-pedroche\/#breadcrumb"},"inLanguage":"fr-FR","potentialAction":[{"@type":"ReadAction","target":["https:\/\/jamonesmajadapedroche.es\/fr\/producto\/chorizo-rouge-frais-majada-pedroche\/"]}]},{"@type":"BreadcrumbList","@id":"https:\/\/jamonesmajadapedroche.es\/fr\/producto\/chorizo-rouge-frais-majada-pedroche\/#breadcrumb","itemListElement":[{"@type":"ListItem","position":1,"name":"Accueil","item":"https:\/\/jamonesmajadapedroche.es\/fr\/"},{"@type":"ListItem","position":2,"name":"boutique","item":"https:\/\/jamonesmajadapedroche.es\/fr\/boutique\/"},{"@type":"ListItem","position":3,"name":"Chorizo Ib\u00e9rique Rouge Frais Majada Pedroche"}]},{"@type":"WebSite","@id":"https:\/\/jamonesmajadapedroche.es\/#website","url":"https:\/\/jamonesmajadapedroche.es\/","name":"Majada Pedroche Jam\u00f3n Ib\u00e9rico de bellota en Villanueva de C\u00f3rdoba","description":"Jam\u00f3n y embutidos ib\u00e9ricos 100% de bellota con Denominaci\u00f3n de Origen de los Pedroches","potentialAction":[{"@type":"SearchAction","target":{"@type":"EntryPoint","urlTemplate":"https:\/\/jamonesmajadapedroche.es\/?s={search_term_string}"},"query-input":"required name=search_term_string"}],"inLanguage":"fr-FR"}]}},"jetpack_sharing_enabled":true,"_links":{"self":[{"href":"https:\/\/jamonesmajadapedroche.es\/fr\/wp-json\/wp\/v2\/product\/21237"}],"collection":[{"href":"https:\/\/jamonesmajadapedroche.es\/fr\/wp-json\/wp\/v2\/product"}],"about":[{"href":"https:\/\/jamonesmajadapedroche.es\/fr\/wp-json\/wp\/v2\/types\/product"}],"replies":[{"embeddable":true,"href":"https:\/\/jamonesmajadapedroche.es\/fr\/wp-json\/wp\/v2\/comments?post=21237"}],"wp:featuredmedia":[{"embeddable":true,"href":"https:\/\/jamonesmajadapedroche.es\/fr\/wp-json\/wp\/v2\/media\/21238"}],"wp:attachment":[{"href":"https:\/\/jamonesmajadapedroche.es\/fr\/wp-json\/wp\/v2\/media?parent=21237"}],"wp:term":[{"taxonomy":"product_cat","embeddable":true,"href":"https:\/\/jamonesmajadapedroche.es\/fr\/wp-json\/wp\/v2\/product_cat?post=21237"},{"taxonomy":"product_tag","embeddable":true,"href":"https:\/\/jamonesmajadapedroche.es\/fr\/wp-json\/wp\/v2\/product_tag?post=21237"}],"curies":[{"name":"wp","href":"https:\/\/api.w.org\/{rel}","templated":true}]}}