{"id":21295,"date":"2017-09-28T18:58:06","date_gmt":"2017-09-28T16:58:06","guid":{"rendered":"https:\/\/jamonesmajadapedroche.es\/producto\/longe-de-bellota-100-iberique-majada-pedroche\/"},"modified":"2021-08-13T08:34:58","modified_gmt":"2021-08-13T06:34:58","slug":"cana-lomo-iberique-gland","status":"publish","type":"product","link":"https:\/\/jamonesmajadapedroche.es\/fr\/producto\/cana-lomo-iberique-gland\/","title":{"rendered":"Longe de Bellota 100% Ib\u00e9rique Majada Pedroche"},"content":{"rendered":"<p>Fabriqu\u00e9 avec la meilleure longe fra\u00eeche de porc 100% ib\u00e9rique de bellota, des \u00e9pices s\u00e9lectionn\u00e9es et un affinage soign\u00e9. De couleur ros\u00e2tre et avec le marbrage de la graisse caract\u00e9ristique des saucisses ib\u00e9riques de glands du nord de Cordoue, dans la \u00ab\u00a0Valle de Los Pedroches\u00a0\u00bb. Son ar\u00f4me doux et une saveur douce et intense se distinguent. Il a une texture lisse avec des traces d&rsquo;infiltration de graisse indubitables car il provient de porcs ib\u00e9riques.<\/p>\n<ul>\n<li>Nourri au gland 100% ib\u00e9rique.<\/li>\n<li>Produit sans gluten et sans lactose.<\/li>\n<li>Cure de 3 mois.<\/li>\n<li>Poids de la pi\u00e8ce : 600 grs.<\/li>\n<\/ul>\n","protected":false},"excerpt":{"rendered":"<p>Fabriqu\u00e9 avec la meilleure longe fra\u00eeche de porc 100% ib\u00e9rique de bellota, des \u00e9pices s\u00e9lectionn\u00e9es et un affinage soign\u00e9. De couleur ros\u00e2tre et avec le marbrage de la graisse caract\u00e9ristique des saucisses ib\u00e9riques de glands du nord de Cordoue, dans la \u00ab\u00a0Valle de Los Pedroches\u00a0\u00bb. Son ar\u00f4me doux et une saveur douce et intense se distinguent. Il a une texture lisse avec des traces d&rsquo;infiltration de graisse indubitables car il provient de porcs ib\u00e9riques.<\/p>\n<ul>\n<li>Nourri au gland 100% ib\u00e9rique.<\/li>\n<li>Produit sans gluten et sans lactose.<\/li>\n<li>Cure de 3 mois.<\/li>\n<li>Poids de la pi\u00e8ce : 600 grs.<\/li>\n<\/ul>\n","protected":false},"featured_media":21296,"comment_status":"closed","ping_status":"closed","template":"","meta":{"_mi_skip_tracking":false,"jetpack_post_was_ever_published":false,"jetpack_publicize_message":"","jetpack_is_tweetstorm":false,"jetpack_publicize_feature_enabled":true},"product_cat":[1652],"product_tag":[],"jetpack_publicize_connections":[],"yoast_head":"<!-- This site is optimized with the Yoast SEO plugin v20.2.1 - https:\/\/yoast.com\/wordpress\/plugins\/seo\/ -->\n<title>Longe de Bellota 100% Ib\u00e9rique Majada Pedroche - Majada Pedroche Jam\u00f3n Ib\u00e9rico de bellota en Villanueva de C\u00f3rdoba<\/title>\n<meta name=\"robots\" content=\"index, follow, max-snippet:-1, max-image-preview:large, max-video-preview:-1\" \/>\n<link rel=\"canonical\" href=\"https:\/\/jamonesmajadapedroche.es\/fr\/producto\/cana-lomo-iberique-gland\/\" \/>\n<meta property=\"og:locale\" content=\"fr_FR\" \/>\n<meta property=\"og:type\" content=\"article\" \/>\n<meta property=\"og:title\" content=\"Longe de Bellota 100% Ib\u00e9rique Majada Pedroche - Majada Pedroche Jam\u00f3n Ib\u00e9rico de bellota en Villanueva de C\u00f3rdoba\" \/>\n<meta property=\"og:description\" content=\"Fabriqu\u00e9 avec la meilleure longe fra\u00eeche de porc 100% ib\u00e9rique de bellota, des \u00e9pices s\u00e9lectionn\u00e9es et un affinage soign\u00e9. De couleur ros\u00e2tre et avec le marbrage de la graisse caract\u00e9ristique des saucisses ib\u00e9riques de glands du nord de Cordoue, dans la &quot;Valle de Los Pedroches&quot;. Son ar\u00f4me doux et une saveur douce et intense se distinguent. Il a une texture lisse avec des traces d&#039;infiltration de graisse indubitables car il provient de porcs ib\u00e9riques.  Nourri au gland 100% ib\u00e9rique.  Produit sans gluten et sans lactose.  Cure de 3 mois.  Poids de la pi\u00e8ce : 600 grs.\" \/>\n<meta property=\"og:url\" content=\"https:\/\/jamonesmajadapedroche.es\/fr\/producto\/cana-lomo-iberique-gland\/\" \/>\n<meta property=\"og:site_name\" content=\"Majada Pedroche Jam\u00f3n Ib\u00e9rico de bellota en Villanueva de C\u00f3rdoba\" \/>\n<meta property=\"article:publisher\" content=\"https:\/\/www.facebook.com\/majadapedroche\/\" \/>\n<meta property=\"article:modified_time\" content=\"2021-08-13T06:34:58+00:00\" \/>\n<meta property=\"og:image\" content=\"https:\/\/i0.wp.com\/jamonesmajadapedroche.es\/wp-content\/uploads\/2017\/09\/Lomo-de-bellota-100x100-iberico-Majada-Pedroche-scaled.jpg?fit=1896%2C2560&ssl=1\" \/>\n\t<meta property=\"og:image:width\" content=\"1896\" \/>\n\t<meta property=\"og:image:height\" content=\"2560\" \/>\n\t<meta property=\"og:image:type\" content=\"image\/jpeg\" \/>\n<meta name=\"twitter:card\" content=\"summary_large_image\" \/>\n<meta name=\"twitter:site\" content=\"@majada_pedroche\" \/>\n<meta name=\"twitter:label1\" content=\"Dur\u00e9e de lecture estim\u00e9e\" \/>\n\t<meta name=\"twitter:data1\" content=\"1 minute\" \/>\n<script type=\"application\/ld+json\" class=\"yoast-schema-graph\">{\"@context\":\"https:\/\/schema.org\",\"@graph\":[{\"@type\":\"WebPage\",\"@id\":\"https:\/\/jamonesmajadapedroche.es\/fr\/producto\/cana-lomo-iberique-gland\/\",\"url\":\"https:\/\/jamonesmajadapedroche.es\/fr\/producto\/cana-lomo-iberique-gland\/\",\"name\":\"Longe de Bellota 100% Ib\u00e9rique Majada Pedroche - Majada Pedroche Jam\u00f3n Ib\u00e9rico de bellota en Villanueva de C\u00f3rdoba\",\"isPartOf\":{\"@id\":\"https:\/\/jamonesmajadapedroche.es\/#website\"},\"datePublished\":\"2017-09-28T16:58:06+00:00\",\"dateModified\":\"2021-08-13T06:34:58+00:00\",\"breadcrumb\":{\"@id\":\"https:\/\/jamonesmajadapedroche.es\/fr\/producto\/cana-lomo-iberique-gland\/#breadcrumb\"},\"inLanguage\":\"fr-FR\",\"potentialAction\":[{\"@type\":\"ReadAction\",\"target\":[\"https:\/\/jamonesmajadapedroche.es\/fr\/producto\/cana-lomo-iberique-gland\/\"]}]},{\"@type\":\"BreadcrumbList\",\"@id\":\"https:\/\/jamonesmajadapedroche.es\/fr\/producto\/cana-lomo-iberique-gland\/#breadcrumb\",\"itemListElement\":[{\"@type\":\"ListItem\",\"position\":1,\"name\":\"Accueil\",\"item\":\"https:\/\/jamonesmajadapedroche.es\/fr\/\"},{\"@type\":\"ListItem\",\"position\":2,\"name\":\"boutique\",\"item\":\"https:\/\/jamonesmajadapedroche.es\/fr\/boutique\/\"},{\"@type\":\"ListItem\",\"position\":3,\"name\":\"Longe de Bellota 100% Ib\u00e9rique Majada Pedroche\"}]},{\"@type\":\"WebSite\",\"@id\":\"https:\/\/jamonesmajadapedroche.es\/#website\",\"url\":\"https:\/\/jamonesmajadapedroche.es\/\",\"name\":\"Majada Pedroche Jam\u00f3n Ib\u00e9rico de bellota en Villanueva de C\u00f3rdoba\",\"description\":\"Jam\u00f3n y embutidos ib\u00e9ricos 100% de bellota con Denominaci\u00f3n de Origen de los Pedroches\",\"potentialAction\":[{\"@type\":\"SearchAction\",\"target\":{\"@type\":\"EntryPoint\",\"urlTemplate\":\"https:\/\/jamonesmajadapedroche.es\/?s={search_term_string}\"},\"query-input\":\"required name=search_term_string\"}],\"inLanguage\":\"fr-FR\"}]}<\/script>\n<!-- \/ Yoast SEO plugin. -->","yoast_head_json":{"title":"Longe de Bellota 100% Ib\u00e9rique Majada Pedroche - Majada Pedroche Jam\u00f3n Ib\u00e9rico de bellota en Villanueva de C\u00f3rdoba","robots":{"index":"index","follow":"follow","max-snippet":"max-snippet:-1","max-image-preview":"max-image-preview:large","max-video-preview":"max-video-preview:-1"},"canonical":"https:\/\/jamonesmajadapedroche.es\/fr\/producto\/cana-lomo-iberique-gland\/","og_locale":"fr_FR","og_type":"article","og_title":"Longe de Bellota 100% Ib\u00e9rique Majada Pedroche - Majada Pedroche Jam\u00f3n Ib\u00e9rico de bellota en Villanueva de C\u00f3rdoba","og_description":"Fabriqu\u00e9 avec la meilleure longe fra\u00eeche de porc 100% ib\u00e9rique de bellota, des \u00e9pices s\u00e9lectionn\u00e9es et un affinage soign\u00e9. De couleur ros\u00e2tre et avec le marbrage de la graisse caract\u00e9ristique des saucisses ib\u00e9riques de glands du nord de Cordoue, dans la \"Valle de Los Pedroches\". Son ar\u00f4me doux et une saveur douce et intense se distinguent. Il a une texture lisse avec des traces d'infiltration de graisse indubitables car il provient de porcs ib\u00e9riques.  Nourri au gland 100% ib\u00e9rique.  Produit sans gluten et sans lactose.  Cure de 3 mois.  Poids de la pi\u00e8ce : 600 grs.","og_url":"https:\/\/jamonesmajadapedroche.es\/fr\/producto\/cana-lomo-iberique-gland\/","og_site_name":"Majada Pedroche Jam\u00f3n Ib\u00e9rico de bellota en Villanueva de C\u00f3rdoba","article_publisher":"https:\/\/www.facebook.com\/majadapedroche\/","article_modified_time":"2021-08-13T06:34:58+00:00","og_image":[{"width":1896,"height":2560,"url":"https:\/\/i0.wp.com\/jamonesmajadapedroche.es\/wp-content\/uploads\/2017\/09\/Lomo-de-bellota-100x100-iberico-Majada-Pedroche-scaled.jpg?fit=1896%2C2560&ssl=1","type":"image\/jpeg"}],"twitter_card":"summary_large_image","twitter_site":"@majada_pedroche","twitter_misc":{"Dur\u00e9e de lecture estim\u00e9e":"1 minute"},"schema":{"@context":"https:\/\/schema.org","@graph":[{"@type":"WebPage","@id":"https:\/\/jamonesmajadapedroche.es\/fr\/producto\/cana-lomo-iberique-gland\/","url":"https:\/\/jamonesmajadapedroche.es\/fr\/producto\/cana-lomo-iberique-gland\/","name":"Longe de Bellota 100% Ib\u00e9rique Majada Pedroche - Majada Pedroche Jam\u00f3n Ib\u00e9rico de bellota en Villanueva de C\u00f3rdoba","isPartOf":{"@id":"https:\/\/jamonesmajadapedroche.es\/#website"},"datePublished":"2017-09-28T16:58:06+00:00","dateModified":"2021-08-13T06:34:58+00:00","breadcrumb":{"@id":"https:\/\/jamonesmajadapedroche.es\/fr\/producto\/cana-lomo-iberique-gland\/#breadcrumb"},"inLanguage":"fr-FR","potentialAction":[{"@type":"ReadAction","target":["https:\/\/jamonesmajadapedroche.es\/fr\/producto\/cana-lomo-iberique-gland\/"]}]},{"@type":"BreadcrumbList","@id":"https:\/\/jamonesmajadapedroche.es\/fr\/producto\/cana-lomo-iberique-gland\/#breadcrumb","itemListElement":[{"@type":"ListItem","position":1,"name":"Accueil","item":"https:\/\/jamonesmajadapedroche.es\/fr\/"},{"@type":"ListItem","position":2,"name":"boutique","item":"https:\/\/jamonesmajadapedroche.es\/fr\/boutique\/"},{"@type":"ListItem","position":3,"name":"Longe de Bellota 100% Ib\u00e9rique Majada Pedroche"}]},{"@type":"WebSite","@id":"https:\/\/jamonesmajadapedroche.es\/#website","url":"https:\/\/jamonesmajadapedroche.es\/","name":"Majada Pedroche Jam\u00f3n Ib\u00e9rico de bellota en Villanueva de C\u00f3rdoba","description":"Jam\u00f3n y embutidos ib\u00e9ricos 100% de bellota con Denominaci\u00f3n de Origen de los Pedroches","potentialAction":[{"@type":"SearchAction","target":{"@type":"EntryPoint","urlTemplate":"https:\/\/jamonesmajadapedroche.es\/?s={search_term_string}"},"query-input":"required name=search_term_string"}],"inLanguage":"fr-FR"}]}},"jetpack_sharing_enabled":true,"_links":{"self":[{"href":"https:\/\/jamonesmajadapedroche.es\/fr\/wp-json\/wp\/v2\/product\/21295"}],"collection":[{"href":"https:\/\/jamonesmajadapedroche.es\/fr\/wp-json\/wp\/v2\/product"}],"about":[{"href":"https:\/\/jamonesmajadapedroche.es\/fr\/wp-json\/wp\/v2\/types\/product"}],"replies":[{"embeddable":true,"href":"https:\/\/jamonesmajadapedroche.es\/fr\/wp-json\/wp\/v2\/comments?post=21295"}],"wp:featuredmedia":[{"embeddable":true,"href":"https:\/\/jamonesmajadapedroche.es\/fr\/wp-json\/wp\/v2\/media\/21296"}],"wp:attachment":[{"href":"https:\/\/jamonesmajadapedroche.es\/fr\/wp-json\/wp\/v2\/media?parent=21295"}],"wp:term":[{"taxonomy":"product_cat","embeddable":true,"href":"https:\/\/jamonesmajadapedroche.es\/fr\/wp-json\/wp\/v2\/product_cat?post=21295"},{"taxonomy":"product_tag","embeddable":true,"href":"https:\/\/jamonesmajadapedroche.es\/fr\/wp-json\/wp\/v2\/product_tag?post=21295"}],"curies":[{"name":"wp","href":"https:\/\/api.w.org\/{rel}","templated":true}]}}