{"id":21324,"date":"2017-09-28T18:53:00","date_gmt":"2017-09-28T16:53:00","guid":{"rendered":"https:\/\/jamonesmajadapedroche.es\/producto\/longe-fraiche-majada-pedroche\/"},"modified":"2021-08-13T08:36:39","modified_gmt":"2021-08-13T06:36:39","slug":"frais-iberique-longe-majada-pedroche","status":"publish","type":"product","link":"https:\/\/jamonesmajadapedroche.es\/fr\/producto\/frais-iberique-longe-majada-pedroche\/","title":{"rendered":"Longe fra\u00eeche Majada Pedroche"},"content":{"rendered":"<p>Il correspond au ruban de longe frais, tr\u00e8s maigre et tr\u00e8s peu gras, il convient donc aux personnes qui pratiquent m\u00eame des r\u00e9gimes hypocaloriques. C&rsquo;est l&rsquo;une des viandes du porc ib\u00e9rique pr\u00e9f\u00e9r\u00e9e des consommateurs.<\/p>\n<p>Viande \u00e0 la texture douce et ferme, tr\u00e8s juteuse, sans os ni nerfs. De porcs 100% ib\u00e9riques nourris au gland du nord de Cordoue, plus pr\u00e9cis\u00e9ment de la \u00ab Valle de Los Pedroches \u00bb.<\/p>\n<ul>\n<li>Viande de gland 100% ib\u00e9rique.<\/li>\n<li>Congel\u00e9 ou frais.<\/li>\n<li>Produit sans gluten et sans lactose.<\/li>\n<li>Poids de la pi\u00e8ce : 2 kg.<\/li>\n<\/ul>\n","protected":false},"excerpt":{"rendered":"<p>Il correspond au ruban de longe frais, tr\u00e8s maigre et tr\u00e8s peu gras, il convient donc aux personnes qui pratiquent m\u00eame des r\u00e9gimes hypocaloriques. C&rsquo;est l&rsquo;une des viandes du porc ib\u00e9rique pr\u00e9f\u00e9r\u00e9e des consommateurs.<\/p>\n<p>Viande \u00e0 la texture douce et ferme, tr\u00e8s juteuse, sans os ni nerfs. De porcs 100% ib\u00e9riques nourris au gland du nord de Cordoue, plus pr\u00e9cis\u00e9ment de la \u00ab Valle de Los Pedroches \u00bb.<\/p>\n<ul>\n<li>Viande de gland 100% ib\u00e9rique.<\/li>\n<li>Congel\u00e9 ou frais.<\/li>\n<li>Produit sans gluten et sans lactose.<\/li>\n<li>Poids de la pi\u00e8ce : 2 kg.<\/li>\n<\/ul>\n","protected":false},"featured_media":21325,"comment_status":"closed","ping_status":"closed","template":"","meta":{"_mi_skip_tracking":false,"jetpack_post_was_ever_published":false,"jetpack_publicize_message":"","jetpack_is_tweetstorm":false,"jetpack_publicize_feature_enabled":true},"product_cat":[1653],"product_tag":[],"jetpack_publicize_connections":[],"yoast_head":"<!-- This site is optimized with the Yoast SEO plugin v20.2.1 - https:\/\/yoast.com\/wordpress\/plugins\/seo\/ -->\n<title>Longe fra\u00eeche Majada Pedroche - Majada Pedroche Jam\u00f3n Ib\u00e9rico de bellota en Villanueva de C\u00f3rdoba<\/title>\n<meta name=\"robots\" content=\"index, follow, max-snippet:-1, max-image-preview:large, max-video-preview:-1\" \/>\n<link rel=\"canonical\" href=\"https:\/\/jamonesmajadapedroche.es\/fr\/producto\/frais-iberique-longe-majada-pedroche\/\" \/>\n<meta property=\"og:locale\" content=\"fr_FR\" \/>\n<meta property=\"og:type\" content=\"article\" \/>\n<meta property=\"og:title\" content=\"Longe fra\u00eeche Majada Pedroche - Majada Pedroche Jam\u00f3n Ib\u00e9rico de bellota en Villanueva de C\u00f3rdoba\" \/>\n<meta property=\"og:description\" content=\"Il correspond au ruban de longe frais, tr\u00e8s maigre et tr\u00e8s peu gras, il convient donc aux personnes qui pratiquent m\u00eame des r\u00e9gimes hypocaloriques. C&#039;est l&#039;une des viandes du porc ib\u00e9rique pr\u00e9f\u00e9r\u00e9e des consommateurs. Viande \u00e0 la texture douce et ferme, tr\u00e8s juteuse, sans os ni nerfs. De porcs 100% ib\u00e9riques nourris au gland du nord de Cordoue, plus pr\u00e9cis\u00e9ment de la \u00ab Valle de Los Pedroches \u00bb.  Viande de gland 100% ib\u00e9rique.  Congel\u00e9 ou frais.  Produit sans gluten et sans lactose.  Poids de la pi\u00e8ce : 2 kg.\" \/>\n<meta property=\"og:url\" content=\"https:\/\/jamonesmajadapedroche.es\/fr\/producto\/frais-iberique-longe-majada-pedroche\/\" \/>\n<meta property=\"og:site_name\" content=\"Majada Pedroche Jam\u00f3n Ib\u00e9rico de bellota en Villanueva de C\u00f3rdoba\" \/>\n<meta property=\"article:publisher\" content=\"https:\/\/www.facebook.com\/majadapedroche\/\" \/>\n<meta property=\"article:modified_time\" content=\"2021-08-13T06:36:39+00:00\" \/>\n<meta property=\"og:image\" content=\"https:\/\/jamonesmajadapedroche.es\/wp-content\/uploads\/2021\/05\/Lomo-scaled.jpg\" \/>\n\t<meta property=\"og:image:width\" content=\"2560\" \/>\n\t<meta property=\"og:image:height\" content=\"1810\" \/>\n\t<meta property=\"og:image:type\" content=\"image\/jpeg\" \/>\n<meta name=\"twitter:card\" content=\"summary_large_image\" \/>\n<meta name=\"twitter:site\" content=\"@majada_pedroche\" \/>\n<script type=\"application\/ld+json\" class=\"yoast-schema-graph\">{\"@context\":\"https:\/\/schema.org\",\"@graph\":[{\"@type\":\"WebPage\",\"@id\":\"https:\/\/jamonesmajadapedroche.es\/fr\/producto\/frais-iberique-longe-majada-pedroche\/\",\"url\":\"https:\/\/jamonesmajadapedroche.es\/fr\/producto\/frais-iberique-longe-majada-pedroche\/\",\"name\":\"Longe fra\u00eeche Majada Pedroche - Majada Pedroche Jam\u00f3n Ib\u00e9rico de bellota en Villanueva de C\u00f3rdoba\",\"isPartOf\":{\"@id\":\"https:\/\/jamonesmajadapedroche.es\/#website\"},\"datePublished\":\"2017-09-28T16:53:00+00:00\",\"dateModified\":\"2021-08-13T06:36:39+00:00\",\"breadcrumb\":{\"@id\":\"https:\/\/jamonesmajadapedroche.es\/fr\/producto\/frais-iberique-longe-majada-pedroche\/#breadcrumb\"},\"inLanguage\":\"fr-FR\",\"potentialAction\":[{\"@type\":\"ReadAction\",\"target\":[\"https:\/\/jamonesmajadapedroche.es\/fr\/producto\/frais-iberique-longe-majada-pedroche\/\"]}]},{\"@type\":\"BreadcrumbList\",\"@id\":\"https:\/\/jamonesmajadapedroche.es\/fr\/producto\/frais-iberique-longe-majada-pedroche\/#breadcrumb\",\"itemListElement\":[{\"@type\":\"ListItem\",\"position\":1,\"name\":\"Accueil\",\"item\":\"https:\/\/jamonesmajadapedroche.es\/fr\/\"},{\"@type\":\"ListItem\",\"position\":2,\"name\":\"boutique\",\"item\":\"https:\/\/jamonesmajadapedroche.es\/fr\/boutique\/\"},{\"@type\":\"ListItem\",\"position\":3,\"name\":\"Longe fra\u00eeche Majada Pedroche\"}]},{\"@type\":\"WebSite\",\"@id\":\"https:\/\/jamonesmajadapedroche.es\/#website\",\"url\":\"https:\/\/jamonesmajadapedroche.es\/\",\"name\":\"Majada Pedroche Jam\u00f3n Ib\u00e9rico de bellota en Villanueva de C\u00f3rdoba\",\"description\":\"Jam\u00f3n y embutidos ib\u00e9ricos 100% de bellota con Denominaci\u00f3n de Origen de los Pedroches\",\"potentialAction\":[{\"@type\":\"SearchAction\",\"target\":{\"@type\":\"EntryPoint\",\"urlTemplate\":\"https:\/\/jamonesmajadapedroche.es\/?s={search_term_string}\"},\"query-input\":\"required name=search_term_string\"}],\"inLanguage\":\"fr-FR\"}]}<\/script>\n<!-- \/ Yoast SEO plugin. -->","yoast_head_json":{"title":"Longe fra\u00eeche Majada Pedroche - Majada Pedroche Jam\u00f3n Ib\u00e9rico de bellota en Villanueva de C\u00f3rdoba","robots":{"index":"index","follow":"follow","max-snippet":"max-snippet:-1","max-image-preview":"max-image-preview:large","max-video-preview":"max-video-preview:-1"},"canonical":"https:\/\/jamonesmajadapedroche.es\/fr\/producto\/frais-iberique-longe-majada-pedroche\/","og_locale":"fr_FR","og_type":"article","og_title":"Longe fra\u00eeche Majada Pedroche - Majada Pedroche Jam\u00f3n Ib\u00e9rico de bellota en Villanueva de C\u00f3rdoba","og_description":"Il correspond au ruban de longe frais, tr\u00e8s maigre et tr\u00e8s peu gras, il convient donc aux personnes qui pratiquent m\u00eame des r\u00e9gimes hypocaloriques. C'est l'une des viandes du porc ib\u00e9rique pr\u00e9f\u00e9r\u00e9e des consommateurs. Viande \u00e0 la texture douce et ferme, tr\u00e8s juteuse, sans os ni nerfs. De porcs 100% ib\u00e9riques nourris au gland du nord de Cordoue, plus pr\u00e9cis\u00e9ment de la \u00ab Valle de Los Pedroches \u00bb.  Viande de gland 100% ib\u00e9rique.  Congel\u00e9 ou frais.  Produit sans gluten et sans lactose.  Poids de la pi\u00e8ce : 2 kg.","og_url":"https:\/\/jamonesmajadapedroche.es\/fr\/producto\/frais-iberique-longe-majada-pedroche\/","og_site_name":"Majada Pedroche Jam\u00f3n Ib\u00e9rico de bellota en Villanueva de C\u00f3rdoba","article_publisher":"https:\/\/www.facebook.com\/majadapedroche\/","article_modified_time":"2021-08-13T06:36:39+00:00","og_image":[{"width":2560,"height":1810,"url":"https:\/\/jamonesmajadapedroche.es\/wp-content\/uploads\/2021\/05\/Lomo-scaled.jpg","type":"image\/jpeg"}],"twitter_card":"summary_large_image","twitter_site":"@majada_pedroche","schema":{"@context":"https:\/\/schema.org","@graph":[{"@type":"WebPage","@id":"https:\/\/jamonesmajadapedroche.es\/fr\/producto\/frais-iberique-longe-majada-pedroche\/","url":"https:\/\/jamonesmajadapedroche.es\/fr\/producto\/frais-iberique-longe-majada-pedroche\/","name":"Longe fra\u00eeche Majada Pedroche - Majada Pedroche Jam\u00f3n Ib\u00e9rico de bellota en Villanueva de C\u00f3rdoba","isPartOf":{"@id":"https:\/\/jamonesmajadapedroche.es\/#website"},"datePublished":"2017-09-28T16:53:00+00:00","dateModified":"2021-08-13T06:36:39+00:00","breadcrumb":{"@id":"https:\/\/jamonesmajadapedroche.es\/fr\/producto\/frais-iberique-longe-majada-pedroche\/#breadcrumb"},"inLanguage":"fr-FR","potentialAction":[{"@type":"ReadAction","target":["https:\/\/jamonesmajadapedroche.es\/fr\/producto\/frais-iberique-longe-majada-pedroche\/"]}]},{"@type":"BreadcrumbList","@id":"https:\/\/jamonesmajadapedroche.es\/fr\/producto\/frais-iberique-longe-majada-pedroche\/#breadcrumb","itemListElement":[{"@type":"ListItem","position":1,"name":"Accueil","item":"https:\/\/jamonesmajadapedroche.es\/fr\/"},{"@type":"ListItem","position":2,"name":"boutique","item":"https:\/\/jamonesmajadapedroche.es\/fr\/boutique\/"},{"@type":"ListItem","position":3,"name":"Longe fra\u00eeche Majada Pedroche"}]},{"@type":"WebSite","@id":"https:\/\/jamonesmajadapedroche.es\/#website","url":"https:\/\/jamonesmajadapedroche.es\/","name":"Majada Pedroche Jam\u00f3n Ib\u00e9rico de bellota en Villanueva de C\u00f3rdoba","description":"Jam\u00f3n y embutidos ib\u00e9ricos 100% de bellota con Denominaci\u00f3n de Origen de los Pedroches","potentialAction":[{"@type":"SearchAction","target":{"@type":"EntryPoint","urlTemplate":"https:\/\/jamonesmajadapedroche.es\/?s={search_term_string}"},"query-input":"required name=search_term_string"}],"inLanguage":"fr-FR"}]}},"jetpack_sharing_enabled":true,"_links":{"self":[{"href":"https:\/\/jamonesmajadapedroche.es\/fr\/wp-json\/wp\/v2\/product\/21324"}],"collection":[{"href":"https:\/\/jamonesmajadapedroche.es\/fr\/wp-json\/wp\/v2\/product"}],"about":[{"href":"https:\/\/jamonesmajadapedroche.es\/fr\/wp-json\/wp\/v2\/types\/product"}],"replies":[{"embeddable":true,"href":"https:\/\/jamonesmajadapedroche.es\/fr\/wp-json\/wp\/v2\/comments?post=21324"}],"wp:featuredmedia":[{"embeddable":true,"href":"https:\/\/jamonesmajadapedroche.es\/fr\/wp-json\/wp\/v2\/media\/21325"}],"wp:attachment":[{"href":"https:\/\/jamonesmajadapedroche.es\/fr\/wp-json\/wp\/v2\/media?parent=21324"}],"wp:term":[{"taxonomy":"product_cat","embeddable":true,"href":"https:\/\/jamonesmajadapedroche.es\/fr\/wp-json\/wp\/v2\/product_cat?post=21324"},{"taxonomy":"product_tag","embeddable":true,"href":"https:\/\/jamonesmajadapedroche.es\/fr\/wp-json\/wp\/v2\/product_tag?post=21324"}],"curies":[{"name":"wp","href":"https:\/\/api.w.org\/{rel}","templated":true}]}}