{"id":21348,"date":"2017-09-28T18:49:51","date_gmt":"2017-09-28T16:49:51","guid":{"rendered":"https:\/\/jamonesmajadapedroche.es\/producto\/plume-majada-pedroche\/"},"modified":"2021-08-13T08:42:30","modified_gmt":"2021-08-13T06:42:30","slug":"stylo-iberique","status":"publish","type":"product","link":"https:\/\/jamonesmajadapedroche.es\/fr\/producto\/stylo-iberique\/","title":{"rendered":"Plume Majada Pedroche"},"content":{"rendered":"<p>C&rsquo;est actuellement l&rsquo;une des coupes de porc 100% ib\u00e9rique de bellota les plus consomm\u00e9es, c&rsquo;est une coupe fine avec une forme caract\u00e9ristique allong\u00e9e et presque triangulaire, pour laquelle on lui donne le nom de plume. Il pr\u00e9sente l&rsquo;infiltration particuli\u00e8re de graisse typique des bonnes coupes de porc. C&rsquo;est une viande juteuse et tendre, id\u00e9ale pour les amateurs de bonne cuisine.<\/p>\n<p>Viande de porcs ib\u00e9riques 100 % nourris au gland du nord de Cordoue, dans la \u00ab Valle de Los Pedroches \u00bb.<\/p>\n<ul>\n<li>Viande de gland 100% ib\u00e9rique nourrie au gland.<\/li>\n<li>Congel\u00e9 ou frais.<\/li>\n<li>Produit sans gluten et sans lactose.<\/li>\n<li>Poids de la pi\u00e8ce : 300-400 gr. environ.<\/li>\n<\/ul>\n","protected":false},"excerpt":{"rendered":"<p>C&rsquo;est actuellement l&rsquo;une des coupes de porc 100% ib\u00e9rique de bellota les plus consomm\u00e9es, c&rsquo;est une coupe fine avec une forme caract\u00e9ristique allong\u00e9e et presque triangulaire, pour laquelle on lui donne le nom de plume. Il pr\u00e9sente l&rsquo;infiltration particuli\u00e8re de graisse typique des bonnes coupes de porc. C&rsquo;est une viande juteuse et tendre, id\u00e9ale pour les amateurs de bonne cuisine.<\/p>\n<p>Viande de porcs ib\u00e9riques 100 % nourris au gland du nord de Cordoue, dans la \u00ab Valle de Los Pedroches \u00bb.<\/p>\n<ul>\n<li>Viande de gland 100% ib\u00e9rique nourrie au gland.<\/li>\n<li>Congel\u00e9 ou frais.<\/li>\n<li>Produit sans gluten et sans lactose.<\/li>\n<li>Poids de la pi\u00e8ce : 300-400 gr. environ.<\/li>\n<\/ul>\n","protected":false},"featured_media":21349,"comment_status":"closed","ping_status":"closed","template":"","meta":{"_mi_skip_tracking":false,"jetpack_post_was_ever_published":false,"jetpack_publicize_message":"","jetpack_is_tweetstorm":false,"jetpack_publicize_feature_enabled":true},"product_cat":[1653],"product_tag":[],"jetpack_publicize_connections":[],"yoast_head":"<!-- This site is optimized with the Yoast SEO plugin v20.2.1 - https:\/\/yoast.com\/wordpress\/plugins\/seo\/ -->\n<title>Plume Majada Pedroche - Majada Pedroche Jam\u00f3n Ib\u00e9rico de bellota en Villanueva de C\u00f3rdoba<\/title>\n<meta name=\"robots\" content=\"index, follow, max-snippet:-1, max-image-preview:large, max-video-preview:-1\" \/>\n<link rel=\"canonical\" href=\"https:\/\/jamonesmajadapedroche.es\/fr\/producto\/stylo-iberique\/\" \/>\n<meta property=\"og:locale\" content=\"fr_FR\" \/>\n<meta property=\"og:type\" content=\"article\" \/>\n<meta property=\"og:title\" content=\"Plume Majada Pedroche - Majada Pedroche Jam\u00f3n Ib\u00e9rico de bellota en Villanueva de C\u00f3rdoba\" \/>\n<meta property=\"og:description\" content=\"C&#039;est actuellement l&#039;une des coupes de porc 100% ib\u00e9rique de bellota les plus consomm\u00e9es, c&#039;est une coupe fine avec une forme caract\u00e9ristique allong\u00e9e et presque triangulaire, pour laquelle on lui donne le nom de plume. Il pr\u00e9sente l&#039;infiltration particuli\u00e8re de graisse typique des bonnes coupes de porc. C&#039;est une viande juteuse et tendre, id\u00e9ale pour les amateurs de bonne cuisine. Viande de porcs ib\u00e9riques 100 % nourris au gland du nord de Cordoue, dans la \u00ab Valle de Los Pedroches \u00bb.  Viande de gland 100% ib\u00e9rique nourrie au gland.  Congel\u00e9 ou frais.  Produit sans gluten et sans lactose.  Poids de la pi\u00e8ce : 300-400 gr. environ.\" \/>\n<meta property=\"og:url\" content=\"https:\/\/jamonesmajadapedroche.es\/fr\/producto\/stylo-iberique\/\" \/>\n<meta property=\"og:site_name\" content=\"Majada Pedroche Jam\u00f3n Ib\u00e9rico de bellota en Villanueva de C\u00f3rdoba\" \/>\n<meta property=\"article:publisher\" content=\"https:\/\/www.facebook.com\/majadapedroche\/\" \/>\n<meta property=\"article:modified_time\" content=\"2021-08-13T06:42:30+00:00\" \/>\n<meta property=\"og:image\" content=\"https:\/\/i0.wp.com\/jamonesmajadapedroche.es\/wp-content\/uploads\/2017\/09\/Pluma.jpg?fit=1600%2C1131&ssl=1\" \/>\n\t<meta property=\"og:image:width\" content=\"1600\" \/>\n\t<meta property=\"og:image:height\" content=\"1131\" \/>\n\t<meta property=\"og:image:type\" content=\"image\/jpeg\" \/>\n<meta name=\"twitter:card\" content=\"summary_large_image\" \/>\n<meta name=\"twitter:site\" content=\"@majada_pedroche\" \/>\n<meta name=\"twitter:label1\" content=\"Dur\u00e9e de lecture estim\u00e9e\" \/>\n\t<meta name=\"twitter:data1\" content=\"1 minute\" \/>\n<script type=\"application\/ld+json\" class=\"yoast-schema-graph\">{\"@context\":\"https:\/\/schema.org\",\"@graph\":[{\"@type\":\"WebPage\",\"@id\":\"https:\/\/jamonesmajadapedroche.es\/fr\/producto\/stylo-iberique\/\",\"url\":\"https:\/\/jamonesmajadapedroche.es\/fr\/producto\/stylo-iberique\/\",\"name\":\"Plume Majada Pedroche - Majada Pedroche Jam\u00f3n Ib\u00e9rico de bellota en Villanueva de C\u00f3rdoba\",\"isPartOf\":{\"@id\":\"https:\/\/jamonesmajadapedroche.es\/#website\"},\"datePublished\":\"2017-09-28T16:49:51+00:00\",\"dateModified\":\"2021-08-13T06:42:30+00:00\",\"breadcrumb\":{\"@id\":\"https:\/\/jamonesmajadapedroche.es\/fr\/producto\/stylo-iberique\/#breadcrumb\"},\"inLanguage\":\"fr-FR\",\"potentialAction\":[{\"@type\":\"ReadAction\",\"target\":[\"https:\/\/jamonesmajadapedroche.es\/fr\/producto\/stylo-iberique\/\"]}]},{\"@type\":\"BreadcrumbList\",\"@id\":\"https:\/\/jamonesmajadapedroche.es\/fr\/producto\/stylo-iberique\/#breadcrumb\",\"itemListElement\":[{\"@type\":\"ListItem\",\"position\":1,\"name\":\"Accueil\",\"item\":\"https:\/\/jamonesmajadapedroche.es\/fr\/\"},{\"@type\":\"ListItem\",\"position\":2,\"name\":\"boutique\",\"item\":\"https:\/\/jamonesmajadapedroche.es\/fr\/boutique\/\"},{\"@type\":\"ListItem\",\"position\":3,\"name\":\"Plume Majada Pedroche\"}]},{\"@type\":\"WebSite\",\"@id\":\"https:\/\/jamonesmajadapedroche.es\/#website\",\"url\":\"https:\/\/jamonesmajadapedroche.es\/\",\"name\":\"Majada Pedroche Jam\u00f3n Ib\u00e9rico de bellota en Villanueva de C\u00f3rdoba\",\"description\":\"Jam\u00f3n y embutidos ib\u00e9ricos 100% de bellota con Denominaci\u00f3n de Origen de los Pedroches\",\"potentialAction\":[{\"@type\":\"SearchAction\",\"target\":{\"@type\":\"EntryPoint\",\"urlTemplate\":\"https:\/\/jamonesmajadapedroche.es\/?s={search_term_string}\"},\"query-input\":\"required name=search_term_string\"}],\"inLanguage\":\"fr-FR\"}]}<\/script>\n<!-- \/ Yoast SEO plugin. -->","yoast_head_json":{"title":"Plume Majada Pedroche - Majada Pedroche Jam\u00f3n Ib\u00e9rico de bellota en Villanueva de C\u00f3rdoba","robots":{"index":"index","follow":"follow","max-snippet":"max-snippet:-1","max-image-preview":"max-image-preview:large","max-video-preview":"max-video-preview:-1"},"canonical":"https:\/\/jamonesmajadapedroche.es\/fr\/producto\/stylo-iberique\/","og_locale":"fr_FR","og_type":"article","og_title":"Plume Majada Pedroche - Majada Pedroche Jam\u00f3n Ib\u00e9rico de bellota en Villanueva de C\u00f3rdoba","og_description":"C'est actuellement l'une des coupes de porc 100% ib\u00e9rique de bellota les plus consomm\u00e9es, c'est une coupe fine avec une forme caract\u00e9ristique allong\u00e9e et presque triangulaire, pour laquelle on lui donne le nom de plume. Il pr\u00e9sente l'infiltration particuli\u00e8re de graisse typique des bonnes coupes de porc. C'est une viande juteuse et tendre, id\u00e9ale pour les amateurs de bonne cuisine. Viande de porcs ib\u00e9riques 100 % nourris au gland du nord de Cordoue, dans la \u00ab Valle de Los Pedroches \u00bb.  Viande de gland 100% ib\u00e9rique nourrie au gland.  Congel\u00e9 ou frais.  Produit sans gluten et sans lactose.  Poids de la pi\u00e8ce : 300-400 gr. environ.","og_url":"https:\/\/jamonesmajadapedroche.es\/fr\/producto\/stylo-iberique\/","og_site_name":"Majada Pedroche Jam\u00f3n Ib\u00e9rico de bellota en Villanueva de C\u00f3rdoba","article_publisher":"https:\/\/www.facebook.com\/majadapedroche\/","article_modified_time":"2021-08-13T06:42:30+00:00","og_image":[{"width":1600,"height":1131,"url":"https:\/\/i0.wp.com\/jamonesmajadapedroche.es\/wp-content\/uploads\/2017\/09\/Pluma.jpg?fit=1600%2C1131&ssl=1","type":"image\/jpeg"}],"twitter_card":"summary_large_image","twitter_site":"@majada_pedroche","twitter_misc":{"Dur\u00e9e de lecture estim\u00e9e":"1 minute"},"schema":{"@context":"https:\/\/schema.org","@graph":[{"@type":"WebPage","@id":"https:\/\/jamonesmajadapedroche.es\/fr\/producto\/stylo-iberique\/","url":"https:\/\/jamonesmajadapedroche.es\/fr\/producto\/stylo-iberique\/","name":"Plume Majada Pedroche - Majada Pedroche Jam\u00f3n Ib\u00e9rico de bellota en Villanueva de C\u00f3rdoba","isPartOf":{"@id":"https:\/\/jamonesmajadapedroche.es\/#website"},"datePublished":"2017-09-28T16:49:51+00:00","dateModified":"2021-08-13T06:42:30+00:00","breadcrumb":{"@id":"https:\/\/jamonesmajadapedroche.es\/fr\/producto\/stylo-iberique\/#breadcrumb"},"inLanguage":"fr-FR","potentialAction":[{"@type":"ReadAction","target":["https:\/\/jamonesmajadapedroche.es\/fr\/producto\/stylo-iberique\/"]}]},{"@type":"BreadcrumbList","@id":"https:\/\/jamonesmajadapedroche.es\/fr\/producto\/stylo-iberique\/#breadcrumb","itemListElement":[{"@type":"ListItem","position":1,"name":"Accueil","item":"https:\/\/jamonesmajadapedroche.es\/fr\/"},{"@type":"ListItem","position":2,"name":"boutique","item":"https:\/\/jamonesmajadapedroche.es\/fr\/boutique\/"},{"@type":"ListItem","position":3,"name":"Plume Majada Pedroche"}]},{"@type":"WebSite","@id":"https:\/\/jamonesmajadapedroche.es\/#website","url":"https:\/\/jamonesmajadapedroche.es\/","name":"Majada Pedroche Jam\u00f3n Ib\u00e9rico de bellota en Villanueva de C\u00f3rdoba","description":"Jam\u00f3n y embutidos ib\u00e9ricos 100% de bellota con Denominaci\u00f3n de Origen de los Pedroches","potentialAction":[{"@type":"SearchAction","target":{"@type":"EntryPoint","urlTemplate":"https:\/\/jamonesmajadapedroche.es\/?s={search_term_string}"},"query-input":"required name=search_term_string"}],"inLanguage":"fr-FR"}]}},"jetpack_sharing_enabled":true,"_links":{"self":[{"href":"https:\/\/jamonesmajadapedroche.es\/fr\/wp-json\/wp\/v2\/product\/21348"}],"collection":[{"href":"https:\/\/jamonesmajadapedroche.es\/fr\/wp-json\/wp\/v2\/product"}],"about":[{"href":"https:\/\/jamonesmajadapedroche.es\/fr\/wp-json\/wp\/v2\/types\/product"}],"replies":[{"embeddable":true,"href":"https:\/\/jamonesmajadapedroche.es\/fr\/wp-json\/wp\/v2\/comments?post=21348"}],"wp:featuredmedia":[{"embeddable":true,"href":"https:\/\/jamonesmajadapedroche.es\/fr\/wp-json\/wp\/v2\/media\/21349"}],"wp:attachment":[{"href":"https:\/\/jamonesmajadapedroche.es\/fr\/wp-json\/wp\/v2\/media?parent=21348"}],"wp:term":[{"taxonomy":"product_cat","embeddable":true,"href":"https:\/\/jamonesmajadapedroche.es\/fr\/wp-json\/wp\/v2\/product_cat?post=21348"},{"taxonomy":"product_tag","embeddable":true,"href":"https:\/\/jamonesmajadapedroche.es\/fr\/wp-json\/wp\/v2\/product_tag?post=21348"}],"curies":[{"name":"wp","href":"https:\/\/api.w.org\/{rel}","templated":true}]}}