{"id":21363,"date":"2018-10-08T18:59:09","date_gmt":"2018-10-08T16:59:09","guid":{"rendered":"https:\/\/jamonesmajadapedroche.es\/producto\/epaule-de-bellota-100-iberique-aop-los-pedroches\/"},"modified":"2021-08-13T08:44:48","modified_gmt":"2021-08-13T06:44:48","slug":"iberique-pur-gland-100-epaule-epaule","status":"publish","type":"product","link":"https:\/\/jamonesmajadapedroche.es\/fr\/producto\/iberique-pur-gland-100-epaule-epaule\/","title":{"rendered":"\u00c9paule de Bellota 100% Ib\u00e9rique AOP Los Pedroches"},"content":{"rendered":"<h3>\u00c9paule de Bellota 100% Ib\u00e9rique AOP Los Pedroches<\/h3>\n<p>D\u00e9licieux. Haute qualit\u00e9 et ar\u00f4me, doux en bouche. Exquis en bouche avec une belle persistance. Des meilleurs porcs ib\u00e9riques du nord de la province de Cordoue, dans le \u201c<a href=\"https:\/\/es.wikipedia.org\/wiki\/Valle_de_los_Pedroches\" target=\"_blank\" rel=\"noopener noreferrer\"> Vall\u00e9e de Los Pedroches<\/a> \u201d.<\/p>\n<ul>\n<li>\u00c9paule de Bellota 100% Ib\u00e9rique DOP Los Pedroches.<\/li>\n<li><a href=\"https:\/\/jamonesmajadapedroche.es\/productos-ibericos\/\">Produit<\/a> sans gluten et sans lactose.<\/li>\n<li>Cure 100% naturelle de plus de 24 mois.<\/li>\n<li>Poids : \u00e0 partir de 5,5 kg. environ.<\/li>\n<\/ul>\n","protected":false},"excerpt":{"rendered":"<p>D\u00e9licieux. Haute qualit\u00e9 et ar\u00f4me, doux en bouche. Exquis en bouche avec une belle persistance. Des meilleurs porcs ib\u00e9riques du nord de la province de Cordoue, dans la \u00ab Vall\u00e9e de Los Pedroches \u00bb.<\/p>\n<ul>\n<li>\u00c9paule de Bellota 100% Ib\u00e9rique DOP Los Pedroches.<\/li>\n<li>Produit sans gluten et sans lactose.<\/li>\n<li>Cure 100% naturelle de plus de 24 mois.<\/li>\n<li>Poids : \u00e0 partir de 5,5 kg. environ.<\/li>\n<\/ul>\n","protected":false},"featured_media":21358,"comment_status":"closed","ping_status":"closed","template":"","meta":{"_mi_skip_tracking":false,"jetpack_post_was_ever_published":false,"jetpack_publicize_message":"","jetpack_is_tweetstorm":false,"jetpack_publicize_feature_enabled":true},"product_cat":[1654],"product_tag":[],"jetpack_publicize_connections":[],"yoast_head":"<!-- This site is optimized with the Yoast SEO plugin v20.2.1 - https:\/\/yoast.com\/wordpress\/plugins\/seo\/ -->\n<title>\u00c9paule de Bellota 100% Ib\u00e9rique AOP Los Pedroches<\/title>\n<meta name=\"description\" content=\"\u00c9paule ib\u00e9rique tr\u00e8s savoureuse. Haute qualit\u00e9 et ar\u00f4me, doux en bouche. Exquis en bouche avec une belle persistance. Des meilleurs porcs ib\u00e9riques.\" \/>\n<meta name=\"robots\" content=\"index, follow, max-snippet:-1, max-image-preview:large, max-video-preview:-1\" \/>\n<link rel=\"canonical\" href=\"https:\/\/jamonesmajadapedroche.es\/fr\/producto\/iberique-pur-gland-100-epaule-epaule\/\" \/>\n<meta property=\"og:locale\" content=\"fr_FR\" \/>\n<meta property=\"og:type\" content=\"article\" \/>\n<meta property=\"og:title\" content=\"\u00c9paule de Bellota 100% Ib\u00e9rique AOP Los Pedroches\" \/>\n<meta property=\"og:description\" content=\"\u00c9paule ib\u00e9rique tr\u00e8s savoureuse. Haute qualit\u00e9 et ar\u00f4me, doux en bouche. Exquis en bouche avec une belle persistance. Des meilleurs porcs ib\u00e9riques.\" \/>\n<meta property=\"og:url\" content=\"https:\/\/jamonesmajadapedroche.es\/fr\/producto\/iberique-pur-gland-100-epaule-epaule\/\" \/>\n<meta property=\"og:site_name\" content=\"Majada Pedroche Jam\u00f3n Ib\u00e9rico de bellota en Villanueva de C\u00f3rdoba\" \/>\n<meta property=\"article:publisher\" content=\"https:\/\/www.facebook.com\/majadapedroche\/\" \/>\n<meta property=\"article:modified_time\" content=\"2021-08-13T06:44:48+00:00\" \/>\n<meta property=\"og:image\" content=\"https:\/\/i0.wp.com\/jamonesmajadapedroche.es\/wp-content\/uploads\/2017\/09\/Paleta-de-bellota-100x100-iberica-DOP-Los-Pedroches-scaled.jpg?fit=1896%2C2560&ssl=1\" \/>\n\t<meta property=\"og:image:width\" content=\"1896\" \/>\n\t<meta property=\"og:image:height\" content=\"2560\" \/>\n\t<meta property=\"og:image:type\" content=\"image\/jpeg\" \/>\n<meta name=\"twitter:card\" content=\"summary_large_image\" \/>\n<meta name=\"twitter:site\" content=\"@majada_pedroche\" \/>\n<script type=\"application\/ld+json\" class=\"yoast-schema-graph\">{\"@context\":\"https:\/\/schema.org\",\"@graph\":[{\"@type\":\"WebPage\",\"@id\":\"https:\/\/jamonesmajadapedroche.es\/fr\/producto\/iberique-pur-gland-100-epaule-epaule\/\",\"url\":\"https:\/\/jamonesmajadapedroche.es\/fr\/producto\/iberique-pur-gland-100-epaule-epaule\/\",\"name\":\"\u00c9paule de Bellota 100% Ib\u00e9rique AOP Los Pedroches\",\"isPartOf\":{\"@id\":\"https:\/\/jamonesmajadapedroche.es\/#website\"},\"datePublished\":\"2018-10-08T16:59:09+00:00\",\"dateModified\":\"2021-08-13T06:44:48+00:00\",\"description\":\"\u00c9paule ib\u00e9rique tr\u00e8s savoureuse. Haute qualit\u00e9 et ar\u00f4me, doux en bouche. Exquis en bouche avec une belle persistance. Des meilleurs porcs ib\u00e9riques.\",\"breadcrumb\":{\"@id\":\"https:\/\/jamonesmajadapedroche.es\/fr\/producto\/iberique-pur-gland-100-epaule-epaule\/#breadcrumb\"},\"inLanguage\":\"fr-FR\",\"potentialAction\":[{\"@type\":\"ReadAction\",\"target\":[\"https:\/\/jamonesmajadapedroche.es\/fr\/producto\/iberique-pur-gland-100-epaule-epaule\/\"]}]},{\"@type\":\"BreadcrumbList\",\"@id\":\"https:\/\/jamonesmajadapedroche.es\/fr\/producto\/iberique-pur-gland-100-epaule-epaule\/#breadcrumb\",\"itemListElement\":[{\"@type\":\"ListItem\",\"position\":1,\"name\":\"Accueil\",\"item\":\"https:\/\/jamonesmajadapedroche.es\/fr\/\"},{\"@type\":\"ListItem\",\"position\":2,\"name\":\"boutique\",\"item\":\"https:\/\/jamonesmajadapedroche.es\/fr\/boutique\/\"},{\"@type\":\"ListItem\",\"position\":3,\"name\":\"\u00c9paule de Bellota 100% Ib\u00e9rique AOP Los Pedroches\"}]},{\"@type\":\"WebSite\",\"@id\":\"https:\/\/jamonesmajadapedroche.es\/#website\",\"url\":\"https:\/\/jamonesmajadapedroche.es\/\",\"name\":\"Majada Pedroche Jam\u00f3n Ib\u00e9rico de bellota en Villanueva de C\u00f3rdoba\",\"description\":\"Jam\u00f3n y embutidos ib\u00e9ricos 100% de bellota con Denominaci\u00f3n de Origen de los Pedroches\",\"potentialAction\":[{\"@type\":\"SearchAction\",\"target\":{\"@type\":\"EntryPoint\",\"urlTemplate\":\"https:\/\/jamonesmajadapedroche.es\/?s={search_term_string}\"},\"query-input\":\"required name=search_term_string\"}],\"inLanguage\":\"fr-FR\"}]}<\/script>\n<!-- \/ Yoast SEO plugin. -->","yoast_head_json":{"title":"\u00c9paule de Bellota 100% Ib\u00e9rique AOP Los Pedroches","description":"\u00c9paule ib\u00e9rique tr\u00e8s savoureuse. Haute qualit\u00e9 et ar\u00f4me, doux en bouche. Exquis en bouche avec une belle persistance. Des meilleurs porcs ib\u00e9riques.","robots":{"index":"index","follow":"follow","max-snippet":"max-snippet:-1","max-image-preview":"max-image-preview:large","max-video-preview":"max-video-preview:-1"},"canonical":"https:\/\/jamonesmajadapedroche.es\/fr\/producto\/iberique-pur-gland-100-epaule-epaule\/","og_locale":"fr_FR","og_type":"article","og_title":"\u00c9paule de Bellota 100% Ib\u00e9rique AOP Los Pedroches","og_description":"\u00c9paule ib\u00e9rique tr\u00e8s savoureuse. Haute qualit\u00e9 et ar\u00f4me, doux en bouche. Exquis en bouche avec une belle persistance. Des meilleurs porcs ib\u00e9riques.","og_url":"https:\/\/jamonesmajadapedroche.es\/fr\/producto\/iberique-pur-gland-100-epaule-epaule\/","og_site_name":"Majada Pedroche Jam\u00f3n Ib\u00e9rico de bellota en Villanueva de C\u00f3rdoba","article_publisher":"https:\/\/www.facebook.com\/majadapedroche\/","article_modified_time":"2021-08-13T06:44:48+00:00","og_image":[{"width":1896,"height":2560,"url":"https:\/\/i0.wp.com\/jamonesmajadapedroche.es\/wp-content\/uploads\/2017\/09\/Paleta-de-bellota-100x100-iberica-DOP-Los-Pedroches-scaled.jpg?fit=1896%2C2560&ssl=1","type":"image\/jpeg"}],"twitter_card":"summary_large_image","twitter_site":"@majada_pedroche","schema":{"@context":"https:\/\/schema.org","@graph":[{"@type":"WebPage","@id":"https:\/\/jamonesmajadapedroche.es\/fr\/producto\/iberique-pur-gland-100-epaule-epaule\/","url":"https:\/\/jamonesmajadapedroche.es\/fr\/producto\/iberique-pur-gland-100-epaule-epaule\/","name":"\u00c9paule de Bellota 100% Ib\u00e9rique AOP Los Pedroches","isPartOf":{"@id":"https:\/\/jamonesmajadapedroche.es\/#website"},"datePublished":"2018-10-08T16:59:09+00:00","dateModified":"2021-08-13T06:44:48+00:00","description":"\u00c9paule ib\u00e9rique tr\u00e8s savoureuse. Haute qualit\u00e9 et ar\u00f4me, doux en bouche. Exquis en bouche avec une belle persistance. Des meilleurs porcs ib\u00e9riques.","breadcrumb":{"@id":"https:\/\/jamonesmajadapedroche.es\/fr\/producto\/iberique-pur-gland-100-epaule-epaule\/#breadcrumb"},"inLanguage":"fr-FR","potentialAction":[{"@type":"ReadAction","target":["https:\/\/jamonesmajadapedroche.es\/fr\/producto\/iberique-pur-gland-100-epaule-epaule\/"]}]},{"@type":"BreadcrumbList","@id":"https:\/\/jamonesmajadapedroche.es\/fr\/producto\/iberique-pur-gland-100-epaule-epaule\/#breadcrumb","itemListElement":[{"@type":"ListItem","position":1,"name":"Accueil","item":"https:\/\/jamonesmajadapedroche.es\/fr\/"},{"@type":"ListItem","position":2,"name":"boutique","item":"https:\/\/jamonesmajadapedroche.es\/fr\/boutique\/"},{"@type":"ListItem","position":3,"name":"\u00c9paule de Bellota 100% Ib\u00e9rique AOP Los Pedroches"}]},{"@type":"WebSite","@id":"https:\/\/jamonesmajadapedroche.es\/#website","url":"https:\/\/jamonesmajadapedroche.es\/","name":"Majada Pedroche Jam\u00f3n Ib\u00e9rico de bellota en Villanueva de C\u00f3rdoba","description":"Jam\u00f3n y embutidos ib\u00e9ricos 100% de bellota con Denominaci\u00f3n de Origen de los Pedroches","potentialAction":[{"@type":"SearchAction","target":{"@type":"EntryPoint","urlTemplate":"https:\/\/jamonesmajadapedroche.es\/?s={search_term_string}"},"query-input":"required name=search_term_string"}],"inLanguage":"fr-FR"}]}},"jetpack_sharing_enabled":true,"_links":{"self":[{"href":"https:\/\/jamonesmajadapedroche.es\/fr\/wp-json\/wp\/v2\/product\/21363"}],"collection":[{"href":"https:\/\/jamonesmajadapedroche.es\/fr\/wp-json\/wp\/v2\/product"}],"about":[{"href":"https:\/\/jamonesmajadapedroche.es\/fr\/wp-json\/wp\/v2\/types\/product"}],"replies":[{"embeddable":true,"href":"https:\/\/jamonesmajadapedroche.es\/fr\/wp-json\/wp\/v2\/comments?post=21363"}],"wp:featuredmedia":[{"embeddable":true,"href":"https:\/\/jamonesmajadapedroche.es\/fr\/wp-json\/wp\/v2\/media\/21358"}],"wp:attachment":[{"href":"https:\/\/jamonesmajadapedroche.es\/fr\/wp-json\/wp\/v2\/media?parent=21363"}],"wp:term":[{"taxonomy":"product_cat","embeddable":true,"href":"https:\/\/jamonesmajadapedroche.es\/fr\/wp-json\/wp\/v2\/product_cat?post=21363"},{"taxonomy":"product_tag","embeddable":true,"href":"https:\/\/jamonesmajadapedroche.es\/fr\/wp-json\/wp\/v2\/product_tag?post=21363"}],"curies":[{"name":"wp","href":"https:\/\/api.w.org\/{rel}","templated":true}]}}